{"id":3671,"date":"2020-09-21T08:01:26","date_gmt":"2020-09-21T08:01:26","guid":{"rendered":"https:\/\/ceramic.md\/?page_id=3671"},"modified":"2023-08-12T13:06:23","modified_gmt":"2023-08-12T10:06:23","slug":"livrarea-si-achitarea","status":"publish","type":"page","link":"https:\/\/ceramic.md\/ro\/livrarea-si-achitarea\/","title":{"rendered":"Livrarea \u0219i achitarea"},"content":{"rendered":"<div id=\"page-header-2140300758\" class=\"page-header-wrapper\">\n  <div class=\"page-title dark featured-title box-shadow-3\">\n\n        <div class=\"page-title-bg\">\n      <div class=\"title-bg fill bg-fill\"\n        data-parallax-container=\".page-title\"\n        data-parallax-background\n        data-parallax=\"-\">\n      <\/div>\n      <div class=\"title-overlay fill\"><\/div>\n    <\/div>\n    \n    <div class=\"page-title-inner container align-center flex-row medium-flex-wrap\" >\n              <div class=\"title-wrapper flex-col text-left medium-text-center\">\n          <h1 class=\"entry-title mb-0\">\n            Livrarea \u0219i achitarea          <\/h1>\n        <\/div>\n                    <div class=\"title-content flex-col flex-right text-right medium-text-center\">\n        <div class=\"title-breadcrumbs pb-half pt-half\"><nav class=\"woocommerce-breadcrumb breadcrumbs uppercase\">Prima pagin\u0103<\/nav><\/div>      <\/div>\n    <\/div>\n\n     \n<style>\n#page-header-2140300758 .page-title-inner {\n  min-height: 30vh;\n}\n#page-header-2140300758 .title-bg {\n  background-image: 16363;\n  background-position: 0% 100%;\n}\n@media (min-width:550px) {\n  #page-header-2140300758 .page-title-inner {\n    min-height: 20vh;\n  }\n}\n<\/style>\n  <\/div>\n    <\/div>\n  \n<div class=\"row\"  id=\"row-680670430\">\n\n\t<div id=\"col-1694069097\" class=\"col small-12 large-12\"  >\n\t\t\t\t<div class=\"col-inner\"  >\n\t\t\t\n\t\t\t\n<p>&nbsp;<\/p>\n<p style=\"text-align: center;\">\n<div class=\"container section-title-container\" ><h2 class=\"section-title section-title-center\"><b><\/b><span class=\"section-title-main\" >Livrarea<\/span><b><\/b><\/h2><\/div>\n<p>Livrarea gratuit\u0103 a m\u0103rfurilor, achizi\u021bionate de la magazinul Ceramic.md pe adresa or. Chi\u0219in\u0103u, str. Uzinelor 17, se \u00a0efectueaz\u0103 \u00een urm\u0103toarele condi\u021bii:<\/p>\n<ul>\n<li>adresa de livrare se afl\u0103 \u00een raza ora\u0219ului Chi\u0219in\u0103u;<\/li>\n<li>suma cump\u0103r\u0103turii dep\u0103\u0219e\u0219te 10 000 lei;<\/li>\n<li>marfa achizi\u021bionat\u0103 nu este la pre\u021b redus, iar suma achitat\u0103 nu \u00eenclude reduceri;<\/li>\n<li>greutatea comenzii nu dep\u0103\u0219e\u0219te 1 000 kg;<\/li>\n<li>desc\u0103rcarea m\u0103rfurilor pe adresa de livrare se efectuaz\u0103 de c\u0103tre cump\u0103r\u0103tor;<\/li>\n<li>comanda se livreaz\u0103 numai dup\u0103 achitarea integral\u0103 \u0219i \u00een timp de 2 zile urm\u0103toare.<\/li>\n<\/ul>\n<p>\u00cen alte cazuri costul \u0219i timpul de livrare se negocieaz\u0103 cu managerul.<\/p>\n<p><strong>Aten\u021bie!<\/strong> \u00cen cazul \u00een care consumatorul refuz\u0103 s\u0103 primeasc\u0103 marfa livrat\u0103, care este \u00een stare bun\u0103 \u0219i corespund\u0435 comenzii, livrarea trebuie s\u0103 fie achitat\u0103 de cump\u0103r\u0103tor \u00een orice caz (200-350 lei \u00een raza ora\u0219ului Chi\u0219in\u0103u)<\/p>\n<div class=\"container section-title-container\" ><h2 class=\"section-title section-title-center\"><b><\/b><span class=\"section-title-main\" >Achitarea<\/span><b><\/b><\/h2><\/div>\n<p>Achizi\u021bii efectuate \u00een magazinul Ceramic.md pe adresa or. Chi\u0219in\u0103u, str. Uzinelor 17 se pot achita \u00een mai multe moduri:<\/p>\n<ul>\n<li>Plata \u00een numerar la <a href=\"https:\/\/ceramic.md\/contacts\/\">casa magazinului Ceramic.md<\/a>;<\/li>\n<li>Cu cardul VISA sau MasterCard la casa magazinului Ceramic.md;<\/li>\n<li>Prin transfer bancar conform cont-factur\u0103 pe care-l pute\u021bi achita la filial\u0103 oric\u0103rei b\u0103nci sau din contul bancar al companiei Dvs. Cont-factur\u0103 este valabil 3 zile, \u00een aceast\u0103 perioad\u0103 marfa comandat\u0103 se rezerveaz\u0103 la depozit.<\/li>\n<\/ul>\n<p>&nbsp;<\/p>\n<p>Achitarea se realizeaz\u0103 numai \u00een moneda na\u021bional\u0103. Drept confirmare a achit\u0103rii, se elibereaz\u0103 bon de cas\u0103.<\/p>\n<p><strong>Aten\u021bie! <\/strong>Primirea m\u0103rfurilor este imposibil\u0103 f\u0103r\u0103 bon de cas\u0103 sau factura fiscal\u0103 semtat\u0103 \u0219i \u0219tampilat\u0103 \u00een cazul achit\u0103rii prin transfer bancar. V\u0103 rug\u0103m s\u0103 p\u0103stra\u021bi bonurile de cas\u0103.\n\t\t<\/div>\n\t\t\t\t\t<\/div>\n\n\t\n<\/div>","protected":false},"excerpt":{"rendered":"","protected":false},"author":1,"featured_media":0,"parent":0,"menu_order":0,"comment_status":"closed","ping_status":"closed","template":"","meta":[],"_links":{"self":[{"href":"https:\/\/ceramic.md\/ro\/wp-json\/wp\/v2\/pages\/3671"}],"collection":[{"href":"https:\/\/ceramic.md\/ro\/wp-json\/wp\/v2\/pages"}],"about":[{"href":"https:\/\/ceramic.md\/ro\/wp-json\/wp\/v2\/types\/page"}],"author":[{"embeddable":true,"href":"https:\/\/ceramic.md\/ro\/wp-json\/wp\/v2\/users\/1"}],"replies":[{"embeddable":true,"href":"https:\/\/ceramic.md\/ro\/wp-json\/wp\/v2\/comments?post=3671"}],"version-history":[{"count":27,"href":"https:\/\/ceramic.md\/ro\/wp-json\/wp\/v2\/pages\/3671\/revisions"}],"predecessor-version":[{"id":17638,"href":"https:\/\/ceramic.md\/ro\/wp-json\/wp\/v2\/pages\/3671\/revisions\/17638"}],"wp:attachment":[{"href":"https:\/\/ceramic.md\/ro\/wp-json\/wp\/v2\/media?parent=3671"}],"curies":[{"name":"wp","href":"https:\/\/api.w.org\/{rel}","templated":true}]}}