{"id":3687,"date":"2020-09-21T13:16:01","date_gmt":"2020-09-21T13:16:01","guid":{"rendered":"https:\/\/ceramic.md\/?page_id=3687"},"modified":"2023-04-05T09:46:46","modified_gmt":"2023-04-05T06:46:46","slug":"schimb-si-retur","status":"publish","type":"page","link":"https:\/\/ceramic.md\/ro\/schimb-si-retur\/","title":{"rendered":"Schimb \u0219i retur"},"content":{"rendered":"<div id=\"page-header-2073911563\" class=\"page-header-wrapper\">\n  <div class=\"page-title dark featured-title box-shadow-3\">\n\n        <div class=\"page-title-bg\">\n      <div class=\"title-bg fill bg-fill\"\n        data-parallax-container=\".page-title\"\n        data-parallax-background\n        data-parallax=\"-\">\n      <\/div>\n      <div class=\"title-overlay fill\"><\/div>\n    <\/div>\n    \n    <div class=\"page-title-inner container align-center flex-row medium-flex-wrap\" >\n              <div class=\"title-wrapper flex-col text-left medium-text-center\">\n          <h1 class=\"entry-title mb-0\">\n            Schimb \u0219i retur          <\/h1>\n        <\/div>\n                    <div class=\"title-content flex-col flex-right text-right medium-text-center\">\n        <div class=\"title-breadcrumbs pb-half pt-half\"><nav class=\"woocommerce-breadcrumb breadcrumbs uppercase\">Prima pagin\u0103<\/nav><\/div>      <\/div>\n    <\/div>\n\n     \n<style>\n#page-header-2073911563 .page-title-inner {\n  min-height: 30vh;\n}\n#page-header-2073911563 {\n  margin-bottom: 50px;\n}\n#page-header-2073911563 .title-bg {\n  background-image: 16364;\n  background-position: 0% 84%;\n}\n@media (min-width:550px) {\n  #page-header-2073911563 .page-title-inner {\n    min-height: 20vh;\n  }\n}\n<\/style>\n  <\/div>\n    <\/div>\n  \n<div class=\"row\"  id=\"row-1171742234\">\n\n\t<div id=\"col-1128666631\" class=\"col small-12 large-12\"  >\n\t\t\t\t<div class=\"col-inner\"  >\n\t\t\t\n\t\t\t\n\u00cenlocuirea \u0219i returnarea m\u0103rfii achizi\u021bionat\u0103 \u00een magazinul Ceramic.md se efectueaz\u0103 pe baza legisla\u021biei RM, \u0219i anume<strong> Legii Nr.105 din 13.03.2003 privind protec\u021bia consumatorilor<\/strong>.<\/p>\n<p style=\"text-align: center;\">\n<div class=\"container section-title-container\" ><h2 class=\"section-title section-title-center\"><b><\/b><span class=\"section-title-main\" >\u00cenlocuirea \u0219i returnarea produsului de calitate corespunz\u0103toare<\/span><b><\/b><\/h2><\/div>\n<p>\u00cen conformitate cu <strong>art. 14<\/strong>, consumatorul are dreptul s\u0103 cear\u0103 \u00eenlocuirea \u0219i returnarea produsului de calitate corespunz\u0103toare \u00een decurs de 14 zile calendaristice. \u00cenlocuirea sau returnarea produsului \u00a0se efectueaz\u0103 numai \u00een urm\u0103toarele condi\u021bii:<\/p>\n<ul>\n<li>produs nu a fost utilizat;<\/li>\n<li>este p\u0103strat aspectul exterior \u0219i propriet\u0103\u021bile de consum;<\/li>\n<li>nu sunt deteriorate sigiliile \u0219i ambalajele din fabric\u0103;<\/li>\n<li>prezentarea bonului de cas\u0103 sau a unui alt document care confirm\u0103 faptul procur\u0103rii produsului din magazinul Ceramic.md.<\/li>\n<\/ul>\n<p>R\u0103mburs\u0103rile c\u0103tre cump\u0103r\u0103tor se efectueaz\u0103 \u00een termen de 14 zile calendaristice de la data return\u0103rii m\u0103rfii la magazin. Teracot\u0103, laminat \u0219i alte materiale comercializate la metraj se returneaz\u0103 numai \u00een ambalajele \u00eentregi din fabrica.<\/p>\n<p style=\"text-align: center;\">\n<div class=\"container section-title-container\" ><h2 class=\"section-title section-title-center\"><b><\/b><span class=\"section-title-main\" >\u00cenlocuirea \u0219i returnarea produsului de calitate necorespunz\u0103toare<\/span><b><\/b><\/h2><\/div>\n<p>\u00cen cazul \u00een care cump\u0103r\u0103tor cere \u00eenlocuirea unui produs de calitate necorespunz\u0103toare cu un produs similar, schimbul se efectueaz\u0103 \u00een temen de 14 zile calendaristice de la data \u00eenaint\u0103rii reclama\u021biei.\u00a0V\u00e2nz\u0103torul are dreptul s\u0103 resping\u0103 reclama\u021bia dac\u0103, \u00een termenul specificat, furnizeaz\u0103 dovezi c\u0103 defectele produsului v\u00eendut au ap\u0103rut ca urmare a nerespect\u0103rii de c\u0103tre cump\u0103r\u0103tor a instruc\u021biunilor de manipulare, instalare \u0219i reguli de transportare.<\/p>\n<p>Se recomand\u0103 s\u0103 verifica\u021bi produsele la primire.\n\t\t<\/div>\n\t\t\t\t\t<\/div>\n\n\t\n<\/div>","protected":false},"excerpt":{"rendered":"","protected":false},"author":1,"featured_media":0,"parent":0,"menu_order":0,"comment_status":"closed","ping_status":"closed","template":"page-transparent-header-light.php","meta":[],"_links":{"self":[{"href":"https:\/\/ceramic.md\/ro\/wp-json\/wp\/v2\/pages\/3687"}],"collection":[{"href":"https:\/\/ceramic.md\/ro\/wp-json\/wp\/v2\/pages"}],"about":[{"href":"https:\/\/ceramic.md\/ro\/wp-json\/wp\/v2\/types\/page"}],"author":[{"embeddable":true,"href":"https:\/\/ceramic.md\/ro\/wp-json\/wp\/v2\/users\/1"}],"replies":[{"embeddable":true,"href":"https:\/\/ceramic.md\/ro\/wp-json\/wp\/v2\/comments?post=3687"}],"version-history":[{"count":24,"href":"https:\/\/ceramic.md\/ro\/wp-json\/wp\/v2\/pages\/3687\/revisions"}],"predecessor-version":[{"id":16872,"href":"https:\/\/ceramic.md\/ro\/wp-json\/wp\/v2\/pages\/3687\/revisions\/16872"}],"wp:attachment":[{"href":"https:\/\/ceramic.md\/ro\/wp-json\/wp\/v2\/media?parent=3687"}],"curies":[{"name":"wp","href":"https:\/\/api.w.org\/{rel}","templated":true}]}}