{"id":3703,"date":"2020-09-22T07:45:29","date_gmt":"2020-09-22T07:45:29","guid":{"rendered":"https:\/\/ceramic.md\/?page_id=3703"},"modified":"2026-01-16T12:37:58","modified_gmt":"2026-01-16T10:37:58","slug":"despre-companie","status":"publish","type":"page","link":"https:\/\/ceramic.md\/ro\/despre-companie\/","title":{"rendered":"Despre companie Top Ceramiq"},"content":{"rendered":"<div id=\"page-header-1732685975\" class=\"page-header-wrapper\">\n  <div class=\"page-title dark featured-title box-shadow-3\">\n\n        <div class=\"page-title-bg\">\n      <div class=\"title-bg fill bg-fill\"\n        data-parallax-container=\".page-title\"\n        data-parallax-background\n        data-parallax=\"-\">\n      <\/div>\n      <div class=\"title-overlay fill\"><\/div>\n    <\/div>\n    \n    <div class=\"page-title-inner container align-center flex-row medium-flex-wrap\" >\n              <div class=\"title-wrapper flex-col text-left medium-text-center\">\n          <h1 class=\"entry-title mb-0\">\n            Despre companie Top Ceramiq          <\/h1>\n        <\/div>\n                    <div class=\"title-content flex-col flex-right text-right medium-text-center\">\n        <div class=\"title-breadcrumbs pb-half pt-half\"><nav class=\"woocommerce-breadcrumb breadcrumbs uppercase\">Prima pagin\u0103<\/nav><\/div>      <\/div>\n    <\/div>\n\n     \n<style>\n#page-header-1732685975 .page-title-inner {\n  min-height: 30vh;\n}\n#page-header-1732685975 .title-bg {\n  background-image: 16362;\n  background-position: 0% 82%;\n}\n@media (min-width:550px) {\n  #page-header-1732685975 .page-title-inner {\n    min-height: 20vh;\n  }\n}\n<\/style>\n  <\/div>\n    <\/div>\n  \n<div class=\"row\"  id=\"row-1425762491\">\n\n\t<div id=\"col-386629443\" class=\"col small-12 large-12\"  >\n\t\t\t\t<div class=\"col-inner\"  >\n\t\t\t\n\t\t\t\n<p>&nbsp;<\/p>\n<p style=\"text-align: center\">\n<div class=\"container section-title-container\" ><h2 class=\"section-title section-title-center\"><b><\/b><span class=\"section-title-main\" >Despre companie Top Ceramiq<\/span><b><\/b><\/h2><\/div>\n<p>Magazinul <strong>Top Ceramiq<\/strong>\u00a0func\u021bioneaz\u0103 cu success pe pia\u021ba moldoveneasc\u0103 mai mult de 10 ani. \u00cencep\u00eend cu anul 2009, ne st\u0103ruim s\u0103 aducem \u00een domeniul finis\u0103rii \u0219i decora\u021biunii o viziune nou\u0103 \u0219i ne orient\u0103m dup\u0103 tendin\u021bele produc\u0103torilor de top din lume \u0219i ideele celor mai buni designeri. \u00cen timpul muncii noastre, am reu\u0219it s\u0103 studiem pia\u021ba \u0219i nevoile clien\u021bilor no\u0219tri, a\u0219a c\u0103 ne st\u0103ruim, s\u0103 r\u0103m\u00eenem \u00eenaintea a\u0219tept\u0103rilor lor.<\/p>\n<p>Magazinul <strong>Top Ceramiq<\/strong>\u00a0<span style=\"font-size: 14.4px\">\u00a0\u2013 este o gam\u0103 larg\u0103 de:<\/span><\/p>\n<ul>\n<li>teracot\u0103 pentru b\u0103i, buc\u0103t\u0103rii, saloane \u0219i alte \u00eenc\u0103peri;<\/li>\n<li>por\u021belanat pentru fa\u021bade, garduri \u0219i terase;<\/li>\n<li>klinker pentru sobe \u0219i \u0219eminee;<\/li>\n<li>trepte de diferite forme \u0219i culori;<\/li>\n<li>mozaic pentru piscine \u0219i decor;<\/li>\n<li>piatr\u0103 decorativ\u0103 pentru a crea un design unic \u00een interior \u0219i exterior;<\/li>\n<li>laminat pentru podea.<\/li>\n<li>panouri decorative din bambus,<\/li>\n<\/ul>\n<p>Asortimentul nostru se actualizeaz\u0103 constant cu colec\u021bii noi de teracot\u0103 calitativ\u0103 de la cele mai bune fabrici din Spania, Italia, Polonia, Turcia, India, Rusia, Belorusia \u0219i Ucraina. Noi lucr\u0103m numai cu laminat de calitate de la produc\u0103tori precum Kronopol, Krono Original, Tarkett etc. \u00cen magazinul nostru ve\u021bi g\u0103si o varietate mare de piatr\u0103 artificial\u0103 pentru uz interior \u0219i exterior \u00een diverse stiluri, forme \u0219i culori. \u0218i toate acestea la pre\u021buri rezonabile.<\/p>\n<p>Personalul cu experien\u021b\u0103 al magazinului este \u00eentotdeauna preg\u0103tit s\u0103 v\u0103 ajute la alegerea produselor corespunz\u0103toare \u0219i s\u0103 ofere informa\u021bii exacte despre beneficiile fiec\u0103rui produs \u0219i disponibilitatea acestuia \u00een depozite. Ne st\u0103ruim s\u0103 g\u0103sim o abordare individual\u0103 a fiec\u0103rui client \u00een orice situa\u021bie legat\u0103 de selectarea m\u0103rfii noastre. Exist\u0103 un sistem cumulativ de reduceri pentru clien\u021bii no\u0219tri.\n\t\t<\/div>\n\t\t\t\t\t<\/div>\n\n\t\n<\/div>","protected":false},"excerpt":{"rendered":"","protected":false},"author":1,"featured_media":22819,"parent":0,"menu_order":0,"comment_status":"closed","ping_status":"closed","template":"","meta":[],"_links":{"self":[{"href":"https:\/\/ceramic.md\/ro\/wp-json\/wp\/v2\/pages\/3703"}],"collection":[{"href":"https:\/\/ceramic.md\/ro\/wp-json\/wp\/v2\/pages"}],"about":[{"href":"https:\/\/ceramic.md\/ro\/wp-json\/wp\/v2\/types\/page"}],"author":[{"embeddable":true,"href":"https:\/\/ceramic.md\/ro\/wp-json\/wp\/v2\/users\/1"}],"replies":[{"embeddable":true,"href":"https:\/\/ceramic.md\/ro\/wp-json\/wp\/v2\/comments?post=3703"}],"version-history":[{"count":28,"href":"https:\/\/ceramic.md\/ro\/wp-json\/wp\/v2\/pages\/3703\/revisions"}],"predecessor-version":[{"id":22829,"href":"https:\/\/ceramic.md\/ro\/wp-json\/wp\/v2\/pages\/3703\/revisions\/22829"}],"wp:featuredmedia":[{"embeddable":true,"href":"https:\/\/ceramic.md\/ro\/wp-json\/wp\/v2\/media\/22819"}],"wp:attachment":[{"href":"https:\/\/ceramic.md\/ro\/wp-json\/wp\/v2\/media?parent=3703"}],"curies":[{"name":"wp","href":"https:\/\/api.w.org\/{rel}","templated":true}]}}