{"id":10176,"date":"2021-07-21T13:00:33","date_gmt":"2021-07-21T10:00:33","guid":{"rendered":"https:\/\/ceramic.md\/?post_type=product&#038;p=10176"},"modified":"2024-04-04T10:58:07","modified_gmt":"2024-04-04T07:58:07","slug":"colectie-arteon-grys","status":"publish","type":"product","link":"https:\/\/ceramic.md\/ro\/product\/colectie-arteon-grys\/","title":{"rendered":"Colec\u021bie Arteon Grys"},"content":{"rendered":"<p style=\"text-align: center;\">\n<div class=\"container section-title-container\" ><h3 class=\"section-title section-title-bold-center\"><b><\/b><span class=\"section-title-main\" style=\"color:rgb(0, 0, 0);\">Compozi\u021bia colec\u021biei<\/span><b><\/b><\/h3><\/div>\n\n<div class=\"woocommerce columns-3 \"><span class=\"wpfHidden\" data-shortcode-attribute=\"{&quot;limit&quot;:&quot;12&quot;,&quot;columns&quot;:&quot;3&quot;,&quot;rows&quot;:&quot;&quot;,&quot;orderby&quot;:&quot;date&quot;,&quot;order&quot;:&quot;&quot;,&quot;ids&quot;:&quot;10178,10179,10180&quot;,&quot;skus&quot;:&quot;&quot;,&quot;category&quot;:&quot;&quot;,&quot;cat_operator&quot;:&quot;IN&quot;,&quot;attribute&quot;:&quot;&quot;,&quot;terms&quot;:&quot;&quot;,&quot;terms_operator&quot;:&quot;IN&quot;,&quot;tag&quot;:&quot;&quot;,&quot;tag_operator&quot;:&quot;IN&quot;,&quot;visibility&quot;:&quot;visible&quot;,&quot;class&quot;:&quot;&quot;,&quot;page&quot;:1,&quot;paginate&quot;:false,&quot;cache&quot;:false}\"><\/span><div class=\"products row row-small large-columns-3 medium-columns-3 small-columns-2 has-shadow row-box-shadow-2 row-box-shadow-3-hover\">\n<div class=\"product-small col has-hover product type-product post-10180 status-publish first instock product_cat-gresie product_cat-teracota product_cat-terasa has-post-thumbnail shipping-taxable product-type-simple\">\n\t<div class=\"col-inner\">\n\t\n<div class=\"badge-container absolute left top z-1\">\n<\/div>\n\t<div class=\"product-small box \">\n\t\t<div class=\"box-image\">\n\t\t\t<div class=\"image-zoom\">\n\t\t\t\t<a href=\"https:\/\/ceramic.md\/ro\/product\/arteon-grys-klink\/\" aria-label=\"30x30cm Arteon Grys Klink\">\n\t\t\t\t\t<img width=\"300\" height=\"300\" src=\"https:\/\/ceramic.md\/wp-content\/uploads\/2021\/07\/ceramic.md-30x30-arteon-grys-klink--300x300.jpg\" class=\"attachment-woocommerce_thumbnail size-woocommerce_thumbnail\" alt=\"Arteon Grys Klink\" srcset=\"https:\/\/ceramic.md\/wp-content\/uploads\/2021\/07\/ceramic.md-30x30-arteon-grys-klink--300x300.jpg 300w, https:\/\/ceramic.md\/wp-content\/uploads\/2021\/07\/ceramic.md-30x30-arteon-grys-klink--100x100.jpg 100w, https:\/\/ceramic.md\/wp-content\/uploads\/2021\/07\/ceramic.md-30x30-arteon-grys-klink--600x600.jpg 600w, https:\/\/ceramic.md\/wp-content\/uploads\/2021\/07\/ceramic.md-30x30-arteon-grys-klink--400x400.jpg 400w, https:\/\/ceramic.md\/wp-content\/uploads\/2021\/07\/ceramic.md-30x30-arteon-grys-klink--768x768.jpg 768w, https:\/\/ceramic.md\/wp-content\/uploads\/2021\/07\/ceramic.md-30x30-arteon-grys-klink-.jpg 800w\" sizes=\"(max-width: 300px) 100vw, 300px\" \/>\t\t\t\t<\/a>\n\t\t\t<\/div>\n\t\t\t<div class=\"image-tools is-small top right show-on-hover\">\n\t\t\t\t\t\t\t<\/div>\n\t\t\t<div class=\"image-tools is-small hide-for-small bottom left show-on-hover\">\n\t\t\t\t\t\t\t<\/div>\n\t\t\t<div class=\"image-tools grid-tools text-center hide-for-small bottom hover-slide-in show-on-hover\">\n\t\t\t\t\t\t\t<\/div>\n\t\t\t\t\t<\/div>\n\n\t\t<div class=\"box-text box-text-products text-center grid-style-2\">\n\t\t\tClincher pentru podea<div class=\"title-wrapper\"><p itemprop=\"name\" class=\"product_title entry-title\">Polonia<\/p><\/div><div class=\"price-wrapper\"><\/div>\t\t<\/div>\n\t<\/div>\n\t\t<\/div>\n<\/div>\n<div class=\"product-small col has-hover product type-product post-10179 status-publish instock product_cat-teracota product_cat-scari has-post-thumbnail shipping-taxable product-type-simple\">\n\t<div class=\"col-inner\">\n\t\n<div class=\"badge-container absolute left top z-1\">\n<\/div>\n\t<div class=\"product-small box \">\n\t\t<div class=\"box-image\">\n\t\t\t<div class=\"image-zoom\">\n\t\t\t\t<a href=\"https:\/\/ceramic.md\/ro\/product\/arteon-grys-st-pro\/\" aria-label=\"30x30cm Arteon Grys St.Pro\">\n\t\t\t\t\t<img width=\"300\" height=\"300\" src=\"https:\/\/ceramic.md\/wp-content\/uploads\/2021\/07\/ceramic.md-30x30-arteon-grys-st.pro_-300x300.jpg\" class=\"attachment-woocommerce_thumbnail size-woocommerce_thumbnail\" alt=\"Arteon Grys St.Pro\" srcset=\"https:\/\/ceramic.md\/wp-content\/uploads\/2021\/07\/ceramic.md-30x30-arteon-grys-st.pro_-300x300.jpg 300w, https:\/\/ceramic.md\/wp-content\/uploads\/2021\/07\/ceramic.md-30x30-arteon-grys-st.pro_-100x100.jpg 100w, https:\/\/ceramic.md\/wp-content\/uploads\/2021\/07\/ceramic.md-30x30-arteon-grys-st.pro_-600x600.jpg 600w, https:\/\/ceramic.md\/wp-content\/uploads\/2021\/07\/ceramic.md-30x30-arteon-grys-st.pro_-400x400.jpg 400w, https:\/\/ceramic.md\/wp-content\/uploads\/2021\/07\/ceramic.md-30x30-arteon-grys-st.pro_-768x768.jpg 768w, https:\/\/ceramic.md\/wp-content\/uploads\/2021\/07\/ceramic.md-30x30-arteon-grys-st.pro_.jpg 800w\" sizes=\"(max-width: 300px) 100vw, 300px\" \/>\t\t\t\t<\/a>\n\t\t\t<\/div>\n\t\t\t<div class=\"image-tools is-small top right show-on-hover\">\n\t\t\t\t\t\t\t<\/div>\n\t\t\t<div class=\"image-tools is-small hide-for-small bottom left show-on-hover\">\n\t\t\t\t\t\t\t<\/div>\n\t\t\t<div class=\"image-tools grid-tools text-center hide-for-small bottom hover-slide-in show-on-hover\">\n\t\t\t\t\t\t\t<\/div>\n\t\t\t\t\t<\/div>\n\n\t\t<div class=\"box-text box-text-products text-center grid-style-2\">\n\t\t\tTreapt\u0103<div class=\"title-wrapper\"><p itemprop=\"name\" class=\"product_title entry-title\">Polonia<\/p><\/div><div class=\"price-wrapper\"><\/div>\t\t<\/div>\n\t<\/div>\n\t\t<\/div>\n<\/div>\n<div class=\"product-small col has-hover product type-product post-10178 status-publish last instock product_cat-faianta product_cat-teracota product_cat-sobe-si-seminee product_cat-fatada has-post-thumbnail shipping-taxable product-type-simple\">\n\t<div class=\"col-inner\">\n\t\n<div class=\"badge-container absolute left top z-1\">\n<\/div>\n\t<div class=\"product-small box \">\n\t\t<div class=\"box-image\">\n\t\t\t<div class=\"image-zoom\">\n\t\t\t\t<a href=\"https:\/\/ceramic.md\/ro\/product\/arteon-grys-ele\/\" aria-label=\"6,6x24,5cm Arteon Grys Ele\">\n\t\t\t\t\t<img width=\"300\" height=\"300\" src=\"https:\/\/ceramic.md\/wp-content\/uploads\/2021\/07\/ceramic.md-6.6x24.5-arteon-grys-ele-300x300.jpg\" class=\"attachment-woocommerce_thumbnail size-woocommerce_thumbnail\" alt=\"Arteon Grys Ele\" srcset=\"https:\/\/ceramic.md\/wp-content\/uploads\/2021\/07\/ceramic.md-6.6x24.5-arteon-grys-ele-300x300.jpg 300w, https:\/\/ceramic.md\/wp-content\/uploads\/2021\/07\/ceramic.md-6.6x24.5-arteon-grys-ele-100x100.jpg 100w, https:\/\/ceramic.md\/wp-content\/uploads\/2021\/07\/ceramic.md-6.6x24.5-arteon-grys-ele-600x600.jpg 600w, https:\/\/ceramic.md\/wp-content\/uploads\/2021\/07\/ceramic.md-6.6x24.5-arteon-grys-ele-400x400.jpg 400w, https:\/\/ceramic.md\/wp-content\/uploads\/2021\/07\/ceramic.md-6.6x24.5-arteon-grys-ele-800x800.jpg 800w, https:\/\/ceramic.md\/wp-content\/uploads\/2021\/07\/ceramic.md-6.6x24.5-arteon-grys-ele-768x768.jpg 768w, https:\/\/ceramic.md\/wp-content\/uploads\/2021\/07\/ceramic.md-6.6x24.5-arteon-grys-ele.jpg 1200w\" sizes=\"(max-width: 300px) 100vw, 300px\" \/>\t\t\t\t<\/a>\n\t\t\t<\/div>\n\t\t\t<div class=\"image-tools is-small top right show-on-hover\">\n\t\t\t\t\t\t\t<\/div>\n\t\t\t<div class=\"image-tools is-small hide-for-small bottom left show-on-hover\">\n\t\t\t\t\t\t\t<\/div>\n\t\t\t<div class=\"image-tools grid-tools text-center hide-for-small bottom hover-slide-in show-on-hover\">\n\t\t\t\t\t\t\t<\/div>\n\t\t\t\t\t<\/div>\n\n\t\t<div class=\"box-text box-text-products text-center grid-style-2\">\n\t\t\tClincher pentru pere\u021bi<div class=\"title-wrapper\"><p itemprop=\"name\" class=\"product_title entry-title\">Polonia<\/p><\/div><div class=\"price-wrapper\"><\/div>\t\t<\/div>\n\t<\/div>\n\t\t<\/div>\n<\/div>\n<\/div><!-- row --><\/div>\n\n<div class=\"container section-title-container\" ><h3 class=\"section-title section-title-bold-center\"><b><\/b><span class=\"section-title-main\" style=\"color:rgb(0, 0, 0);\">\u00cen alte culori<\/span><b><\/b><\/h3><\/div>\n  <div class=\"banner-grid-wrapper\">\n  <div id=\"banner-grid-39406237\" class=\"banner-grid row row-grid row-small\" data-packery-options=\"\">\n                      \n<div class=\"col grid-col small-12 large-7 grid-col-2-3\" ><div class=\"col-inner\">\n\n  <div class=\"banner has-hover\" id=\"banner-347393669\">\n          <div class=\"banner-inner fill\">\n        <div class=\"banner-bg fill\" >\n            <div class=\"bg fill bg-fill \"><\/div>\n                                    \n                    <\/div>\n\t\t\n        <div class=\"banner-layers container\">\n            <div class=\"fill banner-link\"><\/div>            \n   <div id=\"text-box-572154005\" class=\"text-box banner-layer x5 md-x5 lg-x5 y95 md-y95 lg-y95 res-text\">\n                                <div class=\"text-box-content text box-shadow-3\">\n              \n              <div class=\"text-inner text-left\">\n                  \n<h3 class=\"uppercase\" style=\"text-align: center;\"><a href=\"https:\/\/ceramic.md\/product\/colectie-arteon-brown\"><strong>Colec\u021bie <\/strong><strong>Arteon brown<\/strong><\/a><\/h3>\n<a href=\"https:\/\/ceramic.md\/product\/colectie-arteon-brown\" target=\"_self\" class=\"button primary is-gloss is-larger box-shadow-3 expand\"  style=\"border-radius:5px;\">\n    <span>Trece\u021bi<\/span>\n  <i class=\"icon-angle-right\" ><\/i><\/a>\n\n              <\/div>\n           <\/div>\n                            \n<style>\n#text-box-572154005 .text-box-content {\n  background-color: rgba(255, 255, 255, 0.8);\n  font-size: 70%;\n}\n#text-box-572154005 .text-inner {\n  padding: 30px 30px 30px 30px;\n}\n#text-box-572154005 {\n  width: 50%;\n}\n@media (min-width:550px) {\n  #text-box-572154005 {\n    width: 45%;\n  }\n}\n<\/style>\n    <\/div>\n \n        <\/div>\n      <\/div>\n\n            \n<style>\n#banner-347393669 {\n  padding-top: 500px;\n  background-color: rgb(255, 255, 255);\n}\n#banner-347393669 .bg.bg-loaded {\n  background-image: url(https:\/\/ceramic.md\/wp-content\/uploads\/2021\/07\/ceramic.md-arteon-brown--1200x800.jpg);\n}\n#banner-347393669 .bg {\n  background-position: 44% 0%;\n}\n#banner-347393669 .ux-shape-divider--top svg {\n  height: 150px;\n  --divider-top-width: 100%;\n}\n#banner-347393669 .ux-shape-divider--bottom svg {\n  height: 150px;\n  --divider-width: 100%;\n}\n<\/style>\n  <\/div>\n\n\n<\/div><\/div>\n<div class=\"col grid-col small-12 large-7 grid-col-1-2\" ><div class=\"col-inner\">\n\n  <div class=\"banner has-hover\" id=\"banner-248802010\">\n          <div class=\"banner-inner fill\">\n        <div class=\"banner-bg fill\" >\n            <div class=\"bg fill bg-fill \"><\/div>\n                                    \n                    <\/div>\n\t\t\n        <div class=\"banner-layers container\">\n            <div class=\"fill banner-link\"><\/div>            \n   <div id=\"text-box-1969535337\" class=\"text-box banner-layer x5 md-x5 lg-x5 y95 md-y95 lg-y95 res-text\">\n                                <div class=\"text-box-content text box-shadow-3\">\n              \n              <div class=\"text-inner text-left\">\n                  \n<h3 class=\"uppercase\" style=\"text-align: center;\"><a href=\"https:\/\/ceramic.md\/product\/colectie-arteon-taupe\"><strong>Colec\u021bie <\/strong><strong>Arteon TAUPE<\/strong><\/a><\/h3>\n<a href=\"https:\/\/ceramic.md\/product\/colectie-arteon-taupe\" target=\"_self\" class=\"button primary is-gloss is-larger box-shadow-3 expand\"  style=\"border-radius:5px;\">\n    <span>Trece\u021bi<\/span>\n  <i class=\"icon-angle-right\" ><\/i><\/a>\n\n              <\/div>\n           <\/div>\n                            \n<style>\n#text-box-1969535337 .text-box-content {\n  background-color: rgba(255, 255, 255, 0.8);\n  font-size: 70%;\n}\n#text-box-1969535337 .text-inner {\n  padding: 30px 30px 30px 30px;\n}\n#text-box-1969535337 {\n  width: 50%;\n}\n@media (min-width:550px) {\n  #text-box-1969535337 {\n    width: 45%;\n  }\n}\n<\/style>\n    <\/div>\n \n        <\/div>\n      <\/div>\n\n            \n<style>\n#banner-248802010 {\n  padding-top: 400px;\n}\n#banner-248802010 .bg.bg-loaded {\n  background-image: url(https:\/\/ceramic.md\/wp-content\/uploads\/2021\/07\/ceramic.md-arteon-taupe-1200x800.jpg);\n}\n#banner-248802010 .bg {\n  background-position: 96% 0%;\n}\n#banner-248802010 .ux-shape-divider--top svg {\n  height: 150px;\n  --divider-top-width: 100%;\n}\n#banner-248802010 .ux-shape-divider--bottom svg {\n  height: 150px;\n  --divider-width: 100%;\n}\n<\/style>\n  <\/div>\n\n\n<\/div><\/div>\n<div class=\"col grid-col small-12 large-5 grid-col-1-2\" ><div class=\"col-inner\">\n\n  <div class=\"banner has-hover\" id=\"banner-1287122451\">\n          <div class=\"banner-inner fill\">\n        <div class=\"banner-bg fill\" >\n            <div class=\"bg fill bg-fill \"><\/div>\n                                    \n                    <\/div>\n\t\t\n        <div class=\"banner-layers container\">\n            <div class=\"fill banner-link\"><\/div>            \n   <div id=\"text-box-883592360\" class=\"text-box banner-layer x5 md-x5 lg-x5 y95 md-y95 lg-y95 res-text\">\n                                <div class=\"text-box-content text box-shadow-3\">\n              \n              <div class=\"text-inner text-left\">\n                  \n<h3 class=\"uppercase\" style=\"text-align: center;\"><a href=\"https:\/\/ceramic.md\/product\/colectie-arteon-ochra\"><strong>Colec\u021bie <\/strong><strong>Arteon OCHRA<\/strong><\/a><\/h3>\n<a href=\"https:\/\/ceramic.md\/product\/colectie-arteon-ochra\" target=\"_self\" class=\"button primary is-gloss is-larger box-shadow-3 expand\"  style=\"border-radius:5px;\">\n    <span>Trece\u021bi<\/span>\n  <i class=\"icon-angle-right\" ><\/i><\/a>\n\n              <\/div>\n           <\/div>\n                            \n<style>\n#text-box-883592360 .text-box-content {\n  background-color: rgba(255, 255, 255, 0.8);\n  font-size: 70%;\n}\n#text-box-883592360 .text-inner {\n  padding: 30px 30px 30px 30px;\n}\n#text-box-883592360 {\n  width: 50%;\n}\n@media (min-width:550px) {\n  #text-box-883592360 {\n    width: 55%;\n  }\n}\n<\/style>\n    <\/div>\n \n        <\/div>\n      <\/div>\n\n            \n<style>\n#banner-1287122451 {\n  padding-top: 400px;\n}\n#banner-1287122451 .bg.bg-loaded {\n  background-image: url(https:\/\/ceramic.md\/wp-content\/uploads\/2021\/07\/ceramic.md-arteon-ochra-1200x800.jpg);\n}\n#banner-1287122451 .bg {\n  background-position: 71% 0%;\n}\n#banner-1287122451 .ux-shape-divider--top svg {\n  height: 150px;\n  --divider-top-width: 100%;\n}\n#banner-1287122451 .ux-shape-divider--bottom svg {\n  height: 150px;\n  --divider-width: 100%;\n}\n<\/style>\n  <\/div>\n\n\n<\/div><\/div>\n<div class=\"col grid-col small-12 large-5 grid-col-2-3\" ><div class=\"col-inner\">\n\n  <div class=\"banner has-hover\" id=\"banner-1202400400\">\n          <div class=\"banner-inner fill\">\n        <div class=\"banner-bg fill\" >\n            <div class=\"bg fill bg-fill \"><\/div>\n                                    \n                    <\/div>\n\t\t\n        <div class=\"banner-layers container\">\n            <div class=\"fill banner-link\"><\/div>            \n   <div id=\"text-box-1185778792\" class=\"text-box banner-layer x5 md-x5 lg-x5 y95 md-y95 lg-y95 res-text\">\n                                <div class=\"text-box-content text box-shadow-3\">\n              \n              <div class=\"text-inner text-left\">\n                  \n<h3 class=\"uppercase\" style=\"text-align: center;\"><a href=\"https:\/\/ceramic.md\/product\/colectie-arteon-rosso\"><strong>Colec\u021bie <\/strong><strong>Arteon ROSSO<\/strong><\/a><\/h3>\n<a href=\"https:\/\/ceramic.md\/product\/colectie-arteon-rosso\" target=\"_self\" class=\"button primary is-gloss is-larger box-shadow-3 expand\"  style=\"border-radius:5px;\">\n    <span>Trece\u021bi<\/span>\n  <i class=\"icon-angle-right\" ><\/i><\/a>\n\n              <\/div>\n           <\/div>\n                            \n<style>\n#text-box-1185778792 .text-box-content {\n  background-color: rgba(255, 255, 255, 0.8);\n  font-size: 70%;\n}\n#text-box-1185778792 .text-inner {\n  padding: 30px 30px 30px 30px;\n}\n#text-box-1185778792 {\n  width: 50%;\n}\n@media (min-width:550px) {\n  #text-box-1185778792 {\n    width: 55%;\n  }\n}\n<\/style>\n    <\/div>\n \n        <\/div>\n      <\/div>\n\n            \n<style>\n#banner-1202400400 {\n  padding-top: 400px;\n}\n#banner-1202400400 .bg.bg-loaded {\n  background-image: url(https:\/\/ceramic.md\/wp-content\/uploads\/2021\/07\/ceramic.md-arteon-rosso--1200x800.jpg);\n}\n#banner-1202400400 .bg {\n  background-position: 18% 0%;\n}\n#banner-1202400400 .ux-shape-divider--top svg {\n  height: 150px;\n  --divider-top-width: 100%;\n}\n#banner-1202400400 .ux-shape-divider--bottom svg {\n  height: 150px;\n  --divider-width: 100%;\n}\n<\/style>\n  <\/div>\n\n\n<\/div><\/div>\n            <\/div>\n    <style>\n    #banner-grid-39406237 .grid-col-1{height: 600px}\n    #banner-grid-39406237 .grid-col-1-2{height: 300px}\n    #banner-grid-39406237 .grid-col-1-3{height:200px}\n    #banner-grid-39406237 .grid-col-2-3{height: 400px}\n    #banner-grid-39406237 .grid-col-1-4{height: 150px}\n    #banner-grid-39406237 .grid-col-3-4{height: 450px}\n\n\n    \n    \n\n  <\/style>\n    <\/div>\n  \n\n<h4>\n<h4>\u0421olec\u021bie de teracot\u0103 din ceramica Arteon Grys de la fabrica polonez\u0103 <a href=\"https:\/\/www.paradyz.com\/\" target=\"_blank\" rel=\"noopener\">Paradyz Ceramika<\/a>\u00a0pentru decorarea pere\u021bilor \u00een interior.<\/h4>\n<p><a href=\"https:\/\/ceramic.md\/ro\/product-category\/teracota\/?filter_producator=polonia\">Teracota polonez\u0103<\/a> nu este doar de calitate, ci \u0219i un design unic. \u0218i, \u00een plus, pre\u021burile accesibile ale fabricilor poloneze nu las\u0103 aproape nicio \u0219ans\u0103 concuren\u021bilor. Klinker de la produc\u0103torii polonezi, \u00eempreun\u0103 cu spaniolii, ocup\u0103 o pozi\u021bie de lider pe pia\u021ba mondial\u0103.<\/p>\n<p><img class=\"wp-image-10075 aligncenter\" src=\"https:\/\/ceramic.md\/wp-content\/uploads\/2021\/07\/paradyz-logo-800x318.jpg\" alt=\"\" width=\"289\" height=\"115\" srcset=\"https:\/\/ceramic.md\/wp-content\/uploads\/2021\/07\/paradyz-logo-800x318.jpg 800w, https:\/\/ceramic.md\/wp-content\/uploads\/2021\/07\/paradyz-logo-300x119.jpg 300w, https:\/\/ceramic.md\/wp-content\/uploads\/2021\/07\/paradyz-logo-600x238.jpg 600w, https:\/\/ceramic.md\/wp-content\/uploads\/2021\/07\/paradyz-logo-400x159.jpg 400w, https:\/\/ceramic.md\/wp-content\/uploads\/2021\/07\/paradyz-logo-768x305.jpg 768w, https:\/\/ceramic.md\/wp-content\/uploads\/2021\/07\/paradyz-logo.jpg 1080w\" sizes=\"(max-width: 289px) 100vw, 289px\"><\/p>\n<p>Paradyz Ceramika este unul dintre cei mai mari produc\u0103tori de pl\u0103ci ceramice \u0219i clincher din Polonia. Au \u00een spate mul\u021bi ani de experien\u021b\u0103, care pot fi v\u0103zu\u021bi cu ochiul liber de pe pl\u0103cile lor. Fabrica este renumit\u0103 pentru colec\u021biile sale izbitoare, accentuate, unice \u0219i extrem de atractive pentru baie, buc\u0103t\u0103rie, fa\u021bade \u0219i trepte.<\/p>\n<p>Colec\u021bia de klinker Arteon Grys este o variant\u0103 ideal\u0103 pentru finisarea treptelor, teraselor, gardurilor \u0219i fa\u021badelor. Klinker adev\u0103rat are o rezisten\u021b\u0103 ridicat\u0103, nu se sparge din \u00eenghe\u021b \u0219i nu se estompeaz\u0103 din soare. Colec\u021bia este prezentat\u0103 \u00een trei culori &#8211; gri, maro, ocru, ro\u0219iatic, gri-maro. Potrivit \u0219i pentru decorarea interioar\u0103.<\/p>\n\n<p style=\"text-align: center;\">","protected":false},"excerpt":{"rendered":"<p>Colec\u021bie de teracot\u0103 din clincher Arteon Grys pentru sobe, sc\u0103ri \u0219i fa\u021bade de la <b>Paradyz, <\/b>Polonia<\/p>\n","protected":false},"featured_media":10177,"template":"","meta":[],"product_cat":[287,722],"product_tag":[],"_links":{"self":[{"href":"https:\/\/ceramic.md\/ro\/wp-json\/wp\/v2\/product\/10176"}],"collection":[{"href":"https:\/\/ceramic.md\/ro\/wp-json\/wp\/v2\/product"}],"about":[{"href":"https:\/\/ceramic.md\/ro\/wp-json\/wp\/v2\/types\/product"}],"wp:featuredmedia":[{"embeddable":true,"href":"https:\/\/ceramic.md\/ro\/wp-json\/wp\/v2\/media\/10177"}],"wp:attachment":[{"href":"https:\/\/ceramic.md\/ro\/wp-json\/wp\/v2\/media?parent=10176"}],"wp:term":[{"taxonomy":"product_cat","embeddable":true,"href":"https:\/\/ceramic.md\/ro\/wp-json\/wp\/v2\/product_cat?post=10176"},{"taxonomy":"product_tag","embeddable":true,"href":"https:\/\/ceramic.md\/ro\/wp-json\/wp\/v2\/product_tag?post=10176"}],"curies":[{"name":"wp","href":"https:\/\/api.w.org\/{rel}","templated":true}]}}