{"id":11085,"date":"2020-10-12T14:10:07","date_gmt":"2020-10-12T11:10:07","guid":{"rendered":"https:\/\/ceramic.md\/?post_type=product&#038;p=11085"},"modified":"2023-08-17T17:33:17","modified_gmt":"2023-08-17T14:33:17","slug":"colectie-eva","status":"publish","type":"product","link":"https:\/\/ceramic.md\/ro\/product\/colectie-eva\/","title":{"rendered":"Colec\u021bie Eva"},"content":{"rendered":"<div class=\"container section-title-container\" ><h3 class=\"section-title section-title-bold-center\"><b><\/b><span class=\"section-title-main\" style=\"color:rgb(0, 0, 0);\">Compozi\u021bia colec\u021biei de teracot\u0103<\/span><b><\/b><\/h3><\/div>\n\n<p style=\"text-align: center;\"><div class=\"woocommerce columns-3 \"><span class=\"wpfHidden\" data-shortcode-attribute=\"{&quot;limit&quot;:&quot;12&quot;,&quot;columns&quot;:&quot;3&quot;,&quot;rows&quot;:&quot;&quot;,&quot;orderby&quot;:&quot;date&quot;,&quot;order&quot;:&quot;&quot;,&quot;ids&quot;:&quot;11095,11093,11088,11091&quot;,&quot;skus&quot;:&quot;&quot;,&quot;category&quot;:&quot;&quot;,&quot;cat_operator&quot;:&quot;IN&quot;,&quot;attribute&quot;:&quot;&quot;,&quot;terms&quot;:&quot;&quot;,&quot;terms_operator&quot;:&quot;IN&quot;,&quot;tag&quot;:&quot;&quot;,&quot;tag_operator&quot;:&quot;IN&quot;,&quot;visibility&quot;:&quot;visible&quot;,&quot;class&quot;:&quot;&quot;,&quot;page&quot;:1,&quot;paginate&quot;:false,&quot;cache&quot;:false}\"><\/span><div class=\"products row row-small large-columns-3 medium-columns-3 small-columns-2 has-shadow row-box-shadow-2 row-box-shadow-3-hover\">\n<div class=\"product-small col has-hover product type-product post-11095 status-publish first instock product_cat-faianta product_cat-teracota has-post-thumbnail shipping-taxable product-type-simple\">\n\t<div class=\"col-inner\">\n\t\n<div class=\"badge-container absolute left top z-1\">\n<\/div>\n\t<div class=\"product-small box \">\n\t\t<div class=\"box-image\">\n\t\t\t<div class=\"image-zoom\">\n\t\t\t\t<a href=\"https:\/\/ceramic.md\/ro\/product\/eva-decor\/\" aria-label=\"30x60cm Eva Decor\">\n\t\t\t\t\t<img width=\"300\" height=\"150\" src=\"https:\/\/ceramic.md\/wp-content\/uploads\/2021\/09\/ceramic.md-30x60-eva-decor-300x150.jpg\" class=\"attachment-woocommerce_thumbnail size-woocommerce_thumbnail\" alt=\"Eva Decor\" srcset=\"https:\/\/ceramic.md\/wp-content\/uploads\/2021\/09\/ceramic.md-30x60-eva-decor-300x150.jpg 300w, https:\/\/ceramic.md\/wp-content\/uploads\/2021\/09\/ceramic.md-30x60-eva-decor-600x300.jpg 600w, https:\/\/ceramic.md\/wp-content\/uploads\/2021\/09\/ceramic.md-30x60-eva-decor-800x400.jpg 800w, https:\/\/ceramic.md\/wp-content\/uploads\/2021\/09\/ceramic.md-30x60-eva-decor-400x200.jpg 400w, https:\/\/ceramic.md\/wp-content\/uploads\/2021\/09\/ceramic.md-30x60-eva-decor-768x384.jpg 768w, https:\/\/ceramic.md\/wp-content\/uploads\/2021\/09\/ceramic.md-30x60-eva-decor.jpg 1200w\" sizes=\"(max-width: 300px) 100vw, 300px\" \/>\t\t\t\t<\/a>\n\t\t\t<\/div>\n\t\t\t<div class=\"image-tools is-small top right show-on-hover\">\n\t\t\t\t\t\t\t<\/div>\n\t\t\t<div class=\"image-tools is-small hide-for-small bottom left show-on-hover\">\n\t\t\t\t\t\t\t<\/div>\n\t\t\t<div class=\"image-tools grid-tools text-center hide-for-small bottom hover-slide-in show-on-hover\">\n\t\t\t\t\t\t\t<\/div>\n\t\t\t\t\t<\/div>\n\n\t\t<div class=\"box-text box-text-products text-center grid-style-2\">\n\t\t\tFaian\u021b\u0103<div class=\"title-wrapper\"><p itemprop=\"name\" class=\"product_title entry-title\">Turcia<\/p><\/div><div class=\"price-wrapper\"><\/div>\t\t<\/div>\n\t<\/div>\n\t\t<\/div>\n<\/div>\n<div class=\"product-small col has-hover product type-product post-11093 status-publish instock product_cat-faianta product_cat-teracota has-post-thumbnail shipping-taxable product-type-simple\">\n\t<div class=\"col-inner\">\n\t\n<div class=\"badge-container absolute left top z-1\">\n<\/div>\n\t<div class=\"product-small box \">\n\t\t<div class=\"box-image\">\n\t\t\t<div class=\"image-zoom\">\n\t\t\t\t<a href=\"https:\/\/ceramic.md\/ro\/product\/eva-black\/\" aria-label=\"30x60cm Eva Black\">\n\t\t\t\t\t<img width=\"300\" height=\"150\" src=\"https:\/\/ceramic.md\/wp-content\/uploads\/2021\/09\/ceramic.md-30x60-eva-black-300x150.jpg\" class=\"attachment-woocommerce_thumbnail size-woocommerce_thumbnail\" alt=\"Eva Black\" srcset=\"https:\/\/ceramic.md\/wp-content\/uploads\/2021\/09\/ceramic.md-30x60-eva-black-300x150.jpg 300w, https:\/\/ceramic.md\/wp-content\/uploads\/2021\/09\/ceramic.md-30x60-eva-black-600x300.jpg 600w, https:\/\/ceramic.md\/wp-content\/uploads\/2021\/09\/ceramic.md-30x60-eva-black-800x400.jpg 800w, https:\/\/ceramic.md\/wp-content\/uploads\/2021\/09\/ceramic.md-30x60-eva-black-400x200.jpg 400w, https:\/\/ceramic.md\/wp-content\/uploads\/2021\/09\/ceramic.md-30x60-eva-black-768x384.jpg 768w, https:\/\/ceramic.md\/wp-content\/uploads\/2021\/09\/ceramic.md-30x60-eva-black.jpg 1200w\" sizes=\"(max-width: 300px) 100vw, 300px\" \/>\t\t\t\t<\/a>\n\t\t\t<\/div>\n\t\t\t<div class=\"image-tools is-small top right show-on-hover\">\n\t\t\t\t\t\t\t<\/div>\n\t\t\t<div class=\"image-tools is-small hide-for-small bottom left show-on-hover\">\n\t\t\t\t\t\t\t<\/div>\n\t\t\t<div class=\"image-tools grid-tools text-center hide-for-small bottom hover-slide-in show-on-hover\">\n\t\t\t\t\t\t\t<\/div>\n\t\t\t\t\t<\/div>\n\n\t\t<div class=\"box-text box-text-products text-center grid-style-2\">\n\t\t\tFaian\u021b\u0103<div class=\"title-wrapper\"><p itemprop=\"name\" class=\"product_title entry-title\">Turcia<\/p><\/div><div class=\"price-wrapper\"><\/div>\t\t<\/div>\n\t<\/div>\n\t\t<\/div>\n<\/div>\n<div class=\"product-small col has-hover product type-product post-11088 status-publish last instock product_cat-faianta product_cat-teracota has-post-thumbnail sale shipping-taxable product-type-simple\">\n\t<div class=\"col-inner\">\n\t\n<div class=\"badge-container absolute left top z-1\">\n\t\t<div class=\"callout badge badge-square\"><div class=\"badge-inner secondary on-sale\"><span class=\"onsale\">-11%<\/span><\/div><\/div>\n<\/div>\n\t<div class=\"product-small box \">\n\t\t<div class=\"box-image\">\n\t\t\t<div class=\"image-zoom\">\n\t\t\t\t<a href=\"https:\/\/ceramic.md\/ro\/product\/eva-white\/\" aria-label=\"30x60cm Eva White\">\n\t\t\t\t\t<img width=\"300\" height=\"150\" src=\"https:\/\/ceramic.md\/wp-content\/uploads\/2021\/09\/ceramic.md-30x60-eva-white-300x150.jpg\" class=\"attachment-woocommerce_thumbnail size-woocommerce_thumbnail\" alt=\"Eva White\" srcset=\"https:\/\/ceramic.md\/wp-content\/uploads\/2021\/09\/ceramic.md-30x60-eva-white-300x150.jpg 300w, https:\/\/ceramic.md\/wp-content\/uploads\/2021\/09\/ceramic.md-30x60-eva-white-600x300.jpg 600w, https:\/\/ceramic.md\/wp-content\/uploads\/2021\/09\/ceramic.md-30x60-eva-white-800x400.jpg 800w, https:\/\/ceramic.md\/wp-content\/uploads\/2021\/09\/ceramic.md-30x60-eva-white-400x200.jpg 400w, https:\/\/ceramic.md\/wp-content\/uploads\/2021\/09\/ceramic.md-30x60-eva-white-768x384.jpg 768w, https:\/\/ceramic.md\/wp-content\/uploads\/2021\/09\/ceramic.md-30x60-eva-white.jpg 1200w\" sizes=\"(max-width: 300px) 100vw, 300px\" \/>\t\t\t\t<\/a>\n\t\t\t<\/div>\n\t\t\t<div class=\"image-tools is-small top right show-on-hover\">\n\t\t\t\t\t\t\t<\/div>\n\t\t\t<div class=\"image-tools is-small hide-for-small bottom left show-on-hover\">\n\t\t\t\t\t\t\t<\/div>\n\t\t\t<div class=\"image-tools grid-tools text-center hide-for-small bottom hover-slide-in show-on-hover\">\n\t\t\t\t\t\t\t<\/div>\n\t\t\t\t\t<\/div>\n\n\t\t<div class=\"box-text box-text-products text-center grid-style-2\">\n\t\t\tFaian\u021b\u0103<div class=\"title-wrapper\"><p itemprop=\"name\" class=\"product_title entry-title\">Turcia<\/p><\/div><div class=\"price-wrapper\"><\/div>\t\t<\/div>\n\t<\/div>\n\t\t<\/div>\n<\/div>\n<div class=\"product-small col has-hover product type-product post-11091 status-publish first instock product_cat-gresie product_cat-teracota has-post-thumbnail sale shipping-taxable product-type-simple\">\n\t<div class=\"col-inner\">\n\t\n<div class=\"badge-container absolute left top z-1\">\n\t\t<div class=\"callout badge badge-square\"><div class=\"badge-inner secondary on-sale\"><span class=\"onsale\">-25%<\/span><\/div><\/div>\n<\/div>\n\t<div class=\"product-small box \">\n\t\t<div class=\"box-image\">\n\t\t\t<div class=\"image-zoom\">\n\t\t\t\t<a href=\"https:\/\/ceramic.md\/ro\/product\/45x45-eva-white\/\" aria-label=\"45x45cm Eva White\">\n\t\t\t\t\t<img width=\"300\" height=\"300\" src=\"https:\/\/ceramic.md\/wp-content\/uploads\/2021\/09\/ceramic.md-40x40-eva-white-300x300.jpg\" class=\"attachment-woocommerce_thumbnail size-woocommerce_thumbnail\" alt=\"Eva White\" srcset=\"https:\/\/ceramic.md\/wp-content\/uploads\/2021\/09\/ceramic.md-40x40-eva-white-300x300.jpg 300w, https:\/\/ceramic.md\/wp-content\/uploads\/2021\/09\/ceramic.md-40x40-eva-white-100x100.jpg 100w, https:\/\/ceramic.md\/wp-content\/uploads\/2021\/09\/ceramic.md-40x40-eva-white-600x600.jpg 600w, https:\/\/ceramic.md\/wp-content\/uploads\/2021\/09\/ceramic.md-40x40-eva-white-400x400.jpg 400w, https:\/\/ceramic.md\/wp-content\/uploads\/2021\/09\/ceramic.md-40x40-eva-white-800x800.jpg 800w, https:\/\/ceramic.md\/wp-content\/uploads\/2021\/09\/ceramic.md-40x40-eva-white-768x768.jpg 768w, https:\/\/ceramic.md\/wp-content\/uploads\/2021\/09\/ceramic.md-40x40-eva-white.jpg 1200w\" sizes=\"(max-width: 300px) 100vw, 300px\" \/>\t\t\t\t<\/a>\n\t\t\t<\/div>\n\t\t\t<div class=\"image-tools is-small top right show-on-hover\">\n\t\t\t\t\t\t\t<\/div>\n\t\t\t<div class=\"image-tools is-small hide-for-small bottom left show-on-hover\">\n\t\t\t\t\t\t\t<\/div>\n\t\t\t<div class=\"image-tools grid-tools text-center hide-for-small bottom hover-slide-in show-on-hover\">\n\t\t\t\t\t\t\t<\/div>\n\t\t\t\t\t<\/div>\n\n\t\t<div class=\"box-text box-text-products text-center grid-style-2\">\n\t\t\tGresie por\u021belanat\u0103<div class=\"title-wrapper\"><p itemprop=\"name\" class=\"product_title entry-title\">Turcia<\/p><\/div><div class=\"price-wrapper\"><\/div>\t\t<\/div>\n\t<\/div>\n\t\t<\/div>\n<\/div>\n<\/div><!-- row --><\/div>\n<h4>\u041a\u043e\u043b\u043b\u0435\u043a\u0446\u0438\u044f \u043a\u0435\u0440\u0430\u043c\u0438\u0447\u0435\u0441\u043a\u043e\u0439 \u043f\u043b\u0438\u0442\u043a\u0438 Eva \u043e\u0442 \u0442\u0443\u0440\u0435\u0446\u043a\u043e\u0433\u043e \u0437\u0430\u0432\u043e\u0434\u0430 <a href=\"https:\/\/www.ankaseramik.com.tr\/\" target=\"_blank\" rel=\"noopener\">Anka Seramik<\/a> \u0434\u043b\u044f \u043e\u0442\u0434\u0435\u043b\u043a\u0438 \u0441\u0442\u0435\u043d \u0432 \u043f\u043e\u043c\u0435\u0449\u0435\u043d\u0438\u044f\u0445.<\/h4>\n<p>\u0423 <a href=\"https:\/\/ceramic.md\/ru\/product-category\/teracota\/?filter_producator=turcia\">\u0442\u0443\u0440\u0435\u0446\u043a\u043e\u0439 \u043f\u043b\u0438\u0442\u043a\u0438<\/a> \u0435\u0441\u0442\u044c \u043d\u0435\u0441\u043a\u043e\u043b\u044c\u043a\u043e \u043d\u0435\u043e\u0441\u043f\u043e\u0440\u0438\u043c\u044b\u0445 \u043f\u0440\u0435\u0438\u043c\u0443\u0449\u0435\u0441\u0442\u0432 &#8211; \u043e\u043d\u0430 \u043d\u0435 \u043e\u0442\u0441\u0442\u0430\u0451\u0442 \u043f\u043e \u043a\u0430\u0447\u0435\u0441\u0442\u0432\u0443 \u043e\u0442 \u0438\u0441\u043f\u0430\u043d\u0441\u043a\u043e\u0439 \u0438\u043b\u0438 \u0438\u0442\u0430\u043b\u044c\u044f\u043d\u0441\u043a\u043e\u0439, \u0430 \u043f\u043e \u0446\u0435\u043d\u0435 \u0433\u043e\u0440\u0430\u0437\u0434\u043e \u043f\u0440\u0438\u044f\u0442\u043d\u0435\u0435. \u0422\u0443\u0440\u0435\u0446\u043a\u0438\u0435 \u0437\u0430\u0432\u043e\u0434\u044b \u043a\u0435\u0440\u0430\u043c\u0438\u0447\u0435\u0441\u043a\u043e\u0439 \u043f\u043b\u0438\u0442\u043a\u0438 \u0438\u0434\u0443\u0442 \u0432 \u043d\u043e\u0433\u0443 \u0441\u043e \u0432\u0440\u0435\u043c\u0435\u043d\u0435\u043c \u0438 \u043d\u0435 \u043f\u0435\u0440\u0435\u0441\u0442\u0430\u044e\u0442 \u0443\u0434\u0438\u0432\u043b\u044f\u0442\u044c \u043f\u043e\u0442\u0440\u0435\u0431\u0438\u0442\u0435\u043b\u0435\u0439 \u043d\u043e\u0432\u044b\u043c\u0438 \u043a\u043e\u043b\u043b\u0435\u043a\u0446\u0438\u044f\u043c\u0438, \u043f\u043e\u043c\u043e\u0433\u0430\u044f \u0437\u0430\u0434\u0430\u0442\u044c \u043d\u043e\u0432\u044b\u0435 \u0432\u0435\u044f\u043d\u0438\u044f \u0432 \u0442\u0440\u0435\u043d\u0434\u0430\u0445 \u0441\u0435\u0437\u043e\u043d\u0430. \u0418\u0445 \u043a\u043e\u043b\u043b\u0435\u043a\u0446\u0438\u0438 \u0434\u043e\u043b\u0433\u0438\u0435 \u0433\u043e\u0434\u044b \u043f\u043e\u043b\u044c\u0437\u0443\u044e\u0442\u0441\u044f \u0431\u043e\u043b\u044c\u0448\u043e\u0439 \u043f\u043e\u043f\u0443\u043b\u044f\u0440\u043d\u043e\u0441\u0442\u044c\u044e \u043d\u0430 \u0442\u0435\u0440\u0440\u0438\u0442\u043e\u0440\u0438\u0438 \u0441\u0442\u0440\u0430\u043d \u0415\u0432\u0440\u043e\u043f\u044b.<\/p>\n<p>\u0423\u0448\u043b\u0438 \u0432\u0440\u0435\u043c\u0435\u043d\u0438, \u043a\u043e\u0433\u0434\u0430 \u0441\u043b\u0435\u0434\u043e\u0432\u0430\u043b\u043e \u0432\u044b\u0431\u0438\u0440\u0430\u0442\u044c &#8211; \u043a\u0430\u0447\u0435\u0441\u0442\u0432\u043e \u0438\u043b\u0438 \u0431\u044e\u0434\u0436\u0435\u0442. \u0422\u0443\u0440\u0435\u0446\u043a\u0438\u0435 \u0444\u0430\u0431\u0440\u0438\u043a\u0438 \u043f\u0440\u0435\u0434\u043e\u0441\u0442\u0430\u0432\u044f\u0442 \u0432\u0430\u043c \u0438 \u0442\u043e, \u0438 \u0434\u0440\u0443\u0433\u043e\u0435 \u043e\u0434\u043d\u043e\u0432\u0440\u0435\u043c\u0435\u043d\u043d\u043e, \u0434\u043e\u043f\u043e\u043b\u043d\u0438\u0432 \u044d\u0442\u043e \u0435\u0449\u0451 \u0438 \u0441\u0442\u0438\u043b\u0435\u043c \u0438 \u0443\u043d\u0438\u043a\u0430\u043b\u044c\u043d\u044b\u043c \u0432\u0438\u0434\u043e\u043c.<\/p>\n<p><img class=\"wp-image-11086 aligncenter\" src=\"https:\/\/ceramic.md\/wp-content\/uploads\/2021\/09\/anka-seramik-logo-e1631013440302.jpg\" alt=\"\" width=\"234\" height=\"92\"><\/p>\n<p>\u0417\u0430\u0432\u043e\u0434 Anka Seramik \u043f\u043e\u0441\u0442\u043e\u044f\u043d\u043d\u043e \u0432\u043d\u0435\u0434\u0440\u044f\u0435\u0442 \u043d\u043e\u0432\u0435\u0439\u0448\u0438\u0435 \u0442\u0435\u0445\u043d\u043e\u043b\u043e\u0433\u0438\u0438, \u0441\u043e\u0437\u0434\u0430\u0435\u0442 \u043a\u043e\u043b\u043b\u0435\u043a\u0446\u0438\u0438 \u043a\u0435\u0440\u0430\u043c\u0438\u0447\u0435\u0441\u043a\u043e\u0439 \u043f\u043b\u0438\u0442\u043a\u0438, \u043a\u043e\u0442\u043e\u0440\u044b\u0435 \u0441\u043f\u043e\u0441\u043e\u0431\u043d\u044b \u043f\u0440\u0438\u0432\u043d\u0435\u0441\u0442\u0438 \u0432 \u043a\u0430\u0436\u0434\u044b\u0439 \u0434\u043e\u043c \u0438\u043d\u0434\u0438\u0432\u0438\u0434\u0443\u0430\u043b\u044c\u043d\u044b\u0439 \u0441\u0442\u0438\u043b\u044c \u0438 \u0438\u0437\u044b\u0441\u043a\u0430\u043d\u043d\u043e\u0441\u0442\u044c. \u0424\u0430\u0431\u0440\u0438\u043a\u0430 \u043e\u0442\u043b\u0438\u0447\u0430\u0435\u0442\u0441\u044f \u043e\u0441\u043e\u0431\u044b\u043c \u0432\u043d\u0438\u043c\u0430\u043d\u0438\u0435\u043c \u043a \u0434\u0435\u0442\u0430\u043b\u044f\u043c. \u0421\u043e\u0437\u0434\u0430\u0432\u0430\u044f \u043f\u043b\u0438\u0442\u043a\u0443, \u0438\u043c\u0438\u0442\u0438\u0440\u0443\u044e\u0449\u0443\u044e \u043f\u0440\u0438\u0440\u043e\u0434\u043d\u044b\u0435 \u043c\u0430\u0442\u0435\u0440\u0438\u0430\u043b\u044b, \u0434\u0438\u0437\u0430\u0439\u043d\u0435\u0440\u044b \u0441\u0442\u0430\u0440\u0430\u044e\u0442\u0441\u044f \u043f\u0440\u0438\u0434\u0430\u0442\u044c \u0435\u0439 \u043d\u0435\u043f\u043e\u0432\u0442\u043e\u0440\u0438\u043c\u044b\u0439 \u0434\u0438\u0437\u0430\u0439\u043d, \u0447\u0442\u043e \u0434\u0430\u0451\u0442 \u043e\u0449\u0443\u0449\u0435\u043d\u0438\u0435 \u043d\u0430\u0442\u0443\u0440\u0430\u043b\u044c\u043d\u043e\u0433\u043e \u0434\u0435\u0440\u0435\u0432\u0430 \u0438\u043b\u0438 \u043a\u0430\u043c\u043d\u044f.<\/p>\n<p>\u041a\u043e\u043b\u043b\u0435\u043a\u0446\u0438\u044f \u043a\u0435\u0440\u0430\u043c\u0438\u0447\u0435\u0441\u043a\u043e\u0439 \u043f\u043b\u0438\u0442\u043a\u0438 Eva \u0434\u043b\u044f \u043e\u0442\u0434\u0435\u043b\u043a\u0438 \u0441\u0442\u0435\u043d \u0432 \u043f\u043e\u043c\u0435\u0449\u0435\u043d\u0438\u044f\u0445. \u041c\u043e\u0436\u0435\u0442 \u0431\u044b\u0442\u044c \u0438\u0441\u043f\u043e\u043b\u044c\u0437\u043e\u0432\u0430\u043d\u0430 \u0432 \u0432\u0430\u043d\u043d\u043e\u0439 \u043a\u043e\u043c\u043d\u0430\u0442\u0435, \u0433\u043e\u0441\u0442\u0438\u043d\u043e\u0439 \u0438 \u043a\u0443\u0445\u043d\u0435, \u0430 \u0442\u0430\u043a\u0436\u0435 \u0434\u043b\u044f \u0434\u0435\u043a\u043e\u0440\u0430\u0446\u0438\u0438 \u043e\u0442\u0434\u0435\u043b\u044c\u043d\u044b\u0445 \u044d\u043b\u0435\u043c\u0435\u043d\u0442\u043e\u0432 \u0438\u043d\u0442\u0435\u0440\u044c\u0435\u0440\u0430. \u041a\u043e\u043b\u043b\u0435\u043a\u0446\u0438\u044f \u043e\u0431\u044a\u0435\u0434\u0438\u043d\u0438\u043b\u0430 \u0432 \u0441\u0435\u0431\u0435 \u0434\u0432\u0430 \u0446\u0432\u0435\u0442\u0430 \u0431\u0430\u0437\u043e\u0432\u043e\u0439 \u043f\u043b\u0438\u0442\u043a\u0438 \u0441\u043e \u0441\u0442\u0440\u0443\u043a\u0442\u0443\u0440\u043e\u0439 \u043c\u0440\u0430\u043c\u043e\u0440\u0430 \u0432 \u0431\u0435\u043b\u043e\u043c \u0438 \u0447\u0435\u0440\u043d\u043e\u043c \u0446\u0432\u0435\u0442\u0435, \u0430 \u0442\u0430\u043a\u0436\u0435 \u0434\u0435\u043a\u043e\u0440 \u0432 \u0432\u0438\u0434\u0435 \u0433\u0435\u043e\u043c\u0435\u0442\u0440\u0438\u0447\u0435\u0441\u043a\u0438\u0445 \u0443\u0437\u043e\u0440\u043e\u0432. \u041a\u043e\u043d\u0442\u0440\u0430\u0441\u0442\u043d\u043e\u0435 \u0441\u043e\u0447\u0435\u0442\u0430\u043d\u0438\u0435 \u0446\u0432\u0435\u0442\u043e\u0432 \u0438 \u0444\u0430\u043a\u0442\u0443\u0440 \u043f\u0440\u0438\u0434\u0430\u044e\u0442 \u044d\u0442\u043e\u0439 \u043a\u043e\u043b\u043b\u0435\u043a\u0446\u0438\u0438 \u043e\u0441\u043e\u0431\u044b\u0439 \u0448\u0430\u0440\u043c.<\/p>\n<p>\u041f\u043b\u0438\u0442\u043a\u0430 \u0432\u044b\u043f\u043e\u043b\u043d\u0435\u043d\u0430 \u0438\u0437 \u043a\u0440\u0430\u0441\u043d\u043e\u0439 \u0433\u043b\u0438\u043d\u044b \u0432 \u0440\u0430\u0437\u043c\u0435\u0440\u0435 30&#215;60 \u0441\u043c, \u0435\u0451 \u0442\u043e\u043b\u0449\u0438\u043d\u0430 \u0441\u043e\u0441\u0442\u0430\u0432\u043b\u044f\u0435\u0442 8 \u043c\u043c. \u041b\u0435\u0433\u043a\u043e \u043f\u043e\u0434\u0434\u0430\u0451\u0442\u0441\u044f \u043f\u043e\u0434\u0440\u0435\u0437\u043a\u0435 \u0438 \u0441\u0432\u0435\u0440\u043b\u0435\u043d\u0438\u044e, \u043d\u0435 \u0442\u0440\u0435\u0431\u0443\u0435\u0442 \u0434\u043e\u0440\u043e\u0433\u043e\u0441\u0442\u043e\u044f\u0449\u0435\u0433\u043e \u043e\u0431\u043e\u0440\u0443\u0434\u043e\u0432\u0430\u043d\u0438\u044f \u043f\u0440\u0438 \u0443\u043a\u043b\u0430\u0434\u043a\u0435. \u041d\u0435\u0431\u043e\u043b\u044c\u0448\u043e\u0439 \u0440\u0430\u0437\u043c\u0435\u0440 \u043f\u043b\u0438\u0442\u043a\u0438 \u043f\u043e\u0437\u0432\u043e\u043b\u044f\u0435\u0442 \u0438\u0441\u043f\u043e\u043b\u044c\u0437\u043e\u0432\u0430\u0442\u044c \u0435\u0451 \u0434\u0430\u0436\u0435 \u0432 \u0441\u0430\u043c\u044b\u0445 \u043d\u0435\u0431\u043e\u043b\u044c\u0448\u0438\u0445 \u043f\u043e\u043c\u0435\u0449\u0435\u043d\u0438\u044f\u0445.<\/p>\n<p style=\"text-align: center;\">\n<h4>\u0421olec\u021bie de teracot\u0103 din ceramica Eva de la fabrica turceasc\u0103 <a href=\"https:\/\/www.ankaseramik.com.tr\/\" target=\"_blank\" rel=\"noopener\">Anka Seramik<\/a> pentru decorarea pere\u021bilor \u00een interior.<\/h4>\n<p><a href=\"https:\/\/ceramic.md\/ro\/product-category\/teracota\/?filter_producator=turcia\">Teracota din Turcia<\/a> are mai multe avantaje incontestabile &#8211; nu r\u0103m\u00e2n \u00een urm\u0103 de spaniol\u0103 sau italian\u0103 \u00een calitate \u0219i sunt mult mai pl\u0103cute la pre\u021b. Fabricile turce\u0219ti de ceramica \u021bin pasul cu vremurile \u0219i nu \u00eenceteaz\u0103 niciodat\u0103 s\u0103 uimeasc\u0103 consumatorii cu noi colec\u021bii, contribuind la stabilirea unor noi tendin\u021be \u00een tendin\u021bele sezonului. Colec\u021biile lor sunt foarte populare \u00een Europa de mul\u021bi ani.<\/p>\n<p>Au trecut vremurile c\u00e2nd trebuia s\u0103 alegi &#8211; calitate sau buget. Fabricile din Turcia v\u0103 vor oferi ambele \u00een acela\u0219i timp, complet\u00e2nd acest lucru cu stil \u0219i un aspect unic.<\/p>\n<p><img class=\"wp-image-11086 aligncenter\" src=\"https:\/\/ceramic.md\/wp-content\/uploads\/2021\/09\/anka-seramik-logo-e1631013440302.jpg\" alt=\"\" width=\"234\" height=\"92\"><\/p>\n<p>Fabrica Anka Seramik \u00eentroduce constant cele mai noi tehnologii, creeaz\u0103 colec\u021bii de pl\u0103ci ceramice care sunt capabile s\u0103 aduc\u0103 stil \u0219i rafinament individual fiec\u0103rei case. Fabrica se remarc\u0103 prin aten\u021bia deosebit\u0103 acordat\u0103 detaliilor. Atunci c\u00e2nd creeaz\u0103 pl\u0103ci care imit\u0103 materialele naturale, designerii \u00eencearc\u0103 s\u0103 le ofere un design unic care d\u0103 senza\u021bia de lemn natural sau piatr\u0103.<\/p>\n<p>Colec\u021bie de pl\u0103ci ceramice Eva pentru decorarea pere\u021bilor interiori. Poate fi folosit\u0103 \u00een baie, sufragerie \u0219i buc\u0103t\u0103rie, precum \u0219i pentru decorarea elementelor interioare individuale. Colec\u021bia combin\u0103 dou\u0103 culori de pl\u0103ci de baz\u0103 cu o structur\u0103 de marmur\u0103 \u00een alb \u0219i negru, precum \u0219i decor sub form\u0103 de modele geometrice. Combina\u021bia contrastant\u0103 de culori \u0219i texturi confer\u0103 acestei colec\u021bii un farmec aparte.<\/p>\n<p>Faian\u021b\u0103 este realizat\u0103 din lut ro\u0219u \u00een dimensiunea 30&#215;60 cm, grosimea ei este de 8 mm. U\u0219or de t\u0103iat \u0219i g\u0103urit, nu necesit\u0103 echipamente scumpe atunci c\u00e2nd pune\u021bi. Dimensiuni mici a pl\u0103cilor le permite s\u0103 fie folosite chiar \u0219i \u00een cele mai mici spa\u021bii.<\/p>","protected":false},"excerpt":{"rendered":"<p>Colec\u021bie de teracot\u0103 Eva de la <b>Anka Seramik, <\/b>Turcia<\/p>\n<p>Colec\u021bie de teracot\u0103 baie, buc\u0103t\u0103rie, sufragerie de la <b>Anka Seramik, <\/b>Turcia<\/p>\n","protected":false},"featured_media":11087,"template":"","meta":[],"product_cat":[287,723,724],"product_tag":[],"_links":{"self":[{"href":"https:\/\/ceramic.md\/ro\/wp-json\/wp\/v2\/product\/11085"}],"collection":[{"href":"https:\/\/ceramic.md\/ro\/wp-json\/wp\/v2\/product"}],"about":[{"href":"https:\/\/ceramic.md\/ro\/wp-json\/wp\/v2\/types\/product"}],"wp:featuredmedia":[{"embeddable":true,"href":"https:\/\/ceramic.md\/ro\/wp-json\/wp\/v2\/media\/11087"}],"wp:attachment":[{"href":"https:\/\/ceramic.md\/ro\/wp-json\/wp\/v2\/media?parent=11085"}],"wp:term":[{"taxonomy":"product_cat","embeddable":true,"href":"https:\/\/ceramic.md\/ro\/wp-json\/wp\/v2\/product_cat?post=11085"},{"taxonomy":"product_tag","embeddable":true,"href":"https:\/\/ceramic.md\/ro\/wp-json\/wp\/v2\/product_tag?post=11085"}],"curies":[{"name":"wp","href":"https:\/\/api.w.org\/{rel}","templated":true}]}}