{"id":11231,"date":"2020-10-12T16:00:24","date_gmt":"2020-10-12T13:00:24","guid":{"rendered":"https:\/\/ceramic.md\/?post_type=product&#038;p=11231"},"modified":"2023-04-13T16:48:33","modified_gmt":"2023-04-13T13:48:33","slug":"colectie-bella","status":"publish","type":"product","link":"https:\/\/ceramic.md\/ro\/product\/colectie-bella\/","title":{"rendered":"Colec\u021bie Bella"},"content":{"rendered":"<div class=\"container section-title-container\" ><h3 class=\"section-title section-title-bold-center\"><b><\/b><span class=\"section-title-main\" style=\"color:rgb(0, 0, 0);\">Compozi\u021bia colec\u021biei de teracot\u0103<\/span><b><\/b><\/h3><\/div>\n\n<p style=\"text-align: center;\"><div class=\"woocommerce columns-3 \"><span class=\"wpfHidden\" data-shortcode-attribute=\"{&quot;limit&quot;:&quot;12&quot;,&quot;columns&quot;:&quot;3&quot;,&quot;rows&quot;:&quot;&quot;,&quot;orderby&quot;:&quot;date&quot;,&quot;order&quot;:&quot;&quot;,&quot;ids&quot;:&quot;11232,11235,11237&quot;,&quot;skus&quot;:&quot;&quot;,&quot;category&quot;:&quot;&quot;,&quot;cat_operator&quot;:&quot;IN&quot;,&quot;attribute&quot;:&quot;&quot;,&quot;terms&quot;:&quot;&quot;,&quot;terms_operator&quot;:&quot;IN&quot;,&quot;tag&quot;:&quot;&quot;,&quot;tag_operator&quot;:&quot;IN&quot;,&quot;visibility&quot;:&quot;visible&quot;,&quot;class&quot;:&quot;&quot;,&quot;page&quot;:1,&quot;paginate&quot;:false,&quot;cache&quot;:false}\"><\/span><div class=\"products row row-small large-columns-3 medium-columns-3 small-columns-2 has-shadow row-box-shadow-2 row-box-shadow-3-hover\">\n<div class=\"product-small col has-hover product type-product post-11237 status-publish first instock product_cat-faianta product_cat-teracota has-post-thumbnail shipping-taxable product-type-simple\">\n\t<div class=\"col-inner\">\n\t\n<div class=\"badge-container absolute left top z-1\">\n<\/div>\n\t<div class=\"product-small box \">\n\t\t<div class=\"box-image\">\n\t\t\t<div class=\"image-zoom\">\n\t\t\t\t<a href=\"https:\/\/ceramic.md\/ro\/product\/bella-pattern-grc\/\" aria-label=\"30x60cm Bella Pattern GRC\">\n\t\t\t\t\t<img width=\"300\" height=\"150\" src=\"https:\/\/ceramic.md\/wp-content\/uploads\/2021\/09\/ceramic.md-30x60-bella-pattern-grc-e1677830698482-300x150.jpg\" class=\"attachment-woocommerce_thumbnail size-woocommerce_thumbnail\" alt=\"Bella Pattern GRC\" srcset=\"https:\/\/ceramic.md\/wp-content\/uploads\/2021\/09\/ceramic.md-30x60-bella-pattern-grc-e1677830698482-300x150.jpg 300w, https:\/\/ceramic.md\/wp-content\/uploads\/2021\/09\/ceramic.md-30x60-bella-pattern-grc-e1677830698482-600x301.jpg 600w, https:\/\/ceramic.md\/wp-content\/uploads\/2021\/09\/ceramic.md-30x60-bella-pattern-grc-e1677830698482-798x400.jpg 798w, https:\/\/ceramic.md\/wp-content\/uploads\/2021\/09\/ceramic.md-30x60-bella-pattern-grc-e1677830698482-400x201.jpg 400w, https:\/\/ceramic.md\/wp-content\/uploads\/2021\/09\/ceramic.md-30x60-bella-pattern-grc-e1677830698482-768x385.jpg 768w, https:\/\/ceramic.md\/wp-content\/uploads\/2021\/09\/ceramic.md-30x60-bella-pattern-grc-e1677830698482.jpg 997w\" sizes=\"(max-width: 300px) 100vw, 300px\" \/>\t\t\t\t<\/a>\n\t\t\t<\/div>\n\t\t\t<div class=\"image-tools is-small top right show-on-hover\">\n\t\t\t\t\t\t\t<\/div>\n\t\t\t<div class=\"image-tools is-small hide-for-small bottom left show-on-hover\">\n\t\t\t\t\t\t\t<\/div>\n\t\t\t<div class=\"image-tools grid-tools text-center hide-for-small bottom hover-slide-in show-on-hover\">\n\t\t\t\t\t\t\t<\/div>\n\t\t\t\t\t<\/div>\n\n\t\t<div class=\"box-text box-text-products text-center grid-style-2\">\n\t\t\tFaian\u021b\u0103 din ceramica<div class=\"title-wrapper\"><p itemprop=\"name\" class=\"product_title entry-title\">Ucraina<\/p><\/div><div class=\"price-wrapper\"><\/div>\t\t<\/div>\n\t<\/div>\n\t\t<\/div>\n<\/div>\n<div class=\"product-small col has-hover product type-product post-11235 status-publish instock product_cat-faianta product_cat-teracota has-post-thumbnail shipping-taxable product-type-simple\">\n\t<div class=\"col-inner\">\n\t\n<div class=\"badge-container absolute left top z-1\">\n<\/div>\n\t<div class=\"product-small box \">\n\t\t<div class=\"box-image\">\n\t\t\t<div class=\"image-zoom\">\n\t\t\t\t<a href=\"https:\/\/ceramic.md\/ro\/product\/bella-wave-grc\/\" aria-label=\"30x60cm Bella Wave GRC\">\n\t\t\t\t\t<img width=\"300\" height=\"150\" src=\"https:\/\/ceramic.md\/wp-content\/uploads\/2021\/09\/ceramic.md-30x60-bella-wave-grc-300x150.jpg\" class=\"attachment-woocommerce_thumbnail size-woocommerce_thumbnail\" alt=\"Bella Wave GRC\" srcset=\"https:\/\/ceramic.md\/wp-content\/uploads\/2021\/09\/ceramic.md-30x60-bella-wave-grc-300x150.jpg 300w, https:\/\/ceramic.md\/wp-content\/uploads\/2021\/09\/ceramic.md-30x60-bella-wave-grc-600x300.jpg 600w, https:\/\/ceramic.md\/wp-content\/uploads\/2021\/09\/ceramic.md-30x60-bella-wave-grc-800x400.jpg 800w, https:\/\/ceramic.md\/wp-content\/uploads\/2021\/09\/ceramic.md-30x60-bella-wave-grc-400x200.jpg 400w, https:\/\/ceramic.md\/wp-content\/uploads\/2021\/09\/ceramic.md-30x60-bella-wave-grc-768x384.jpg 768w, https:\/\/ceramic.md\/wp-content\/uploads\/2021\/09\/ceramic.md-30x60-bella-wave-grc.jpg 1000w\" sizes=\"(max-width: 300px) 100vw, 300px\" \/>\t\t\t\t<\/a>\n\t\t\t<\/div>\n\t\t\t<div class=\"image-tools is-small top right show-on-hover\">\n\t\t\t\t\t\t\t<\/div>\n\t\t\t<div class=\"image-tools is-small hide-for-small bottom left show-on-hover\">\n\t\t\t\t\t\t\t<\/div>\n\t\t\t<div class=\"image-tools grid-tools text-center hide-for-small bottom hover-slide-in show-on-hover\">\n\t\t\t\t\t\t\t<\/div>\n\t\t\t\t\t<\/div>\n\n\t\t<div class=\"box-text box-text-products text-center grid-style-2\">\n\t\t\tFaian\u021b\u0103 din ceramica<div class=\"title-wrapper\"><p itemprop=\"name\" class=\"product_title entry-title\">Ucraina<\/p><\/div><div class=\"price-wrapper\"><\/div>\t\t<\/div>\n\t<\/div>\n\t\t<\/div>\n<\/div>\n<div class=\"product-small col has-hover product type-product post-11232 status-publish last instock product_cat-faianta product_cat-teracota has-post-thumbnail shipping-taxable product-type-simple\">\n\t<div class=\"col-inner\">\n\t\n<div class=\"badge-container absolute left top z-1\">\n<\/div>\n\t<div class=\"product-small box \">\n\t\t<div class=\"box-image\">\n\t\t\t<div class=\"image-zoom\">\n\t\t\t\t<a href=\"https:\/\/ceramic.md\/ro\/product\/bella-grc\/\" aria-label=\"30x60cm Bella GRC\">\n\t\t\t\t\t<img width=\"300\" height=\"150\" src=\"https:\/\/ceramic.md\/wp-content\/uploads\/2021\/09\/ceramic.md-30x60-bella-grc-300x150.jpg\" class=\"attachment-woocommerce_thumbnail size-woocommerce_thumbnail\" alt=\"Bella GRC\" srcset=\"https:\/\/ceramic.md\/wp-content\/uploads\/2021\/09\/ceramic.md-30x60-bella-grc-300x150.jpg 300w, https:\/\/ceramic.md\/wp-content\/uploads\/2021\/09\/ceramic.md-30x60-bella-grc-600x300.jpg 600w, https:\/\/ceramic.md\/wp-content\/uploads\/2021\/09\/ceramic.md-30x60-bella-grc-800x400.jpg 800w, https:\/\/ceramic.md\/wp-content\/uploads\/2021\/09\/ceramic.md-30x60-bella-grc-400x200.jpg 400w, https:\/\/ceramic.md\/wp-content\/uploads\/2021\/09\/ceramic.md-30x60-bella-grc-768x384.jpg 768w, https:\/\/ceramic.md\/wp-content\/uploads\/2021\/09\/ceramic.md-30x60-bella-grc.jpg 1000w\" sizes=\"(max-width: 300px) 100vw, 300px\" \/>\t\t\t\t<\/a>\n\t\t\t<\/div>\n\t\t\t<div class=\"image-tools is-small top right show-on-hover\">\n\t\t\t\t\t\t\t<\/div>\n\t\t\t<div class=\"image-tools is-small hide-for-small bottom left show-on-hover\">\n\t\t\t\t\t\t\t<\/div>\n\t\t\t<div class=\"image-tools grid-tools text-center hide-for-small bottom hover-slide-in show-on-hover\">\n\t\t\t\t\t\t\t<\/div>\n\t\t\t\t\t<\/div>\n\n\t\t<div class=\"box-text box-text-products text-center grid-style-2\">\n\t\t\tFaian\u021b\u0103 din ceramica<div class=\"title-wrapper\"><p itemprop=\"name\" class=\"product_title entry-title\">Ucraina<\/p><\/div><div class=\"price-wrapper\"><\/div>\t\t<\/div>\n\t<\/div>\n\t\t<\/div>\n<\/div>\n<\/div><!-- row --><\/div>\n<h4>\u041a\u043e\u043b\u043b\u0435\u043a\u0446\u0438\u044f \u043a\u0435\u0440\u0430\u043c\u0438\u0447\u0435\u0441\u043a\u043e\u0439 \u043f\u043b\u0438\u0442\u043a\u0438 Bella \u043e\u0442 \u0431\u0435\u043b\u043e\u0440\u0443\u0441\u0441\u043a\u043e\u0433\u043e \u0437\u0430\u0432\u043e\u0434\u0430 <a href=\"https:\/\/atem.com.ua\/\" target=\"_blank\" rel=\"noopener\">Atem<\/a>\u00a0\u0434\u043b\u044f \u043e\u0442\u0434\u0435\u043b\u043a\u0438 \u0441\u0442\u0435\u043d \u0432 \u043f\u043e\u043c\u0435\u0449\u0435\u043d\u0438\u044f\u0445.<\/h4>\n<p><a href=\"https:\/\/ceramic.md\/product-category\/teracota\/?filter_producator=ucraina\">\u0423\u043a\u0440\u0430\u0438\u043d\u0441\u043a\u0430\u044f \u043f\u043b\u0438\u0442\u043a\u0430<\/a> \u0432 \u043f\u0440\u043e\u0448\u043b\u044b\u0435 \u0432\u0440\u0435\u043c\u0435\u043d\u0430 \u0441\u0447\u0438\u0442\u0430\u043b\u0430\u0441\u044c \u043d\u0435 \u0441\u043b\u0438\u0448\u043a\u043e\u043c \u043a\u0430\u0447\u0435\u0441\u0442\u0432\u0435\u043d\u043d\u043e\u0439. \u041e\u0434\u043d\u0430\u043a\u043e, \u0442\u0435\u0445\u043d\u043e\u043b\u043e\u0433\u0438\u0438 \u0434\u0430\u0432\u043d\u043e \u0448\u0430\u0433\u043d\u0443\u043b\u0438 \u0432\u043f\u0435\u0440\u0451\u0434, \u0438 \u0443\u043a\u0440\u0430\u0438\u043d\u0441\u043a\u0438\u0435 \u0437\u0430\u0432\u043e\u0434\u044b \u043f\u043b\u0438\u0442\u043a\u0438 \u0432\u043c\u0435\u0441\u0442\u0435 \u0441 \u043d\u0438\u043c\u0438. \u0412 \u0443\u0441\u043b\u043e\u0432\u0438\u044f\u0445 \u0436\u0435\u0441\u0442\u043a\u043e\u0439 \u043a\u043e\u043d\u043a\u0443\u0440\u0435\u043d\u0446\u0438\u0438, \u0443\u043a\u0440\u0430\u0438\u043d\u0441\u043a\u0438\u0435 \u0434\u0438\u0437\u0430\u0439\u043d\u0435\u0440\u044b \u0442\u043e\u0436\u0435 \u043d\u0435 \u043c\u043e\u0433\u0443\u0442 \u043f\u043e\u0437\u0432\u043e\u043b\u0438\u0442\u044c \u0441\u0435\u0431\u0435 \u043e\u0442\u0441\u0442\u0430\u0432\u0430\u0442\u044c \u043e\u0442 \u0442\u0440\u0435\u043d\u0434\u043e\u0432 \u0441\u0435\u0437\u043e\u043d\u0430. \u041f\u043e\u0442\u043e\u043c\u0443 \u043d\u0430 \u0441\u0435\u0433\u043e\u0434\u043d\u044f\u0448\u043d\u0438\u0439 \u0434\u0435\u043d\u044c \u0443\u043a\u0440\u0430\u0438\u043d\u0441\u043a\u0430\u044f \u043f\u043b\u0438\u0442\u043a\u0430 \u0437\u0430\u0441\u043b\u0443\u0436\u0435\u043d\u043d\u043e \u0441\u0442\u0430\u043d\u043e\u0432\u0438\u0442\u0441\u044f \u0432 \u0440\u044f\u0434 \u0441 \u0438\u0441\u043f\u0430\u043d\u0441\u043a\u043e\u0439 \u043f\u043e \u043a\u0430\u0447\u0435\u0441\u0442\u0432\u0443 \u0438 \u0434\u0438\u0437\u0430\u0439\u043d\u0443, \u0430 \u043f\u043e \u0446\u0435\u043d\u0435 \u0434\u0430\u0436\u0435 \u043f\u0440\u0435\u0432\u043e\u0441\u0445\u043e\u0434\u0438\u0442.<\/p>\n<p><img class=\"wp-image-11180 aligncenter\" src=\"https:\/\/ceramic.md\/wp-content\/uploads\/2021\/09\/atem-logo.jpg\" alt=\"\" width=\"222\" height=\"98\" srcset=\"https:\/\/ceramic.md\/wp-content\/uploads\/2021\/09\/atem-logo.jpg 429w, https:\/\/ceramic.md\/wp-content\/uploads\/2021\/09\/atem-logo-300x132.jpg 300w, https:\/\/ceramic.md\/wp-content\/uploads\/2021\/09\/atem-logo-400x176.jpg 400w\" sizes=\"(max-width: 222px) 100vw, 222px\"><\/p>\n<p>\u0417\u0430\u0432\u043e\u0434 Atem \u043d\u0430\u0447\u0430\u043b \u043f\u0440\u043e\u0438\u0437\u0432\u043e\u0434\u0441\u0442\u0432\u043e \u043a\u0435\u0440\u0430\u043c\u0438\u0447\u0435\u0441\u043a\u043e\u0439 \u0432 \u043d\u0430\u0447\u0430\u043b\u0435 1990-\u0445 \u0433\u043e\u0434\u043e\u0432. \u0411\u043e\u043b\u044c\u0448\u043e\u0439 \u043e\u043f\u044b\u0442 \u043f\u0440\u0435\u0434\u043f\u0440\u0438\u044f\u0442\u0438\u044f \u0433\u0430\u0440\u0430\u043d\u0442\u0438\u0440\u0443\u0435\u0442 \u0432\u044b\u0441\u043e\u043a\u0443\u044e \u043a\u0432\u0430\u043b\u0438\u0444\u0438\u043a\u0430\u0446\u0438\u044e \u0441\u043e\u0442\u0440\u0443\u0434\u043d\u0438\u043a\u043e\u0432, \u043e\u0442\u043b\u0430\u0436\u0435\u043d\u043d\u044b\u0439 \u043f\u0440\u043e\u0446\u0435\u0441\u0441 \u043f\u0440\u043e\u0438\u0437\u0432\u043e\u0434\u0441\u0442\u0432\u0430, \u0438, \u043a\u0430\u043a \u0441\u043b\u0435\u0434\u0441\u0442\u0432\u0438\u0435, \u0434\u043e\u0441\u0442\u043e\u0439\u043d\u043e\u0435 \u043a\u0430\u0447\u0435\u0441\u0442\u0432\u043e \u043f\u0440\u043e\u0438\u0437\u0432\u043e\u0434\u0438\u043c\u043e\u0439 \u043f\u0440\u043e\u0434\u0443\u043a\u0446\u0438\u0438. \u041f\u0440\u043e\u0438\u0437\u0432\u043e\u0434\u0438\u0442\u0435\u043b\u044c \u0435\u0436\u0435\u0433\u043e\u0434\u043d\u043e \u0440\u0430\u0441\u0448\u0438\u0440\u044f\u0435\u0442 \u0441\u0432\u043e\u0439 \u0430\u0441\u0441\u043e\u0440\u0442\u0438\u043c\u0435\u043d\u0442, \u043f\u0440\u0435\u0434\u0441\u0442\u0430\u0432\u043b\u044f\u044f \u043d\u0430\u0448\u0435\u043c\u0443 \u0432\u043d\u0438\u043c\u0430\u043d\u0438\u044e \u0441\u043e\u0432\u0440\u0435\u043c\u0435\u043d\u043d\u044b\u0435, \u0443\u043d\u0438\u043a\u0430\u043b\u044c\u043d\u044b\u0435, \u0433\u0430\u0440\u043c\u043e\u043d\u0438\u0447\u043d\u044b\u0435 \u043a\u043e\u043b\u043b\u0435\u043a\u0446\u0438\u0438. \u0417\u0430\u0432\u043e\u0434 Atem &#8211; \u043e\u0434\u0438\u043d \u0438\u0437 \u0442\u0435\u0445, \u0447\u044c\u0451 \u043a\u0430\u0447\u0435\u0441\u0442\u0432\u043e \u0446\u0435\u043d\u0438\u043b\u043e\u0441\u044c \u0432\u043e \u0432\u0441\u0435 \u0432\u0440\u0435\u043c\u0435\u043d\u0430, \u0430 \u043a\u043e\u043b\u043b\u0435\u043a\u0446\u0438\u0438 \u043e\u0441\u0442\u0430\u0432\u0430\u043b\u0438\u0441\u044c \u0430\u043a\u0442\u0443\u0430\u043b\u044c\u043d\u044b\u043c\u0438 \u043d\u0430 \u0434\u043e\u043b\u0433\u0438\u0435 \u0433\u043e\u0434\u044b. \u042d\u0442\u043e \u0437\u043d\u0430\u0447\u0438\u0442, \u0447\u0442\u043e \u0432\u044b\u0431\u0440\u0430\u0432 \u043a\u043e\u043b\u043b\u0435\u043a\u0446\u0438\u044e \u044d\u0442\u043e\u0433\u043e \u0437\u0430\u0432\u043e\u0434\u0430 \u0432\u0430\u043c \u043d\u0435 \u043f\u0440\u0438\u0434\u0451\u0442\u0441\u044f \u043c\u0435\u043d\u044f\u0442\u044c \u0435\u0451 \u0447\u0435\u0440\u0435\u0437 \u043f\u0430\u0440\u0443 \u043b\u0435\u0442. \u041d\u0430 \u0444\u0430\u0431\u0440\u0438\u043a\u0435 \u0443\u0441\u0442\u0430\u043d\u043e\u0432\u043b\u0435\u043d\u043e \u043d\u0430\u0438\u043b\u0443\u0447\u0448\u0435\u0435 \u043e\u0431\u043e\u0440\u0443\u0434\u043e\u0432\u0430\u043d\u0438\u0435, \u0447\u0442\u043e \u043f\u043e\u0437\u0432\u043e\u043b\u044f\u0435\u0442 \u043f\u0440\u043e\u0438\u0437\u0432\u043e\u0434\u0438\u0442\u044c \u0441\u043e\u0432\u0440\u0435\u043c\u0435\u043d\u043d\u0443\u044e \u043f\u043b\u0438\u0442\u043a\u0443 \u0438 \u0442\u0449\u0430\u0442\u0435\u043b\u044c\u043d\u043e \u0441\u043b\u0435\u0434\u0438\u0442\u044c \u0437\u0430 \u0435\u0451 \u043a\u0430\u0447\u0435\u0441\u0442\u0432\u043e\u043c.<\/p>\n<p>\u041a\u043e\u043b\u043b\u0435\u043a\u0446\u0438\u044f \u043a\u0435\u0440\u0430\u043c\u0438\u0447\u0435\u0441\u043a\u043e\u0439 \u043f\u043b\u0438\u0442\u043a\u0438 Bella \u0434\u043b\u044f \u043e\u0442\u0434\u0435\u043b\u043a\u0438 \u0441\u0442\u0435\u043d \u0432 \u043f\u043e\u043c\u0435\u0449\u0435\u043d\u0438\u044f\u0445. \u041c\u043e\u0436\u0435\u0442 \u0431\u044b\u0442\u044c \u0438\u0441\u043f\u043e\u043b\u044c\u0437\u043e\u0432\u0430\u043d\u0430 \u0432 \u0432\u0430\u043d\u043d\u043e\u0439 \u043a\u043e\u043c\u043d\u0430\u0442\u0435, \u0433\u043e\u0441\u0442\u0438\u043d\u043e\u0439 \u0438 \u043a\u0443\u0445\u043d\u0435, \u0430 \u0442\u0430\u043a\u0436\u0435 \u0434\u043b\u044f \u0434\u0435\u043a\u043e\u0440\u0430\u0446\u0438\u0438 \u043e\u0442\u0434\u0435\u043b\u044c\u043d\u044b\u0445 \u044d\u043b\u0435\u043c\u0435\u043d\u0442\u043e\u0432 \u0438\u043d\u0442\u0435\u0440\u044c\u0435\u0440\u0430. \u041a\u043e\u043b\u043b\u0435\u043a\u0446\u0438\u044f \u0432\u044b\u043f\u043e\u043b\u043d\u0435\u043d\u0430 \u0432 \u043a\u043b\u0430\u0441\u0441\u0438\u0447\u0435\u0441\u043a\u043e\u043c \u0441\u0442\u0438\u043b\u0435, \u043f\u0440\u0438\u0434\u0430\u0441\u0442 \u043e\u0441\u043e\u0431\u044b\u0439 \u0448\u0430\u0440\u043c \u0432\u0430\u0448\u0435\u043c\u0443 \u043f\u043e\u043c\u0435\u0449\u0435\u043d\u0438\u044e. \u0411\u0435\u043b\u044b\u0439 \u043c\u0440\u0430\u043c\u043e\u0440 \u0432 \u0441\u043e\u0447\u0435\u0442\u0430\u043d\u0438\u0438 \u0441 \u0434\u0435\u043a\u043e\u0440\u043e\u043c \u0432 \u0432\u0438\u0434\u0435 \u0432\u043e\u043b\u043d\u044b \u0431\u0443\u0434\u0443\u0442 \u043f\u0440\u0435\u043a\u0440\u0430\u0441\u043d\u043e \u0441\u043c\u043e\u0442\u0440\u0435\u0442\u044c\u0441\u044f \u0432 \u043b\u044e\u0431\u043e\u043c \u043f\u043e\u043c\u0435\u0449\u0435\u043d\u0438\u0438. \u0421\u043f\u043e\u043a\u043e\u0439\u043d\u0430\u044f \u0438 \u043f\u0440\u0438\u044f\u0442\u043d\u0430\u044f, \u043d\u043e \u0432 \u0442\u043e \u0436\u0435 \u0432\u0440\u0435\u043c\u044f \u0430\u043a\u0446\u0435\u043d\u0442\u043d\u0430\u044f \u043a\u043e\u043b\u043b\u0435\u043a\u0446\u0438\u044f.<\/p>\n<p>\u041f\u043b\u0438\u0442\u043a\u0430 \u0432\u044b\u043f\u043e\u043b\u043d\u0435\u043d\u0430 \u0438\u0437 \u0431\u0435\u043b\u043e\u0439 \u0433\u043b\u0438\u043d\u044b \u0432 \u0440\u0430\u0437\u043c\u0435\u0440\u0435 30&#215;60 \u0441\u043c, \u0435\u0451 \u0442\u043e\u043b\u0449\u0438\u043d\u0430 \u0441\u043e\u0441\u0442\u0430\u0432\u043b\u044f\u0435\u0442 8 \u043c\u043c. \u041b\u0435\u0433\u043a\u043e \u043f\u043e\u0434\u0434\u0430\u0451\u0442\u0441\u044f \u043f\u043e\u0434\u0440\u0435\u0437\u043a\u0435 \u0438 \u0441\u0432\u0435\u0440\u043b\u0435\u043d\u0438\u044e, \u043d\u0435 \u0442\u0440\u0435\u0431\u0443\u0435\u0442 \u0434\u043e\u0440\u043e\u0433\u043e\u0441\u0442\u043e\u044f\u0449\u0435\u0433\u043e \u043e\u0431\u043e\u0440\u0443\u0434\u043e\u0432\u0430\u043d\u0438\u044f \u043f\u0440\u0438 \u0443\u043a\u043b\u0430\u0434\u043a\u0435. \u041d\u0435\u0431\u043e\u043b\u044c\u0448\u043e\u0439 \u0440\u0430\u0437\u043c\u0435\u0440 \u043f\u043b\u0438\u0442\u043a\u0438 \u043f\u043e\u0437\u0432\u043e\u043b\u044f\u0435\u0442 \u0438\u0441\u043f\u043e\u043b\u044c\u0437\u043e\u0432\u0430\u0442\u044c \u0435\u0451 \u0434\u0430\u0436\u0435 \u0432 \u0441\u0430\u043c\u044b\u0445 \u043d\u0435\u0431\u043e\u043b\u044c\u0448\u0438\u0445 \u043f\u043e\u043c\u0435\u0449\u0435\u043d\u0438\u044f\u0445.<\/p>\n<p style=\"text-align: center;\">\n<h4>\u0421olec\u021bie de teracot\u0103 din ceramica Bella de la fabrica belorus\u0103 <a href=\"https:\/\/atem.com.ua\/\" target=\"_blank\" rel=\"noopener\">Atem<\/a> pentru decorarea pere\u021bilor \u00een interior.<\/h4>\n<p><a href=\"https:\/\/ceramic.md\/product-category\/teracota\/?filter_producator=ucraina\">Teracota ucraineasc\u0103<\/a> \u00een trecut se considera c\u0103 nu era de foarte bun\u0103 calitate. Cu toate acestea, tehnologiile au avansat cu mult timp \u00een urm\u0103, \u0219i fabricile ucrainene de teracot\u0103 \u00eempreun\u0103 cu acestea. \u00centr-un mediu extrem de competitiv, nici designerii ucraineni nu \u00ee\u0219i permit s\u0103 r\u0103m\u00e2n\u0103 \u00een urm\u0103 cu tendin\u021bele sezonului. Prin urmare, ast\u0103zi pl\u0103cile ucrainene devin \u00een mod meritat \u00een concordan\u021b\u0103 cu cele spaniole \u00een ceea ce prive\u0219te calitatea \u0219i designul, \u0219i chiar dep\u0103\u0219esc la pre\u021b.<\/p>\n<p><img class=\"wp-image-11180 aligncenter\" src=\"https:\/\/ceramic.md\/wp-content\/uploads\/2021\/09\/atem-logo.jpg\" alt=\"\" width=\"222\" height=\"98\" srcset=\"https:\/\/ceramic.md\/wp-content\/uploads\/2021\/09\/atem-logo.jpg 429w, https:\/\/ceramic.md\/wp-content\/uploads\/2021\/09\/atem-logo-300x132.jpg 300w, https:\/\/ceramic.md\/wp-content\/uploads\/2021\/09\/atem-logo-400x176.jpg 400w\" sizes=\"(max-width: 222px) 100vw, 222px\"><\/p>\n<p>Fabrica Atem a \u00eenceput produc\u021bia de ceramic\u0103 la \u00eenceputul anilor 1990. Experien\u021ba extins\u0103 a \u00eentreprinderii garanteaz\u0103 calific\u0103ri ridicate ale angaja\u021bilor, un proces de produc\u021bie ra\u021bionalizat \u0219i, ca rezultat, o calitate decent\u0103 a produselor. Produc\u0103torul \u00ee\u0219i extinde anual sortimentul, prezent\u00e2nd \u00een aten\u021bia noastr\u0103 colec\u021bii moderne, unice, armonioase. Fabrica este una dintre cele a c\u0103ror calitate a fost apreciat\u0103 \u00een permanen\u021b\u0103, iar colec\u021biile au r\u0103mas relevante de mul\u021bi ani. Aceasta \u00eenseamn\u0103 c\u0103, aleg\u00e2nd colec\u021bia acestei plante, nu va trebui s\u0103 o schimba\u021bi \u00een c\u00e2\u021biva ani. Cel mai bun echipament este instalat \u00een fabric\u0103, ceea ce permite producerea pl\u0103cilor moderne \u0219i monitorizarea atent\u0103 a calit\u0103\u021bii acestora.<\/p>\n<p>Colec\u021bie de pl\u0103ci ceramice Bella pentru decorarea pere\u021bilor interiori. Poate fi folosit\u0103 \u00een baie, sufragerie \u0219i buc\u0103t\u0103rie, precum \u0219i pentru decorarea elementelor interioare individuale. Colec\u021bia este realizat\u0103 \u00eentr-un stil clasic, care va ad\u0103uga un farmec aparte camerei tale. Marmura alb\u0103 combinat\u0103 cu un decor cu relief de val va ar\u0103ta grozav \u00een orice camer\u0103. Calm \u0219i pl\u0103cut, dar \u00een acela\u0219i timp o colec\u021bie de accent.<\/p>\n<p>Faian\u021ba este realizat\u0103 din lut alb \u00een dimensiunea de 30&#215;60 cm, grosimea sa este de 8 mm. U\u0219or de t\u0103iat \u0219i g\u0103urit, nu necesit\u0103 echipamente scumpe atunci c\u00e2nd pune\u021bi. Dimensiunea redus\u0103 a pl\u0103cilor le permite s\u0103 fie folosite chiar \u0219i \u00een cele mai mici spa\u021bii.<\/p>","protected":false},"excerpt":{"rendered":"<p>Colec\u021bie de teracot\u0103 baie, buc\u0103t\u0103rie, sufragerie de la <b>Atem, <\/b>Ucraina<\/p>\n","protected":false},"featured_media":11233,"template":"","meta":[],"product_cat":[287,723,724],"product_tag":[],"_links":{"self":[{"href":"https:\/\/ceramic.md\/ro\/wp-json\/wp\/v2\/product\/11231"}],"collection":[{"href":"https:\/\/ceramic.md\/ro\/wp-json\/wp\/v2\/product"}],"about":[{"href":"https:\/\/ceramic.md\/ro\/wp-json\/wp\/v2\/types\/product"}],"wp:featuredmedia":[{"embeddable":true,"href":"https:\/\/ceramic.md\/ro\/wp-json\/wp\/v2\/media\/11233"}],"wp:attachment":[{"href":"https:\/\/ceramic.md\/ro\/wp-json\/wp\/v2\/media?parent=11231"}],"wp:term":[{"taxonomy":"product_cat","embeddable":true,"href":"https:\/\/ceramic.md\/ro\/wp-json\/wp\/v2\/product_cat?post=11231"},{"taxonomy":"product_tag","embeddable":true,"href":"https:\/\/ceramic.md\/ro\/wp-json\/wp\/v2\/product_tag?post=11231"}],"curies":[{"name":"wp","href":"https:\/\/api.w.org\/{rel}","templated":true}]}}