{"id":13824,"date":"2022-07-05T10:21:24","date_gmt":"2022-07-05T07:21:24","guid":{"rendered":"https:\/\/ceramic.md\/?post_type=product&#038;p=13824"},"modified":"2022-07-05T10:24:13","modified_gmt":"2022-07-05T07:24:13","slug":"kalekim-2200-ultrafuga-bahama-bej-011","status":"publish","type":"product","link":"https:\/\/ceramic.md\/ro\/product\/kalekim-2200-ultrafuga-bahama-bej-011\/","title":{"rendered":"Kalekim 2200 Ultrafuga Bahama Bej 011"},"content":{"rendered":"<h4><\/h4>\n<h4><img class=\"wp-image-8284 aligncenter\" src=\"https:\/\/ceramic.md\/wp-content\/uploads\/2020\/07\/kalekim-logo-800x307.png\" alt=\"\" width=\"206\" height=\"79\" srcset=\"https:\/\/ceramic.md\/wp-content\/uploads\/2020\/07\/kalekim-logo-800x307.png 800w, https:\/\/ceramic.md\/wp-content\/uploads\/2020\/07\/kalekim-logo-300x115.png 300w, https:\/\/ceramic.md\/wp-content\/uploads\/2020\/07\/kalekim-logo-600x230.png 600w, https:\/\/ceramic.md\/wp-content\/uploads\/2020\/07\/kalekim-logo-400x154.png 400w, https:\/\/ceramic.md\/wp-content\/uploads\/2020\/07\/kalekim-logo-768x295.png 768w, https:\/\/ceramic.md\/wp-content\/uploads\/2020\/07\/kalekim-logo.png 1042w\" sizes=\"(max-width: 206px) 100vw, 206px\"><\/h4>\n<h4>Fug\u0103 pentru rosturi <a href=\"https:\/\/www.kalekim.com\/\" target=\"_blank\" rel=\"noopener\">Kalekim<\/a> 2200 Ultrafuga Bahama Bej 011<\/h4>\n<p><strong>Informa\u021bii generale<\/strong><\/p>\n<ul>\n<li><span style=\"color: #333333;\">Culoare: Yasemin \u2116011<\/span><\/li>\n<li><span style=\"color: #333333;\">Ambalaj: 1, 5 kg<\/span><\/li>\n<li>Produc\u0103tor: <a href=\"https:\/\/ceramic.md\/product-category\/adeziv-si-fuga\/fuga\/?filter_producator=turcia\">Turcia<\/a><\/li>\n<li><span style=\"color: #333333;\">Tip: Praf foarte fin alb sau colorat<\/span><\/li>\n<li>Perioada de valabilitate: \u00eentr-un loc uscat \u00een ambalaje nedeschise 12 luni<\/li>\n<\/ul>\n<p><strong>Informa\u021bii despre aplica\u021bie<\/strong><\/p>\n<ul>\n<li><span style=\"color: #333333;\">Rosturi: 1-6 mm<\/span><\/li>\n<li>Temperatura de lucru: (+ 5 \u00b0 \u0421) &#8211; (+35 \u00b0 \u0421)<\/li>\n<li>Raport de amestecare: 20 kg de praf \/ 6,6-7 l de ap\u0103<\/li>\n<li>Perioada de valabilitate a solu\u021biei preparate: 1 or\u0103<\/li>\n<\/ul>\n<p id=\"tw-target-text\" class=\"tw-data-text tw-text-large XcVN5d tw-ta\" dir=\"ltr\" data-placeholder=\"\u041f\u0435\u0440\u0435\u0432\u043e\u0434\"><strong>Informa\u021bii despre performan\u021b\u0103 <\/strong><\/p>\n<ul>\n<li class=\"tw-data-text tw-text-large XcVN5d tw-ta\" dir=\"ltr\" data-placeholder=\"\u041f\u0435\u0440\u0435\u0432\u043e\u0434\">Rezisten\u021ba la flexiune (EN 12808-3): \u2265 2,5 N \/ mm\u00b2<\/li>\n<li class=\"tw-data-text tw-text-large XcVN5d tw-ta\" dir=\"ltr\" data-placeholder=\"\u041f\u0435\u0440\u0435\u0432\u043e\u0434\">Rezisten\u021ba la flexiune dup\u0103 ciclul de \u00eenghe\u021b-dezghe\u021b (EN 12808-3): \u2265 2,5 N \/ mm\u00b2<\/li>\n<li class=\"tw-data-text tw-text-large XcVN5d tw-ta\" dir=\"ltr\" data-placeholder=\"\u041f\u0435\u0440\u0435\u0432\u043e\u0434\">Rezisten\u021ba la compresiune (EN 12808-3): \u2265 15 N \/ mm\u00b2<\/li>\n<li class=\"tw-data-text tw-text-large XcVN5d tw-ta\" dir=\"ltr\" data-placeholder=\"\u041f\u0435\u0440\u0435\u0432\u043e\u0434\">Rezisten\u021ba la compresiune dup\u0103 ciclul de \u00eenghe\u021b-dezghe\u021b (EN 12808-3): \u2265 15 N \/ mm\u00b2<\/li>\n<li class=\"tw-data-text tw-text-large XcVN5d tw-ta\" dir=\"ltr\" data-placeholder=\"\u041f\u0435\u0440\u0435\u0432\u043e\u0434\">Rezisten\u021b\u0103 la uzur\u0103 (EN 12808-2): \u2264 1000 mm<span style=\"font-size: 75%;\"><sup style=\"color: #555555;\">3<\/sup><\/span><\/li>\n<li class=\"tw-data-text tw-text-large XcVN5d tw-ta\" dir=\"ltr\" data-placeholder=\"\u041f\u0435\u0440\u0435\u0432\u043e\u0434\">Contrac\u021bie (EN 12808-4): \u2264 3 mm \/ m<\/li>\n<li class=\"tw-data-text tw-text-large XcVN5d tw-ta\" dir=\"ltr\" data-placeholder=\"\u041f\u0435\u0440\u0435\u0432\u043e\u0434\">Absorb\u021bia apei 30 min \/ 4 ore (EN 12808-5): \u2264 2 gr. \/ \u2264 5 gr.<\/li>\n<li class=\"tw-data-text tw-text-large XcVN5d tw-ta\" dir=\"ltr\" data-placeholder=\"\u041f\u0435\u0440\u0435\u0432\u043e\u0434\">Termorezisten\u021b\u0103: (-30 \u00b0 \u0421) &#8211; (+80 \u00b0 \u0421)<\/li>\n<\/ul>","protected":false},"excerpt":{"rendered":"<p><strong>Fug\u0103 pentru rosturi \u00eentre pl\u0103ci de teracot\u0103 <\/strong>pentru interior \u0219i exterior Kalekim Ultrafuga \u2116011<\/p>\n","protected":false},"featured_media":13827,"template":"","meta":[],"product_cat":[50],"product_tag":[],"_links":{"self":[{"href":"https:\/\/ceramic.md\/ro\/wp-json\/wp\/v2\/product\/13824"}],"collection":[{"href":"https:\/\/ceramic.md\/ro\/wp-json\/wp\/v2\/product"}],"about":[{"href":"https:\/\/ceramic.md\/ro\/wp-json\/wp\/v2\/types\/product"}],"wp:featuredmedia":[{"embeddable":true,"href":"https:\/\/ceramic.md\/ro\/wp-json\/wp\/v2\/media\/13827"}],"wp:attachment":[{"href":"https:\/\/ceramic.md\/ro\/wp-json\/wp\/v2\/media?parent=13824"}],"wp:term":[{"taxonomy":"product_cat","embeddable":true,"href":"https:\/\/ceramic.md\/ro\/wp-json\/wp\/v2\/product_cat?post=13824"},{"taxonomy":"product_tag","embeddable":true,"href":"https:\/\/ceramic.md\/ro\/wp-json\/wp\/v2\/product_tag?post=13824"}],"curies":[{"name":"wp","href":"https:\/\/api.w.org\/{rel}","templated":true}]}}