{"id":14575,"date":"2022-08-17T10:10:26","date_gmt":"2022-08-17T07:10:26","guid":{"rendered":"https:\/\/ceramic.md\/?post_type=product&#038;p=14575"},"modified":"2022-09-08T10:22:21","modified_gmt":"2022-09-08T07:22:21","slug":"colectie-daikiri","status":"publish","type":"product","link":"https:\/\/ceramic.md\/ro\/product\/colectie-daikiri\/","title":{"rendered":"Colec\u021bie Daikiri"},"content":{"rendered":"<div class=\"container section-title-container\" ><h3 class=\"section-title section-title-bold-center\"><b><\/b><span class=\"section-title-main\" style=\"color:rgb(0, 0, 0);\">Compozi\u021bia colec\u021biei de teracot\u0103<\/span><b><\/b><\/h3><\/div>\n\n<p style=\"text-align: center;\"><div class=\"woocommerce columns-3 \"><span class=\"wpfHidden\" data-shortcode-attribute=\"{&quot;limit&quot;:&quot;12&quot;,&quot;columns&quot;:&quot;3&quot;,&quot;rows&quot;:&quot;&quot;,&quot;orderby&quot;:&quot;date&quot;,&quot;order&quot;:&quot;&quot;,&quot;ids&quot;:&quot;10790,14577,14588,14589,14590&quot;,&quot;skus&quot;:&quot;&quot;,&quot;category&quot;:&quot;&quot;,&quot;cat_operator&quot;:&quot;IN&quot;,&quot;attribute&quot;:&quot;&quot;,&quot;terms&quot;:&quot;&quot;,&quot;terms_operator&quot;:&quot;IN&quot;,&quot;tag&quot;:&quot;&quot;,&quot;tag_operator&quot;:&quot;IN&quot;,&quot;visibility&quot;:&quot;visible&quot;,&quot;class&quot;:&quot;&quot;,&quot;page&quot;:1,&quot;paginate&quot;:false,&quot;cache&quot;:false}\"><\/span><div class=\"products row row-small large-columns-3 medium-columns-3 small-columns-2 has-shadow row-box-shadow-2 row-box-shadow-3-hover\">\n<div class=\"product-small col has-hover product type-product post-14590 status-publish first instock product_cat-faianta product_cat-teracota has-post-thumbnail shipping-taxable product-type-simple\">\n\t<div class=\"col-inner\">\n\t\n<div class=\"badge-container absolute left top z-1\">\n<\/div>\n\t<div class=\"product-small box \">\n\t\t<div class=\"box-image\">\n\t\t\t<div class=\"image-zoom\">\n\t\t\t\t<a href=\"https:\/\/ceramic.md\/ro\/product\/30x60-daikiri-1-white-decor\/\" aria-label=\"30x60cm Daikiri 1 White Decor\">\n\t\t\t\t\t<img width=\"300\" height=\"150\" src=\"https:\/\/ceramic.md\/wp-content\/uploads\/2022\/08\/ceramic.md-30x60-daikiri-1-alb-decor-300x150.jpg\" class=\"attachment-woocommerce_thumbnail size-woocommerce_thumbnail\" alt=\"Daikiri 1 White Decor\" srcset=\"https:\/\/ceramic.md\/wp-content\/uploads\/2022\/08\/ceramic.md-30x60-daikiri-1-alb-decor-300x150.jpg 300w, https:\/\/ceramic.md\/wp-content\/uploads\/2022\/08\/ceramic.md-30x60-daikiri-1-alb-decor-600x300.jpg 600w, https:\/\/ceramic.md\/wp-content\/uploads\/2022\/08\/ceramic.md-30x60-daikiri-1-alb-decor-800x400.jpg 800w, https:\/\/ceramic.md\/wp-content\/uploads\/2022\/08\/ceramic.md-30x60-daikiri-1-alb-decor-1400x700.jpg 1400w, https:\/\/ceramic.md\/wp-content\/uploads\/2022\/08\/ceramic.md-30x60-daikiri-1-alb-decor-400x200.jpg 400w, https:\/\/ceramic.md\/wp-content\/uploads\/2022\/08\/ceramic.md-30x60-daikiri-1-alb-decor-768x384.jpg 768w, https:\/\/ceramic.md\/wp-content\/uploads\/2022\/08\/ceramic.md-30x60-daikiri-1-alb-decor-1536x768.jpg 1536w, https:\/\/ceramic.md\/wp-content\/uploads\/2022\/08\/ceramic.md-30x60-daikiri-1-alb-decor.jpg 2000w\" sizes=\"(max-width: 300px) 100vw, 300px\" \/>\t\t\t\t<\/a>\n\t\t\t<\/div>\n\t\t\t<div class=\"image-tools is-small top right show-on-hover\">\n\t\t\t\t\t\t\t<\/div>\n\t\t\t<div class=\"image-tools is-small hide-for-small bottom left show-on-hover\">\n\t\t\t\t\t\t\t<\/div>\n\t\t\t<div class=\"image-tools grid-tools text-center hide-for-small bottom hover-slide-in show-on-hover\">\n\t\t\t\t\t\t\t<\/div>\n\t\t\t\t\t<\/div>\n\n\t\t<div class=\"box-text box-text-products text-center grid-style-2\">\n\t\t\tFaian\u021b\u0103<div class=\"title-wrapper\"><p itemprop=\"name\" class=\"product_title entry-title\">Belorusia<\/p><\/div><div class=\"price-wrapper\"><\/div>\t\t<\/div>\n\t<\/div>\n\t\t<\/div>\n<\/div>\n<div class=\"product-small col has-hover product type-product post-14589 status-publish instock product_cat-faianta product_cat-teracota has-post-thumbnail shipping-taxable product-type-simple\">\n\t<div class=\"col-inner\">\n\t\n<div class=\"badge-container absolute left top z-1\">\n<\/div>\n\t<div class=\"product-small box \">\n\t\t<div class=\"box-image\">\n\t\t\t<div class=\"image-zoom\">\n\t\t\t\t<a href=\"https:\/\/ceramic.md\/ro\/product\/30x60-daikiri-1-mix-decor\/\" aria-label=\"30x60cm Daikiri 1 Mix Decor\">\n\t\t\t\t\t<img width=\"300\" height=\"150\" src=\"https:\/\/ceramic.md\/wp-content\/uploads\/2022\/08\/ceramic.md-30x60-daikiri-1-mix-decor-300x150.jpg\" class=\"attachment-woocommerce_thumbnail size-woocommerce_thumbnail\" alt=\"Daikiri 1 Mix Decor\" srcset=\"https:\/\/ceramic.md\/wp-content\/uploads\/2022\/08\/ceramic.md-30x60-daikiri-1-mix-decor-300x150.jpg 300w, https:\/\/ceramic.md\/wp-content\/uploads\/2022\/08\/ceramic.md-30x60-daikiri-1-mix-decor-600x300.jpg 600w, https:\/\/ceramic.md\/wp-content\/uploads\/2022\/08\/ceramic.md-30x60-daikiri-1-mix-decor-800x400.jpg 800w, https:\/\/ceramic.md\/wp-content\/uploads\/2022\/08\/ceramic.md-30x60-daikiri-1-mix-decor-1400x700.jpg 1400w, https:\/\/ceramic.md\/wp-content\/uploads\/2022\/08\/ceramic.md-30x60-daikiri-1-mix-decor-400x200.jpg 400w, https:\/\/ceramic.md\/wp-content\/uploads\/2022\/08\/ceramic.md-30x60-daikiri-1-mix-decor-768x384.jpg 768w, https:\/\/ceramic.md\/wp-content\/uploads\/2022\/08\/ceramic.md-30x60-daikiri-1-mix-decor-1536x768.jpg 1536w, https:\/\/ceramic.md\/wp-content\/uploads\/2022\/08\/ceramic.md-30x60-daikiri-1-mix-decor.jpg 2000w\" sizes=\"(max-width: 300px) 100vw, 300px\" \/>\t\t\t\t<\/a>\n\t\t\t<\/div>\n\t\t\t<div class=\"image-tools is-small top right show-on-hover\">\n\t\t\t\t\t\t\t<\/div>\n\t\t\t<div class=\"image-tools is-small hide-for-small bottom left show-on-hover\">\n\t\t\t\t\t\t\t<\/div>\n\t\t\t<div class=\"image-tools grid-tools text-center hide-for-small bottom hover-slide-in show-on-hover\">\n\t\t\t\t\t\t\t<\/div>\n\t\t\t\t\t<\/div>\n\n\t\t<div class=\"box-text box-text-products text-center grid-style-2\">\n\t\t\tFaian\u021b\u0103<div class=\"title-wrapper\"><p itemprop=\"name\" class=\"product_title entry-title\">Belorusia<\/p><\/div><div class=\"price-wrapper\"><\/div>\t\t<\/div>\n\t<\/div>\n\t\t<\/div>\n<\/div>\n<div class=\"product-small col has-hover product type-product post-14577 status-publish last instock product_cat-faianta product_cat-teracota has-post-thumbnail shipping-taxable product-type-simple\">\n\t<div class=\"col-inner\">\n\t\n<div class=\"badge-container absolute left top z-1\">\n<\/div>\n\t<div class=\"product-small box \">\n\t\t<div class=\"box-image\">\n\t\t\t<div class=\"image-zoom\">\n\t\t\t\t<a href=\"https:\/\/ceramic.md\/ro\/product\/30x60-daikiri-white\/\" aria-label=\"30x60cm Daikiri White\">\n\t\t\t\t\t<img width=\"300\" height=\"150\" src=\"https:\/\/ceramic.md\/wp-content\/uploads\/2022\/08\/ceramic.md-30x60-daikiri-alb--300x150.jpg\" class=\"attachment-woocommerce_thumbnail size-woocommerce_thumbnail\" alt=\"Daikiri White\" srcset=\"https:\/\/ceramic.md\/wp-content\/uploads\/2022\/08\/ceramic.md-30x60-daikiri-alb--300x150.jpg 300w, https:\/\/ceramic.md\/wp-content\/uploads\/2022\/08\/ceramic.md-30x60-daikiri-alb--600x300.jpg 600w, https:\/\/ceramic.md\/wp-content\/uploads\/2022\/08\/ceramic.md-30x60-daikiri-alb--800x400.jpg 800w, https:\/\/ceramic.md\/wp-content\/uploads\/2022\/08\/ceramic.md-30x60-daikiri-alb--1400x700.jpg 1400w, https:\/\/ceramic.md\/wp-content\/uploads\/2022\/08\/ceramic.md-30x60-daikiri-alb--400x200.jpg 400w, https:\/\/ceramic.md\/wp-content\/uploads\/2022\/08\/ceramic.md-30x60-daikiri-alb--768x384.jpg 768w, https:\/\/ceramic.md\/wp-content\/uploads\/2022\/08\/ceramic.md-30x60-daikiri-alb--1536x768.jpg 1536w, https:\/\/ceramic.md\/wp-content\/uploads\/2022\/08\/ceramic.md-30x60-daikiri-alb-.jpg 2000w\" sizes=\"(max-width: 300px) 100vw, 300px\" \/>\t\t\t\t<\/a>\n\t\t\t<\/div>\n\t\t\t<div class=\"image-tools is-small top right show-on-hover\">\n\t\t\t\t\t\t\t<\/div>\n\t\t\t<div class=\"image-tools is-small hide-for-small bottom left show-on-hover\">\n\t\t\t\t\t\t\t<\/div>\n\t\t\t<div class=\"image-tools grid-tools text-center hide-for-small bottom hover-slide-in show-on-hover\">\n\t\t\t\t\t\t\t<\/div>\n\t\t\t\t\t<\/div>\n\n\t\t<div class=\"box-text box-text-products text-center grid-style-2\">\n\t\t\tFaian\u021b\u0103<div class=\"title-wrapper\"><p itemprop=\"name\" class=\"product_title entry-title\">Belorusia<\/p><\/div><div class=\"price-wrapper\"><\/div>\t\t<\/div>\n\t<\/div>\n\t\t<\/div>\n<\/div>\n<div class=\"product-small col has-hover product type-product post-10790 status-publish first instock product_cat-gresie product_cat-teracota has-post-thumbnail shipping-taxable product-type-simple\">\n\t<div class=\"col-inner\">\n\t\n<div class=\"badge-container absolute left top z-1\">\n<\/div>\n\t<div class=\"product-small box \">\n\t\t<div class=\"box-image\">\n\t\t\t<div class=\"image-zoom\">\n\t\t\t\t<a href=\"https:\/\/ceramic.md\/ro\/product\/daikiri-white\/\" aria-label=\"42x42cm Daikiri White\">\n\t\t\t\t\t<img width=\"300\" height=\"300\" src=\"https:\/\/ceramic.md\/wp-content\/uploads\/2020\/10\/ceramic.md-41.8x41.8-daikiri-alb-300x300.jpg\" class=\"attachment-woocommerce_thumbnail size-woocommerce_thumbnail\" alt=\"Daikiri White\" srcset=\"https:\/\/ceramic.md\/wp-content\/uploads\/2020\/10\/ceramic.md-41.8x41.8-daikiri-alb-300x300.jpg 300w, https:\/\/ceramic.md\/wp-content\/uploads\/2020\/10\/ceramic.md-41.8x41.8-daikiri-alb-100x100.jpg 100w, https:\/\/ceramic.md\/wp-content\/uploads\/2020\/10\/ceramic.md-41.8x41.8-daikiri-alb-600x600.jpg 600w, https:\/\/ceramic.md\/wp-content\/uploads\/2020\/10\/ceramic.md-41.8x41.8-daikiri-alb-400x400.jpg 400w, https:\/\/ceramic.md\/wp-content\/uploads\/2020\/10\/ceramic.md-41.8x41.8-daikiri-alb-800x800.jpg 800w, https:\/\/ceramic.md\/wp-content\/uploads\/2020\/10\/ceramic.md-41.8x41.8-daikiri-alb-768x768.jpg 768w, https:\/\/ceramic.md\/wp-content\/uploads\/2020\/10\/ceramic.md-41.8x41.8-daikiri-alb-1536x1536.jpg 1536w, https:\/\/ceramic.md\/wp-content\/uploads\/2020\/10\/ceramic.md-41.8x41.8-daikiri-alb.jpg 2000w\" sizes=\"(max-width: 300px) 100vw, 300px\" \/>\t\t\t\t<\/a>\n\t\t\t<\/div>\n\t\t\t<div class=\"image-tools is-small top right show-on-hover\">\n\t\t\t\t\t\t\t<\/div>\n\t\t\t<div class=\"image-tools is-small hide-for-small bottom left show-on-hover\">\n\t\t\t\t\t\t\t<\/div>\n\t\t\t<div class=\"image-tools grid-tools text-center hide-for-small bottom hover-slide-in show-on-hover\">\n\t\t\t\t\t\t\t<\/div>\n\t\t\t\t\t<\/div>\n\n\t\t<div class=\"box-text box-text-products text-center grid-style-2\">\n\t\t\tGresie\u00a0ceramic\u0103<div class=\"title-wrapper\"><p itemprop=\"name\" class=\"product_title entry-title\">Belorusia<\/p><\/div><div class=\"price-wrapper\"><\/div>\t\t<\/div>\n\t<\/div>\n\t\t<\/div>\n<\/div>\n<\/div><!-- row --><\/div>\n<h4>\u041a\u043e\u043b\u043b\u0435\u043a\u0446\u0438\u044f \u043a\u0435\u0440\u0430\u043c\u0438\u0447\u0435\u0441\u043a\u043e\u0439 \u043f\u043b\u0438\u0442\u043a\u0438 Daikiri \u043e\u0442 \u0431\u0435\u043b\u043e\u0440\u0443\u0441\u0441\u043a\u043e\u0433\u043e \u0437\u0430\u0432\u043e\u0434\u0430 <a href=\"http:\/\/www.bsm.by\/\" target=\"_blank\" rel=\"noopener\">Beryoza Ceramica<\/a>\u00a0\u0434\u043b\u044f \u043e\u0442\u0434\u0435\u043b\u043a\u0438 \u0441\u0442\u0435\u043d \u0432 \u043f\u043e\u043c\u0435\u0449\u0435\u043d\u0438\u044f\u0445.<\/h4>\n<p><a href=\"https:\/\/ceramic.md\/ru\/product-category\/teracota\/?filter_producator=belorusia\">\u0411\u0435\u043b\u043e\u0440\u0443\u0441\u0441\u043a\u0430\u044f \u043a\u0435\u0440\u0430\u043c\u0438\u043a\u0430<\/a> \u0432 \u043f\u043e\u0441\u043b\u0435\u0434\u043d\u0438\u0435 \u0433\u043e\u0434\u044b \u0441\u0442\u0430\u043b\u0430 \u0441\u0442\u0440\u0435\u043c\u0438\u0442\u0435\u043b\u044c\u043d\u043e \u043d\u0430\u0431\u0438\u0440\u0430\u0442\u044c \u043e\u0431\u043e\u0440\u043e\u0442\u044b. \u041f\u0440\u043e\u0438\u0437\u0432\u043e\u0434\u0441\u0442\u0432\u043e \u043f\u043b\u0438\u0442\u043a\u0438 \u0432 \u0411\u0435\u043b\u043e\u0440\u0443\u0441\u0441\u0438\u0438 \u0431\u0435\u0440\u0435\u0442 \u0441\u0432\u043e\u0451 \u043d\u0430\u0447\u0430\u043b\u043e \u0431\u043e\u043b\u0435\u0435 60 \u043b\u0435\u0442 \u043d\u0430\u0437\u0430\u0434, \u043e\u0434\u043d\u0430\u043a\u043e, \u0440\u0430\u043d\u044c\u0448\u0435 \u043a\u0430\u0447\u0435\u0441\u0442\u0432\u043e \u043f\u0440\u043e\u0438\u0437\u0432\u043e\u0434\u0438\u0442\u0435\u043b\u0435\u0439 \u043d\u0435 \u0440\u0430\u0434\u043e\u0432\u0430\u043b\u043e \u043f\u043e\u0442\u0440\u0435\u0431\u0438\u0442\u0435\u043b\u044f \u0442\u0430\u043a, \u043a\u0430\u043a \u0435\u0433\u043e \u0446\u0435\u043d\u0430. \u0422\u0435\u043f\u0435\u0440\u044c \u0436\u0435 \u0444\u0430\u0431\u0440\u0438\u043a\u0438 \u043f\u0435\u0440\u0435\u0448\u043b\u0438 \u043d\u0430 \u0441\u043e\u0432\u0440\u0435\u043c\u0435\u043d\u043d\u043e\u0435 \u043e\u0431\u043e\u0440\u0443\u0434\u043e\u0432\u0430\u043d\u0438\u0435, \u0434\u0438\u0437\u0430\u0439\u043d\u0435\u0440\u044b \u0434\u0435\u0440\u0436\u0430\u0442 \u043f\u043b\u0430\u043d\u043a\u0443 \u0438 \u043d\u0435 \u043e\u0442\u0441\u0442\u0430\u044e\u0442 \u043e\u0442 \u0442\u0440\u0435\u043d\u0434\u043e\u0432. \u0418 \u043d\u0430 \u0441\u0435\u0433\u043e\u0434\u043d\u044f\u0448\u043d\u0438\u0439 \u0434\u0435\u043d\u044c \u0431\u0435\u043b\u043e\u0440\u0443\u0441\u0441\u043a\u0438\u0435 \u0437\u0430\u0432\u043e\u0434\u044b \u0433\u043e\u0442\u043e\u0432\u044b \u043f\u0440\u0435\u0434\u043e\u0441\u0442\u0430\u0432\u0438\u0442\u044c \u043d\u0430\u043c \u043d\u0435 \u0442\u043e\u043b\u044c\u043a\u043e \u0434\u043e\u0441\u0442\u0443\u043f\u043d\u0443\u044e \u043f\u043e \u0446\u0435\u043d\u0435 \u043f\u043b\u0438\u0442\u043a\u0443, \u043d\u043e \u0438 \u043a\u0430\u0447\u0435\u0441\u0442\u0432\u0435\u043d\u043d\u0443\u044e, \u0430 \u0442\u0430\u043a\u0436\u0435 \u0441\u0442\u0438\u043b\u044c\u043d\u0443\u044e \u0438 \u0441\u043e\u0432\u0440\u0435\u043c\u0435\u043d\u043d\u0443\u044e.<\/p>\n<p><img class=\"wp-image-10807 aligncenter\" src=\"https:\/\/ceramic.md\/wp-content\/uploads\/2021\/08\/beryoza-ceramica-logo-800x238.jpg\" alt=\"\" width=\"229\" height=\"68\" srcset=\"https:\/\/ceramic.md\/wp-content\/uploads\/2021\/08\/beryoza-ceramica-logo-800x238.jpg 800w, https:\/\/ceramic.md\/wp-content\/uploads\/2021\/08\/beryoza-ceramica-logo-300x89.jpg 300w, https:\/\/ceramic.md\/wp-content\/uploads\/2021\/08\/beryoza-ceramica-logo-600x179.jpg 600w, https:\/\/ceramic.md\/wp-content\/uploads\/2021\/08\/beryoza-ceramica-logo-1400x417.jpg 1400w, https:\/\/ceramic.md\/wp-content\/uploads\/2021\/08\/beryoza-ceramica-logo-400x119.jpg 400w, https:\/\/ceramic.md\/wp-content\/uploads\/2021\/08\/beryoza-ceramica-logo-768x229.jpg 768w, https:\/\/ceramic.md\/wp-content\/uploads\/2021\/08\/beryoza-ceramica-logo-1536x458.jpg 1536w, https:\/\/ceramic.md\/wp-content\/uploads\/2021\/08\/beryoza-ceramica-logo.jpg 1919w\" sizes=\"(max-width: 229px) 100vw, 229px\"><\/p>\n<p>\u0417\u0430\u0432\u043e\u0434 Beryoza Ceramica \u043d\u0430\u0447\u0430\u043b \u043f\u0440\u043e\u0438\u0437\u0432\u043e\u0434\u0441\u0442\u0432\u043e \u043a\u0435\u0440\u0430\u043c\u0438\u0447\u0435\u0441\u043a\u043e\u0439 \u0432 \u043d\u0430\u0447\u0430\u043b\u0435 1980-\u0445 \u0433\u043e\u0434\u043e\u0432. \u0411\u043e\u043b\u044c\u0448\u043e\u0439 \u043e\u043f\u044b\u0442 \u043f\u0440\u0435\u0434\u043f\u0440\u0438\u044f\u0442\u0438\u044f \u0433\u0430\u0440\u0430\u043d\u0442\u0438\u0440\u0443\u0435\u0442 \u0432\u044b\u0441\u043e\u043a\u0443\u044e \u043a\u0432\u0430\u043b\u0438\u0444\u0438\u043a\u0430\u0446\u0438\u044e \u0441\u043e\u0442\u0440\u0443\u0434\u043d\u0438\u043a\u043e\u0432, \u043e\u0442\u043b\u0430\u0436\u0435\u043d\u043d\u044b\u0439 \u043f\u0440\u043e\u0446\u0435\u0441\u0441 \u043f\u0440\u043e\u0438\u0437\u0432\u043e\u0434\u0441\u0442\u0432\u0430, \u0438, \u043a\u0430\u043a \u0441\u043b\u0435\u0434\u0441\u0442\u0432\u0438\u0435, \u0434\u043e\u0441\u0442\u043e\u0439\u043d\u043e\u0435 \u043a\u0430\u0447\u0435\u0441\u0442\u0432\u043e \u043f\u0440\u043e\u0438\u0437\u0432\u043e\u0434\u0438\u043c\u043e\u0439 \u043f\u0440\u043e\u0434\u0443\u043a\u0446\u0438\u0438. \u041f\u0440\u0435\u0434\u043f\u0440\u0438\u044f\u0442\u0438\u0435 \u0432\u044b\u043f\u0443\u0441\u043a\u0430\u0435\u0442 \u043a\u0435\u0440\u0430\u043c\u0438\u0447\u0435\u0441\u043a\u0443\u044e \u043f\u043b\u0438\u0442\u043a\u0443 \u043f\u043e\u0434 \u0434\u0432\u0443\u043c\u044f \u0442\u043e\u0440\u0433\u043e\u0432\u044b\u043c\u0438 \u043c\u0430\u0440\u043a\u0430\u043c\u0438 &#8211; Beryoza Ceramica \u0438 Belani. \u041f\u0440\u043e\u0438\u0437\u0432\u043e\u0434\u0438\u0442\u0435\u043b\u044c \u0435\u0436\u0435\u0433\u043e\u0434\u043d\u043e \u0440\u0430\u0441\u0448\u0438\u0440\u044f\u0435\u0442 \u0441\u0432\u043e\u0439 \u0430\u0441\u0441\u043e\u0440\u0442\u0438\u043c\u0435\u043d\u0442, \u043f\u0440\u0435\u0434\u0441\u0442\u0430\u0432\u043b\u044f\u044f \u043d\u0430\u0448\u0435\u043c\u0443 \u0432\u043d\u0438\u043c\u0430\u043d\u0438\u044e \u0441\u043e\u0432\u0440\u0435\u043c\u0435\u043d\u043d\u044b\u0435, \u0443\u043d\u0438\u043a\u0430\u043b\u044c\u043d\u044b\u0435, \u0433\u0430\u0440\u043c\u043e\u043d\u0438\u0447\u043d\u044b\u0435 \u043a\u043e\u043b\u043b\u0435\u043a\u0446\u0438\u0438.<\/p>\n<p>\u041a\u043e\u043b\u043b\u0435\u043a\u0446\u0438\u044f \u043a\u0435\u0440\u0430\u043c\u0438\u0447\u0435\u0441\u043a\u043e\u0439 \u043f\u043b\u0438\u0442\u043a\u0438 Daikiri \u0434\u043b\u044f \u043e\u0442\u0434\u0435\u043b\u043a\u0438 \u0441\u0442\u0435\u043d \u0432 \u043f\u043e\u043c\u0435\u0449\u0435\u043d\u0438\u044f\u0445. \u041c\u043e\u0436\u0435\u0442 \u0431\u044b\u0442\u044c \u0438\u0441\u043f\u043e\u043b\u044c\u0437\u043e\u0432\u0430\u043d\u0430 \u0432 \u0432\u0430\u043d\u043d\u043e\u0439 \u043a\u043e\u043c\u043d\u0430\u0442\u0435, \u0433\u043e\u0441\u0442\u0438\u043d\u043e\u0439 \u0438 \u043a\u0443\u0445\u043d\u0435, \u0430 \u0442\u0430\u043a\u0436\u0435 \u0434\u043b\u044f \u0434\u0435\u043a\u043e\u0440\u0430\u0446\u0438\u0438 \u043e\u0442\u0434\u0435\u043b\u044c\u043d\u044b\u0445 \u044d\u043b\u0435\u043c\u0435\u043d\u0442\u043e\u0432 \u0438\u043d\u0442\u0435\u0440\u044c\u0435\u0440\u0430. \u041a\u043e\u043b\u043b\u0435\u043a\u0446\u0438\u044f \u043e\u0431\u044a\u0435\u0434\u0438\u043d\u0438\u043b\u0430 \u0432 \u0441\u0435\u0431\u0435 \u043e\u0442\u0442\u0435\u043d\u043a\u0438 \u0441\u0435\u0440\u043e\u0433\u043e \u0446\u0432\u0435\u0442\u0430 \u0441 \u0442\u0435\u043a\u0441\u0442\u0443\u0440\u043e\u0439 \u043c\u0440\u0430\u043c\u043e\u0440\u0430. \u041a\u043e\u043d\u0442\u0440\u0430\u0441\u0442\u043d\u043e\u0435 \u0441\u043e\u0447\u0435\u0442\u0430\u043d\u0438\u0435 \u0446\u0432\u0435\u0442\u043e\u0432 \u043d\u0435 \u043e\u0441\u0442\u0430\u0432\u0438\u0442 \u043d\u0438\u043a\u043e\u0433\u043e \u0440\u0430\u0432\u043d\u043e\u0434\u0443\u0448\u043d\u044b\u043c. \u0414\u0435\u043a\u043e\u0440 \u0432 \u0432\u0438\u0434\u0435 \u0448\u0435\u0441\u0442\u0438\u0433\u0440\u0430\u043d\u043d\u0438\u043a\u043e\u0432, \u043f\u043b\u0430\u0432\u043d\u043e \u043f\u0435\u0440\u0435\u0445\u043e\u0434\u044f\u0449\u0438\u0445 \u043e\u0442 \u0442\u0451\u043c\u043d\u043e\u0433\u043e \u0446\u0432\u0435\u0442\u0430 \u043a \u0441\u0432\u0435\u0442\u043b\u043e\u043c\u0443 \u043f\u043e\u043c\u043e\u0436\u0435\u0442 \u0441\u043e\u0437\u0434\u0430\u0442\u044c \u043d\u0435\u0437\u0430\u0431\u044b\u0432\u0430\u0435\u043c\u044b\u0439 \u0438\u043d\u0442\u0435\u0440\u044c\u0435\u0440.<\/p>\n<p>\u041f\u043b\u0438\u0442\u043a\u0430 \u0432\u044b\u043f\u043e\u043b\u043d\u0435\u043d\u0430 \u0438\u0437 \u043a\u0440\u0430\u0441\u043d\u043e\u0439 \u0433\u043b\u0438\u043d\u044b \u0432 \u0440\u0430\u0437\u043c\u0435\u0440\u0435 30&#215;60 \u0441\u043c, \u0435\u0451 \u0442\u043e\u043b\u0449\u0438\u043d\u0430 \u0441\u043e\u0441\u0442\u0430\u0432\u043b\u044f\u0435\u0442 8 \u043c\u043c. \u041b\u0435\u0433\u043a\u043e \u043f\u043e\u0434\u0434\u0430\u0451\u0442\u0441\u044f \u043f\u043e\u0434\u0440\u0435\u0437\u043a\u0435 \u0438 \u0441\u0432\u0435\u0440\u043b\u0435\u043d\u0438\u044e, \u043d\u0435 \u0442\u0440\u0435\u0431\u0443\u0435\u0442 \u0434\u043e\u0440\u043e\u0433\u043e\u0441\u0442\u043e\u044f\u0449\u0435\u0433\u043e \u043e\u0431\u043e\u0440\u0443\u0434\u043e\u0432\u0430\u043d\u0438\u044f \u043f\u0440\u0438 \u0443\u043a\u043b\u0430\u0434\u043a\u0435. \u041d\u0435\u0431\u043e\u043b\u044c\u0448\u043e\u0439 \u0440\u0430\u0437\u043c\u0435\u0440 \u043f\u043b\u0438\u0442\u043a\u0438 \u043f\u043e\u0437\u0432\u043e\u043b\u044f\u0435\u0442 \u0438\u0441\u043f\u043e\u043b\u044c\u0437\u043e\u0432\u0430\u0442\u044c \u0435\u0451 \u0434\u0430\u0436\u0435 \u0432 \u0441\u0430\u043c\u044b\u0445 \u043d\u0435\u0431\u043e\u043b\u044c\u0448\u0438\u0445 \u043f\u043e\u043c\u0435\u0449\u0435\u043d\u0438\u044f\u0445.<\/p>\n<p style=\"text-align: center;\">\n<h4>\u0421olec\u021bie de teracot\u0103 din ceramica Daikiri de la fabrica belorus\u0103 <a href=\"http:\/\/www.bsm.by\/\" target=\"_blank\" rel=\"noopener\">Beryoza Ceramica<\/a> pentru decorarea pere\u021bilor \u00een interior.<\/h4>\n<p>\u00cen ultimii ani, <a href=\"https:\/\/ceramic.md\/ro\/product-category\/teracota\/?filter_producator=belorusia\">ceramica din Belorusia<\/a> a c\u0103p\u0103tat rapid av\u00e2nt. Produc\u021bia de pl\u0103ci din Belarus dateaz\u0103 de acum mai bine de 60 de ani, cu toate acestea, mai devreme, calitatea produc\u0103torilor nu a pl\u0103cut consumatorului la fel de mult ca pre\u021bul acestuia. Acum fabricile au trecut la echipamente moderne, designerii p\u0103streaz\u0103 bara \u0219i \u021bin pasul cu tendin\u021bele. \u0218i ast\u0103zi fabricile din Belorusia sunt gata s\u0103 ne furnizeze nu numai pl\u0103ci accesibile, ci \u0219i pl\u0103ci de \u00eenalt\u0103 calitate, precum \u0219i elegante \u0219i moderne.<\/p>\n<p><img class=\"wp-image-10807 aligncenter\" src=\"https:\/\/ceramic.md\/wp-content\/uploads\/2021\/08\/beryoza-ceramica-logo-800x238.jpg\" alt=\"\" width=\"229\" height=\"68\" srcset=\"https:\/\/ceramic.md\/wp-content\/uploads\/2021\/08\/beryoza-ceramica-logo-800x238.jpg 800w, https:\/\/ceramic.md\/wp-content\/uploads\/2021\/08\/beryoza-ceramica-logo-300x89.jpg 300w, https:\/\/ceramic.md\/wp-content\/uploads\/2021\/08\/beryoza-ceramica-logo-600x179.jpg 600w, https:\/\/ceramic.md\/wp-content\/uploads\/2021\/08\/beryoza-ceramica-logo-1400x417.jpg 1400w, https:\/\/ceramic.md\/wp-content\/uploads\/2021\/08\/beryoza-ceramica-logo-400x119.jpg 400w, https:\/\/ceramic.md\/wp-content\/uploads\/2021\/08\/beryoza-ceramica-logo-768x229.jpg 768w, https:\/\/ceramic.md\/wp-content\/uploads\/2021\/08\/beryoza-ceramica-logo-1536x458.jpg 1536w, https:\/\/ceramic.md\/wp-content\/uploads\/2021\/08\/beryoza-ceramica-logo.jpg 1919w\" sizes=\"(max-width: 229px) 100vw, 229px\"><\/p>\n<p>Fabrica Beryoza Ceramica a \u00eenceput produc\u021bia de ceramic\u0103 la \u00eenceputul anilor 1980. Experien\u021ba extins\u0103 a \u00eentreprinderii garanteaz\u0103 calific\u0103ri ridicate ale angaja\u021bilor, un proces de produc\u021bie ra\u021bionalizat \u0219i, ca rezultat, o calitate decent\u0103 a produselor. Compania produce pl\u0103ci ceramice sub dou\u0103 m\u0103rci &#8211; Beryoza Ceramica \u0219i Belani. Produc\u0103torul \u00ee\u0219i extinde anual sortimentul, prezent\u00e2nd \u00een aten\u021bia noastr\u0103 colec\u021bii moderne, unice, armonioase.<\/p>\n<p>Colec\u021bie de pl\u0103ci ceramice Daikiri pentru decorarea pere\u021bilor interiori. Poate fi folosit\u0103 \u00een baie, sufragerie \u0219i buc\u0103t\u0103rie, precum \u0219i pentru decorarea elementelor interioare individuale. Colec\u021bia combin\u0103 nuan\u021bele de gri cu textura marmurei. Combina\u021bia contrastant\u0103 de culori nu va l\u0103sa pe nimeni indiferent. Decorul sub form\u0103 de hexagoane, care trece u\u0219or de la culoarea \u00eentunecat\u0103 la deschis\u0103, va ajuta la crearea unui interior de neuitat.<\/p>\n<p>Faian\u021ba este realizat\u0103 din lut ro\u0219u \u00een dimensiunea de 30&#215;60 cm, grosimea sa este de 8 mm. U\u0219or de t\u0103iat \u0219i g\u0103urit, nu necesit\u0103 echipamente scumpe atunci c\u00e2nd pune\u021bi. Dimensiunea redus\u0103 a pl\u0103cilor le permite s\u0103 fie folosite chiar \u0219i \u00een cele mai mici spa\u021bii.<\/p>","protected":false},"excerpt":{"rendered":"<p>Colec\u021bie de teracot\u0103 baie, buc\u0103t\u0103rie, sufragerie de la <b>Beryoza Ceramica, <\/b>Belorusia<\/p>\n","protected":false},"featured_media":14578,"template":"","meta":[],"product_cat":[287,723,724],"product_tag":[],"_links":{"self":[{"href":"https:\/\/ceramic.md\/ro\/wp-json\/wp\/v2\/product\/14575"}],"collection":[{"href":"https:\/\/ceramic.md\/ro\/wp-json\/wp\/v2\/product"}],"about":[{"href":"https:\/\/ceramic.md\/ro\/wp-json\/wp\/v2\/types\/product"}],"wp:featuredmedia":[{"embeddable":true,"href":"https:\/\/ceramic.md\/ro\/wp-json\/wp\/v2\/media\/14578"}],"wp:attachment":[{"href":"https:\/\/ceramic.md\/ro\/wp-json\/wp\/v2\/media?parent=14575"}],"wp:term":[{"taxonomy":"product_cat","embeddable":true,"href":"https:\/\/ceramic.md\/ro\/wp-json\/wp\/v2\/product_cat?post=14575"},{"taxonomy":"product_tag","embeddable":true,"href":"https:\/\/ceramic.md\/ro\/wp-json\/wp\/v2\/product_tag?post=14575"}],"curies":[{"name":"wp","href":"https:\/\/api.w.org\/{rel}","templated":true}]}}