{"id":16001,"date":"2022-11-08T10:00:29","date_gmt":"2022-11-08T08:00:29","guid":{"rendered":"https:\/\/ceramic.md\/?post_type=product&#038;p=16001"},"modified":"2024-12-13T12:12:45","modified_gmt":"2024-12-13T10:12:45","slug":"colectie-eleganza-2","status":"publish","type":"product","link":"https:\/\/ceramic.md\/ro\/product\/colectie-eleganza-2\/","title":{"rendered":"Colec\u021bie Eleganza"},"content":{"rendered":"<div class=\"container section-title-container\" ><h3 class=\"section-title section-title-bold-center\"><b><\/b><span class=\"section-title-main\" style=\"color:rgb(0, 0, 0);\">Compozi\u021bia colec\u021biei de teracot\u0103<\/span><b><\/b><\/h3><\/div>\n\n<p style=\"text-align: center;\"><div class=\"woocommerce columns-3 \"><span class=\"wpfHidden\" data-shortcode-attribute=\"{&quot;limit&quot;:&quot;12&quot;,&quot;columns&quot;:&quot;3&quot;,&quot;rows&quot;:&quot;&quot;,&quot;orderby&quot;:&quot;date&quot;,&quot;order&quot;:&quot;&quot;,&quot;ids&quot;:&quot;16002,16021,16022,16023,16024,16041,16042,16051,16054,16055&quot;,&quot;skus&quot;:&quot;&quot;,&quot;category&quot;:&quot;&quot;,&quot;cat_operator&quot;:&quot;IN&quot;,&quot;attribute&quot;:&quot;&quot;,&quot;terms&quot;:&quot;&quot;,&quot;terms_operator&quot;:&quot;IN&quot;,&quot;tag&quot;:&quot;&quot;,&quot;tag_operator&quot;:&quot;IN&quot;,&quot;visibility&quot;:&quot;visible&quot;,&quot;class&quot;:&quot;&quot;,&quot;page&quot;:1,&quot;paginate&quot;:false,&quot;cache&quot;:false}\"><\/span><div class=\"products row row-small large-columns-3 medium-columns-3 small-columns-2 has-shadow row-box-shadow-2 row-box-shadow-3-hover\">\n<div class=\"product-small col has-hover product type-product post-16055 status-publish first instock product_cat-faianta product_cat-teracota product_cat-lichidarea-teracota has-post-thumbnail sale shipping-taxable product-type-simple\">\n\t<div class=\"col-inner\">\n\t\n<div class=\"badge-container absolute left top z-1\">\n\t\t<div class=\"callout badge badge-square\"><div class=\"badge-inner secondary on-sale\"><span class=\"onsale\">-29%<\/span><\/div><\/div>\n<div class=\"badge callout badge-square\"><div class=\"badge-inner callout-new-bg is-small new-bubble\">Ultimele 5,67 m\u00b2<\/div><\/div><\/div>\n\t<div class=\"product-small box \">\n\t\t<div class=\"box-image\">\n\t\t\t<div class=\"image-zoom\">\n\t\t\t\t<a href=\"https:\/\/ceramic.md\/ro\/product\/333x100-eleganza-fiorella\/\" aria-label=\"33,3x100cm Eleganza Fiorella\">\n\t\t\t\t\t<img width=\"300\" height=\"100\" src=\"https:\/\/ceramic.md\/wp-content\/uploads\/2022\/11\/ceramic.md-333x100-eleganza-fiorella-300x100.jpg\" class=\"attachment-woocommerce_thumbnail size-woocommerce_thumbnail\" alt=\"Eleganza Fiorella\" srcset=\"https:\/\/ceramic.md\/wp-content\/uploads\/2022\/11\/ceramic.md-333x100-eleganza-fiorella-300x100.jpg 300w, https:\/\/ceramic.md\/wp-content\/uploads\/2022\/11\/ceramic.md-333x100-eleganza-fiorella-600x199.jpg 600w, https:\/\/ceramic.md\/wp-content\/uploads\/2022\/11\/ceramic.md-333x100-eleganza-fiorella-800x266.jpg 800w, https:\/\/ceramic.md\/wp-content\/uploads\/2022\/11\/ceramic.md-333x100-eleganza-fiorella-1400x465.jpg 1400w, https:\/\/ceramic.md\/wp-content\/uploads\/2022\/11\/ceramic.md-333x100-eleganza-fiorella-400x133.jpg 400w, https:\/\/ceramic.md\/wp-content\/uploads\/2022\/11\/ceramic.md-333x100-eleganza-fiorella-768x255.jpg 768w, https:\/\/ceramic.md\/wp-content\/uploads\/2022\/11\/ceramic.md-333x100-eleganza-fiorella-1536x511.jpg 1536w, https:\/\/ceramic.md\/wp-content\/uploads\/2022\/11\/ceramic.md-333x100-eleganza-fiorella.jpg 1772w\" sizes=\"(max-width: 300px) 100vw, 300px\" \/>\t\t\t\t<\/a>\n\t\t\t<\/div>\n\t\t\t<div class=\"image-tools is-small top right show-on-hover\">\n\t\t\t\t\t\t\t<\/div>\n\t\t\t<div class=\"image-tools is-small hide-for-small bottom left show-on-hover\">\n\t\t\t\t\t\t\t<\/div>\n\t\t\t<div class=\"image-tools grid-tools text-center hide-for-small bottom hover-slide-in show-on-hover\">\n\t\t\t\t\t\t\t<\/div>\n\t\t\t\t\t<\/div>\n\n\t\t<div class=\"box-text box-text-products text-center grid-style-2\">\n\t\t\tFaian\u021b\u0103<div class=\"title-wrapper\"><p itemprop=\"name\" class=\"product_title entry-title\">Spania<\/p><\/div><div class=\"price-wrapper\"><\/div>\t\t<\/div>\n\t<\/div>\n\t\t<\/div>\n<\/div>\n<div class=\"product-small col has-hover product type-product post-16054 status-publish instock product_cat-faianta product_cat-teracota product_cat-lichidarea-teracota has-post-thumbnail sale shipping-taxable product-type-simple\">\n\t<div class=\"col-inner\">\n\t\n<div class=\"badge-container absolute left top z-1\">\n\t\t<div class=\"callout badge badge-square\"><div class=\"badge-inner secondary on-sale\"><span class=\"onsale\">-31%<\/span><\/div><\/div>\n<div class=\"badge callout badge-square\"><div class=\"badge-inner callout-new-bg is-small new-bubble\">Ultimele 65,67 m\u00b2<\/div><\/div><\/div>\n\t<div class=\"product-small box \">\n\t\t<div class=\"box-image\">\n\t\t\t<div class=\"image-zoom\">\n\t\t\t\t<a href=\"https:\/\/ceramic.md\/ro\/product\/333x100-eleganza-guido\/\" aria-label=\"33,3x100cm Eleganza Guido\">\n\t\t\t\t\t<img width=\"300\" height=\"102\" src=\"https:\/\/ceramic.md\/wp-content\/uploads\/2022\/11\/ceramic.md-333x100-eleganza-guido-300x102.jpg\" class=\"attachment-woocommerce_thumbnail size-woocommerce_thumbnail\" alt=\"Eleganza Guido\" srcset=\"https:\/\/ceramic.md\/wp-content\/uploads\/2022\/11\/ceramic.md-333x100-eleganza-guido-300x102.jpg 300w, https:\/\/ceramic.md\/wp-content\/uploads\/2022\/11\/ceramic.md-333x100-eleganza-guido-600x203.jpg 600w, https:\/\/ceramic.md\/wp-content\/uploads\/2022\/11\/ceramic.md-333x100-eleganza-guido-800x271.jpg 800w, https:\/\/ceramic.md\/wp-content\/uploads\/2022\/11\/ceramic.md-333x100-eleganza-guido-1400x474.jpg 1400w, https:\/\/ceramic.md\/wp-content\/uploads\/2022\/11\/ceramic.md-333x100-eleganza-guido-400x135.jpg 400w, https:\/\/ceramic.md\/wp-content\/uploads\/2022\/11\/ceramic.md-333x100-eleganza-guido-768x260.jpg 768w, https:\/\/ceramic.md\/wp-content\/uploads\/2022\/11\/ceramic.md-333x100-eleganza-guido-1536x520.jpg 1536w, https:\/\/ceramic.md\/wp-content\/uploads\/2022\/11\/ceramic.md-333x100-eleganza-guido.jpg 1772w\" sizes=\"(max-width: 300px) 100vw, 300px\" \/>\t\t\t\t<\/a>\n\t\t\t<\/div>\n\t\t\t<div class=\"image-tools is-small top right show-on-hover\">\n\t\t\t\t\t\t\t<\/div>\n\t\t\t<div class=\"image-tools is-small hide-for-small bottom left show-on-hover\">\n\t\t\t\t\t\t\t<\/div>\n\t\t\t<div class=\"image-tools grid-tools text-center hide-for-small bottom hover-slide-in show-on-hover\">\n\t\t\t\t\t\t\t<\/div>\n\t\t\t\t\t<\/div>\n\n\t\t<div class=\"box-text box-text-products text-center grid-style-2\">\n\t\t\tFaian\u021b\u0103<div class=\"title-wrapper\"><p itemprop=\"name\" class=\"product_title entry-title\">Spania<\/p><\/div><div class=\"price-wrapper\"><\/div>\t\t<\/div>\n\t<\/div>\n\t\t<\/div>\n<\/div>\n<div class=\"product-small col has-hover product type-product post-16051 status-publish last instock product_cat-faianta product_cat-teracota product_cat-lichidarea-teracota has-post-thumbnail sale shipping-taxable product-type-simple\">\n\t<div class=\"col-inner\">\n\t\n<div class=\"badge-container absolute left top z-1\">\n\t\t<div class=\"callout badge badge-square\"><div class=\"badge-inner secondary on-sale\"><span class=\"onsale\">-44%<\/span><\/div><\/div>\n<div class=\"badge callout badge-square\"><div class=\"badge-inner callout-new-bg is-small new-bubble\">Ultimele 30,0 m\u00b2<\/div><\/div><\/div>\n\t<div class=\"product-small box \">\n\t\t<div class=\"box-image\">\n\t\t\t<div class=\"image-zoom\">\n\t\t\t\t<a href=\"https:\/\/ceramic.md\/ro\/product\/333x100-eleganza-allegro\/\" aria-label=\"33,3x100cm Eleganza Allegro\">\n\t\t\t\t\t<img width=\"300\" height=\"101\" src=\"https:\/\/ceramic.md\/wp-content\/uploads\/2022\/11\/ceramic.md-333x100-eleganza-allegro-300x101.jpg\" class=\"attachment-woocommerce_thumbnail size-woocommerce_thumbnail\" alt=\"Eleganza Allegro\" srcset=\"https:\/\/ceramic.md\/wp-content\/uploads\/2022\/11\/ceramic.md-333x100-eleganza-allegro-300x101.jpg 300w, https:\/\/ceramic.md\/wp-content\/uploads\/2022\/11\/ceramic.md-333x100-eleganza-allegro-600x201.jpg 600w, https:\/\/ceramic.md\/wp-content\/uploads\/2022\/11\/ceramic.md-333x100-eleganza-allegro-800x268.jpg 800w, https:\/\/ceramic.md\/wp-content\/uploads\/2022\/11\/ceramic.md-333x100-eleganza-allegro-1400x469.jpg 1400w, https:\/\/ceramic.md\/wp-content\/uploads\/2022\/11\/ceramic.md-333x100-eleganza-allegro-400x134.jpg 400w, https:\/\/ceramic.md\/wp-content\/uploads\/2022\/11\/ceramic.md-333x100-eleganza-allegro-768x258.jpg 768w, https:\/\/ceramic.md\/wp-content\/uploads\/2022\/11\/ceramic.md-333x100-eleganza-allegro.jpg 1500w\" sizes=\"(max-width: 300px) 100vw, 300px\" \/>\t\t\t\t<\/a>\n\t\t\t<\/div>\n\t\t\t<div class=\"image-tools is-small top right show-on-hover\">\n\t\t\t\t\t\t\t<\/div>\n\t\t\t<div class=\"image-tools is-small hide-for-small bottom left show-on-hover\">\n\t\t\t\t\t\t\t<\/div>\n\t\t\t<div class=\"image-tools grid-tools text-center hide-for-small bottom hover-slide-in show-on-hover\">\n\t\t\t\t\t\t\t<\/div>\n\t\t\t\t\t<\/div>\n\n\t\t<div class=\"box-text box-text-products text-center grid-style-2\">\n\t\t\tFaian\u021b\u0103<div class=\"title-wrapper\"><p itemprop=\"name\" class=\"product_title entry-title\">Spania<\/p><\/div><div class=\"price-wrapper\"><\/div>\t\t<\/div>\n\t<\/div>\n\t\t<\/div>\n<\/div>\n<div class=\"product-small col has-hover product type-product post-16041 status-publish first instock product_cat-faianta product_cat-teracota product_cat-lichidarea-teracota has-post-thumbnail sale shipping-taxable product-type-simple\">\n\t<div class=\"col-inner\">\n\t\n<div class=\"badge-container absolute left top z-1\">\n\t\t<div class=\"callout badge badge-square\"><div class=\"badge-inner secondary on-sale\"><span class=\"onsale\">-27%<\/span><\/div><\/div>\n<div class=\"badge callout badge-square\"><div class=\"badge-inner callout-new-bg is-small new-bubble\">Ultimele 11,33 m\u00b2<\/div><\/div><\/div>\n\t<div class=\"product-small box \">\n\t\t<div class=\"box-image\">\n\t\t\t<div class=\"image-zoom\">\n\t\t\t\t<a href=\"https:\/\/ceramic.md\/ro\/product\/333x100-eleganza-grigio\/\" aria-label=\"33,3x100cm Eleganza Grigio\">\n\t\t\t\t\t<img width=\"300\" height=\"103\" src=\"https:\/\/ceramic.md\/wp-content\/uploads\/2022\/11\/ceramic.md-333x100-eleganza-grigio-300x103.jpg\" class=\"attachment-woocommerce_thumbnail size-woocommerce_thumbnail\" alt=\"Eleganza Grigio\" srcset=\"https:\/\/ceramic.md\/wp-content\/uploads\/2022\/11\/ceramic.md-333x100-eleganza-grigio-300x103.jpg 300w, https:\/\/ceramic.md\/wp-content\/uploads\/2022\/11\/ceramic.md-333x100-eleganza-grigio-600x206.jpg 600w, https:\/\/ceramic.md\/wp-content\/uploads\/2022\/11\/ceramic.md-333x100-eleganza-grigio-800x275.jpg 800w, https:\/\/ceramic.md\/wp-content\/uploads\/2022\/11\/ceramic.md-333x100-eleganza-grigio-1400x481.jpg 1400w, https:\/\/ceramic.md\/wp-content\/uploads\/2022\/11\/ceramic.md-333x100-eleganza-grigio-400x137.jpg 400w, https:\/\/ceramic.md\/wp-content\/uploads\/2022\/11\/ceramic.md-333x100-eleganza-grigio-768x264.jpg 768w, https:\/\/ceramic.md\/wp-content\/uploads\/2022\/11\/ceramic.md-333x100-eleganza-grigio.jpg 1500w\" sizes=\"(max-width: 300px) 100vw, 300px\" \/>\t\t\t\t<\/a>\n\t\t\t<\/div>\n\t\t\t<div class=\"image-tools is-small top right show-on-hover\">\n\t\t\t\t\t\t\t<\/div>\n\t\t\t<div class=\"image-tools is-small hide-for-small bottom left show-on-hover\">\n\t\t\t\t\t\t\t<\/div>\n\t\t\t<div class=\"image-tools grid-tools text-center hide-for-small bottom hover-slide-in show-on-hover\">\n\t\t\t\t\t\t\t<\/div>\n\t\t\t\t\t<\/div>\n\n\t\t<div class=\"box-text box-text-products text-center grid-style-2\">\n\t\t\tFaian\u021b\u0103<div class=\"title-wrapper\"><p itemprop=\"name\" class=\"product_title entry-title\">Spania<\/p><\/div><div class=\"price-wrapper\"><\/div>\t\t<\/div>\n\t<\/div>\n\t\t<\/div>\n<\/div>\n<div class=\"product-small col has-hover product type-product post-16023 status-publish instock product_cat-faianta product_cat-teracota product_cat-lichidarea-teracota has-post-thumbnail sale shipping-taxable product-type-simple\">\n\t<div class=\"col-inner\">\n\t\n<div class=\"badge-container absolute left top z-1\">\n\t\t<div class=\"callout badge badge-square\"><div class=\"badge-inner secondary on-sale\"><span class=\"onsale\">-27%<\/span><\/div><\/div>\n<div class=\"badge callout badge-square\"><div class=\"badge-inner callout-new-bg is-small new-bubble\">Ultimele 10,0 m\u00b2<\/div><\/div><\/div>\n\t<div class=\"product-small box \">\n\t\t<div class=\"box-image\">\n\t\t\t<div class=\"image-zoom\">\n\t\t\t\t<a href=\"https:\/\/ceramic.md\/ro\/product\/333x100-eleganza-terra\/\" aria-label=\"33,3x100cm Eleganza Terra\">\n\t\t\t\t\t<img width=\"300\" height=\"103\" src=\"https:\/\/ceramic.md\/wp-content\/uploads\/2022\/11\/ceramic.md-333x100-eleganza-terra-300x103.jpg\" class=\"attachment-woocommerce_thumbnail size-woocommerce_thumbnail\" alt=\"Eleganza Terra\" srcset=\"https:\/\/ceramic.md\/wp-content\/uploads\/2022\/11\/ceramic.md-333x100-eleganza-terra-300x103.jpg 300w, https:\/\/ceramic.md\/wp-content\/uploads\/2022\/11\/ceramic.md-333x100-eleganza-terra-600x206.jpg 600w, https:\/\/ceramic.md\/wp-content\/uploads\/2022\/11\/ceramic.md-333x100-eleganza-terra-800x275.jpg 800w, https:\/\/ceramic.md\/wp-content\/uploads\/2022\/11\/ceramic.md-333x100-eleganza-terra-1400x481.jpg 1400w, https:\/\/ceramic.md\/wp-content\/uploads\/2022\/11\/ceramic.md-333x100-eleganza-terra-400x137.jpg 400w, https:\/\/ceramic.md\/wp-content\/uploads\/2022\/11\/ceramic.md-333x100-eleganza-terra-768x264.jpg 768w, https:\/\/ceramic.md\/wp-content\/uploads\/2022\/11\/ceramic.md-333x100-eleganza-terra.jpg 1500w\" sizes=\"(max-width: 300px) 100vw, 300px\" \/>\t\t\t\t<\/a>\n\t\t\t<\/div>\n\t\t\t<div class=\"image-tools is-small top right show-on-hover\">\n\t\t\t\t\t\t\t<\/div>\n\t\t\t<div class=\"image-tools is-small hide-for-small bottom left show-on-hover\">\n\t\t\t\t\t\t\t<\/div>\n\t\t\t<div class=\"image-tools grid-tools text-center hide-for-small bottom hover-slide-in show-on-hover\">\n\t\t\t\t\t\t\t<\/div>\n\t\t\t\t\t<\/div>\n\n\t\t<div class=\"box-text box-text-products text-center grid-style-2\">\n\t\t\tFaian\u021b\u0103<div class=\"title-wrapper\"><p itemprop=\"name\" class=\"product_title entry-title\">Spania<\/p><\/div><div class=\"price-wrapper\"><\/div>\t\t<\/div>\n\t<\/div>\n\t\t<\/div>\n<\/div>\n<div class=\"product-small col has-hover product type-product post-16021 status-publish last instock product_cat-faianta product_cat-teracota product_cat-lichidarea-teracota has-post-thumbnail sale shipping-taxable product-type-simple\">\n\t<div class=\"col-inner\">\n\t\n<div class=\"badge-container absolute left top z-1\">\n\t\t<div class=\"callout badge badge-square\"><div class=\"badge-inner secondary on-sale\"><span class=\"onsale\">-40%<\/span><\/div><\/div>\n<div class=\"badge callout badge-square\"><div class=\"badge-inner callout-new-bg is-small new-bubble\">Ultimele 35,67 m\u00b2<\/div><\/div><\/div>\n\t<div class=\"product-small box \">\n\t\t<div class=\"box-image\">\n\t\t\t<div class=\"image-zoom\">\n\t\t\t\t<a href=\"https:\/\/ceramic.md\/ro\/product\/333x100-eleganza-perla\/\" aria-label=\"33,3x100cm Eleganza Perla\">\n\t\t\t\t\t<img width=\"300\" height=\"103\" src=\"https:\/\/ceramic.md\/wp-content\/uploads\/2022\/11\/ceramic.md-333x100-eleganza-perla-300x103.jpg\" class=\"attachment-woocommerce_thumbnail size-woocommerce_thumbnail\" alt=\"Eleganza Perla\" srcset=\"https:\/\/ceramic.md\/wp-content\/uploads\/2022\/11\/ceramic.md-333x100-eleganza-perla-300x103.jpg 300w, https:\/\/ceramic.md\/wp-content\/uploads\/2022\/11\/ceramic.md-333x100-eleganza-perla-600x206.jpg 600w, https:\/\/ceramic.md\/wp-content\/uploads\/2022\/11\/ceramic.md-333x100-eleganza-perla-800x275.jpg 800w, https:\/\/ceramic.md\/wp-content\/uploads\/2022\/11\/ceramic.md-333x100-eleganza-perla-1400x481.jpg 1400w, https:\/\/ceramic.md\/wp-content\/uploads\/2022\/11\/ceramic.md-333x100-eleganza-perla-400x137.jpg 400w, https:\/\/ceramic.md\/wp-content\/uploads\/2022\/11\/ceramic.md-333x100-eleganza-perla-768x264.jpg 768w, https:\/\/ceramic.md\/wp-content\/uploads\/2022\/11\/ceramic.md-333x100-eleganza-perla.jpg 1500w\" sizes=\"(max-width: 300px) 100vw, 300px\" \/>\t\t\t\t<\/a>\n\t\t\t<\/div>\n\t\t\t<div class=\"image-tools is-small top right show-on-hover\">\n\t\t\t\t\t\t\t<\/div>\n\t\t\t<div class=\"image-tools is-small hide-for-small bottom left show-on-hover\">\n\t\t\t\t\t\t\t<\/div>\n\t\t\t<div class=\"image-tools grid-tools text-center hide-for-small bottom hover-slide-in show-on-hover\">\n\t\t\t\t\t\t\t<\/div>\n\t\t\t\t\t<\/div>\n\n\t\t<div class=\"box-text box-text-products text-center grid-style-2\">\n\t\t\tFaian\u021b\u0103<div class=\"title-wrapper\"><p itemprop=\"name\" class=\"product_title entry-title\">Spania<\/p><\/div><div class=\"price-wrapper\"><\/div>\t\t<\/div>\n\t<\/div>\n\t\t<\/div>\n<\/div>\n<div class=\"product-small col has-hover product type-product post-16002 status-publish first instock product_cat-faianta product_cat-teracota product_cat-lichidarea-teracota has-post-thumbnail sale shipping-taxable product-type-simple\">\n\t<div class=\"col-inner\">\n\t\n<div class=\"badge-container absolute left top z-1\">\n\t\t<div class=\"callout badge badge-square\"><div class=\"badge-inner secondary on-sale\"><span class=\"onsale\">-27%<\/span><\/div><\/div>\n<div class=\"badge callout badge-square\"><div class=\"badge-inner callout-new-bg is-small new-bubble\">Ultimele 159,02 m\u00b2<\/div><\/div><\/div>\n\t<div class=\"product-small box \">\n\t\t<div class=\"box-image\">\n\t\t\t<div class=\"image-zoom\">\n\t\t\t\t<a href=\"https:\/\/ceramic.md\/ro\/product\/333x100-eleganza-beige\/\" aria-label=\"33,3x100cm Eleganza Beige\">\n\t\t\t\t\t<img width=\"300\" height=\"103\" src=\"https:\/\/ceramic.md\/wp-content\/uploads\/2022\/11\/ceramic.md-333x100-eleganza-siena-beige-300x103.jpg\" class=\"attachment-woocommerce_thumbnail size-woocommerce_thumbnail\" alt=\"Eleganza Beige\" srcset=\"https:\/\/ceramic.md\/wp-content\/uploads\/2022\/11\/ceramic.md-333x100-eleganza-siena-beige-300x103.jpg 300w, https:\/\/ceramic.md\/wp-content\/uploads\/2022\/11\/ceramic.md-333x100-eleganza-siena-beige-600x206.jpg 600w, https:\/\/ceramic.md\/wp-content\/uploads\/2022\/11\/ceramic.md-333x100-eleganza-siena-beige-800x275.jpg 800w, https:\/\/ceramic.md\/wp-content\/uploads\/2022\/11\/ceramic.md-333x100-eleganza-siena-beige-1400x481.jpg 1400w, https:\/\/ceramic.md\/wp-content\/uploads\/2022\/11\/ceramic.md-333x100-eleganza-siena-beige-400x137.jpg 400w, https:\/\/ceramic.md\/wp-content\/uploads\/2022\/11\/ceramic.md-333x100-eleganza-siena-beige-768x264.jpg 768w, https:\/\/ceramic.md\/wp-content\/uploads\/2022\/11\/ceramic.md-333x100-eleganza-siena-beige.jpg 1500w\" sizes=\"(max-width: 300px) 100vw, 300px\" \/>\t\t\t\t<\/a>\n\t\t\t<\/div>\n\t\t\t<div class=\"image-tools is-small top right show-on-hover\">\n\t\t\t\t\t\t\t<\/div>\n\t\t\t<div class=\"image-tools is-small hide-for-small bottom left show-on-hover\">\n\t\t\t\t\t\t\t<\/div>\n\t\t\t<div class=\"image-tools grid-tools text-center hide-for-small bottom hover-slide-in show-on-hover\">\n\t\t\t\t\t\t\t<\/div>\n\t\t\t\t\t<\/div>\n\n\t\t<div class=\"box-text box-text-products text-center grid-style-2\">\n\t\t\tFaian\u021b\u0103<div class=\"title-wrapper\"><p itemprop=\"name\" class=\"product_title entry-title\">Spania<\/p><\/div><div class=\"price-wrapper\"><\/div>\t\t<\/div>\n\t<\/div>\n\t\t<\/div>\n<\/div>\n<\/div><!-- row --><\/div>\n<h4>\n<h4>\u0421olec\u021bie de teracot\u0103 din ceramica Eleganza de la fabrica spaniol\u0103 <a href=\"https:\/\/www.pamesa.com\/\" target=\"_blank\" rel=\"noopener\">Pamesa ceramica<\/a> pentru decorarea pere\u021bilor \u00een interior.<\/h4>\n<p><a href=\"https:\/\/ceramic.md\/ro\/product-category\/teracota\/?filter_producator=spania\">Teracota spaniol\u0103<\/a> a fost \u00eentotdeauna renumite pentru calitatea, precum \u0219i pentru stilul unic \u0219i inimitabil. Gresie \u0219i faian\u021ba din Spania au devenit recunoscute \u0219i iubite nu numai de designeri, ci \u0219i de oamenii cu gust bun.<\/p>\n<p>Nu uita\u021bi c\u0103 argila utilizat\u0103 la producerea pl\u0103cilor de c\u0103tre fabricile spaniole este semnificativ diferit\u0103 ca puritate \u0219i densitate de cea utilizat\u0103 de fabricile din alte \u021b\u0103ri.<\/p>\n<p>Ast\u0103zi, Valencia nu \u00een zadar este considerat\u0103 centrul modei de teracot\u0103 din ceramica \u0219i por\u021belanat, deoarece fabricile spaniole sunt lideri \u00een produc\u021bia de teracot\u0103 elegant\u0103 \u0219i de calitate \u00eenalt\u0103 de mul\u021bi ani. Designerii spanioli sunt cei care stabilesc tendin\u021bele pentru \u00eentreaga lume.<\/p>\n<p><img class=\"wp-image-9608 aligncenter\" src=\"https:\/\/ceramic.md\/wp-content\/uploads\/2021\/06\/pamesa-logo.png\" alt=\"Pamesa Logo\" width=\"297\" height=\"105\" srcset=\"https:\/\/ceramic.md\/wp-content\/uploads\/2021\/06\/pamesa-logo.png 450w, https:\/\/ceramic.md\/wp-content\/uploads\/2021\/06\/pamesa-logo-300x106.png 300w, https:\/\/ceramic.md\/wp-content\/uploads\/2021\/06\/pamesa-logo-400x141.png 400w\" sizes=\"(max-width: 297px) 100vw, 297px\" \/><\/p>\n<p>Fabrica Pamesa ceramica se str\u0103duie\u0219te s\u0103 fie reperul \u00een produc\u021bia de gresie \u0219i faian\u021b\u0103, oferind clien\u021bilor s\u0103i o gam\u0103 larg\u0103 \u00een diferite stiluri, culori \u0219i formate, garant\u00e2nd \u00een acela\u0219i timp o calitate excelent\u0103. Designul \u0219i inova\u021bia sunt coloana vertebral\u0103 a companiei. Echipa de design lucreaz\u0103 neobosit pentru a inventa noi colec\u021bii care s\u0103 r\u0103spund\u0103 nevoilor \u0219i a\u0219tept\u0103rilor cump\u0103r\u0103torului. Fabrica prime\u0219te certificare de mediu pentru fiecare produs pe care \u00eel produce \u0219i organizeaz\u0103, de asemenea, colectarea \u0219i reciclarea de\u0219eurilor de produc\u021bie, cum ar fi carton, plastic \u0219i lemn.<\/p>\n<p>\u0421olec\u021bie de teracot\u0103 din ceramica Eleganza poate fi folosit\u0103 \u00een baie, sufragerie \u0219i buc\u0103t\u0103rie, precum \u0219i pentru decorarea altor elemente interioare. Colec\u021bia include pl\u0103ci de baz\u0103 cu o textur\u0103 de beton \u00een cinci tonuri, precum \u0219i decor cu ornamente florale. Tonurile pl\u0103cute ale colec\u021biei v\u0103 permit s\u0103 crea\u021bi un design lini\u0219tit \u0219i confortabil al oric\u0103rei camere.<\/p>\n<p>Faian\u021b\u0103 este realizat\u0103 din lut alb \u00een dimensiunea 33,3&#215;100 cm, grosimea ei este de 7 mm. U\u0219or de t\u0103iat \u0219i g\u0103urit, nu necesit\u0103 echipamente scumpe atunci c\u00e2nd pune\u021bi.<\/p>\n\n<p>&nbsp;<\/p>","protected":false},"excerpt":{"rendered":"<p>Colec\u021bie de teracot\u0103 baie, buc\u0103t\u0103rie, sufragerie de la <strong>Pamesa Ceramica,<\/strong> Spania<\/p>\n","protected":false},"featured_media":16007,"template":"","meta":[],"product_cat":[287,723,724],"product_tag":[],"_links":{"self":[{"href":"https:\/\/ceramic.md\/ro\/wp-json\/wp\/v2\/product\/16001"}],"collection":[{"href":"https:\/\/ceramic.md\/ro\/wp-json\/wp\/v2\/product"}],"about":[{"href":"https:\/\/ceramic.md\/ro\/wp-json\/wp\/v2\/types\/product"}],"wp:featuredmedia":[{"embeddable":true,"href":"https:\/\/ceramic.md\/ro\/wp-json\/wp\/v2\/media\/16007"}],"wp:attachment":[{"href":"https:\/\/ceramic.md\/ro\/wp-json\/wp\/v2\/media?parent=16001"}],"wp:term":[{"taxonomy":"product_cat","embeddable":true,"href":"https:\/\/ceramic.md\/ro\/wp-json\/wp\/v2\/product_cat?post=16001"},{"taxonomy":"product_tag","embeddable":true,"href":"https:\/\/ceramic.md\/ro\/wp-json\/wp\/v2\/product_tag?post=16001"}],"curies":[{"name":"wp","href":"https:\/\/api.w.org\/{rel}","templated":true}]}}