{"id":16967,"date":"2023-04-13T15:56:11","date_gmt":"2023-04-13T12:56:11","guid":{"rendered":"https:\/\/ceramic.md\/?post_type=product&#038;p=16967"},"modified":"2024-04-08T12:31:01","modified_gmt":"2024-04-08T09:31:01","slug":"colectie-essenza","status":"publish","type":"product","link":"https:\/\/ceramic.md\/ro\/product\/colectie-essenza\/","title":{"rendered":"Colec\u021bie Essenza"},"content":{"rendered":"<div class=\"container section-title-container\" ><h3 class=\"section-title section-title-bold-center\"><b><\/b><span class=\"section-title-main\" style=\"color:rgb(0, 0, 0);\">Compozi\u021bia colec\u021biei de teracot\u0103<\/span><b><\/b><\/h3><\/div>\n\n<p style=\"text-align: center;\"><div class=\"woocommerce columns-3 \"><span class=\"wpfHidden\" data-shortcode-attribute=\"{&quot;limit&quot;:&quot;12&quot;,&quot;columns&quot;:&quot;3&quot;,&quot;rows&quot;:&quot;&quot;,&quot;orderby&quot;:&quot;date&quot;,&quot;order&quot;:&quot;&quot;,&quot;ids&quot;:&quot;16968,16969,16976,16984,16980&quot;,&quot;skus&quot;:&quot;&quot;,&quot;category&quot;:&quot;&quot;,&quot;cat_operator&quot;:&quot;IN&quot;,&quot;attribute&quot;:&quot;&quot;,&quot;terms&quot;:&quot;&quot;,&quot;terms_operator&quot;:&quot;IN&quot;,&quot;tag&quot;:&quot;&quot;,&quot;tag_operator&quot;:&quot;IN&quot;,&quot;visibility&quot;:&quot;visible&quot;,&quot;class&quot;:&quot;&quot;,&quot;page&quot;:1,&quot;paginate&quot;:false,&quot;cache&quot;:false}\"><\/span><div class=\"products row row-small large-columns-3 medium-columns-3 small-columns-2 has-shadow row-box-shadow-2 row-box-shadow-3-hover\">\n<div class=\"product-small col has-hover product type-product post-16969 status-publish first instock product_cat-decor product_cat-teracota has-post-thumbnail shipping-taxable product-type-simple\">\n\t<div class=\"col-inner\">\n\t\n<div class=\"badge-container absolute left top z-1\">\n<\/div>\n\t<div class=\"product-small box \">\n\t\t<div class=\"box-image\">\n\t\t\t<div class=\"image-zoom\">\n\t\t\t\t<a href=\"https:\/\/ceramic.md\/ro\/product\/60x60-essenza-leaves-waves-cream-rect\/\" aria-label=\"60x60cm Essenza Leaves Waves Cream Rect. Decor 3251\">\n\t\t\t\t\t<img width=\"300\" height=\"308\" src=\"https:\/\/ceramic.md\/wp-content\/uploads\/2023\/04\/ceramic.md-30x60-essenza-leaves-cream-3251-300x308.png\" class=\"attachment-woocommerce_thumbnail size-woocommerce_thumbnail\" alt=\"Essenza Leaves Waves Cream Rect. Decor 3251\" srcset=\"https:\/\/ceramic.md\/wp-content\/uploads\/2023\/04\/ceramic.md-30x60-essenza-leaves-cream-3251-300x308.png 300w, https:\/\/ceramic.md\/wp-content\/uploads\/2023\/04\/ceramic.md-30x60-essenza-leaves-cream-3251-600x615.png 600w, https:\/\/ceramic.md\/wp-content\/uploads\/2023\/04\/ceramic.md-30x60-essenza-leaves-cream-3251-390x400.png 390w, https:\/\/ceramic.md\/wp-content\/uploads\/2023\/04\/ceramic.md-30x60-essenza-leaves-cream-3251-780x800.png 780w, https:\/\/ceramic.md\/wp-content\/uploads\/2023\/04\/ceramic.md-30x60-essenza-leaves-cream-3251-768x787.png 768w, https:\/\/ceramic.md\/wp-content\/uploads\/2023\/04\/ceramic.md-30x60-essenza-leaves-cream-3251.png 800w\" sizes=\"(max-width: 300px) 100vw, 300px\" \/>\t\t\t\t<\/a>\n\t\t\t<\/div>\n\t\t\t<div class=\"image-tools is-small top right show-on-hover\">\n\t\t\t\t\t\t\t<\/div>\n\t\t\t<div class=\"image-tools is-small hide-for-small bottom left show-on-hover\">\n\t\t\t\t\t\t\t<\/div>\n\t\t\t<div class=\"image-tools grid-tools text-center hide-for-small bottom hover-slide-in show-on-hover\">\n\t\t\t\t\t\t\t<\/div>\n\t\t\t\t\t<\/div>\n\n\t\t<div class=\"box-text box-text-products text-center grid-style-2\">\n\t\t\tDecor pentru pere\u021bi<div class=\"title-wrapper\"><p itemprop=\"name\" class=\"product_title entry-title\">Bulgaria<\/p><\/div><div class=\"price-wrapper\"><\/div>\t\t<\/div>\n\t<\/div>\n\t\t<\/div>\n<\/div>\n<div class=\"product-small col has-hover product type-product post-16984 status-publish instock product_cat-faianta product_cat-teracota has-post-thumbnail shipping-taxable product-type-simple\">\n\t<div class=\"col-inner\">\n\t\n<div class=\"badge-container absolute left top z-1\">\n<\/div>\n\t<div class=\"product-small box \">\n\t\t<div class=\"box-image\">\n\t\t\t<div class=\"image-zoom\">\n\t\t\t\t<a href=\"https:\/\/ceramic.md\/ro\/product\/30x60-essenza-geometric-cream-rect\/\" aria-label=\"30x60cm Essenza Geometric Cream Rect. Decor 3274\">\n\t\t\t\t\t<img width=\"300\" height=\"151\" src=\"https:\/\/ceramic.md\/wp-content\/uploads\/2023\/04\/ceramic.md-30x60-essenza-geometric-cream-3274-300x151.jpg\" class=\"attachment-woocommerce_thumbnail size-woocommerce_thumbnail\" alt=\"Essenza Geometric Cream Rect. Decor 3274\" srcset=\"https:\/\/ceramic.md\/wp-content\/uploads\/2023\/04\/ceramic.md-30x60-essenza-geometric-cream-3274-300x151.jpg 300w, https:\/\/ceramic.md\/wp-content\/uploads\/2023\/04\/ceramic.md-30x60-essenza-geometric-cream-3274-600x302.jpg 600w, https:\/\/ceramic.md\/wp-content\/uploads\/2023\/04\/ceramic.md-30x60-essenza-geometric-cream-3274-794x400.jpg 794w, https:\/\/ceramic.md\/wp-content\/uploads\/2023\/04\/ceramic.md-30x60-essenza-geometric-cream-3274-400x202.jpg 400w, https:\/\/ceramic.md\/wp-content\/uploads\/2023\/04\/ceramic.md-30x60-essenza-geometric-cream-3274-768x387.jpg 768w, https:\/\/ceramic.md\/wp-content\/uploads\/2023\/04\/ceramic.md-30x60-essenza-geometric-cream-3274.jpg 800w\" sizes=\"(max-width: 300px) 100vw, 300px\" \/>\t\t\t\t<\/a>\n\t\t\t<\/div>\n\t\t\t<div class=\"image-tools is-small top right show-on-hover\">\n\t\t\t\t\t\t\t<\/div>\n\t\t\t<div class=\"image-tools is-small hide-for-small bottom left show-on-hover\">\n\t\t\t\t\t\t\t<\/div>\n\t\t\t<div class=\"image-tools grid-tools text-center hide-for-small bottom hover-slide-in show-on-hover\">\n\t\t\t\t\t\t\t<\/div>\n\t\t\t\t\t<\/div>\n\n\t\t<div class=\"box-text box-text-products text-center grid-style-2\">\n\t\t\tDecor pentru pere\u021bi<div class=\"title-wrapper\"><p itemprop=\"name\" class=\"product_title entry-title\">Bulgaria<\/p><\/div><div class=\"price-wrapper\"><\/div>\t\t<\/div>\n\t<\/div>\n\t\t<\/div>\n<\/div>\n<div class=\"product-small col has-hover product type-product post-16976 status-publish last instock product_cat-faianta product_cat-teracota has-post-thumbnail shipping-taxable product-type-simple\">\n\t<div class=\"col-inner\">\n\t\n<div class=\"badge-container absolute left top z-1\">\n<\/div>\n\t<div class=\"product-small box \">\n\t\t<div class=\"box-image\">\n\t\t\t<div class=\"image-zoom\">\n\t\t\t\t<a href=\"https:\/\/ceramic.md\/ro\/product\/30x60-essenza-portobello-brown-rect\/\" aria-label=\"30x60cm Essenza Portobello Brown Rect. 4955\">\n\t\t\t\t\t<img width=\"300\" height=\"150\" src=\"https:\/\/ceramic.md\/wp-content\/uploads\/2023\/04\/ceramic.md-30x60-essenza-portobello-brown-4955--300x150.jpg\" class=\"attachment-woocommerce_thumbnail size-woocommerce_thumbnail\" alt=\"Essenza Portobello Brown Rect. 4955\" srcset=\"https:\/\/ceramic.md\/wp-content\/uploads\/2023\/04\/ceramic.md-30x60-essenza-portobello-brown-4955--300x150.jpg 300w, https:\/\/ceramic.md\/wp-content\/uploads\/2023\/04\/ceramic.md-30x60-essenza-portobello-brown-4955--600x300.jpg 600w, https:\/\/ceramic.md\/wp-content\/uploads\/2023\/04\/ceramic.md-30x60-essenza-portobello-brown-4955--400x200.jpg 400w, https:\/\/ceramic.md\/wp-content\/uploads\/2023\/04\/ceramic.md-30x60-essenza-portobello-brown-4955--768x384.jpg 768w, https:\/\/ceramic.md\/wp-content\/uploads\/2023\/04\/ceramic.md-30x60-essenza-portobello-brown-4955-.jpg 800w\" sizes=\"(max-width: 300px) 100vw, 300px\" \/>\t\t\t\t<\/a>\n\t\t\t<\/div>\n\t\t\t<div class=\"image-tools is-small top right show-on-hover\">\n\t\t\t\t\t\t\t<\/div>\n\t\t\t<div class=\"image-tools is-small hide-for-small bottom left show-on-hover\">\n\t\t\t\t\t\t\t<\/div>\n\t\t\t<div class=\"image-tools grid-tools text-center hide-for-small bottom hover-slide-in show-on-hover\">\n\t\t\t\t\t\t\t<\/div>\n\t\t\t\t\t<\/div>\n\n\t\t<div class=\"box-text box-text-products text-center grid-style-2\">\n\t\t\tFaian\u021b\u0103<div class=\"title-wrapper\"><p itemprop=\"name\" class=\"product_title entry-title\">Bulgaria<\/p><\/div><div class=\"price-wrapper\"><\/div>\t\t<\/div>\n\t<\/div>\n\t\t<\/div>\n<\/div>\n<div class=\"product-small col has-hover product type-product post-16980 status-publish first instock product_cat-faianta product_cat-teracota has-post-thumbnail shipping-taxable product-type-simple\">\n\t<div class=\"col-inner\">\n\t\n<div class=\"badge-container absolute left top z-1\">\n<\/div>\n\t<div class=\"product-small box \">\n\t\t<div class=\"box-image\">\n\t\t\t<div class=\"image-zoom\">\n\t\t\t\t<a href=\"https:\/\/ceramic.md\/ro\/product\/30x60-essenza-waves-cream-rect\/\" aria-label=\"30x60cm Essenza Waves Cream Rect. 4954\">\n\t\t\t\t\t<img width=\"300\" height=\"150\" src=\"https:\/\/ceramic.md\/wp-content\/uploads\/2023\/04\/ceramic.md-30x60-essenza-waves-cream-4954-300x150.jpg\" class=\"attachment-woocommerce_thumbnail size-woocommerce_thumbnail\" alt=\"Essenza Waves Cream Rect. 4954\" srcset=\"https:\/\/ceramic.md\/wp-content\/uploads\/2023\/04\/ceramic.md-30x60-essenza-waves-cream-4954-300x150.jpg 300w, https:\/\/ceramic.md\/wp-content\/uploads\/2023\/04\/ceramic.md-30x60-essenza-waves-cream-4954-600x300.jpg 600w, https:\/\/ceramic.md\/wp-content\/uploads\/2023\/04\/ceramic.md-30x60-essenza-waves-cream-4954-400x200.jpg 400w, https:\/\/ceramic.md\/wp-content\/uploads\/2023\/04\/ceramic.md-30x60-essenza-waves-cream-4954-768x384.jpg 768w, https:\/\/ceramic.md\/wp-content\/uploads\/2023\/04\/ceramic.md-30x60-essenza-waves-cream-4954.jpg 800w\" sizes=\"(max-width: 300px) 100vw, 300px\" \/>\t\t\t\t<\/a>\n\t\t\t<\/div>\n\t\t\t<div class=\"image-tools is-small top right show-on-hover\">\n\t\t\t\t\t\t\t<\/div>\n\t\t\t<div class=\"image-tools is-small hide-for-small bottom left show-on-hover\">\n\t\t\t\t\t\t\t<\/div>\n\t\t\t<div class=\"image-tools grid-tools text-center hide-for-small bottom hover-slide-in show-on-hover\">\n\t\t\t\t\t\t\t<\/div>\n\t\t\t\t\t<\/div>\n\n\t\t<div class=\"box-text box-text-products text-center grid-style-2\">\n\t\t\tFaian\u021b\u0103<div class=\"title-wrapper\"><p itemprop=\"name\" class=\"product_title entry-title\">Bulgaria<\/p><\/div><div class=\"price-wrapper\"><\/div>\t\t<\/div>\n\t<\/div>\n\t\t<\/div>\n<\/div>\n<div class=\"product-small col has-hover product type-product post-16968 status-publish instock product_cat-faianta product_cat-teracota has-post-thumbnail shipping-taxable product-type-simple\">\n\t<div class=\"col-inner\">\n\t\n<div class=\"badge-container absolute left top z-1\">\n<\/div>\n\t<div class=\"product-small box \">\n\t\t<div class=\"box-image\">\n\t\t\t<div class=\"image-zoom\">\n\t\t\t\t<a href=\"https:\/\/ceramic.md\/ro\/product\/30x60-essenza-cream-rect\/\" aria-label=\"30x60cm Essenza Cream Rect. 4953\">\n\t\t\t\t\t<img width=\"300\" height=\"150\" src=\"https:\/\/ceramic.md\/wp-content\/uploads\/2023\/04\/ceramic.md-30x60-essenza-cream-4953-300x150.jpg\" class=\"attachment-woocommerce_thumbnail size-woocommerce_thumbnail\" alt=\"Essenza Cream Rect. 4953\" srcset=\"https:\/\/ceramic.md\/wp-content\/uploads\/2023\/04\/ceramic.md-30x60-essenza-cream-4953-300x150.jpg 300w, https:\/\/ceramic.md\/wp-content\/uploads\/2023\/04\/ceramic.md-30x60-essenza-cream-4953-600x300.jpg 600w, https:\/\/ceramic.md\/wp-content\/uploads\/2023\/04\/ceramic.md-30x60-essenza-cream-4953-400x200.jpg 400w, https:\/\/ceramic.md\/wp-content\/uploads\/2023\/04\/ceramic.md-30x60-essenza-cream-4953-768x384.jpg 768w, https:\/\/ceramic.md\/wp-content\/uploads\/2023\/04\/ceramic.md-30x60-essenza-cream-4953.jpg 800w\" sizes=\"(max-width: 300px) 100vw, 300px\" \/>\t\t\t\t<\/a>\n\t\t\t<\/div>\n\t\t\t<div class=\"image-tools is-small top right show-on-hover\">\n\t\t\t\t\t\t\t<\/div>\n\t\t\t<div class=\"image-tools is-small hide-for-small bottom left show-on-hover\">\n\t\t\t\t\t\t\t<\/div>\n\t\t\t<div class=\"image-tools grid-tools text-center hide-for-small bottom hover-slide-in show-on-hover\">\n\t\t\t\t\t\t\t<\/div>\n\t\t\t\t\t<\/div>\n\n\t\t<div class=\"box-text box-text-products text-center grid-style-2\">\n\t\t\tFaian\u021b\u0103<div class=\"title-wrapper\"><p itemprop=\"name\" class=\"product_title entry-title\">Bulgaria<\/p><\/div><div class=\"price-wrapper\"><\/div>\t\t<\/div>\n\t<\/div>\n\t\t<\/div>\n<\/div>\n<\/div><!-- row --><\/div>\n<h4>\u041a\u043e\u043b\u043b\u0435\u043a\u0446\u0438\u044f \u043a\u0435\u0440\u0430\u043c\u0438\u0447\u0435\u0441\u043a\u043e\u0439 \u043f\u043b\u0438\u0442\u043a\u0438 Essenza \u043e\u0442 \u0431\u043e\u043b\u0433\u0430\u0440\u0441\u043a\u043e\u0433\u043e \u0437\u0430\u0432\u043e\u0434\u0430 <a href=\"https:\/\/www.kai.bg\/en\/\" target=\"_blank\" rel=\"noopener\">KAI Group<\/a>\u00a0\u0434\u043b\u044f \u043e\u0442\u0434\u0435\u043b\u043a\u0438 \u0441\u0442\u0435\u043d \u0432 \u043f\u043e\u043c\u0435\u0449\u0435\u043d\u0438\u044f\u0445.<\/h4>\n<p>\u0423 <a href=\"https:\/\/ceramic.md\/ru\/product-category\/teracota\/?filter_producator=bulgaria\">\u0431\u043e\u043b\u0433\u0430\u0440\u0441\u043a\u043e\u0439 \u043f\u043b\u0438\u0442\u043a\u0438<\/a> \u0435\u0441\u0442\u044c \u043d\u0435\u0441\u043a\u043e\u043b\u044c\u043a\u043e \u043d\u0435\u043e\u0441\u043f\u043e\u0440\u0438\u043c\u044b\u0445 \u043f\u0440\u0435\u0438\u043c\u0443\u0449\u0435\u0441\u0442\u0432 &#8211; \u043e\u043d\u0430 \u043d\u0435 \u043e\u0442\u0441\u0442\u0430\u0451\u0442 \u043f\u043e \u043a\u0430\u0447\u0435\u0441\u0442\u0432\u0443 \u043e\u0442 \u0438\u0441\u043f\u0430\u043d\u0441\u043a\u043e\u0439 \u0438\u043b\u0438 \u0438\u0442\u0430\u043b\u044c\u044f\u043d\u0441\u043a\u043e\u0439, \u0430 \u043f\u043e \u0446\u0435\u043d\u0435 \u0433\u043e\u0440\u0430\u0437\u0434\u043e \u043f\u0440\u0438\u044f\u0442\u043d\u0435\u0435. \u0411\u043e\u043b\u0433\u0430\u0440\u0441\u043a\u0438\u0435 \u0437\u0430\u0432\u043e\u0434\u044b \u043a\u0435\u0440\u0430\u043c\u0438\u0447\u0435\u0441\u043a\u043e\u0439 \u043f\u043b\u0438\u0442\u043a\u0438 \u0438\u0434\u0443\u0442 \u0432 \u043d\u043e\u0433\u0443 \u0441\u043e \u0432\u0440\u0435\u043c\u0435\u043d\u0435\u043c \u0438 \u043d\u0435 \u043f\u0435\u0440\u0435\u0441\u0442\u0430\u044e\u0442 \u0443\u0434\u0438\u0432\u043b\u044f\u0442\u044c \u043f\u043e\u0442\u0440\u0435\u0431\u0438\u0442\u0435\u043b\u0435\u0439 \u043d\u043e\u0432\u044b\u043c\u0438 \u043a\u043e\u043b\u043b\u0435\u043a\u0446\u0438\u044f\u043c\u0438, \u043f\u043e\u043c\u043e\u0433\u0430\u044f \u0437\u0430\u0434\u0430\u0442\u044c \u043d\u043e\u0432\u044b\u0435 \u0432\u0435\u044f\u043d\u0438\u044f \u0432 \u0442\u0440\u0435\u043d\u0434\u0430\u0445 \u0441\u0435\u0437\u043e\u043d\u0430. \u0418\u0445 \u043a\u043e\u043b\u043b\u0435\u043a\u0446\u0438\u0438 \u0434\u043e\u043b\u0433\u0438\u0435 \u0433\u043e\u0434\u044b \u043f\u043e\u043b\u044c\u0437\u0443\u044e\u0442\u0441\u044f \u0431\u043e\u043b\u044c\u0448\u043e\u0439 \u043f\u043e\u043f\u0443\u043b\u044f\u0440\u043d\u043e\u0441\u0442\u044c\u044e \u043d\u0430 \u0442\u0435\u0440\u0440\u0438\u0442\u043e\u0440\u0438\u0438 \u0441\u0442\u0440\u0430\u043d \u0415\u0432\u0440\u043e\u043f\u044b.<\/p>\n<p>\u0423\u0448\u043b\u0438 \u0432\u0440\u0435\u043c\u0435\u043d\u0438, \u043a\u043e\u0433\u0434\u0430 \u0441\u043b\u0435\u0434\u043e\u0432\u0430\u043b\u043e \u0432\u044b\u0431\u0438\u0440\u0430\u0442\u044c &#8211; \u043a\u0430\u0447\u0435\u0441\u0442\u0432\u043e \u0438\u043b\u0438 \u0431\u044e\u0434\u0436\u0435\u0442. \u0411\u043e\u043b\u0433\u0430\u0440\u0441\u043a\u0438\u0435 \u0437\u0430\u0432\u043e\u0434\u044b \u043f\u0440\u0435\u0434\u043e\u0441\u0442\u0430\u0432\u044f\u0442 \u0432\u0430\u043c \u0438 \u0442\u043e, \u0438 \u0434\u0440\u0443\u0433\u043e\u0435 \u043e\u0434\u043d\u043e\u0432\u0440\u0435\u043c\u0435\u043d\u043d\u043e, \u0434\u043e\u043f\u043e\u043b\u043d\u0438\u0432 \u044d\u0442\u043e \u0435\u0449\u0451 \u0438 \u0441\u0442\u0438\u043b\u0435\u043c \u0438 \u0443\u043d\u0438\u043a\u0430\u043b\u044c\u043d\u044b\u043c \u0432\u0438\u0434\u043e\u043c.<\/p>\n<p><img class=\"alignnone size-full wp-image-10733 aligncenter\" src=\"https:\/\/ceramic.md\/wp-content\/uploads\/2021\/06\/kaigrouplogo.png\" alt=\"\" width=\"144\" height=\"90\"><\/p>\n<p>\u0417\u0430\u0432\u043e\u0434 KAI Group \u043f\u0440\u043e\u0434\u043e\u043b\u0436\u0430\u0435\u0442 \u0441\u0432\u043e\u0451 \u0443\u0441\u043f\u0435\u0448\u043d\u043e\u0435 \u0444\u0443\u043d\u043a\u0446\u0438\u043e\u043d\u0438\u0440\u043e\u0432\u0430\u043d\u0438\u044f \u0432\u043e\u0442 \u0443\u0436\u0435 \u0431\u043e\u043b\u0435\u0435 50 \u043b\u0435\u0442. \u041f\u043e\u0441\u0442\u043e\u044f\u043d\u043d\u043e \u0432\u043d\u0435\u0434\u0440\u044f\u044f \u043d\u043e\u0432\u0435\u0439\u0448\u0438\u0435 \u0442\u0435\u0445\u043d\u043e\u043b\u043e\u0433\u0438\u0438, \u0437\u0430\u0432\u043e\u0434 \u0441\u043e\u0437\u0434\u0430\u0435\u0442 \u043a\u043e\u043b\u043b\u0435\u043a\u0446\u0438\u0438 \u043a\u0435\u0440\u0430\u043c\u0438\u0447\u0435\u0441\u043a\u043e\u0439 \u043f\u043b\u0438\u0442\u043a\u0438, \u043a\u043e\u0442\u043e\u0440\u044b\u0435 \u0441\u043f\u043e\u0441\u043e\u0431\u043d\u044b \u043f\u0440\u0438\u0432\u043d\u0435\u0441\u0442\u0438 \u0432 \u043a\u0430\u0436\u0434\u044b\u0439 \u0434\u043e\u043c \u0438\u043d\u0434\u0438\u0432\u0438\u0434\u0443\u0430\u043b\u044c\u043d\u044b\u0439 \u0441\u0442\u0438\u043b\u044c \u0438 \u0438\u0437\u044b\u0441\u043a\u0430\u043d\u043d\u043e\u0441\u0442\u044c. \u0424\u0430\u0431\u0440\u0438\u043a\u0430 \u043e\u0442\u043b\u0438\u0447\u0430\u0435\u0442\u0441\u044f \u043e\u0441\u043e\u0431\u044b\u043c \u0432\u043d\u0438\u043c\u0430\u043d\u0438\u0435\u043c \u043a \u0434\u0435\u0442\u0430\u043b\u044f\u043c. \u0421\u043e\u0437\u0434\u0430\u0432\u0430\u044f \u043f\u043b\u0438\u0442\u043a\u0443, \u0438\u043c\u0438\u0442\u0438\u0440\u0443\u044e\u0449\u0443\u044e \u043f\u0440\u0438\u0440\u043e\u0434\u043d\u044b\u0435 \u043c\u0430\u0442\u0435\u0440\u0438\u0430\u043b\u044b, \u0434\u0438\u0437\u0430\u0439\u043d\u0435\u0440\u044b \u0441\u0442\u0430\u0440\u0430\u044e\u0442\u0441\u044f \u043f\u0440\u0438\u0434\u0430\u0442\u044c \u0435\u0439 \u043d\u0435\u043f\u043e\u0432\u0442\u043e\u0440\u0438\u043c\u044b\u0439 \u0434\u0438\u0437\u0430\u0439\u043d, \u0447\u0442\u043e \u0434\u0430\u0451\u0442 \u043e\u0449\u0443\u0449\u0435\u043d\u0438\u0435 \u043d\u0430\u0442\u0443\u0440\u0430\u043b\u044c\u043d\u043e\u0433\u043e \u0434\u0435\u0440\u0435\u0432\u0430 \u0438\u043b\u0438 \u043a\u0430\u043c\u043d\u044f.<\/p>\n<p>\u041a\u043e\u043b\u043b\u0435\u043a\u0446\u0438\u044f \u043a\u0435\u0440\u0430\u043c\u0438\u0447\u0435\u0441\u043a\u043e\u0439 \u043f\u043b\u0438\u0442\u043a\u0438 Essenza \u0434\u043b\u044f \u043e\u0442\u0434\u0435\u043b\u043a\u0438 \u0441\u0442\u0435\u043d \u0432 \u043f\u043e\u043c\u0435\u0449\u0435\u043d\u0438\u044f\u0445. \u041c\u043e\u0436\u0435\u0442 \u0431\u044b\u0442\u044c \u0438\u0441\u043f\u043e\u043b\u044c\u0437\u043e\u0432\u0430\u043d\u0430 \u0432 \u0432\u0430\u043d\u043d\u043e\u0439 \u043a\u043e\u043c\u043d\u0430\u0442\u0435, \u0433\u043e\u0441\u0442\u0438\u043d\u043e\u0439 \u0438 \u043a\u0443\u0445\u043d\u0435, \u0430 \u0442\u0430\u043a\u0436\u0435 \u0434\u043b\u044f \u0434\u0435\u043a\u043e\u0440\u0430\u0446\u0438\u0438 \u043e\u0442\u0434\u0435\u043b\u044c\u043d\u044b\u0445 \u044d\u043b\u0435\u043c\u0435\u043d\u0442\u043e\u0432 \u0438\u043d\u0442\u0435\u0440\u044c\u0435\u0440\u0430. \u041a\u043e\u043b\u043b\u0435\u043a\u0446\u0438\u044f \u043e\u0431\u044a\u0435\u0434\u0438\u043d\u0438\u043b\u0430 \u0432 \u0441\u0435\u0431\u0435 \u0434\u0432\u0430 \u0446\u0432\u0435\u0442\u0430 \u0431\u0430\u0437\u043e\u0432\u043e\u0439 \u043f\u043b\u0438\u0442\u043a\u0438 \u0432 \u0447\u0451\u0440\u043d\u043e-\u0431\u0435\u043b\u044b\u0445 \u043e\u0442\u0442\u0435\u043d\u043a\u0430\u0445 \u0438 \u0434\u0435\u043a\u043e\u0440 \u0432 \u0432\u0438\u0434\u0435 \u0433\u0435\u043e\u043c\u0435\u0442\u0440\u0438\u0447\u0435\u0441\u043a\u043e\u0433\u043e \u043e\u0440\u043d\u0430\u043c\u0435\u043d\u0442\u0430. \u041b\u0451\u0433\u043a\u043e\u0435 \u0438 \u043d\u0435\u0436\u043d\u043e\u0435 \u0441\u043e\u0447\u0435\u0442\u0430\u043d\u0438\u0435 \u0446\u0432\u0435\u0442\u043e\u0432 \u0438 \u0444\u0430\u043a\u0442\u0443\u0440 \u043f\u0440\u0438\u0434\u0430\u044e\u0442 \u044d\u0442\u043e\u0439 \u043a\u043e\u043b\u043b\u0435\u043a\u0446\u0438\u0438 \u043e\u0441\u043e\u0431\u044b\u0439 \u0448\u0430\u0440\u043c.<\/p>\n<p>\u041f\u043b\u0438\u0442\u043a\u0430 \u0432\u044b\u043f\u043e\u043b\u043d\u0435\u043d\u0430 \u0438\u0437 \u043a\u0440\u0430\u0441\u043d\u043e\u0439 \u0433\u043b\u0438\u043d\u044b \u0432 \u0440\u0430\u0437\u043c\u0435\u0440\u0435 30&#215;60 \u0441\u043c, \u0435\u0451 \u0442\u043e\u043b\u0449\u0438\u043d\u0430 \u0441\u043e\u0441\u0442\u0430\u0432\u043b\u044f\u0435\u0442 8 \u043c\u043c. \u041b\u0435\u0433\u043a\u043e \u043f\u043e\u0434\u0434\u0430\u0451\u0442\u0441\u044f \u043f\u043e\u0434\u0440\u0435\u0437\u043a\u0435 \u0438 \u0441\u0432\u0435\u0440\u043b\u0435\u043d\u0438\u044e, \u043d\u0435 \u0442\u0440\u0435\u0431\u0443\u0435\u0442 \u0434\u043e\u0440\u043e\u0433\u043e\u0441\u0442\u043e\u044f\u0449\u0435\u0433\u043e \u043e\u0431\u043e\u0440\u0443\u0434\u043e\u0432\u0430\u043d\u0438\u044f \u043f\u0440\u0438 \u0443\u043a\u043b\u0430\u0434\u043a\u0435. \u041d\u0435\u0431\u043e\u043b\u044c\u0448\u043e\u0439 \u0440\u0430\u0437\u043c\u0435\u0440 \u043f\u043b\u0438\u0442\u043a\u0438 \u043f\u043e\u0437\u0432\u043e\u043b\u044f\u0435\u0442 \u0438\u0441\u043f\u043e\u043b\u044c\u0437\u043e\u0432\u0430\u0442\u044c \u0435\u0451 \u0434\u0430\u0436\u0435 \u0432 \u0441\u0430\u043c\u044b\u0445 \u043d\u0435\u0431\u043e\u043b\u044c\u0448\u0438\u0445 \u043f\u043e\u043c\u0435\u0449\u0435\u043d\u0438\u044f\u0445.<\/p>\n<p style=\"text-align: center;\">\n<h4>\u0421olec\u021bie de teracot\u0103 din ceramica Essenza de la fabrica bulg\u0103reasc\u0103 <a href=\"https:\/\/www.kai.bg\/en\/\" target=\"_blank\" rel=\"noopener\">KAI Group<\/a>\u00a0pentru decorarea pere\u021bilor \u00een interior.<\/h4>\n<p><a href=\"https:\/\/ceramic.md\/ro\/product-category\/teracota\/?filter_producator=bulgaria\">Teracota din Bulgaria<\/a> are mai multe avantaje incontestabile &#8211; nu r\u0103m\u00e2n \u00een urm\u0103 de spaniol\u0103 sau italian\u0103 \u00een calitate \u0219i sunt mult mai pl\u0103cute la pre\u021b. Fabricile bulg\u0103re\u0219ti de ceramica \u021bin pasul cu vremurile \u0219i nu \u00eenceteaz\u0103 niciodat\u0103 s\u0103 uimeasc\u0103 consumatorii cu noi colec\u021bii, contribuind la stabilirea unor noi tendin\u021be \u00een tendin\u021bele sezonului. Colec\u021biile lor sunt foarte populare \u00een Europa de mul\u021bi ani.<\/p>\n<p>Au trecut vremurile c\u00e2nd trebuia s\u0103 alegi &#8211; calitate sau buget. Fabricile bulgare v\u0103 vor oferi ambele \u00een acela\u0219i timp, complet\u00e2nd acest lucru cu stil \u0219i un aspect unic.<\/p>\n<p><img class=\"alignnone size-full wp-image-10733 aligncenter\" src=\"https:\/\/ceramic.md\/wp-content\/uploads\/2021\/06\/kaigrouplogo.png\" alt=\"\" width=\"144\" height=\"90\"><\/p>\n<p>Fabrica KAI Group \u0219i-a continuat opera\u021biunea de succes de peste 50 de ani. Introduc\u00e2nd constant cele mai noi tehnologii, planta creeaz\u0103 colec\u021bii de pl\u0103ci ceramice care sunt capabile s\u0103 aduc\u0103 stil \u0219i rafinament individual fiec\u0103rei case. Fabrica se remarc\u0103 prin aten\u021bia deosebit\u0103 acordat\u0103 detaliilor. Atunci c\u00e2nd creeaz\u0103 pl\u0103ci care imit\u0103 materialele naturale, designerii \u00eencearc\u0103 s\u0103 le ofere un design unic care d\u0103 senza\u021bia de lemn natural sau piatr\u0103.<\/p>\n<p>Colec\u021bia de teracot\u0103 Essenza pentru decorarea pere\u021bilor interiori. Faian\u021ba poate fi folosit\u0103 \u00een baie, sufragerie \u0219i buc\u0103t\u0103rie, precum \u0219i pentru decorarea elementelor interioare individuale. Colec\u021bia combin\u0103 dou\u0103 culori de pl\u0103ci de baz\u0103 \u00een nuan\u021be alb-negru \u0219i decor cu ornament geometric. Combina\u021bia u\u0219oar\u0103 \u0219i delicat\u0103 de culori \u0219i texturi confer\u0103 acestei colec\u021bii un farmec deosebit.<\/p>\n<p>Faian\u021b\u0103 este realizat\u0103 din lut ro\u0219u \u00een dimensiunea 30&#215;60 cm, grosimea ei este de 8 mm. U\u0219or de t\u0103iat \u0219i g\u0103urit, nu necesit\u0103 echipamente scumpe atunci c\u00e2nd pune\u021bi. Dimensiuni mici a pl\u0103cilor le permite s\u0103 fie folosite chiar \u0219i \u00een cele mai mici spa\u021bii.<\/p>","protected":false},"excerpt":{"rendered":"<p>Colec\u021bie de teracot\u0103 baie, buc\u0103t\u0103rie, sufragerie de la <b>KAI Group, <\/b>Bulgaria<\/p>\n","protected":false},"featured_media":16970,"template":"","meta":[],"product_cat":[287,723,724],"product_tag":[],"_links":{"self":[{"href":"https:\/\/ceramic.md\/ro\/wp-json\/wp\/v2\/product\/16967"}],"collection":[{"href":"https:\/\/ceramic.md\/ro\/wp-json\/wp\/v2\/product"}],"about":[{"href":"https:\/\/ceramic.md\/ro\/wp-json\/wp\/v2\/types\/product"}],"wp:featuredmedia":[{"embeddable":true,"href":"https:\/\/ceramic.md\/ro\/wp-json\/wp\/v2\/media\/16970"}],"wp:attachment":[{"href":"https:\/\/ceramic.md\/ro\/wp-json\/wp\/v2\/media?parent=16967"}],"wp:term":[{"taxonomy":"product_cat","embeddable":true,"href":"https:\/\/ceramic.md\/ro\/wp-json\/wp\/v2\/product_cat?post=16967"},{"taxonomy":"product_tag","embeddable":true,"href":"https:\/\/ceramic.md\/ro\/wp-json\/wp\/v2\/product_tag?post=16967"}],"curies":[{"name":"wp","href":"https:\/\/api.w.org\/{rel}","templated":true}]}}