{"id":17191,"date":"2024-04-28T11:52:26","date_gmt":"2024-04-28T08:52:26","guid":{"rendered":"https:\/\/ceramic.md\/?post_type=product&#038;p=17191"},"modified":"2024-07-05T10:59:59","modified_gmt":"2024-07-05T07:59:59","slug":"sopro-saphir-jasny-bez-29","status":"publish","type":"product","link":"https:\/\/ceramic.md\/ro\/product\/sopro-saphir-jasny-bez-29\/","title":{"rendered":"Sopro Saphir Jasny Bez 29"},"content":{"rendered":"<h4>Chit pentru rosturi <a href=\"https:\/\/www.sopro.com\/\" target=\"_blank\" rel=\"noopener\">Sopro<\/a> Saphir Jasny Bez 29<\/h4>\n<p><img class=\"alignnone wp-image-8367\" src=\"https:\/\/ceramic.md\/wp-content\/uploads\/2020\/07\/sopro-rez0-e1613733038776.png\" alt=\"\" width=\"105\" height=\"125\"> <img class=\"alignnone wp-image-8368\" src=\"https:\/\/ceramic.md\/wp-content\/uploads\/2020\/07\/sopro-rez1-e1613733104966.png\" alt=\"\" width=\"105\" height=\"125\"> <img class=\"alignnone wp-image-8369\" src=\"https:\/\/ceramic.md\/wp-content\/uploads\/2020\/07\/sopro-rez2-e1613732949701.png\" alt=\"\" width=\"105\" height=\"125\"> <img class=\"alignnone wp-image-8370\" src=\"https:\/\/ceramic.md\/wp-content\/uploads\/2020\/07\/sopro-rez3-e1613733022684.png\" alt=\"\" width=\"105\" height=\"125\"> <img class=\"alignnone wp-image-8371\" src=\"https:\/\/ceramic.md\/wp-content\/uploads\/2020\/07\/sopro-rez4-e1613733141688.png\" alt=\"\" width=\"105\" height=\"125\"> <img class=\"alignnone wp-image-8372\" src=\"https:\/\/ceramic.md\/wp-content\/uploads\/2020\/07\/sopro-rez5-e1613733175202.png\" alt=\"\" width=\"105\" height=\"125\"> <img class=\"alignnone wp-image-8373\" src=\"https:\/\/ceramic.md\/wp-content\/uploads\/2020\/07\/sopro-rez6-e1613733208846.png\" alt=\"\" width=\"105\" height=\"125\"><\/p>\n<p>Pe baz\u0103 de ciment, flexibil, foarte rezistent la p\u0103trunderea apei \u0219i a murd\u0103riei, mortar cu \u201eefect de lotus\u201d, adic\u0103 respingerea apei, pentru chituirea pl\u0103cilor ceramice. Respect\u0103 cerin\u021bele CG2 WA conform PN-EN 13888. Datorit\u0103 tehnologiei Hydrodur\u00ae, chitul este u\u0219or de cur\u0103\u021bat \u0219i are o protec\u021bie sporit\u0103 \u00eempotriva mucegaiului \u0219i microorganismelor. Con\u021binut sc\u0103zut de cromat conform Regulamentului (WE) 1907\/2006, anexa XVII.<\/p>\n<ul>\n<li>Pentru rosturi 1-6 mm<\/li>\n<li>Pentru pl\u0103ci ceramice absorbante \u0219i neabsorbante<\/li>\n<li>Culoare durabil\u0103<\/li>\n<li>Suprafa\u021b\u0103 delicat\u0103 \u0219i neted\u0103<\/li>\n<li>Rezisten\u021b\u0103 la murd\u0103rie &#8211; capacitate de autocur\u0103\u021bare \u0219i redus\u0103 absorb\u021bia murd\u0103riei \u0219i umezelii<\/li>\n<li>Elastic<\/li>\n<li>Pentru pardoseli \u0219i pere\u021bi, de asemenea podele calde<\/li>\n<li>Interior \u0219i exterior<\/li>\n<\/ul>\n<p><strong>Culoarea: <\/strong>\u211629<\/p>\n<p><strong>Produc\u0103tor:<\/strong>\u00a0<a href=\"https:\/\/ceramic.md\/product-category\/adeziv-si-fuga\/fuga\/?filter_producator=polonia\">Polonia<\/a><\/p>\n<p><strong>Ambalare:<\/strong>\u00a0 2 kg, 4 kg<\/p>\n<p><strong>Aplicare:<\/strong> Pentru chituirea rosturilor absorbante \u0219i non-absorbante, cu o l\u0103\u021bime de 1-6 mm, \u00een interior \u0219i \u00een exterior, pe pere\u021bi \u0219i podele. De asemenea, potrivit pentru pardoseli \u0219i pere\u021bi \u00eenc\u0103lzi\u021bi \u0219i mai ales pentru utilizare \u00een \u00eenc\u0103peri umede.<\/p>\n<p><strong>Raport de amestecare:<\/strong> 0,90-1,10 l ap\u0103: 4 kg Sopro Saphir\u00ae 0,45-0,55 l ap\u0103: 2 kg Sopro Saphir\u00ae<\/p>\n<p><strong>Timp de maturare<\/strong>: 3-5 minute<\/p>\n<p><strong>Timp de utilizare:<\/strong> \u00een termen de 2 ore; mortarul \u00eent\u0103rit nu trebuie diluat cu ap\u0103 sau amestecat cu mortar proasp\u0103t pentru reutilizare.<\/p>\n<p><strong>Capacitate de plimbare:<\/strong> dup\u0103 12 ore<\/p>\n<p><strong>Capacitate de \u00eenc\u0103rcare:<\/strong> dup\u0103 48 de ore<\/p>\n<p><strong>Temperatura de aplicare:<\/strong> cuprins\u0103 \u00eentre + 5 \u00b0 C \u0219i maximum + 30 \u00b0 C (baz\u0103, material, aer).<\/p>\n<p><strong>L\u0103\u021bimea rosturilor:<\/strong> 1 &#8211; 6 mm<\/p>\n<p><strong>Consum:<\/strong> Aproximativ 0,5 kg \/ m\u00b2 \u00een cazul pl\u0103cilor \u00een format de 15&#215;20 cm \u0219i o l\u0103\u021bime a \u00eembin\u0103rii de aproximativ 3 mm. Aproximativ 0,3 kg \/ m\u00b2 pentru pl\u0103ci \u00een format 20&#215;30 cm \u0219i \u00eembin\u0103ri de pl\u0103ci de aproximativ 3 mm.<\/p>\n<p><strong>Depozitare:<\/strong> \u00cen ambalaje originale nedeschise, \u00eentr-un loc uscat, pe pale\u021bi, 24 de luni de la data produc\u021biei.<\/p>\n<p><strong>Caracteristici:<\/strong> Sopro Saphir\u00ae este un amestec de ciment, flexibil, cu rezisten\u021b\u0103 ridicat\u0103 la ap\u0103 \u0219i murd\u0103rie, care \u00eendepline\u0219te cerin\u021bele CG2 WA conform PN-EN 13888. U\u0219or de lucrat \u0219i foarte u\u0219or de sp\u0103lat dup\u0103 tratament. Aceste caracteristici, combinate cu o suprafa\u021b\u0103 delicat\u0103, neted\u0103 \u0219i cu o rezisten\u021b\u0103 sporit\u0103 a culorii, contribuie la aspectul estetic pe termen lung al chitului.","protected":false},"excerpt":{"rendered":"<p><strong>Fug\u0103 pentru rosturi \u00eentre pl\u0103ci de teracot\u0103 <\/strong>pentru interior \u0219i exterior Sopro Saphir \u211629<\/p>\n","protected":false},"featured_media":19511,"template":"","meta":[],"product_cat":[50],"product_tag":[],"_links":{"self":[{"href":"https:\/\/ceramic.md\/ro\/wp-json\/wp\/v2\/product\/17191"}],"collection":[{"href":"https:\/\/ceramic.md\/ro\/wp-json\/wp\/v2\/product"}],"about":[{"href":"https:\/\/ceramic.md\/ro\/wp-json\/wp\/v2\/types\/product"}],"wp:featuredmedia":[{"embeddable":true,"href":"https:\/\/ceramic.md\/ro\/wp-json\/wp\/v2\/media\/19511"}],"wp:attachment":[{"href":"https:\/\/ceramic.md\/ro\/wp-json\/wp\/v2\/media?parent=17191"}],"wp:term":[{"taxonomy":"product_cat","embeddable":true,"href":"https:\/\/ceramic.md\/ro\/wp-json\/wp\/v2\/product_cat?post=17191"},{"taxonomy":"product_tag","embeddable":true,"href":"https:\/\/ceramic.md\/ro\/wp-json\/wp\/v2\/product_tag?post=17191"}],"curies":[{"name":"wp","href":"https:\/\/api.w.org\/{rel}","templated":true}]}}