{"id":17704,"date":"2023-08-14T17:06:05","date_gmt":"2023-08-14T14:06:05","guid":{"rendered":"https:\/\/ceramic.md\/?post_type=product&#038;p=17704"},"modified":"2025-12-08T12:19:40","modified_gmt":"2025-12-08T10:19:40","slug":"piatra-decorativa-chisinau-0802","status":"publish","type":"product","link":"https:\/\/ceramic.md\/ro\/product\/piatra-decorativa-chisinau-0802\/","title":{"rendered":"6&#215;12,5\/25cm Chi\u0219in\u0103u 0802"},"content":{"rendered":"<h4>Piatr\u0103 decorativ\u0103 din beton Chi\u0219in\u0103u 0802<\/h4>\n<p><strong>Dimensiune<\/strong><strong>:<\/strong> 6&#215;25; 6&#215;12,5 \u0441m<\/p>\n<p><strong>Cantitatea pachetului:<\/strong> 0,65 m\u00b2 (28 buc mari, 24 buc mici)<\/p>\n<p><strong>Greutatea pachetului:<\/strong> 23,4 kg<\/p>\n<p><strong>Produc\u0103tor<\/strong><strong>:<\/strong> <a href=\"https:\/\/ceramic.md\/product-category\/piatra-decorativa\/polimerbeton\/?filter_producator=moldova\">Moldova<\/a><\/p>\n<div class=\"container section-title-container\" ><h3 class=\"section-title section-title-bold-center\"><b><\/b><span class=\"section-title-main\" style=\"color:rgb(0, 0, 0);\">Toate culori<\/span><b><\/b><\/h3><\/div>\n\n<div class=\"woocommerce columns-3 \"><span class=\"wpfHidden\" data-shortcode-attribute=\"{&quot;limit&quot;:&quot;12&quot;,&quot;columns&quot;:&quot;3&quot;,&quot;rows&quot;:&quot;&quot;,&quot;orderby&quot;:&quot;date&quot;,&quot;order&quot;:&quot;&quot;,&quot;ids&quot;:&quot;17698,17703,17704,17705&quot;,&quot;skus&quot;:&quot;&quot;,&quot;category&quot;:&quot;&quot;,&quot;cat_operator&quot;:&quot;IN&quot;,&quot;attribute&quot;:&quot;&quot;,&quot;terms&quot;:&quot;&quot;,&quot;terms_operator&quot;:&quot;IN&quot;,&quot;tag&quot;:&quot;&quot;,&quot;tag_operator&quot;:&quot;IN&quot;,&quot;visibility&quot;:&quot;visible&quot;,&quot;class&quot;:&quot;&quot;,&quot;page&quot;:1,&quot;paginate&quot;:false,&quot;cache&quot;:false}\"><\/span><div class=\"products row row-small large-columns-3 medium-columns-3 small-columns-2 has-shadow row-box-shadow-2 row-box-shadow-3-hover\">\n<div class=\"product-small col has-hover product type-product post-17705 status-publish first instock product_cat-piatra-decorativa product_cat-polimerbeton has-post-thumbnail sale shipping-taxable product-type-simple\">\n\t<div class=\"col-inner\">\n\t\n<div class=\"badge-container absolute left top z-1\">\n\t\t<div class=\"callout badge badge-square\"><div class=\"badge-inner secondary on-sale\"><span class=\"onsale\">-14%<\/span><\/div><\/div>\n<\/div>\n\t<div class=\"product-small box \">\n\t\t<div class=\"box-image\">\n\t\t\t<div class=\"image-zoom\">\n\t\t\t\t<a href=\"https:\/\/ceramic.md\/ro\/product\/piatra-decorativa-chisinau-0801\/\" aria-label=\"6x12,5\/25cm Chi\u0219in\u0103u 0801\">\n\t\t\t\t\t<img width=\"300\" height=\"300\" src=\"https:\/\/ceramic.md\/wp-content\/uploads\/2023\/08\/ceramic.md-piatra-decorativa-din-beton-chisinau-0801-300x300.jpg\" class=\"attachment-woocommerce_thumbnail size-woocommerce_thumbnail\" alt=\"Ceramic.md Piatra decorativa din beton Chisinau 0801\" srcset=\"https:\/\/ceramic.md\/wp-content\/uploads\/2023\/08\/ceramic.md-piatra-decorativa-din-beton-chisinau-0801-300x300.jpg 300w, https:\/\/ceramic.md\/wp-content\/uploads\/2023\/08\/ceramic.md-piatra-decorativa-din-beton-chisinau-0801-100x100.jpg 100w, https:\/\/ceramic.md\/wp-content\/uploads\/2023\/08\/ceramic.md-piatra-decorativa-din-beton-chisinau-0801-600x600.jpg 600w, https:\/\/ceramic.md\/wp-content\/uploads\/2023\/08\/ceramic.md-piatra-decorativa-din-beton-chisinau-0801-400x400.jpg 400w, https:\/\/ceramic.md\/wp-content\/uploads\/2023\/08\/ceramic.md-piatra-decorativa-din-beton-chisinau-0801-800x800.jpg 800w, https:\/\/ceramic.md\/wp-content\/uploads\/2023\/08\/ceramic.md-piatra-decorativa-din-beton-chisinau-0801-768x768.jpg 768w, https:\/\/ceramic.md\/wp-content\/uploads\/2023\/08\/ceramic.md-piatra-decorativa-din-beton-chisinau-0801-1536x1536.jpg 1536w, https:\/\/ceramic.md\/wp-content\/uploads\/2023\/08\/ceramic.md-piatra-decorativa-din-beton-chisinau-0801-2048x2048.jpg 2048w\" sizes=\"(max-width: 300px) 100vw, 300px\" \/>\t\t\t\t<\/a>\n\t\t\t<\/div>\n\t\t\t<div class=\"image-tools is-small top right show-on-hover\">\n\t\t\t\t\t\t\t<\/div>\n\t\t\t<div class=\"image-tools is-small hide-for-small bottom left show-on-hover\">\n\t\t\t\t\t\t\t<\/div>\n\t\t\t<div class=\"image-tools grid-tools text-center hide-for-small bottom hover-slide-in show-on-hover\">\n\t\t\t\t\t\t\t<\/div>\n\t\t\t\t\t<\/div>\n\n\t\t<div class=\"box-text box-text-products text-center grid-style-2\">\n\t\t\tPiatr\u0103 decorativ\u0103<div class=\"title-wrapper\"><p itemprop=\"name\" class=\"product_title entry-title\">Moldova<\/p><\/div><div class=\"price-wrapper\"><\/div>\t\t<\/div>\n\t<\/div>\n\t\t<\/div>\n<\/div>\n<div class=\"product-small col has-hover product type-product post-17704 status-publish instock product_cat-piatra-decorativa product_cat-polimerbeton has-post-thumbnail sale shipping-taxable product-type-simple\">\n\t<div class=\"col-inner\">\n\t\n<div class=\"badge-container absolute left top z-1\">\n\t\t<div class=\"callout badge badge-square\"><div class=\"badge-inner secondary on-sale\"><span class=\"onsale\">-14%<\/span><\/div><\/div>\n<\/div>\n\t<div class=\"product-small box \">\n\t\t<div class=\"box-image\">\n\t\t\t<div class=\"image-zoom\">\n\t\t\t\t<a href=\"https:\/\/ceramic.md\/ro\/product\/piatra-decorativa-chisinau-0802\/\" aria-label=\"6x12,5\/25cm Chi\u0219in\u0103u 0802\">\n\t\t\t\t\t<img width=\"300\" height=\"300\" src=\"https:\/\/ceramic.md\/wp-content\/uploads\/2023\/08\/ceramic.md-piatra-decorativa-din-beton-chisinau-0802-300x300.jpg\" class=\"attachment-woocommerce_thumbnail size-woocommerce_thumbnail\" alt=\"Ceramic.md Piatra decorativa din beton Chisinau 0802\" srcset=\"https:\/\/ceramic.md\/wp-content\/uploads\/2023\/08\/ceramic.md-piatra-decorativa-din-beton-chisinau-0802-300x300.jpg 300w, https:\/\/ceramic.md\/wp-content\/uploads\/2023\/08\/ceramic.md-piatra-decorativa-din-beton-chisinau-0802-100x100.jpg 100w, https:\/\/ceramic.md\/wp-content\/uploads\/2023\/08\/ceramic.md-piatra-decorativa-din-beton-chisinau-0802-600x600.jpg 600w, https:\/\/ceramic.md\/wp-content\/uploads\/2023\/08\/ceramic.md-piatra-decorativa-din-beton-chisinau-0802-400x400.jpg 400w, https:\/\/ceramic.md\/wp-content\/uploads\/2023\/08\/ceramic.md-piatra-decorativa-din-beton-chisinau-0802-800x800.jpg 800w, https:\/\/ceramic.md\/wp-content\/uploads\/2023\/08\/ceramic.md-piatra-decorativa-din-beton-chisinau-0802-768x768.jpg 768w, https:\/\/ceramic.md\/wp-content\/uploads\/2023\/08\/ceramic.md-piatra-decorativa-din-beton-chisinau-0802-1536x1536.jpg 1536w, https:\/\/ceramic.md\/wp-content\/uploads\/2023\/08\/ceramic.md-piatra-decorativa-din-beton-chisinau-0802-2048x2048.jpg 2048w\" sizes=\"(max-width: 300px) 100vw, 300px\" \/>\t\t\t\t<\/a>\n\t\t\t<\/div>\n\t\t\t<div class=\"image-tools is-small top right show-on-hover\">\n\t\t\t\t\t\t\t<\/div>\n\t\t\t<div class=\"image-tools is-small hide-for-small bottom left show-on-hover\">\n\t\t\t\t\t\t\t<\/div>\n\t\t\t<div class=\"image-tools grid-tools text-center hide-for-small bottom hover-slide-in show-on-hover\">\n\t\t\t\t\t\t\t<\/div>\n\t\t\t\t\t<\/div>\n\n\t\t<div class=\"box-text box-text-products text-center grid-style-2\">\n\t\t\tPiatr\u0103 decorativ\u0103<div class=\"title-wrapper\"><p itemprop=\"name\" class=\"product_title entry-title\">Moldova<\/p><\/div><div class=\"price-wrapper\"><\/div>\t\t<\/div>\n\t<\/div>\n\t\t<\/div>\n<\/div>\n<div class=\"product-small col has-hover product type-product post-17703 status-publish last instock product_cat-piatra-decorativa product_cat-polimerbeton has-post-thumbnail sale shipping-taxable product-type-simple\">\n\t<div class=\"col-inner\">\n\t\n<div class=\"badge-container absolute left top z-1\">\n\t\t<div class=\"callout badge badge-square\"><div class=\"badge-inner secondary on-sale\"><span class=\"onsale\">-14%<\/span><\/div><\/div>\n<\/div>\n\t<div class=\"product-small box \">\n\t\t<div class=\"box-image\">\n\t\t\t<div class=\"image-zoom\">\n\t\t\t\t<a href=\"https:\/\/ceramic.md\/ro\/product\/piatra-decorativa-chisinau-0821\/\" aria-label=\"6x12,5\/25cm Chi\u0219in\u0103u 0821\">\n\t\t\t\t\t<img width=\"300\" height=\"300\" src=\"https:\/\/ceramic.md\/wp-content\/uploads\/2023\/08\/ceramic.-md-piatra-decorativa-din-beton-chisinau-0821-300x300.jpg\" class=\"attachment-woocommerce_thumbnail size-woocommerce_thumbnail\" alt=\"Ceramic. md Piatra decorativa din beton Chisinau 0821\" srcset=\"https:\/\/ceramic.md\/wp-content\/uploads\/2023\/08\/ceramic.-md-piatra-decorativa-din-beton-chisinau-0821-300x300.jpg 300w, https:\/\/ceramic.md\/wp-content\/uploads\/2023\/08\/ceramic.-md-piatra-decorativa-din-beton-chisinau-0821-100x100.jpg 100w, https:\/\/ceramic.md\/wp-content\/uploads\/2023\/08\/ceramic.-md-piatra-decorativa-din-beton-chisinau-0821-600x600.jpg 600w, https:\/\/ceramic.md\/wp-content\/uploads\/2023\/08\/ceramic.-md-piatra-decorativa-din-beton-chisinau-0821-400x400.jpg 400w, https:\/\/ceramic.md\/wp-content\/uploads\/2023\/08\/ceramic.-md-piatra-decorativa-din-beton-chisinau-0821-800x800.jpg 800w, https:\/\/ceramic.md\/wp-content\/uploads\/2023\/08\/ceramic.-md-piatra-decorativa-din-beton-chisinau-0821-768x768.jpg 768w, https:\/\/ceramic.md\/wp-content\/uploads\/2023\/08\/ceramic.-md-piatra-decorativa-din-beton-chisinau-0821-1536x1536.jpg 1536w, https:\/\/ceramic.md\/wp-content\/uploads\/2023\/08\/ceramic.-md-piatra-decorativa-din-beton-chisinau-0821-2048x2048.jpg 2048w\" sizes=\"(max-width: 300px) 100vw, 300px\" \/>\t\t\t\t<\/a>\n\t\t\t<\/div>\n\t\t\t<div class=\"image-tools is-small top right show-on-hover\">\n\t\t\t\t\t\t\t<\/div>\n\t\t\t<div class=\"image-tools is-small hide-for-small bottom left show-on-hover\">\n\t\t\t\t\t\t\t<\/div>\n\t\t\t<div class=\"image-tools grid-tools text-center hide-for-small bottom hover-slide-in show-on-hover\">\n\t\t\t\t\t\t\t<\/div>\n\t\t\t\t\t<\/div>\n\n\t\t<div class=\"box-text box-text-products text-center grid-style-2\">\n\t\t\tPiatr\u0103 decorativ\u0103<div class=\"title-wrapper\"><p itemprop=\"name\" class=\"product_title entry-title\">Moldova<\/p><\/div><div class=\"price-wrapper\"><\/div>\t\t<\/div>\n\t<\/div>\n\t\t<\/div>\n<\/div>\n<div class=\"product-small col has-hover product type-product post-17698 status-publish first instock product_cat-piatra-decorativa product_cat-polimerbeton has-post-thumbnail sale shipping-taxable product-type-simple\">\n\t<div class=\"col-inner\">\n\t\n<div class=\"badge-container absolute left top z-1\">\n\t\t<div class=\"callout badge badge-square\"><div class=\"badge-inner secondary on-sale\"><span class=\"onsale\">-14%<\/span><\/div><\/div>\n<\/div>\n\t<div class=\"product-small box \">\n\t\t<div class=\"box-image\">\n\t\t\t<div class=\"image-zoom\">\n\t\t\t\t<a href=\"https:\/\/ceramic.md\/ro\/product\/piatra-decorativa-chisinau-0822\/\" aria-label=\"6x12,5\/25cm Chi\u0219in\u0103u 0822\">\n\t\t\t\t\t<img width=\"300\" height=\"300\" src=\"https:\/\/ceramic.md\/wp-content\/uploads\/2023\/08\/ceramic.-md-piatra-decorativa-din-beton-chisinau-0822-300x300.jpg\" class=\"attachment-woocommerce_thumbnail size-woocommerce_thumbnail\" alt=\"Ceramic. md Piatra decorativa din beton Chisinau 0822\" srcset=\"https:\/\/ceramic.md\/wp-content\/uploads\/2023\/08\/ceramic.-md-piatra-decorativa-din-beton-chisinau-0822-300x300.jpg 300w, https:\/\/ceramic.md\/wp-content\/uploads\/2023\/08\/ceramic.-md-piatra-decorativa-din-beton-chisinau-0822-100x100.jpg 100w, https:\/\/ceramic.md\/wp-content\/uploads\/2023\/08\/ceramic.-md-piatra-decorativa-din-beton-chisinau-0822-600x600.jpg 600w, https:\/\/ceramic.md\/wp-content\/uploads\/2023\/08\/ceramic.-md-piatra-decorativa-din-beton-chisinau-0822-400x400.jpg 400w, https:\/\/ceramic.md\/wp-content\/uploads\/2023\/08\/ceramic.-md-piatra-decorativa-din-beton-chisinau-0822-800x800.jpg 800w, https:\/\/ceramic.md\/wp-content\/uploads\/2023\/08\/ceramic.-md-piatra-decorativa-din-beton-chisinau-0822-768x768.jpg 768w, https:\/\/ceramic.md\/wp-content\/uploads\/2023\/08\/ceramic.-md-piatra-decorativa-din-beton-chisinau-0822-1536x1536.jpg 1536w, https:\/\/ceramic.md\/wp-content\/uploads\/2023\/08\/ceramic.-md-piatra-decorativa-din-beton-chisinau-0822-2048x2048.jpg 2048w\" sizes=\"(max-width: 300px) 100vw, 300px\" \/>\t\t\t\t<\/a>\n\t\t\t<\/div>\n\t\t\t<div class=\"image-tools is-small top right show-on-hover\">\n\t\t\t\t\t\t\t<\/div>\n\t\t\t<div class=\"image-tools is-small hide-for-small bottom left show-on-hover\">\n\t\t\t\t\t\t\t<\/div>\n\t\t\t<div class=\"image-tools grid-tools text-center hide-for-small bottom hover-slide-in show-on-hover\">\n\t\t\t\t\t\t\t<\/div>\n\t\t\t\t\t<\/div>\n\n\t\t<div class=\"box-text box-text-products text-center grid-style-2\">\n\t\t\tPiatr\u0103 decorativ\u0103<div class=\"title-wrapper\"><p itemprop=\"name\" class=\"product_title entry-title\">Moldova<\/p><\/div><div class=\"price-wrapper\"><\/div>\t\t<\/div>\n\t<\/div>\n\t\t<\/div>\n<\/div>\n<\/div><!-- row --><\/div>","protected":false},"excerpt":{"rendered":"<p><strong>Piatr\u0103 decorativ\u0103 din beton <\/strong>pentru interior \u0219i exterior, 6&#215;12,5\/25cm, Moldova<\/p>\n","protected":false},"featured_media":17706,"template":"","meta":[],"product_cat":[33,34],"product_tag":[],"_links":{"self":[{"href":"https:\/\/ceramic.md\/ro\/wp-json\/wp\/v2\/product\/17704"}],"collection":[{"href":"https:\/\/ceramic.md\/ro\/wp-json\/wp\/v2\/product"}],"about":[{"href":"https:\/\/ceramic.md\/ro\/wp-json\/wp\/v2\/types\/product"}],"wp:featuredmedia":[{"embeddable":true,"href":"https:\/\/ceramic.md\/ro\/wp-json\/wp\/v2\/media\/17706"}],"wp:attachment":[{"href":"https:\/\/ceramic.md\/ro\/wp-json\/wp\/v2\/media?parent=17704"}],"wp:term":[{"taxonomy":"product_cat","embeddable":true,"href":"https:\/\/ceramic.md\/ro\/wp-json\/wp\/v2\/product_cat?post=17704"},{"taxonomy":"product_tag","embeddable":true,"href":"https:\/\/ceramic.md\/ro\/wp-json\/wp\/v2\/product_tag?post=17704"}],"curies":[{"name":"wp","href":"https:\/\/api.w.org\/{rel}","templated":true}]}}