{"id":17871,"date":"2023-09-08T15:40:52","date_gmt":"2023-09-08T12:40:52","guid":{"rendered":"https:\/\/ceramic.md\/?post_type=product&#038;p=17871"},"modified":"2025-02-11T09:37:32","modified_gmt":"2025-02-11T07:37:32","slug":"colectie-wells","status":"publish","type":"product","link":"https:\/\/ceramic.md\/ro\/product\/colectie-wells\/","title":{"rendered":"Colec\u021bie Wells"},"content":{"rendered":"<div class=\"container section-title-container\" ><h3 class=\"section-title section-title-bold-center\"><b><\/b><span class=\"section-title-main\" style=\"color:rgb(0, 0, 0);\">Compozi\u021bia colec\u021biei de teracot\u0103<\/span><b><\/b><\/h3><\/div>\n\n<p style=\"text-align: center;\"><span style=\"font-size: 100%;\"><div class=\"woocommerce columns-3 \"><span class=\"wpfHidden\" data-shortcode-attribute=\"{&quot;limit&quot;:&quot;15&quot;,&quot;columns&quot;:&quot;3&quot;,&quot;rows&quot;:&quot;&quot;,&quot;orderby&quot;:&quot;date&quot;,&quot;order&quot;:&quot;&quot;,&quot;ids&quot;:&quot;13663, 13664, 13670, 13671, 13672, 13693, 13694, 13703, 13708, 17874, 17876&quot;,&quot;skus&quot;:&quot;&quot;,&quot;category&quot;:&quot;&quot;,&quot;cat_operator&quot;:&quot;IN&quot;,&quot;attribute&quot;:&quot;&quot;,&quot;terms&quot;:&quot;&quot;,&quot;terms_operator&quot;:&quot;IN&quot;,&quot;tag&quot;:&quot;&quot;,&quot;tag_operator&quot;:&quot;IN&quot;,&quot;visibility&quot;:&quot;visible&quot;,&quot;class&quot;:&quot;&quot;,&quot;page&quot;:1,&quot;paginate&quot;:false,&quot;cache&quot;:false}\"><\/span><div class=\"products row row-small large-columns-3 medium-columns-3 small-columns-2 has-shadow row-box-shadow-2 row-box-shadow-3-hover\">\n<div class=\"product-small col has-hover product type-product post-17876 status-publish first instock product_cat-faianta product_cat-teracota has-post-thumbnail shipping-taxable product-type-simple\">\n\t<div class=\"col-inner\">\n\t\n<div class=\"badge-container absolute left top z-1\">\n<\/div>\n\t<div class=\"product-small box \">\n\t\t<div class=\"box-image\">\n\t\t\t<div class=\"image-zoom\">\n\t\t\t\t<a href=\"https:\/\/ceramic.md\/ro\/product\/333x100-wells-pearl\/\" aria-label=\"33,3x100cm Wells Pearl\">\n\t\t\t\t\t<img width=\"300\" height=\"103\" src=\"https:\/\/ceramic.md\/wp-content\/uploads\/2023\/09\/ceramic.md-333x100-wells-pearl-300x103.jpg\" class=\"attachment-woocommerce_thumbnail size-woocommerce_thumbnail\" alt=\"Wells Pearl\" srcset=\"https:\/\/ceramic.md\/wp-content\/uploads\/2023\/09\/ceramic.md-333x100-wells-pearl-300x103.jpg 300w, https:\/\/ceramic.md\/wp-content\/uploads\/2023\/09\/ceramic.md-333x100-wells-pearl-600x206.jpg 600w, https:\/\/ceramic.md\/wp-content\/uploads\/2023\/09\/ceramic.md-333x100-wells-pearl-800x274.jpg 800w, https:\/\/ceramic.md\/wp-content\/uploads\/2023\/09\/ceramic.md-333x100-wells-pearl-1400x480.jpg 1400w, https:\/\/ceramic.md\/wp-content\/uploads\/2023\/09\/ceramic.md-333x100-wells-pearl-400x137.jpg 400w, https:\/\/ceramic.md\/wp-content\/uploads\/2023\/09\/ceramic.md-333x100-wells-pearl-768x264.jpg 768w, https:\/\/ceramic.md\/wp-content\/uploads\/2023\/09\/ceramic.md-333x100-wells-pearl-1536x527.jpg 1536w, https:\/\/ceramic.md\/wp-content\/uploads\/2023\/09\/ceramic.md-333x100-wells-pearl.jpg 1772w\" sizes=\"(max-width: 300px) 100vw, 300px\" \/>\t\t\t\t<\/a>\n\t\t\t<\/div>\n\t\t\t<div class=\"image-tools is-small top right show-on-hover\">\n\t\t\t\t\t\t\t<\/div>\n\t\t\t<div class=\"image-tools is-small hide-for-small bottom left show-on-hover\">\n\t\t\t\t\t\t\t<\/div>\n\t\t\t<div class=\"image-tools grid-tools text-center hide-for-small bottom hover-slide-in show-on-hover\">\n\t\t\t\t\t\t\t<\/div>\n\t\t\t\t\t<\/div>\n\n\t\t<div class=\"box-text box-text-products text-center grid-style-2\">\n\t\t\tFaian\u021b\u0103<div class=\"title-wrapper\"><p itemprop=\"name\" class=\"product_title entry-title\">Spania<\/p><\/div><div class=\"price-wrapper\"><\/div>\t\t<\/div>\n\t<\/div>\n\t\t<\/div>\n<\/div>\n<div class=\"product-small col has-hover product type-product post-17874 status-publish instock product_cat-faianta product_cat-teracota has-post-thumbnail shipping-taxable product-type-simple\">\n\t<div class=\"col-inner\">\n\t\n<div class=\"badge-container absolute left top z-1\">\n<\/div>\n\t<div class=\"product-small box \">\n\t\t<div class=\"box-image\">\n\t\t\t<div class=\"image-zoom\">\n\t\t\t\t<a href=\"https:\/\/ceramic.md\/ro\/product\/333x100-wells-ash\/\" aria-label=\"33,3x100cm Wells Ash\">\n\t\t\t\t\t<img width=\"300\" height=\"103\" src=\"https:\/\/ceramic.md\/wp-content\/uploads\/2023\/09\/ceramic.md-333x100-wells-ash-300x103.jpg\" class=\"attachment-woocommerce_thumbnail size-woocommerce_thumbnail\" alt=\"Wells Ash\" srcset=\"https:\/\/ceramic.md\/wp-content\/uploads\/2023\/09\/ceramic.md-333x100-wells-ash-300x103.jpg 300w, https:\/\/ceramic.md\/wp-content\/uploads\/2023\/09\/ceramic.md-333x100-wells-ash-600x206.jpg 600w, https:\/\/ceramic.md\/wp-content\/uploads\/2023\/09\/ceramic.md-333x100-wells-ash-800x274.jpg 800w, https:\/\/ceramic.md\/wp-content\/uploads\/2023\/09\/ceramic.md-333x100-wells-ash-1400x480.jpg 1400w, https:\/\/ceramic.md\/wp-content\/uploads\/2023\/09\/ceramic.md-333x100-wells-ash-400x137.jpg 400w, https:\/\/ceramic.md\/wp-content\/uploads\/2023\/09\/ceramic.md-333x100-wells-ash-768x264.jpg 768w, https:\/\/ceramic.md\/wp-content\/uploads\/2023\/09\/ceramic.md-333x100-wells-ash-1536x527.jpg 1536w, https:\/\/ceramic.md\/wp-content\/uploads\/2023\/09\/ceramic.md-333x100-wells-ash.jpg 1772w\" sizes=\"(max-width: 300px) 100vw, 300px\" \/>\t\t\t\t<\/a>\n\t\t\t<\/div>\n\t\t\t<div class=\"image-tools is-small top right show-on-hover\">\n\t\t\t\t\t\t\t<\/div>\n\t\t\t<div class=\"image-tools is-small hide-for-small bottom left show-on-hover\">\n\t\t\t\t\t\t\t<\/div>\n\t\t\t<div class=\"image-tools grid-tools text-center hide-for-small bottom hover-slide-in show-on-hover\">\n\t\t\t\t\t\t\t<\/div>\n\t\t\t\t\t<\/div>\n\n\t\t<div class=\"box-text box-text-products text-center grid-style-2\">\n\t\t\tFaian\u021b\u0103<div class=\"title-wrapper\"><p itemprop=\"name\" class=\"product_title entry-title\">Spania<\/p><\/div><div class=\"price-wrapper\"><\/div>\t\t<\/div>\n\t<\/div>\n\t\t<\/div>\n<\/div>\n<\/div><!-- row --><\/div><\/span><\/p>\n<h4>\n<h4>\u0421olec\u021bie de teracot\u0103 din ceramica Wells de la fabrica spaniol\u0103 <a href=\"https:\/\/www.pamesa.com\/\" target=\"_blank\" rel=\"noopener\">Pamesa ceramica<\/a> pentru decorarea pere\u021bilor \u00een interior.<\/h4>\n<p><a href=\"https:\/\/ceramic.md\/ro\/product-category\/teracota\/?filter_producator=spania\">Teracota spaniol\u0103<\/a> a fost \u00eentotdeauna renumite pentru calitatea, precum \u0219i pentru stilul unic \u0219i inimitabil. Gresie \u0219i faian\u021ba din Spania au devenit recunoscute \u0219i iubite nu numai de designeri, ci \u0219i de oamenii cu gust bun.<\/p>\n<p>Nu uita\u021bi c\u0103 argila utilizat\u0103 la producerea pl\u0103cilor de c\u0103tre fabricile spaniole este semnificativ diferit\u0103 ca puritate \u0219i densitate de cea utilizat\u0103 de fabricile din alte \u021b\u0103ri.<\/p>\n<p>Ast\u0103zi, Valencia nu \u00een zadar este considerat\u0103 centrul modei de teracot\u0103 din ceramica \u0219i por\u021belanat, deoarece fabricile spaniole sunt lideri \u00een produc\u021bia de teracot\u0103 elegant\u0103 \u0219i de calitate \u00eenalt\u0103 de mul\u021bi ani. Designerii spanioli sunt cei care stabilesc tendin\u021bele pentru \u00eentreaga lume.<\/p>\n<p><img class=\"wp-image-9608 aligncenter\" src=\"https:\/\/ceramic.md\/wp-content\/uploads\/2021\/06\/pamesa-logo.png\" alt=\"Pamesa Logo\" width=\"297\" height=\"105\" srcset=\"https:\/\/ceramic.md\/wp-content\/uploads\/2021\/06\/pamesa-logo.png 450w, https:\/\/ceramic.md\/wp-content\/uploads\/2021\/06\/pamesa-logo-300x106.png 300w, https:\/\/ceramic.md\/wp-content\/uploads\/2021\/06\/pamesa-logo-400x141.png 400w\" sizes=\"(max-width: 297px) 100vw, 297px\" \/><\/p>\n<p>Fabrica Pamesa ceramica se str\u0103duie\u0219te s\u0103 fie reperul \u00een produc\u021bia de gresie \u0219i faian\u021b\u0103, oferind clien\u021bilor s\u0103i o gam\u0103 larg\u0103 \u00een diferite stiluri, culori \u0219i formate, garant\u00e2nd \u00een acela\u0219i timp o calitate excelent\u0103. Designul \u0219i inova\u021bia sunt coloana vertebral\u0103 a companiei. Echipa de design lucreaz\u0103 neobosit pentru a inventa noi colec\u021bii care s\u0103 r\u0103spund\u0103 nevoilor \u0219i a\u0219tept\u0103rilor cump\u0103r\u0103torului. Fabrica prime\u0219te certificare de mediu pentru fiecare produs pe care \u00eel produce \u0219i organizeaz\u0103, de asemenea, colectarea \u0219i reciclarea de\u0219eurilor de produc\u021bie, cum ar fi carton, plastic \u0219i lemn.<\/p>\n<p>\u0421olec\u021bie de teracot\u0103 din ceramica Wells poate fi folosit\u0103 \u00een baie, sufragerie \u0219i buc\u0103t\u0103rie, precum \u0219i pentru decorarea altor elemente interioare. Tonurile pl\u0103cute ale colec\u021biei v\u0103 permit s\u0103 crea\u021bi un design lini\u0219tit \u0219i confortabil al oric\u0103rei camere.<\/p>\n<p>Faian\u021b\u0103 este realizat\u0103 din lut alb \u00een dimensiunea 33,3&#215;100 cm, grosimea ei este de 7 mm. U\u0219or de t\u0103iat \u0219i g\u0103urit, nu necesit\u0103 echipamente scumpe atunci c\u00e2nd pune\u021bi. Colec\u021bia include \u0219i formate mari de tracot\u0103 pentru podea \u0219i podea-perete.<\/p>\n\n<p>&nbsp;<\/p>","protected":false},"excerpt":{"rendered":"<p>Colec\u021bie de teracot\u0103 baie, buc\u0103t\u0103rie, sufragerie de la <strong>Pamesa Ceramica,<\/strong> Spania<\/p>\n","protected":false},"featured_media":17872,"template":"","meta":[],"product_cat":[287,723,724],"product_tag":[],"_links":{"self":[{"href":"https:\/\/ceramic.md\/ro\/wp-json\/wp\/v2\/product\/17871"}],"collection":[{"href":"https:\/\/ceramic.md\/ro\/wp-json\/wp\/v2\/product"}],"about":[{"href":"https:\/\/ceramic.md\/ro\/wp-json\/wp\/v2\/types\/product"}],"wp:featuredmedia":[{"embeddable":true,"href":"https:\/\/ceramic.md\/ro\/wp-json\/wp\/v2\/media\/17872"}],"wp:attachment":[{"href":"https:\/\/ceramic.md\/ro\/wp-json\/wp\/v2\/media?parent=17871"}],"wp:term":[{"taxonomy":"product_cat","embeddable":true,"href":"https:\/\/ceramic.md\/ro\/wp-json\/wp\/v2\/product_cat?post=17871"},{"taxonomy":"product_tag","embeddable":true,"href":"https:\/\/ceramic.md\/ro\/wp-json\/wp\/v2\/product_tag?post=17871"}],"curies":[{"name":"wp","href":"https:\/\/api.w.org\/{rel}","templated":true}]}}