{"id":18487,"date":"2024-04-19T14:36:47","date_gmt":"2024-04-19T11:36:47","guid":{"rendered":"https:\/\/ceramic.md\/?post_type=product&#038;p=18487"},"modified":"2024-04-19T15:20:50","modified_gmt":"2024-04-19T12:20:50","slug":"colectie-lizbon","status":"publish","type":"product","link":"https:\/\/ceramic.md\/ro\/product\/colectie-lizbon\/","title":{"rendered":"Colec\u021bie Lizbon"},"content":{"rendered":"<div class=\"container section-title-container\" ><h3 class=\"section-title section-title-bold-center\"><b><\/b><span class=\"section-title-main\" style=\"color:rgb(0, 0, 0);\">Compozi\u021bia colec\u021biei de teracot\u0103<\/span><b><\/b><\/h3><\/div>\n\n<p style=\"text-align: center;\"><div class=\"woocommerce columns-3 \"><span class=\"wpfHidden\" data-shortcode-attribute=\"{&quot;limit&quot;:&quot;12&quot;,&quot;columns&quot;:&quot;3&quot;,&quot;rows&quot;:&quot;&quot;,&quot;orderby&quot;:&quot;date&quot;,&quot;order&quot;:&quot;&quot;,&quot;ids&quot;:&quot;18488,18492,18493&quot;,&quot;skus&quot;:&quot;&quot;,&quot;category&quot;:&quot;&quot;,&quot;cat_operator&quot;:&quot;IN&quot;,&quot;attribute&quot;:&quot;&quot;,&quot;terms&quot;:&quot;&quot;,&quot;terms_operator&quot;:&quot;IN&quot;,&quot;tag&quot;:&quot;&quot;,&quot;tag_operator&quot;:&quot;IN&quot;,&quot;visibility&quot;:&quot;visible&quot;,&quot;class&quot;:&quot;&quot;,&quot;page&quot;:1,&quot;paginate&quot;:false,&quot;cache&quot;:false}\"><\/span><div class=\"products row row-small large-columns-3 medium-columns-3 small-columns-2 has-shadow row-box-shadow-2 row-box-shadow-3-hover\">\n<div class=\"product-small col has-hover product type-product post-18493 status-publish first instock product_cat-faianta product_cat-teracota has-post-thumbnail shipping-taxable product-type-simple\">\n\t<div class=\"col-inner\">\n\t\n<div class=\"badge-container absolute left top z-1\">\n<\/div>\n\t<div class=\"product-small box \">\n\t\t<div class=\"box-image\">\n\t\t\t<div class=\"image-zoom\">\n\t\t\t\t<a href=\"https:\/\/ceramic.md\/ro\/product\/30x60-lizbon-white-decor\/\" aria-label=\"30x60cm Lizbon White Decor\">\n\t\t\t\t\t<img width=\"300\" height=\"150\" src=\"https:\/\/ceramic.md\/wp-content\/uploads\/2024\/04\/ceramic.md-30x60-lizbon-white-decor-300x150.jpg\" class=\"attachment-woocommerce_thumbnail size-woocommerce_thumbnail\" alt=\"Lizbon White Decor\" srcset=\"https:\/\/ceramic.md\/wp-content\/uploads\/2024\/04\/ceramic.md-30x60-lizbon-white-decor-300x150.jpg 300w, https:\/\/ceramic.md\/wp-content\/uploads\/2024\/04\/ceramic.md-30x60-lizbon-white-decor-600x300.jpg 600w, https:\/\/ceramic.md\/wp-content\/uploads\/2024\/04\/ceramic.md-30x60-lizbon-white-decor-800x400.jpg 800w, https:\/\/ceramic.md\/wp-content\/uploads\/2024\/04\/ceramic.md-30x60-lizbon-white-decor-1400x700.jpg 1400w, https:\/\/ceramic.md\/wp-content\/uploads\/2024\/04\/ceramic.md-30x60-lizbon-white-decor-400x200.jpg 400w, https:\/\/ceramic.md\/wp-content\/uploads\/2024\/04\/ceramic.md-30x60-lizbon-white-decor-768x384.jpg 768w, https:\/\/ceramic.md\/wp-content\/uploads\/2024\/04\/ceramic.md-30x60-lizbon-white-decor-1536x768.jpg 1536w, https:\/\/ceramic.md\/wp-content\/uploads\/2024\/04\/ceramic.md-30x60-lizbon-white-decor.jpg 2000w\" sizes=\"(max-width: 300px) 100vw, 300px\" \/>\t\t\t\t<\/a>\n\t\t\t<\/div>\n\t\t\t<div class=\"image-tools is-small top right show-on-hover\">\n\t\t\t\t\t\t\t<\/div>\n\t\t\t<div class=\"image-tools is-small hide-for-small bottom left show-on-hover\">\n\t\t\t\t\t\t\t<\/div>\n\t\t\t<div class=\"image-tools grid-tools text-center hide-for-small bottom hover-slide-in show-on-hover\">\n\t\t\t\t\t\t\t<\/div>\n\t\t\t\t\t<\/div>\n\n\t\t<div class=\"box-text box-text-products text-center grid-style-2\">\n\t\t\tFaian\u021b\u0103<div class=\"title-wrapper\"><p itemprop=\"name\" class=\"product_title entry-title\">Turcia<\/p><\/div><div class=\"price-wrapper\"><\/div>\t\t<\/div>\n\t<\/div>\n\t\t<\/div>\n<\/div>\n<div class=\"product-small col has-hover product type-product post-18492 status-publish instock product_cat-faianta product_cat-teracota has-post-thumbnail shipping-taxable product-type-simple\">\n\t<div class=\"col-inner\">\n\t\n<div class=\"badge-container absolute left top z-1\">\n<\/div>\n\t<div class=\"product-small box \">\n\t\t<div class=\"box-image\">\n\t\t\t<div class=\"image-zoom\">\n\t\t\t\t<a href=\"https:\/\/ceramic.md\/ro\/product\/30x60-lizbon-black\/\" aria-label=\"30x60cm Lizbon Black\">\n\t\t\t\t\t<img width=\"300\" height=\"150\" src=\"https:\/\/ceramic.md\/wp-content\/uploads\/2024\/04\/ceramic.md-30x60-lizbon-black-300x150.jpg\" class=\"attachment-woocommerce_thumbnail size-woocommerce_thumbnail\" alt=\"Lizbon Black\" srcset=\"https:\/\/ceramic.md\/wp-content\/uploads\/2024\/04\/ceramic.md-30x60-lizbon-black-300x150.jpg 300w, https:\/\/ceramic.md\/wp-content\/uploads\/2024\/04\/ceramic.md-30x60-lizbon-black-600x300.jpg 600w, https:\/\/ceramic.md\/wp-content\/uploads\/2024\/04\/ceramic.md-30x60-lizbon-black-800x400.jpg 800w, https:\/\/ceramic.md\/wp-content\/uploads\/2024\/04\/ceramic.md-30x60-lizbon-black-1400x700.jpg 1400w, https:\/\/ceramic.md\/wp-content\/uploads\/2024\/04\/ceramic.md-30x60-lizbon-black-400x200.jpg 400w, https:\/\/ceramic.md\/wp-content\/uploads\/2024\/04\/ceramic.md-30x60-lizbon-black-768x384.jpg 768w, https:\/\/ceramic.md\/wp-content\/uploads\/2024\/04\/ceramic.md-30x60-lizbon-black-1536x768.jpg 1536w, https:\/\/ceramic.md\/wp-content\/uploads\/2024\/04\/ceramic.md-30x60-lizbon-black.jpg 2000w\" sizes=\"(max-width: 300px) 100vw, 300px\" \/>\t\t\t\t<\/a>\n\t\t\t<\/div>\n\t\t\t<div class=\"image-tools is-small top right show-on-hover\">\n\t\t\t\t\t\t\t<\/div>\n\t\t\t<div class=\"image-tools is-small hide-for-small bottom left show-on-hover\">\n\t\t\t\t\t\t\t<\/div>\n\t\t\t<div class=\"image-tools grid-tools text-center hide-for-small bottom hover-slide-in show-on-hover\">\n\t\t\t\t\t\t\t<\/div>\n\t\t\t\t\t<\/div>\n\n\t\t<div class=\"box-text box-text-products text-center grid-style-2\">\n\t\t\tFaian\u021b\u0103<div class=\"title-wrapper\"><p itemprop=\"name\" class=\"product_title entry-title\">Turcia<\/p><\/div><div class=\"price-wrapper\"><\/div>\t\t<\/div>\n\t<\/div>\n\t\t<\/div>\n<\/div>\n<div class=\"product-small col has-hover product type-product post-18488 status-publish last instock product_cat-faianta product_cat-teracota has-post-thumbnail shipping-taxable product-type-simple\">\n\t<div class=\"col-inner\">\n\t\n<div class=\"badge-container absolute left top z-1\">\n<\/div>\n\t<div class=\"product-small box \">\n\t\t<div class=\"box-image\">\n\t\t\t<div class=\"image-zoom\">\n\t\t\t\t<a href=\"https:\/\/ceramic.md\/ro\/product\/30x60-lizbon-white\/\" aria-label=\"30x60cm Lizbon White\">\n\t\t\t\t\t<img width=\"300\" height=\"150\" src=\"https:\/\/ceramic.md\/wp-content\/uploads\/2024\/04\/ceramic.md-30x60-lizbon-white--300x150.jpg\" class=\"attachment-woocommerce_thumbnail size-woocommerce_thumbnail\" alt=\"Lizbon White\" srcset=\"https:\/\/ceramic.md\/wp-content\/uploads\/2024\/04\/ceramic.md-30x60-lizbon-white--300x150.jpg 300w, https:\/\/ceramic.md\/wp-content\/uploads\/2024\/04\/ceramic.md-30x60-lizbon-white--600x300.jpg 600w, https:\/\/ceramic.md\/wp-content\/uploads\/2024\/04\/ceramic.md-30x60-lizbon-white--800x400.jpg 800w, https:\/\/ceramic.md\/wp-content\/uploads\/2024\/04\/ceramic.md-30x60-lizbon-white--1400x700.jpg 1400w, https:\/\/ceramic.md\/wp-content\/uploads\/2024\/04\/ceramic.md-30x60-lizbon-white--400x200.jpg 400w, https:\/\/ceramic.md\/wp-content\/uploads\/2024\/04\/ceramic.md-30x60-lizbon-white--768x384.jpg 768w, https:\/\/ceramic.md\/wp-content\/uploads\/2024\/04\/ceramic.md-30x60-lizbon-white--1536x768.jpg 1536w, https:\/\/ceramic.md\/wp-content\/uploads\/2024\/04\/ceramic.md-30x60-lizbon-white-.jpg 2000w\" sizes=\"(max-width: 300px) 100vw, 300px\" \/>\t\t\t\t<\/a>\n\t\t\t<\/div>\n\t\t\t<div class=\"image-tools is-small top right show-on-hover\">\n\t\t\t\t\t\t\t<\/div>\n\t\t\t<div class=\"image-tools is-small hide-for-small bottom left show-on-hover\">\n\t\t\t\t\t\t\t<\/div>\n\t\t\t<div class=\"image-tools grid-tools text-center hide-for-small bottom hover-slide-in show-on-hover\">\n\t\t\t\t\t\t\t<\/div>\n\t\t\t\t\t<\/div>\n\n\t\t<div class=\"box-text box-text-products text-center grid-style-2\">\n\t\t\tFaian\u021b\u0103<div class=\"title-wrapper\"><p itemprop=\"name\" class=\"product_title entry-title\">Turcia<\/p><\/div><div class=\"price-wrapper\"><\/div>\t\t<\/div>\n\t<\/div>\n\t\t<\/div>\n<\/div>\n<\/div><!-- row --><\/div>\n<h4>\u041a\u043e\u043b\u043b\u0435\u043a\u0446\u0438\u044f \u043a\u0435\u0440\u0430\u043c\u0438\u0447\u0435\u0441\u043a\u043e\u0439 \u043f\u043b\u0438\u0442\u043a\u0438 Lizbon \u043e\u0442 \u0442\u0443\u0440\u0435\u0446\u043a\u043e\u0433\u043e \u0437\u0430\u0432\u043e\u0434\u0430 <a href=\"https:\/\/www.peraseramik.com\/\" target=\"_blank\" rel=\"noopener\">Pera Seramik<\/a> \u0434\u043b\u044f \u043e\u0442\u0434\u0435\u043b\u043a\u0438 \u0441\u0442\u0435\u043d \u0432 \u043f\u043e\u043c\u0435\u0449\u0435\u043d\u0438\u044f\u0445.<\/h4>\n<p>\u0423 <a href=\"https:\/\/ceramic.md\/ru\/product-category\/teracota\/?filter_producator=turcia\">\u0442\u0443\u0440\u0435\u0446\u043a\u043e\u0439 \u043f\u043b\u0438\u0442\u043a\u0438<\/a> \u0435\u0441\u0442\u044c \u043d\u0435\u0441\u043a\u043e\u043b\u044c\u043a\u043e \u043d\u0435\u043e\u0441\u043f\u043e\u0440\u0438\u043c\u044b\u0445 \u043f\u0440\u0435\u0438\u043c\u0443\u0449\u0435\u0441\u0442\u0432 &#8211; \u043e\u043d\u0430 \u043d\u0435 \u043e\u0442\u0441\u0442\u0430\u0451\u0442 \u043f\u043e \u043a\u0430\u0447\u0435\u0441\u0442\u0432\u0443 \u043e\u0442 \u0438\u0441\u043f\u0430\u043d\u0441\u043a\u043e\u0439 \u0438\u043b\u0438 \u0438\u0442\u0430\u043b\u044c\u044f\u043d\u0441\u043a\u043e\u0439, \u0430 \u043f\u043e \u0446\u0435\u043d\u0435 \u0433\u043e\u0440\u0430\u0437\u0434\u043e \u043f\u0440\u0438\u044f\u0442\u043d\u0435\u0435. \u0422\u0443\u0440\u0435\u0446\u043a\u0438\u0435 \u0437\u0430\u0432\u043e\u0434\u044b \u043a\u0435\u0440\u0430\u043c\u0438\u0447\u0435\u0441\u043a\u043e\u0439 \u043f\u043b\u0438\u0442\u043a\u0438 \u0438\u0434\u0443\u0442 \u0432 \u043d\u043e\u0433\u0443 \u0441\u043e \u0432\u0440\u0435\u043c\u0435\u043d\u0435\u043c \u0438 \u043d\u0435 \u043f\u0435\u0440\u0435\u0441\u0442\u0430\u044e\u0442 \u0443\u0434\u0438\u0432\u043b\u044f\u0442\u044c \u043f\u043e\u0442\u0440\u0435\u0431\u0438\u0442\u0435\u043b\u0435\u0439 \u043d\u043e\u0432\u044b\u043c\u0438 \u043a\u043e\u043b\u043b\u0435\u043a\u0446\u0438\u044f\u043c\u0438, \u043f\u043e\u043c\u043e\u0433\u0430\u044f \u0437\u0430\u0434\u0430\u0442\u044c \u043d\u043e\u0432\u044b\u0435 \u0432\u0435\u044f\u043d\u0438\u044f \u0432 \u0442\u0440\u0435\u043d\u0434\u0430\u0445 \u0441\u0435\u0437\u043e\u043d\u0430. \u0418\u0445 \u043a\u043e\u043b\u043b\u0435\u043a\u0446\u0438\u0438 \u0434\u043e\u043b\u0433\u0438\u0435 \u0433\u043e\u0434\u044b \u043f\u043e\u043b\u044c\u0437\u0443\u044e\u0442\u0441\u044f \u0431\u043e\u043b\u044c\u0448\u043e\u0439 \u043f\u043e\u043f\u0443\u043b\u044f\u0440\u043d\u043e\u0441\u0442\u044c\u044e \u043d\u0430 \u0442\u0435\u0440\u0440\u0438\u0442\u043e\u0440\u0438\u0438 \u0441\u0442\u0440\u0430\u043d \u0415\u0432\u0440\u043e\u043f\u044b.<\/p>\n<p>\u0423\u0448\u043b\u0438 \u0432\u0440\u0435\u043c\u0435\u043d\u0438, \u043a\u043e\u0433\u0434\u0430 \u0441\u043b\u0435\u0434\u043e\u0432\u0430\u043b\u043e \u0432\u044b\u0431\u0438\u0440\u0430\u0442\u044c &#8211; \u043a\u0430\u0447\u0435\u0441\u0442\u0432\u043e \u0438\u043b\u0438 \u0431\u044e\u0434\u0436\u0435\u0442. \u0422\u0443\u0440\u0435\u0446\u043a\u0438\u0435 \u0444\u0430\u0431\u0440\u0438\u043a\u0438 \u043f\u0440\u0435\u0434\u043e\u0441\u0442\u0430\u0432\u044f\u0442 \u0432\u0430\u043c \u0438 \u0442\u043e, \u0438 \u0434\u0440\u0443\u0433\u043e\u0435 \u043e\u0434\u043d\u043e\u0432\u0440\u0435\u043c\u0435\u043d\u043d\u043e, \u0434\u043e\u043f\u043e\u043b\u043d\u0438\u0432 \u044d\u0442\u043e \u0435\u0449\u0451 \u0438 \u0441\u0442\u0438\u043b\u0435\u043c \u0438 \u0443\u043d\u0438\u043a\u0430\u043b\u044c\u043d\u044b\u043c \u0432\u0438\u0434\u043e\u043c.<\/p>\n<p><a href=\"https:\/\/ceramic.md\/wp-content\/uploads\/2024\/04\/pera-sermik-logo.png\"><img class=\" wp-image-18462 aligncenter\" src=\"https:\/\/ceramic.md\/wp-content\/uploads\/2024\/04\/pera-sermik-logo.png\" alt=\"Pera Sermik logo\" width=\"159\" height=\"53\" srcset=\"https:\/\/ceramic.md\/wp-content\/uploads\/2024\/04\/pera-sermik-logo.png 378w, https:\/\/ceramic.md\/wp-content\/uploads\/2024\/04\/pera-sermik-logo-300x100.png 300w\" sizes=\"(max-width: 159px) 100vw, 159px\" \/><\/a><\/p>\n<p>Pera Seramik &#8211; \u044d\u0442\u043e \u0437\u0430\u0432\u043e\u0434, \u0430\u0441\u0441\u043e\u0440\u0442\u0438\u043c\u0435\u043d\u0442 \u043f\u0440\u043e\u0434\u0443\u043a\u0446\u0438\u0438 \u043a\u043e\u0442\u043e\u0440\u043e\u0433\u043e \u0432\u043d\u0430\u0447\u0430\u043b\u0435 \u0441\u043e\u0441\u0442\u043e\u044f\u043b \u0438\u0437 \u0431\u043e\u0440\u0434\u044e\u0440\u043d\u043e\u0439, \u0434\u0435\u043a\u043e\u0440\u0430\u0442\u0438\u0432\u043d\u043e\u0439 \u0438 \u043d\u0430\u0441\u0442\u0435\u043d\u043d\u043e\u0439 \u043f\u043b\u0438\u0442\u043a\u0438, \u0432 \u043f\u043e\u0441\u043b\u0435\u0434\u0443\u044e\u0449\u0438\u0435 \u0433\u043e\u0434\u044b \u0440\u0430\u0441\u0448\u0438\u0440\u0438\u043b \u0430\u0441\u0441\u043e\u0440\u0442\u0438\u043c\u0435\u043d\u0442 \u043f\u0440\u043e\u0434\u0443\u043a\u0446\u0438\u0438, \u043f\u0440\u043e\u0438\u0437\u0432\u043e\u0434\u044f \u0440\u0435\u043b\u044c\u0435\u0444\u043d\u0443\u044e \u043f\u043b\u0438\u0442\u043a\u0443, \u043d\u0430\u043f\u043e\u043b\u044c\u043d\u044b\u0435 \u043f\u043e\u043a\u0440\u044b\u0442\u0438\u044f, \u043f\u0440\u043e\u0434\u0443\u043a\u0446\u0438\u044e \u0434\u043b\u044f \u0431\u0430\u0441\u0441\u0435\u0439\u043d\u043e\u0432 \u0438 \u043a\u0435\u0440\u0430\u043c\u0438\u0447\u0435\u0441\u043a\u0443\u044e \u043c\u043e\u0437\u0430\u0438\u043a\u0443. \u0412 \u043d\u0430\u0441\u0442\u043e\u044f\u0449\u0435\u0435 \u0432\u0440\u0435\u043c\u044f \u0437\u0430\u0432\u043e\u0434 \u043f\u0440\u043e\u0438\u0437\u0432\u043e\u0434\u0438\u0442 2.5 \u043c\u0438\u043b\u043b\u0438\u043e\u043d\u0430 \u043a\u0432\u0430\u0434\u0440\u0430\u0442\u043d\u044b\u0445 \u043c\u0435\u0442\u0440\u043e\u0432 \u043a\u0435\u0440\u0430\u043c\u0438\u0447\u0435\u0441\u043a\u043e\u0439 \u043f\u043b\u0438\u0442\u043a\u0438 \u0432 \u0433\u043e\u0434.<\/p>\n<p>\u041a\u043e\u043b\u043b\u0435\u043a\u0446\u0438\u044f \u043a\u0435\u0440\u0430\u043c\u0438\u0447\u0435\u0441\u043a\u043e\u0439 \u043f\u043b\u0438\u0442\u043a\u0438 Lizbon \u0434\u043b\u044f \u043e\u0442\u0434\u0435\u043b\u043a\u0438 \u0441\u0442\u0435\u043d \u0438 \u043f\u043e\u043b\u0430 \u0432 \u043f\u043e\u043c\u0435\u0449\u0435\u043d\u0438\u044f\u0445. \u041c\u043e\u0436\u0435\u0442 \u0431\u044b\u0442\u044c \u0438\u0441\u043f\u043e\u043b\u044c\u0437\u043e\u0432\u0430\u043d\u0430 \u0432 \u0432\u0430\u043d\u043d\u043e\u0439 \u043a\u043e\u043c\u043d\u0430\u0442\u0435, \u0433\u043e\u0441\u0442\u0438\u043d\u043e\u0439 \u0438 \u043a\u0443\u0445\u043d\u0435, \u0430 \u0442\u0430\u043a\u0436\u0435 \u0434\u043b\u044f \u0434\u0435\u043a\u043e\u0440\u0430\u0446\u0438\u0438 \u043e\u0442\u0434\u0435\u043b\u044c\u043d\u044b\u0445 \u044d\u043b\u0435\u043c\u0435\u043d\u0442\u043e\u0432 \u0438\u043d\u0442\u0435\u0440\u044c\u0435\u0440\u0430. \u041a\u043e\u043b\u043b\u0435\u043a\u0446\u0438\u044f \u043e\u0431\u044a\u0435\u0434\u0438\u043d\u0438\u043b\u0430 \u0432 \u0441\u0435\u0431\u0435 \u0434\u0432\u0430 \u0446\u0432\u0435\u0442\u0430 \u0431\u0430\u0437\u043e\u0432\u043e\u0439 \u043f\u043b\u0438\u0442\u043a\u0438 \u0441\u043e \u0441\u0442\u0440\u0443\u043a\u0442\u0443\u0440\u043e\u0439 \u043c\u0440\u0430\u043c\u043e\u0440\u0430 \u0432 \u0447\u0435\u0440\u043d\u043e-\u0431\u0435\u043b\u044b\u0445 \u0442\u043e\u043d\u0430\u0445, \u0430 \u0442\u0430\u043a\u0436\u0435 \u0434\u0435\u043a\u043e\u0440. \u0421\u043e\u0447\u0435\u0442\u0430\u043d\u0438\u0435 \u0446\u0432\u0435\u0442\u043e\u0432 \u0438 \u0444\u0430\u043a\u0442\u0443\u0440\u044b \u043f\u0440\u0438\u0434\u0430\u044e\u0442 \u044d\u0442\u043e\u0439 \u043a\u043e\u043b\u043b\u0435\u043a\u0446\u0438\u0438 \u043e\u0441\u043e\u0431\u044b\u0439 \u0448\u0430\u0440\u043c.<\/p>\n<p>\u041f\u043b\u0438\u0442\u043a\u0430 \u0434\u043b\u044f \u0441\u0442\u0435\u043d \u0432\u044b\u043f\u043e\u043b\u043d\u0435\u043d\u0430 \u0438\u0437 \u043a\u0440\u0430\u0441\u043d\u043e\u0439 \u0433\u043b\u0438\u043d\u044b \u0432 \u0440\u0430\u0437\u043c\u0435\u0440\u0435 30&#215;60 \u0441\u043c, \u0435\u0451 \u0442\u043e\u043b\u0449\u0438\u043d\u0430 \u0441\u043e\u0441\u0442\u0430\u0432\u043b\u044f\u0435\u0442 8 \u043c\u043c. \u041b\u0435\u0433\u043a\u043e \u043f\u043e\u0434\u0434\u0430\u0451\u0442\u0441\u044f \u043f\u043e\u0434\u0440\u0435\u0437\u043a\u0435 \u0438 \u0441\u0432\u0435\u0440\u043b\u0435\u043d\u0438\u044e, \u043d\u0435 \u0442\u0440\u0435\u0431\u0443\u0435\u0442 \u0434\u043e\u0440\u043e\u0433\u043e\u0441\u0442\u043e\u044f\u0449\u0435\u0433\u043e \u043e\u0431\u043e\u0440\u0443\u0434\u043e\u0432\u0430\u043d\u0438\u044f \u043f\u0440\u0438 \u0443\u043a\u043b\u0430\u0434\u043a\u0435. \u041d\u0435\u0431\u043e\u043b\u044c\u0448\u043e\u0439 \u0440\u0430\u0437\u043c\u0435\u0440 \u043f\u043b\u0438\u0442\u043a\u0438 \u043f\u043e\u0437\u0432\u043e\u043b\u044f\u0435\u0442 \u0438\u0441\u043f\u043e\u043b\u044c\u0437\u043e\u0432\u0430\u0442\u044c \u0435\u0451 \u0434\u0430\u0436\u0435 \u0432 \u0441\u0430\u043c\u044b\u0445 \u043d\u0435\u0431\u043e\u043b\u044c\u0448\u0438\u0445 \u043f\u043e\u043c\u0435\u0449\u0435\u043d\u0438\u044f\u0445.<\/p>\n<p style=\"text-align: center;\">\n<h4>\u0421olec\u021bie de teracot\u0103 din ceramica Lizbon de la fabrica turceasc\u0103 <a href=\"https:\/\/www.peraseramik.com\/\" target=\"_blank\" rel=\"noopener\">Pera Seramik<\/a> pentru decorarea pere\u021bilor \u00een interior.<\/h4>\n<p><a href=\"https:\/\/ceramic.md\/ro\/product-category\/teracota\/?filter_producator=turcia\">Teracota din Turcia<\/a> are mai multe avantaje incontestabile &#8211; nu r\u0103m\u00e2n \u00een urm\u0103 de spaniol\u0103 sau italian\u0103 \u00een calitate \u0219i sunt mult mai pl\u0103cute la pre\u021b. Fabricile turce\u0219ti de ceramica \u021bin pasul cu vremurile \u0219i nu \u00eenceteaz\u0103 niciodat\u0103 s\u0103 uimeasc\u0103 consumatorii cu noi colec\u021bii, contribuind la stabilirea unor noi tendin\u021be \u00een tendin\u021bele sezonului. Colec\u021biile lor sunt foarte populare \u00een Europa de mul\u021bi ani.<\/p>\n<p>Au trecut vremurile c\u00e2nd trebuia s\u0103 alegi &#8211; calitate sau buget. Fabricile din Turcia v\u0103 vor oferi ambele \u00een acela\u0219i timp, complet\u00e2nd acest lucru cu stil \u0219i un aspect unic.<\/p>\n<p><a href=\"https:\/\/ceramic.md\/wp-content\/uploads\/2024\/04\/pera-sermik-logo.png\"><img class=\" wp-image-18462 aligncenter\" src=\"https:\/\/ceramic.md\/wp-content\/uploads\/2024\/04\/pera-sermik-logo.png\" alt=\"Pera Sermik logo\" width=\"159\" height=\"53\" srcset=\"https:\/\/ceramic.md\/wp-content\/uploads\/2024\/04\/pera-sermik-logo.png 378w, https:\/\/ceramic.md\/wp-content\/uploads\/2024\/04\/pera-sermik-logo-300x100.png 300w\" sizes=\"(max-width: 159px) 100vw, 159px\" \/><\/a><\/p>\n<p>Pera Seramik este o fabric\u0103 a c\u0103rei gam\u0103 de produse a constat ini\u021bial din pl\u0103ci pentru borduri, decorative \u0219i faian\u021b\u0103, iar \u00een anii urm\u0103tori \u0219i-a extins gama de produse pentru a produce pl\u0103ci \u00een relief, pardoseli, produse pentru piscin\u0103 \u0219i mozaicuri ceramice. Fabrica produce \u00een prezent 2,5 milioane de metri p\u0103tra\u021bi de pl\u0103ci ceramice pe an.<\/p>\n<p>Colec\u021bie de pl\u0103ci ceramice Lizbon pentru decorarea pere\u021bilor interiori. Poate fi folosit\u0103 \u00een baie, sufragerie \u0219i buc\u0103t\u0103rie, precum \u0219i pentru decorarea elementelor interioare individuale. Colec\u021bia combin\u0103 dou\u0103 culori de pl\u0103ci de baz\u0103 cu o structur\u0103 de marmur\u0103 \u00een alb \u0219i negru, precum \u0219i decor. Combina\u021bia de culori \u0219i textur\u0103 confer\u0103 acestei colec\u021bii un farmec aparte.<\/p>\n<p>Faian\u021b\u0103 este realizat\u0103 din lut ro\u0219u \u00een dimensiunea 30&#215;60 cm, grosimea ei este de 8 mm.U\u0219or de t\u0103iat \u0219i g\u0103urit, nu necesit\u0103 echipamente scumpe atunci c\u00e2nd pune\u021bi. Dimensiuni mici a pl\u0103cilor le permite s\u0103 fie folosite chiar \u0219i \u00een cele mai mici spa\u021bii.<\/p>","protected":false},"excerpt":{"rendered":"<p>Colec\u021bie de teracot\u0103 baie, buc\u0103t\u0103rie, sufragerie de la <b>Pera Seramik, <\/b>Turcia<\/p>\n","protected":false},"featured_media":18489,"template":"","meta":[],"product_cat":[287,723,724],"product_tag":[],"_links":{"self":[{"href":"https:\/\/ceramic.md\/ro\/wp-json\/wp\/v2\/product\/18487"}],"collection":[{"href":"https:\/\/ceramic.md\/ro\/wp-json\/wp\/v2\/product"}],"about":[{"href":"https:\/\/ceramic.md\/ro\/wp-json\/wp\/v2\/types\/product"}],"wp:featuredmedia":[{"embeddable":true,"href":"https:\/\/ceramic.md\/ro\/wp-json\/wp\/v2\/media\/18489"}],"wp:attachment":[{"href":"https:\/\/ceramic.md\/ro\/wp-json\/wp\/v2\/media?parent=18487"}],"wp:term":[{"taxonomy":"product_cat","embeddable":true,"href":"https:\/\/ceramic.md\/ro\/wp-json\/wp\/v2\/product_cat?post=18487"},{"taxonomy":"product_tag","embeddable":true,"href":"https:\/\/ceramic.md\/ro\/wp-json\/wp\/v2\/product_tag?post=18487"}],"curies":[{"name":"wp","href":"https:\/\/api.w.org\/{rel}","templated":true}]}}