{"id":18641,"date":"2024-04-24T11:36:57","date_gmt":"2024-04-24T08:36:57","guid":{"rendered":"https:\/\/ceramic.md\/?post_type=product&#038;p=18641"},"modified":"2024-10-29T09:56:58","modified_gmt":"2024-10-29T07:56:58","slug":"colectie-neo","status":"publish","type":"product","link":"https:\/\/ceramic.md\/ro\/product\/colectie-neo\/","title":{"rendered":"Colec\u021bie Neo"},"content":{"rendered":"<div class=\"container section-title-container\" ><h3 class=\"section-title section-title-bold-center\"><b><\/b><span class=\"section-title-main\" style=\"color:rgb(0, 0, 0);\">Compozi\u021bia colec\u021biei de teracot\u0103<\/span><b><\/b><\/h3><\/div>\n\n<p style=\"text-align: center;\"><div class=\"woocommerce columns-3 \"><span class=\"wpfHidden\" data-shortcode-attribute=\"{&quot;limit&quot;:&quot;12&quot;,&quot;columns&quot;:&quot;3&quot;,&quot;rows&quot;:&quot;&quot;,&quot;orderby&quot;:&quot;date&quot;,&quot;order&quot;:&quot;&quot;,&quot;ids&quot;:&quot;18642,18647&quot;,&quot;skus&quot;:&quot;&quot;,&quot;category&quot;:&quot;&quot;,&quot;cat_operator&quot;:&quot;IN&quot;,&quot;attribute&quot;:&quot;&quot;,&quot;terms&quot;:&quot;&quot;,&quot;terms_operator&quot;:&quot;IN&quot;,&quot;tag&quot;:&quot;&quot;,&quot;tag_operator&quot;:&quot;IN&quot;,&quot;visibility&quot;:&quot;visible&quot;,&quot;class&quot;:&quot;&quot;,&quot;page&quot;:1,&quot;paginate&quot;:false,&quot;cache&quot;:false}\"><\/span><div class=\"products row row-small large-columns-3 medium-columns-3 small-columns-2 has-shadow row-box-shadow-2 row-box-shadow-3-hover\">\n<div class=\"product-small col has-hover product type-product post-18647 status-publish first instock product_cat-faianta product_cat-teracota has-post-thumbnail sale shipping-taxable product-type-simple\">\n\t<div class=\"col-inner\">\n\t\n<div class=\"badge-container absolute left top z-1\">\n\t\t<div class=\"callout badge badge-square\"><div class=\"badge-inner secondary on-sale\"><span class=\"onsale\">-21%<\/span><\/div><\/div>\n<\/div>\n\t<div class=\"product-small box \">\n\t\t<div class=\"box-image\">\n\t\t\t<div class=\"image-zoom\">\n\t\t\t\t<a href=\"https:\/\/ceramic.md\/ro\/product\/30x60-neo-du-50035-gris-glossy\/\" aria-label=\"30x60cm Neo DU-50035 Gris Glossy\">\n\t\t\t\t\t<img width=\"300\" height=\"149\" src=\"https:\/\/ceramic.md\/wp-content\/uploads\/2024\/04\/ceramic.md-30x60-neo-du-50035-glossy-300x149.jpg\" class=\"attachment-woocommerce_thumbnail size-woocommerce_thumbnail\" alt=\"Neo DU-50035 Gris Glossy\" srcset=\"https:\/\/ceramic.md\/wp-content\/uploads\/2024\/04\/ceramic.md-30x60-neo-du-50035-glossy-300x149.jpg 300w, https:\/\/ceramic.md\/wp-content\/uploads\/2024\/04\/ceramic.md-30x60-neo-du-50035-glossy-600x298.jpg 600w, https:\/\/ceramic.md\/wp-content\/uploads\/2024\/04\/ceramic.md-30x60-neo-du-50035-glossy-800x398.jpg 800w, https:\/\/ceramic.md\/wp-content\/uploads\/2024\/04\/ceramic.md-30x60-neo-du-50035-glossy-400x199.jpg 400w, https:\/\/ceramic.md\/wp-content\/uploads\/2024\/04\/ceramic.md-30x60-neo-du-50035-glossy-768x382.jpg 768w, https:\/\/ceramic.md\/wp-content\/uploads\/2024\/04\/ceramic.md-30x60-neo-du-50035-glossy.jpg 999w\" sizes=\"(max-width: 300px) 100vw, 300px\" \/>\t\t\t\t<\/a>\n\t\t\t<\/div>\n\t\t\t<div class=\"image-tools is-small top right show-on-hover\">\n\t\t\t\t\t\t\t<\/div>\n\t\t\t<div class=\"image-tools is-small hide-for-small bottom left show-on-hover\">\n\t\t\t\t\t\t\t<\/div>\n\t\t\t<div class=\"image-tools grid-tools text-center hide-for-small bottom hover-slide-in show-on-hover\">\n\t\t\t\t\t\t\t<\/div>\n\t\t\t\t\t<\/div>\n\n\t\t<div class=\"box-text box-text-products text-center grid-style-2\">\n\t\t\tFaian\u021b\u0103<div class=\"title-wrapper\"><p itemprop=\"name\" class=\"product_title entry-title\">India<\/p><\/div><div class=\"price-wrapper\"><\/div>\t\t<\/div>\n\t<\/div>\n\t\t<\/div>\n<\/div>\n<div class=\"product-small col has-hover product type-product post-18642 status-publish instock product_cat-faianta product_cat-teracota has-post-thumbnail sale shipping-taxable product-type-simple\">\n\t<div class=\"col-inner\">\n\t\n<div class=\"badge-container absolute left top z-1\">\n\t\t<div class=\"callout badge badge-square\"><div class=\"badge-inner secondary on-sale\"><span class=\"onsale\">-21%<\/span><\/div><\/div>\n<\/div>\n\t<div class=\"product-small box \">\n\t\t<div class=\"box-image\">\n\t\t\t<div class=\"image-zoom\">\n\t\t\t\t<a href=\"https:\/\/ceramic.md\/ro\/product\/30x60-neo-du-50107-glossy\/\" aria-label=\"30x60cm Neo DU-50107 Glossy\">\n\t\t\t\t\t<img width=\"300\" height=\"152\" src=\"https:\/\/ceramic.md\/wp-content\/uploads\/2024\/04\/ceramic.md-30x60-neo-du-50107-glossy--300x152.jpg\" class=\"attachment-woocommerce_thumbnail size-woocommerce_thumbnail\" alt=\"Neo DU-50107 Glossy\" srcset=\"https:\/\/ceramic.md\/wp-content\/uploads\/2024\/04\/ceramic.md-30x60-neo-du-50107-glossy--300x152.jpg 300w, https:\/\/ceramic.md\/wp-content\/uploads\/2024\/04\/ceramic.md-30x60-neo-du-50107-glossy--600x303.jpg 600w, https:\/\/ceramic.md\/wp-content\/uploads\/2024\/04\/ceramic.md-30x60-neo-du-50107-glossy--792x400.jpg 792w, https:\/\/ceramic.md\/wp-content\/uploads\/2024\/04\/ceramic.md-30x60-neo-du-50107-glossy--400x202.jpg 400w, https:\/\/ceramic.md\/wp-content\/uploads\/2024\/04\/ceramic.md-30x60-neo-du-50107-glossy--768x388.jpg 768w, https:\/\/ceramic.md\/wp-content\/uploads\/2024\/04\/ceramic.md-30x60-neo-du-50107-glossy-.jpg 1000w\" sizes=\"(max-width: 300px) 100vw, 300px\" \/>\t\t\t\t<\/a>\n\t\t\t<\/div>\n\t\t\t<div class=\"image-tools is-small top right show-on-hover\">\n\t\t\t\t\t\t\t<\/div>\n\t\t\t<div class=\"image-tools is-small hide-for-small bottom left show-on-hover\">\n\t\t\t\t\t\t\t<\/div>\n\t\t\t<div class=\"image-tools grid-tools text-center hide-for-small bottom hover-slide-in show-on-hover\">\n\t\t\t\t\t\t\t<\/div>\n\t\t\t\t\t<\/div>\n\n\t\t<div class=\"box-text box-text-products text-center grid-style-2\">\n\t\t\tFaian\u021b\u0103<div class=\"title-wrapper\"><p itemprop=\"name\" class=\"product_title entry-title\">India<\/p><\/div><div class=\"price-wrapper\"><\/div>\t\t<\/div>\n\t<\/div>\n\t\t<\/div>\n<\/div>\n<\/div><!-- row --><\/div>\n<h4>\u041a\u043e\u043b\u043b\u0435\u043a\u0446\u0438\u044f \u043a\u0435\u0440\u0430\u043c\u0438\u0447\u0435\u0441\u043a\u043e\u0439 \u043f\u043b\u0438\u0442\u043a\u0438 Neo \u043e\u0442 \u0438\u043d\u0434\u0438\u0439\u0441\u043a\u043e\u0433\u043e \u0437\u0430\u0432\u043e\u0434\u0430 <a href=\"https:\/\/qsectiles.com\/\" target=\"_blank\" rel=\"noopener\">Qsec<\/a> \u0434\u043b\u044f \u043e\u0442\u0434\u0435\u043b\u043a\u0438 \u0441\u0442\u0435\u043d \u0432 \u043f\u043e\u043c\u0435\u0449\u0435\u043d\u0438\u044f\u0445.<\/h4>\n<p>\u0423 <a href=\"https:\/\/ceramic.md\/producator\/india\/\">\u0438\u043d\u0434\u0438\u0439\u0441\u043a\u043e\u0439 \u043f\u043b\u0438\u0442\u043a\u0438<\/a> \u0435\u0441\u0442\u044c \u043d\u0435\u0441\u043a\u043e\u043b\u044c\u043a\u043e \u043d\u0435\u043e\u0441\u043f\u043e\u0440\u0438\u043c\u044b\u0445 \u043f\u0440\u0435\u0438\u043c\u0443\u0449\u0435\u0441\u0442\u0432 &#8211; \u043e\u043d\u0430 \u043d\u0435 \u043e\u0442\u0441\u0442\u0430\u0451\u0442 \u043f\u043e \u043a\u0430\u0447\u0435\u0441\u0442\u0432\u0443 \u043e\u0442 \u0438\u0441\u043f\u0430\u043d\u0441\u043a\u043e\u0439 \u0438\u043b\u0438 \u0438\u0442\u0430\u043b\u044c\u044f\u043d\u0441\u043a\u043e\u0439, \u0430 \u043f\u043e \u0446\u0435\u043d\u0435 \u0433\u043e\u0440\u0430\u0437\u0434\u043e \u043f\u0440\u0438\u044f\u0442\u043d\u0435\u0435. \u0417\u0430\u0432\u043e\u0434\u044b \u043f\u043e\u0441\u0442\u043e\u044f\u043d\u043d\u043e \u0440\u0430\u0437\u0432\u0438\u0432\u0430\u044e\u0442\u0441\u044f, \u0441\u043e\u0437\u0434\u0430\u0432\u0430\u044f \u0443\u043d\u0438\u043a\u0430\u043b\u044c\u043d\u044b\u0435 \u043f\u0440\u043e\u0435\u043a\u0442\u044b, \u043a\u043e\u043d\u0442\u0440\u043e\u043b\u0438\u0440\u0443\u044f \u043a\u0430\u0447\u0435\u0441\u0442\u0432\u043e \u043f\u0440\u043e\u0434\u0443\u043a\u0446\u0438\u0438, \u0443\u043f\u0440\u0430\u0432\u043b\u044f\u044f \u043f\u0440\u043e\u0446\u0435\u0441\u0441\u0430\u043c\u0438 \u043f\u0440\u043e\u0438\u0437\u0432\u043e\u0434\u0441\u0442\u0432\u0430 \u0442\u0430\u043a, \u0447\u0442\u043e\u0431\u044b \u0443\u0434\u043e\u0432\u043b\u0435\u0442\u0432\u043e\u0440\u0438\u0442\u044c \u043f\u043e\u0442\u0440\u0435\u0431\u043d\u043e\u0441\u0442\u0438 \u043a\u0430\u0436\u0434\u043e\u0433\u043e \u043a\u043b\u0438\u0435\u043d\u0442\u0430.<\/p>\n<p><a href=\"https:\/\/ceramic.md\/wp-content\/uploads\/2024\/04\/qsec-logo.png\"><img class=\" wp-image-18643 aligncenter\" src=\"https:\/\/ceramic.md\/wp-content\/uploads\/2024\/04\/qsec-logo.png\" alt=\"Qsec logo\" width=\"170\" height=\"71\" srcset=\"https:\/\/ceramic.md\/wp-content\/uploads\/2024\/04\/qsec-logo.png 345w, https:\/\/ceramic.md\/wp-content\/uploads\/2024\/04\/qsec-logo-300x125.png 300w\" sizes=\"(max-width: 170px) 100vw, 170px\" \/><\/a><\/p>\n<p>\u0417\u0430\u0432\u043e\u0434 Qsec &#8211; \u0432\u0435\u0434\u0443\u0449\u0438\u0439 \u0431\u0440\u0435\u043d\u0434 \u043a\u0435\u0440\u0430\u043c\u043e\u0433\u0440\u0430\u043d\u0438\u0442\u0430, \u044d\u043a\u0441\u043f\u043e\u0440\u0442\u0438\u0440\u0443\u044e\u0449\u0438\u0439 \u0432\u0435\u0441\u044c \u0430\u0441\u0441\u043e\u0440\u0442\u0438\u043c\u0435\u043d\u0442 \u043a\u0435\u0440\u0430\u043c\u0438\u0447\u0435\u0441\u043a\u0438\u0445 \u0438\u0437\u0434\u0435\u043b\u0438\u0439 \u043f\u0440\u0430\u043a\u0442\u0438\u0447\u0435\u0441\u043a\u0438 \u043d\u0430 \u0432\u0441\u0435 \u043a\u043e\u043d\u0442\u0438\u043d\u0435\u043d\u0442\u044b \u0437\u0435\u043c\u043d\u043e\u0433\u043e \u0448\u0430\u0440\u0430. \u041a\u043e\u043c\u043f\u0430\u043d\u0438\u044f \u043d\u0430\u0447\u0430\u043b\u0430 \u0441\u0432\u043e\u0439 \u0431\u0438\u0437\u043d\u0435\u0441 \u0432 2015 \u0433\u043e\u0434\u0443, \u0447\u0442\u043e\u0431\u044b \u043e\u0441\u0443\u0449\u0435\u0441\u0442\u0432\u0438\u0442\u044c \u043c\u0435\u0447\u0442\u0443 \u043a\u0430\u0436\u0434\u043e\u0433\u043e \u043a\u043b\u0438\u0435\u043d\u0442\u0430, \u043a\u043e\u0442\u043e\u0440\u044b\u0439 \u0436\u0435\u043b\u0430\u0435\u0442 \u0438\u043c\u0435\u0442\u044c \u043a\u0440\u0430\u0441\u0438\u0432\u044b\u0435 \u0438 \u043a\u0430\u0447\u0435\u0441\u0442\u0432\u0435\u043d\u043d\u044b\u0435 \u043f\u043e\u0432\u0435\u0440\u0445\u043d\u043e\u0441\u0442\u0438 \u0432 \u0436\u0438\u043b\u044b\u0445 \u0438\u043b\u0438 \u043a\u043e\u043c\u043c\u0435\u0440\u0447\u0435\u0441\u043a\u0438\u0445 \u043f\u043e\u043c\u0435\u0449\u0435\u043d\u0438\u044f\u0445.<\/p>\n<p>\u041a\u043e\u043b\u043b\u0435\u043a\u0446\u0438\u044f \u043a\u0435\u0440\u0430\u043c\u0438\u0447\u0435\u0441\u043a\u043e\u0439 \u043f\u043b\u0438\u0442\u043a\u0438 Neo \u0434\u043b\u044f \u043e\u0442\u0434\u0435\u043b\u043a\u0438 \u0441\u0442\u0435\u043d \u0438 \u043f\u043e\u043b\u0430 \u0432 \u043f\u043e\u043c\u0435\u0449\u0435\u043d\u0438\u044f\u0445. \u041c\u043e\u0436\u0435\u0442 \u0431\u044b\u0442\u044c \u0438\u0441\u043f\u043e\u043b\u044c\u0437\u043e\u0432\u0430\u043d\u0430 \u0432 \u0432\u0430\u043d\u043d\u043e\u0439 \u043a\u043e\u043c\u043d\u0430\u0442\u0435, \u0433\u043e\u0441\u0442\u0438\u043d\u043e\u0439 \u0438 \u043a\u0443\u0445\u043d\u0435, \u0430 \u0442\u0430\u043a\u0436\u0435 \u0434\u043b\u044f \u0434\u0435\u043a\u043e\u0440\u0430\u0446\u0438\u0438 \u043e\u0442\u0434\u0435\u043b\u044c\u043d\u044b\u0445 \u044d\u043b\u0435\u043c\u0435\u043d\u0442\u043e\u0432 \u0438\u043d\u0442\u0435\u0440\u044c\u0435\u0440\u0430. \u041a\u043e\u043b\u043b\u0435\u043a\u0446\u0438\u044f \u043d\u0430\u0441\u0442\u0435\u043d\u043d\u043e\u0439 \u043f\u043b\u0438\u0442\u043a\u0438 \u0441 \u043d\u0435\u0436\u043d\u043e\u0439 \u0441\u0442\u0440\u0443\u043a\u0442\u0443\u0440\u043e\u0439 \u043c\u0440\u0430\u043c\u043e\u0440\u0430 \u0441 \u043f\u0440\u043e\u0436\u0438\u043b\u043a\u0430\u043c\u0438 \u0432 \u0445\u043e\u043b\u043e\u0434\u043d\u044b\u0445 \u043e\u0442\u0442\u0435\u043d\u043a\u0430\u0445.<\/p>\n<p>\u041f\u043b\u0438\u0442\u043a\u0430 \u0434\u043b\u044f \u0441\u0442\u0435\u043d \u0432\u044b\u043f\u043e\u043b\u043d\u0435\u043d\u0430 \u0438\u0437 \u0431\u0435\u043b\u043e\u0439 \u0433\u043b\u0438\u043d\u044b \u0432 \u0440\u0430\u0437\u043c\u0435\u0440\u0435 30&#215;60 \u0441\u043c, \u043d\u0430\u043f\u043e\u043b\u044c\u043d\u0430\u044f \u043f\u043b\u0438\u0442\u043a\u0430 \u0438\u0437 \u043a\u0435\u0440\u0430\u043c\u043e\u0433\u0440\u0430\u043d\u0438\u0442\u0430 39.6&#215;39.6 \u0441\u043c , \u0435\u0451 \u0442\u043e\u043b\u0449\u0438\u043d\u0430 \u0441\u043e\u0441\u0442\u0430\u0432\u043b\u044f\u0435\u0442 8 \u043c\u043c. \u041b\u0435\u0433\u043a\u043e \u043f\u043e\u0434\u0434\u0430\u0451\u0442\u0441\u044f \u043f\u043e\u0434\u0440\u0435\u0437\u043a\u0435 \u0438 \u0441\u0432\u0435\u0440\u043b\u0435\u043d\u0438\u044e, \u043d\u0435 \u0442\u0440\u0435\u0431\u0443\u0435\u0442 \u0434\u043e\u0440\u043e\u0433\u043e\u0441\u0442\u043e\u044f\u0449\u0435\u0433\u043e \u043e\u0431\u043e\u0440\u0443\u0434\u043e\u0432\u0430\u043d\u0438\u044f \u043f\u0440\u0438 \u0443\u043a\u043b\u0430\u0434\u043a\u0435. \u041d\u0435\u0431\u043e\u043b\u044c\u0448\u043e\u0439 \u0440\u0430\u0437\u043c\u0435\u0440 \u043f\u043b\u0438\u0442\u043a\u0438 \u043f\u043e\u0437\u0432\u043e\u043b\u044f\u0435\u0442 \u0438\u0441\u043f\u043e\u043b\u044c\u0437\u043e\u0432\u0430\u0442\u044c \u0435\u0451 \u0434\u0430\u0436\u0435 \u0432 \u0441\u0430\u043c\u044b\u0445 \u043d\u0435\u0431\u043e\u043b\u044c\u0448\u0438\u0445 \u043f\u043e\u043c\u0435\u0449\u0435\u043d\u0438\u044f\u0445.<\/p>\n<p style=\"text-align: center;\">\n<h4>\u0421olec\u021bie de teracot\u0103 din ceramica Neo de la fabrica <a href=\"https:\/\/qsectiles.com\/\" target=\"_blank\" rel=\"noopener\">Qsec<\/a>\u00a0pentru decorarea pere\u021bilor \u00een interior.<\/h4>\n<p><a href=\"https:\/\/ceramic.md\/producator\/india\/\">Teracota din India<\/a> are mai multe avantaje incontestabile &#8211; nu r\u0103m\u00e2n \u00een urm\u0103 de spaniol\u0103 sau italian\u0103 \u00een calitate \u0219i sunt mult mai pl\u0103cute la pre\u021b. Fabricile se dezvolt\u0103 constant, creeaz\u0103 proiecte unice, monitorizeaz\u0103 calitatea produselor, gestioneaz\u0103 procesele de produc\u021bie astfel \u00eenc\u00e2t s\u0103 r\u0103spund\u0103 nevoilor fiec\u0103rui client.<\/p>\n<p><a href=\"https:\/\/ceramic.md\/wp-content\/uploads\/2024\/04\/qsec-logo.png\"><img class=\" wp-image-18643 aligncenter\" src=\"https:\/\/ceramic.md\/wp-content\/uploads\/2024\/04\/qsec-logo.png\" alt=\"Qsec logo\" width=\"170\" height=\"71\" srcset=\"https:\/\/ceramic.md\/wp-content\/uploads\/2024\/04\/qsec-logo.png 345w, https:\/\/ceramic.md\/wp-content\/uploads\/2024\/04\/qsec-logo-300x125.png 300w\" sizes=\"(max-width: 170px) 100vw, 170px\" \/><\/a><\/p>\n<p>Fabrica Qsec este o marc\u0103 lider de pl\u0103ci por\u021belan, export\u00e2nd \u00eentreaga sa gam\u0103 de produse ceramice pe aproape toate continentele globului. Compania \u0219i-a \u00eenceput activitatea \u00een 2015 pentru a \u00eendeplini visul fiec\u0103rui client care dore\u0219te s\u0103 aib\u0103 suprafe\u021be frumoase \u0219i de \u00eenalt\u0103 calitate \u00een spa\u021bii reziden\u021biale sau comerciale.<\/p>\n<p>Colec\u021bie de pl\u0103ci ceramice Neo pentru decorarea pere\u021bilor interiori. Poate fi folosit\u0103 \u00een baie, sufragerie \u0219i buc\u0103t\u0103rie, precum \u0219i pentru decorarea elementelor interioare individuale. O colec\u021bie de faian\u021b\u0103 cu o structur\u0103 delicat\u0103 de marmur\u0103 cu nervuri \u00een nuan\u021be sure.<\/p>\n<p>Faian\u021b\u0103 este realizat\u0103 din lut alb \u00een dimensiunea 30&#215;60 cm, gresie din por\u021belan 39.6&#215;39.6 cm, grosimea ei este de 8 mm.U\u0219or de t\u0103iat \u0219i g\u0103urit, nu necesit\u0103 echipamente scumpe atunci c\u00e2nd pune\u021bi. Dimensiuni mici a pl\u0103cilor le permite s\u0103 fie folosite chiar \u0219i \u00een cele mai mici spa\u021bii.<\/p>","protected":false},"excerpt":{"rendered":"<p>Colec\u021bie de teracot\u0103 baie, buc\u0103t\u0103rie, sufragerie de la <b>QSEC, <\/b>India<\/p>\n","protected":false},"featured_media":18644,"template":"","meta":[],"product_cat":[287,723,724],"product_tag":[],"_links":{"self":[{"href":"https:\/\/ceramic.md\/ro\/wp-json\/wp\/v2\/product\/18641"}],"collection":[{"href":"https:\/\/ceramic.md\/ro\/wp-json\/wp\/v2\/product"}],"about":[{"href":"https:\/\/ceramic.md\/ro\/wp-json\/wp\/v2\/types\/product"}],"wp:featuredmedia":[{"embeddable":true,"href":"https:\/\/ceramic.md\/ro\/wp-json\/wp\/v2\/media\/18644"}],"wp:attachment":[{"href":"https:\/\/ceramic.md\/ro\/wp-json\/wp\/v2\/media?parent=18641"}],"wp:term":[{"taxonomy":"product_cat","embeddable":true,"href":"https:\/\/ceramic.md\/ro\/wp-json\/wp\/v2\/product_cat?post=18641"},{"taxonomy":"product_tag","embeddable":true,"href":"https:\/\/ceramic.md\/ro\/wp-json\/wp\/v2\/product_tag?post=18641"}],"curies":[{"name":"wp","href":"https:\/\/api.w.org\/{rel}","templated":true}]}}