{"id":19516,"date":"2024-07-05T15:42:47","date_gmt":"2024-07-05T12:42:47","guid":{"rendered":"https:\/\/ceramic.md\/?post_type=product&#038;p=19516"},"modified":"2024-07-05T16:47:01","modified_gmt":"2024-07-05T13:47:01","slug":"adeziv-sopro-s-flex-201","status":"publish","type":"product","link":"https:\/\/ceramic.md\/ro\/product\/adeziv-sopro-s-flex-201\/","title":{"rendered":"Sopro S-FLEX 201 22,5kg"},"content":{"rendered":"<h2><span style=\"font-size: 80%;\">Adeziv pentru teracota Sopro S-FLEX 201<\/span><\/h2>\n<p><strong>CARACTERISTICI:<\/strong> <a href=\"https:\/\/www.sopro.pl\/\" target=\"_blank\" rel=\"noopener\">Sopro<\/a> S-FLEX 201 este un <a href=\"https:\/\/ceramic.md\/product-category\/produse-auxiliare\/adeziv-pentru-teracota\/\">adeziv<\/a> foarte elastic pe baz\u0103 de ciment, care utilizeaz\u0103 tehnologia hidrogel pentru fixarea pardoselilor \u0219i a pere\u021bilor ceramice de dimensiuni mari.<\/p>\n<div>Pentru utilizare \u00een spa\u021bii reziden\u021biale, comerciale \u0219i industriale, zone umede, pe pardoseli \u0219i pere\u021bi \u00eenc\u0103lzi\u021bi, precum \u0219i \u00een aer liber pe balcoane, terase, sc\u0103ri \u0219i fa\u021bade. Aditivii minerali selectati corespunzator si hidrogelul organic folosit in adezivul S-Flex asigura o retentie sporita a apei in solutie si conditii optime pentru legarea si intarirea acesteia, asigurand parametrii tehnici inalti ai adezivului.<\/div>\n<div><\/div>\n<div>Tehnologia moderna cu hidrogel folosita asigura si parametri de performanta foarte buni. Adezivul are consisten\u021b\u0103 plastic\u0103, se aplic\u0103 u\u0219or, solu\u021bia ader\u0103 perfect la mistrie \u0219i se distribuie u\u0219or.<\/div>\n<ul>\n<li>C2: aderen\u021b\u0103 crescut\u0103 \u2265 1 N\/mm2<\/li>\n<li>T: stabilitate vertical\u0103 ridicat\u0103 datorit\u0103 arm\u0103turii cu fibre.<\/li>\n<li>E: Timp lung de uscare deschis \u2265 30 minute.<\/li>\n<li>Timp de utilizare: aproximativ 6 ore.<\/li>\n<li>Poate fi plimbat\/frecat dup\u0103 24 de ore.<\/li>\n<li>Aderen\u021b\u0103 de contact foarte bun\u0103<\/li>\n<li>Propriet\u0103\u021bi bune \u0219i parametri de func\u021bionare<\/li>\n<li>Eficien\u021b\u0103 crescut\u0103 p\u00e2n\u0103 la 25%1)<\/li>\n<li>Pentru formate mari<\/li>\n<\/ul>\n<p><strong>MOD DE PREPARARE \u015el DE LUCRU:<\/strong> Turna\u021bi 7,2-7,5 litri de ap\u0103 \u00eentr-un recipient curat, ad\u0103uga\u021bi 22,5 kg de adeziv \u0219i amesteca\u021bi mecanic p\u00e2na se ob\u021bine o mas\u0103 omogen\u0103 f\u0103r\u0103 bulg\u0103ri. Dup\u0103 expirarea timpului de coacere, dup\u0103 3-5 minute, amesteca\u021bi din nou bine solu\u021bia.<\/p>\n<p><strong>P\u0102STRAREA:<\/strong> A se p\u0103stra \u00een \u00eenc\u0103peri uscate pe pale\u0163i din lemn, de la +5\u00b0C p\u00een\u0103 la +25\u00b0C.<\/p>\n<p><strong>CONSUM:<\/strong> Circa 1-1,2 kg\/1m2\/1mm.<\/p>\n<p><strong>TEMPERATURA DE LUCRU:<\/strong> \u00eentre +5\u00b0C si +30\u00b0C.<\/p>\n<p><strong>TERMEN DE VALABILITATE:<\/strong> \u00cen ambalaj original \u00eenchis, la loc uscat, 18 luni de la data produc\u021biei.<\/p>\n<p>Sac &#8211; 22,5 kg.","protected":false},"excerpt":{"rendered":"<p><strong>Adeziv super elastic pentru pl\u0103ci mari de por\u021belan\u00a0<\/strong>pentru interior si exterior, precum \u0219i locuri cu condi\u0163ii extreme de exploatare.<\/p>\n","protected":false},"featured_media":19517,"template":"","meta":[],"product_cat":[49],"product_tag":[],"_links":{"self":[{"href":"https:\/\/ceramic.md\/ro\/wp-json\/wp\/v2\/product\/19516"}],"collection":[{"href":"https:\/\/ceramic.md\/ro\/wp-json\/wp\/v2\/product"}],"about":[{"href":"https:\/\/ceramic.md\/ro\/wp-json\/wp\/v2\/types\/product"}],"wp:featuredmedia":[{"embeddable":true,"href":"https:\/\/ceramic.md\/ro\/wp-json\/wp\/v2\/media\/19517"}],"wp:attachment":[{"href":"https:\/\/ceramic.md\/ro\/wp-json\/wp\/v2\/media?parent=19516"}],"wp:term":[{"taxonomy":"product_cat","embeddable":true,"href":"https:\/\/ceramic.md\/ro\/wp-json\/wp\/v2\/product_cat?post=19516"},{"taxonomy":"product_tag","embeddable":true,"href":"https:\/\/ceramic.md\/ro\/wp-json\/wp\/v2\/product_tag?post=19516"}],"curies":[{"name":"wp","href":"https:\/\/api.w.org\/{rel}","templated":true}]}}