{"id":19558,"date":"2024-07-11T13:08:53","date_gmt":"2024-07-11T10:08:53","guid":{"rendered":"https:\/\/ceramic.md\/?post_type=product&#038;p=19558"},"modified":"2025-08-19T12:43:12","modified_gmt":"2025-08-19T09:43:12","slug":"colectie-augusta","status":"publish","type":"product","link":"https:\/\/ceramic.md\/ro\/product\/colectie-augusta\/","title":{"rendered":"Colec\u021bie Augusta"},"content":{"rendered":"<div class=\"container section-title-container\" ><h3 class=\"section-title section-title-bold-center\"><b><\/b><span class=\"section-title-main\" style=\"color:rgb(0, 0, 0);\">Compozi\u021bia colec\u021biei de teracot\u0103<\/span><b><\/b><\/h3><\/div>\n\n<div class=\"woocommerce columns-3 \"><span class=\"wpfHidden\" data-shortcode-attribute=\"{&quot;limit&quot;:&quot;20&quot;,&quot;columns&quot;:&quot;3&quot;,&quot;rows&quot;:&quot;&quot;,&quot;orderby&quot;:&quot;date&quot;,&quot;order&quot;:&quot;&quot;,&quot;ids&quot;:&quot;19559,19563,19564&quot;,&quot;skus&quot;:&quot;&quot;,&quot;category&quot;:&quot;&quot;,&quot;cat_operator&quot;:&quot;IN&quot;,&quot;attribute&quot;:&quot;&quot;,&quot;terms&quot;:&quot;&quot;,&quot;terms_operator&quot;:&quot;IN&quot;,&quot;tag&quot;:&quot;&quot;,&quot;tag_operator&quot;:&quot;IN&quot;,&quot;visibility&quot;:&quot;visible&quot;,&quot;class&quot;:&quot;&quot;,&quot;page&quot;:1,&quot;paginate&quot;:false,&quot;cache&quot;:false}\"><\/span><div class=\"products row row-small large-columns-3 medium-columns-3 small-columns-2 has-shadow row-box-shadow-2 row-box-shadow-3-hover\">\n<div class=\"product-small col has-hover product type-product post-19564 status-publish first instock product_cat-faianta product_cat-teracota has-post-thumbnail shipping-taxable product-type-simple\">\n\t<div class=\"col-inner\">\n\t\n<div class=\"badge-container absolute left top z-1\">\n<\/div>\n\t<div class=\"product-small box \">\n\t\t<div class=\"box-image\">\n\t\t\t<div class=\"image-zoom\">\n\t\t\t\t<a href=\"https:\/\/ceramic.md\/ro\/product\/308x608-augusta-crystal-decor-glossy\/\" aria-label=\"30,8x60,8cm Augusta Crystal Decor Glossy\">\n\t\t\t\t\t<img width=\"300\" height=\"152\" src=\"https:\/\/ceramic.md\/wp-content\/uploads\/2024\/07\/ceramic.md-30.8x60.8-augusta-crystal-decor-300x152.jpeg\" class=\"attachment-woocommerce_thumbnail size-woocommerce_thumbnail\" alt=\"Ceramic.md 30.8x60.8 Augusta Crystal Decor Glossy\" srcset=\"https:\/\/ceramic.md\/wp-content\/uploads\/2024\/07\/ceramic.md-30.8x60.8-augusta-crystal-decor-300x152.jpeg 300w, https:\/\/ceramic.md\/wp-content\/uploads\/2024\/07\/ceramic.md-30.8x60.8-augusta-crystal-decor-789x400.jpeg 789w, https:\/\/ceramic.md\/wp-content\/uploads\/2024\/07\/ceramic.md-30.8x60.8-augusta-crystal-decor-400x203.jpeg 400w, https:\/\/ceramic.md\/wp-content\/uploads\/2024\/07\/ceramic.md-30.8x60.8-augusta-crystal-decor-768x389.jpeg 768w, https:\/\/ceramic.md\/wp-content\/uploads\/2024\/07\/ceramic.md-30.8x60.8-augusta-crystal-decor-600x304.jpeg 600w, https:\/\/ceramic.md\/wp-content\/uploads\/2024\/07\/ceramic.md-30.8x60.8-augusta-crystal-decor.jpeg 799w\" sizes=\"(max-width: 300px) 100vw, 300px\" \/>\t\t\t\t<\/a>\n\t\t\t<\/div>\n\t\t\t<div class=\"image-tools is-small top right show-on-hover\">\n\t\t\t\t\t\t\t<\/div>\n\t\t\t<div class=\"image-tools is-small hide-for-small bottom left show-on-hover\">\n\t\t\t\t\t\t\t<\/div>\n\t\t\t<div class=\"image-tools grid-tools text-center hide-for-small bottom hover-slide-in show-on-hover\">\n\t\t\t\t\t\t\t<\/div>\n\t\t\t\t\t<\/div>\n\n\t\t<div class=\"box-text box-text-products text-center grid-style-2\">\n\t\t\tFaian\u021b\u0103<div class=\"title-wrapper\"><p itemprop=\"name\" class=\"product_title entry-title\">Ucraina<\/p><\/div><div class=\"price-wrapper\"><\/div>\t\t<\/div>\n\t<\/div>\n\t\t<\/div>\n<\/div>\n<div class=\"product-small col has-hover product type-product post-19563 status-publish instock product_cat-faianta product_cat-teracota has-post-thumbnail shipping-taxable product-type-simple\">\n\t<div class=\"col-inner\">\n\t\n<div class=\"badge-container absolute left top z-1\">\n<\/div>\n\t<div class=\"product-small box \">\n\t\t<div class=\"box-image\">\n\t\t\t<div class=\"image-zoom\">\n\t\t\t\t<a href=\"https:\/\/ceramic.md\/ro\/product\/308x608-augusta-brown-glossy\/\" aria-label=\"30,8x60,8cm Augusta Brown Glossy\">\n\t\t\t\t\t<img width=\"300\" height=\"150\" src=\"https:\/\/ceramic.md\/wp-content\/uploads\/2024\/07\/ceramic.md-30.8x60.8-augusta-brown-300x150.jpeg\" class=\"attachment-woocommerce_thumbnail size-woocommerce_thumbnail\" alt=\"Ceramic.md 30.8x60.8 Augusta Brown Glossy\" srcset=\"https:\/\/ceramic.md\/wp-content\/uploads\/2024\/07\/ceramic.md-30.8x60.8-augusta-brown-300x150.jpeg 300w, https:\/\/ceramic.md\/wp-content\/uploads\/2024\/07\/ceramic.md-30.8x60.8-augusta-brown-400x200.jpeg 400w, https:\/\/ceramic.md\/wp-content\/uploads\/2024\/07\/ceramic.md-30.8x60.8-augusta-brown-768x384.jpeg 768w, https:\/\/ceramic.md\/wp-content\/uploads\/2024\/07\/ceramic.md-30.8x60.8-augusta-brown-600x300.jpeg 600w, https:\/\/ceramic.md\/wp-content\/uploads\/2024\/07\/ceramic.md-30.8x60.8-augusta-brown.jpeg 799w\" sizes=\"(max-width: 300px) 100vw, 300px\" \/>\t\t\t\t<\/a>\n\t\t\t<\/div>\n\t\t\t<div class=\"image-tools is-small top right show-on-hover\">\n\t\t\t\t\t\t\t<\/div>\n\t\t\t<div class=\"image-tools is-small hide-for-small bottom left show-on-hover\">\n\t\t\t\t\t\t\t<\/div>\n\t\t\t<div class=\"image-tools grid-tools text-center hide-for-small bottom hover-slide-in show-on-hover\">\n\t\t\t\t\t\t\t<\/div>\n\t\t\t\t\t<\/div>\n\n\t\t<div class=\"box-text box-text-products text-center grid-style-2\">\n\t\t\tFaian\u021b\u0103<div class=\"title-wrapper\"><p itemprop=\"name\" class=\"product_title entry-title\">Ucraina<\/p><\/div><div class=\"price-wrapper\"><\/div>\t\t<\/div>\n\t<\/div>\n\t\t<\/div>\n<\/div>\n<div class=\"product-small col has-hover product type-product post-19559 status-publish last instock product_cat-faianta product_cat-teracota has-post-thumbnail shipping-taxable product-type-simple\">\n\t<div class=\"col-inner\">\n\t\n<div class=\"badge-container absolute left top z-1\">\n<\/div>\n\t<div class=\"product-small box \">\n\t\t<div class=\"box-image\">\n\t\t\t<div class=\"image-zoom\">\n\t\t\t\t<a href=\"https:\/\/ceramic.md\/ro\/product\/308x608-augusta-white-glossy\/\" aria-label=\"30,8x60,8cm Augusta White Glossy\">\n\t\t\t\t\t<img width=\"300\" height=\"150\" src=\"https:\/\/ceramic.md\/wp-content\/uploads\/2024\/07\/ceramic.md-30.8x60.8-augusta-white-300x150.png\" class=\"attachment-woocommerce_thumbnail size-woocommerce_thumbnail\" alt=\"Ceramic.md 30.8x60.8 Augusta White Glossy\" srcset=\"https:\/\/ceramic.md\/wp-content\/uploads\/2024\/07\/ceramic.md-30.8x60.8-augusta-white-300x150.png 300w, https:\/\/ceramic.md\/wp-content\/uploads\/2024\/07\/ceramic.md-30.8x60.8-augusta-white-400x200.png 400w, https:\/\/ceramic.md\/wp-content\/uploads\/2024\/07\/ceramic.md-30.8x60.8-augusta-white-768x384.png 768w, https:\/\/ceramic.md\/wp-content\/uploads\/2024\/07\/ceramic.md-30.8x60.8-augusta-white-600x300.png 600w, https:\/\/ceramic.md\/wp-content\/uploads\/2024\/07\/ceramic.md-30.8x60.8-augusta-white.png 799w\" sizes=\"(max-width: 300px) 100vw, 300px\" \/>\t\t\t\t<\/a>\n\t\t\t<\/div>\n\t\t\t<div class=\"image-tools is-small top right show-on-hover\">\n\t\t\t\t\t\t\t<\/div>\n\t\t\t<div class=\"image-tools is-small hide-for-small bottom left show-on-hover\">\n\t\t\t\t\t\t\t<\/div>\n\t\t\t<div class=\"image-tools grid-tools text-center hide-for-small bottom hover-slide-in show-on-hover\">\n\t\t\t\t\t\t\t<\/div>\n\t\t\t\t\t<\/div>\n\n\t\t<div class=\"box-text box-text-products text-center grid-style-2\">\n\t\t\tFaian\u021b\u0103<div class=\"title-wrapper\"><p itemprop=\"name\" class=\"product_title entry-title\">Ucraina<\/p><\/div><div class=\"price-wrapper\"><\/div>\t\t<\/div>\n\t<\/div>\n\t\t<\/div>\n<\/div>\n<\/div><!-- row --><\/div>\n\n<h4>\u0421olec\u021bie de teracot\u0103 din ceramica Augusta de la fabrica ucraineasc\u0103 <a href=\"https:\/\/epicentrk.ua\/brands\/allore-group.html\" target=\"_blank\" rel=\"noopener\">ALLORE GROUP<\/a>\u00a0pentru decorarea pere\u021bilor \u00een interior.<\/h4>\n<p><a href=\"https:\/\/ceramic.md\/product-category\/teracota\/?filter_producator=ucraina\">Teracota ucraineasc\u0103<\/a> \u00een trecut se considera c\u0103 nu era de foarte bun\u0103 calitate. Cu toate acestea, tehnologiile au avansat cu mult timp \u00een urm\u0103, \u0219i fabricile ucrainene de teracot\u0103 \u00eempreun\u0103 cu acestea. \u00centr-un mediu extrem de competitiv, nici designerii ucraineni nu \u00ee\u0219i permit s\u0103 r\u0103m\u00e2n\u0103 \u00een urm\u0103 cu tendin\u021bele sezonului. Prin urmare, ast\u0103zi pl\u0103cile ucrainene devin \u00een mod meritat \u00een concordan\u021b\u0103 cu cele spaniole \u00een ceea ce prive\u0219te calitatea \u0219i designul, \u0219i chiar dep\u0103\u0219esc la pre\u021b.<\/p>\n<p><a href=\"https:\/\/ceramic.md\/wp-content\/uploads\/2022\/11\/allore-group-logo.png\"><img class=\"wp-image-15802 aligncenter\" src=\"https:\/\/ceramic.md\/wp-content\/uploads\/2022\/11\/allore-group-logo-800x114.png\" alt=\"Allore Group logo\" width=\"288\" height=\"41\" srcset=\"https:\/\/ceramic.md\/wp-content\/uploads\/2022\/11\/allore-group-logo-800x114.png 800w, https:\/\/ceramic.md\/wp-content\/uploads\/2022\/11\/allore-group-logo-300x43.png 300w, https:\/\/ceramic.md\/wp-content\/uploads\/2022\/11\/allore-group-logo-600x85.png 600w, https:\/\/ceramic.md\/wp-content\/uploads\/2022\/11\/allore-group-logo-1400x199.png 1400w, https:\/\/ceramic.md\/wp-content\/uploads\/2022\/11\/allore-group-logo-400x57.png 400w, https:\/\/ceramic.md\/wp-content\/uploads\/2022\/11\/allore-group-logo-768x109.png 768w, https:\/\/ceramic.md\/wp-content\/uploads\/2022\/11\/allore-group-logo-1536x218.png 1536w, https:\/\/ceramic.md\/wp-content\/uploads\/2022\/11\/allore-group-logo-2048x291.png 2048w\" sizes=\"(max-width: 288px) 100vw, 288px\" \/><\/a><\/p>\n<p>Fabrica Allore Group este un produc\u0103tor de pl\u0103ci ceramice relativ t\u00e2n\u0103r . Cu toate acestea, compania are avantaje clare &#8211; materiale de \u00eenalt\u0103 calitate \u0219i echipamente de ultim\u0103 genera\u021bie pentru produc\u021bia pentru pere\u021bi \u0219i podele. Fabrica, care \u021bine pasul cu vremurile, este mereu gata s\u0103 ofere cump\u0103r\u0103torului cel mai modern design \u0219i cea mai bun\u0103 calitate.<\/p>\n<p>Colec\u021bia de pl\u0103ci Augusta poate fi utilizat\u0103 \u00een baie, sufragerie \u0219i buc\u0103t\u0103rie, precum \u0219i pentru decorarea elementelor interioare individuale. Ea a colectat cele mai bune tendin\u021be ale sezonului &#8211; imita\u021bie de marmur\u0103 natural\u0103, precum \u0219i decoruri geometrice.<\/p>\n<p>Teracot\u0103 de perete sunt realizate din lut alb cu dimensiunea de 30,8&#215;60,8 cm \u0219i grosimea lor este de 8,5 mm. U\u0219or de t\u0103iat \u0219i g\u0103urit, nu necesit\u0103 echipamente scumpe \u00een timpul instal\u0103rii.<\/p>","protected":false},"excerpt":{"rendered":"<p>Colec\u021bie de teracot\u0103 baie, buc\u0103t\u0103rie, sufragerie de la<strong> Allore<\/strong><b>, <\/b>Ucraina<\/p>\n","protected":false},"featured_media":19560,"template":"","meta":[],"product_cat":[287,723,724],"product_tag":[],"_links":{"self":[{"href":"https:\/\/ceramic.md\/ro\/wp-json\/wp\/v2\/product\/19558"}],"collection":[{"href":"https:\/\/ceramic.md\/ro\/wp-json\/wp\/v2\/product"}],"about":[{"href":"https:\/\/ceramic.md\/ro\/wp-json\/wp\/v2\/types\/product"}],"wp:featuredmedia":[{"embeddable":true,"href":"https:\/\/ceramic.md\/ro\/wp-json\/wp\/v2\/media\/19560"}],"wp:attachment":[{"href":"https:\/\/ceramic.md\/ro\/wp-json\/wp\/v2\/media?parent=19558"}],"wp:term":[{"taxonomy":"product_cat","embeddable":true,"href":"https:\/\/ceramic.md\/ro\/wp-json\/wp\/v2\/product_cat?post=19558"},{"taxonomy":"product_tag","embeddable":true,"href":"https:\/\/ceramic.md\/ro\/wp-json\/wp\/v2\/product_tag?post=19558"}],"curies":[{"name":"wp","href":"https:\/\/api.w.org\/{rel}","templated":true}]}}