{"id":20062,"date":"2024-12-17T14:01:00","date_gmt":"2024-12-17T12:01:00","guid":{"rendered":"https:\/\/ceramic.md\/?post_type=product&#038;p=20062"},"modified":"2025-06-10T13:56:59","modified_gmt":"2025-06-10T10:56:59","slug":"laminat-camsan-sakarya-silver","status":"publish","type":"product","link":"https:\/\/ceramic.md\/ro\/product\/laminat-camsan-sakarya-silver\/","title":{"rendered":"Camsan Sakarya Silver 5002 8mm"},"content":{"rendered":"<h2><span style=\"font-size: 75%;\">Laminat pentru podea Camsan Sakarya Silver 5002 8mm<\/span><\/h2>\n<p data-start=\"1995\" data-end=\"2144\">Colec\u021bia <strong data-start=\"2004\" data-end=\"2021\">Camsan\u202fSilver<\/strong> ofer\u0103 solu\u021bii moderne de pardoseal\u0103 \u00een nuan\u021be deschise de gri-silvern, ideale pentru efectul de spa\u021biu luminat \u0219i aerisit.<\/p>\n<p data-start=\"2146\" data-end=\"2174\"><strong data-start=\"2146\" data-end=\"2174\">Caracteristici estimate:<\/strong><\/p>\n<ul data-start=\"2175\" data-end=\"2561\">\n<li data-start=\"2175\" data-end=\"2259\">\n<p data-start=\"2177\" data-end=\"2259\">Grosime 8 mm, clas\u0103 de uzur\u0103 AC3 \u2014 potrivit pentru trafic mediu.<\/p>\n<\/li>\n<li data-start=\"2260\" data-end=\"2342\">\n<p data-start=\"2262\" data-end=\"2342\">Dimensiuni 1200\u202f\u00d7\u202f192.5\u202fmm.<\/p>\n<\/li>\n<li data-start=\"2343\" data-end=\"2410\">\n<p data-start=\"2345\" data-end=\"2410\">Embosaj sincronizat 3D \u2014 testur\u0103 realist\u0103 \u0219i pl\u0103cut\u0103 la atingere.<\/p>\n<\/li>\n<li data-start=\"2411\" data-end=\"2470\">\n<p data-start=\"2413\" data-end=\"2470\">Sistem de clic Valinge\/Click \u2014 montaj rapid, f\u0103r\u0103 adeziv.<\/p>\n<\/li>\n<li data-start=\"2471\" data-end=\"2561\">\n<p data-start=\"2473\" data-end=\"2561\">Rezistent la zg\u00e2rieturi, umiditate casnic\u0103, UV \u2014 compatibil cu \u00eenc\u0103lzirea \u00een pardoseal\u0103.<\/p>\n<\/li>\n<\/ul>\n<p data-start=\"2726\" data-end=\"2739\"><strong data-start=\"2726\" data-end=\"2739\">Avantaje:<\/strong><\/p>\n<ul data-start=\"2740\" data-end=\"2980\">\n<li data-start=\"2740\" data-end=\"2794\">\n<p data-start=\"2742\" data-end=\"2794\">Iluzia unui spa\u021biu mai mare \u0219i luminozitate sporit\u0103.<\/p>\n<\/li>\n<li data-start=\"2795\" data-end=\"2865\">\n<p data-start=\"2797\" data-end=\"2865\">Palet\u0103 neutr\u0103 \u2014 se integreaz\u0103 u\u0219or cu mobil\u0103 \u0219i decora\u021biuni diverse.<\/p>\n<\/li>\n<li data-start=\"2866\" data-end=\"2937\">\n<p data-start=\"2868\" data-end=\"2937\">Practic: u\u0219or de \u00eentre\u021binut \u0219i potrivit pentru incalzirea pardoselii.<\/p>\n<\/li>\n<li data-start=\"2938\" data-end=\"2980\">\n<p data-start=\"2940\" data-end=\"2980\">Material ecologic \u0219i standarde europene.<\/p>\n<\/li>\n<\/ul>\n<div class=\"row\"  id=\"row-744521089\">\n\n\t<div id=\"col-380629481\" class=\"col medium-2 small-6 large-2\"  >\n\t\t\t\t<div class=\"col-inner\"  >\n\t\t\t\n\t\t\t\n\n\t\t<div class=\"icon-box featured-box icon-box-left tooltip text-left is-small\" title=\"8 mm grosimea pl\u0103cii\" style=\"margin:0 0px 0px 0px;\">\n\t\t\t\t\t<div class=\"icon-box-img\" style=\"width: 80px\">\n\t\t\t\t<div class=\"icon\">\n\t\t\t\t\t<div class=\"icon-inner\" >\n\t\t\t\t\t\t<img width=\"157\" height=\"157\" src=\"https:\/\/ceramic.md\/wp-content\/uploads\/2021\/12\/8mm-icon.png\" class=\"attachment-medium size-medium\" alt=\"\" srcset=\"https:\/\/ceramic.md\/wp-content\/uploads\/2021\/12\/8mm-icon.png 157w, https:\/\/ceramic.md\/wp-content\/uploads\/2021\/12\/8mm-icon-100x100.png 100w\" sizes=\"(max-width: 157px) 100vw, 157px\">\t\t\t\t\t<\/div>\n\t\t\t\t<\/div>\n\t\t\t<\/div>\n\t\t\t\t<div class=\"icon-box-text last-reset\">\n\t\t\t\t\t\t\t\t\t\n\t\t<\/div>\n\t<\/div>\n\t\n\t\n\t\t<\/div>\n\t\t\t\t\t<\/div>\n\n\t\n\n\t<div id=\"col-2062567890\" class=\"col medium-2 small-6 large-2\"  >\n\t\t\t\t<div class=\"col-inner\"  >\n\t\t\t\n\t\t\t\n\n\t\t<div class=\"icon-box featured-box icon-box-left tooltip text-left is-small\" title=\"AC3 clasa de abraziune\" >\n\t\t\t\t\t<div class=\"icon-box-img\" style=\"width: 80px\">\n\t\t\t\t<div class=\"icon\">\n\t\t\t\t\t<div class=\"icon-inner\" >\n\t\t\t\t\t\t<img width=\"157\" height=\"157\" src=\"https:\/\/ceramic.md\/wp-content\/uploads\/2024\/12\/ac3-icon.png\" class=\"attachment-medium size-medium\" alt=\"\" srcset=\"https:\/\/ceramic.md\/wp-content\/uploads\/2024\/12\/ac3-icon.png 157w, https:\/\/ceramic.md\/wp-content\/uploads\/2024\/12\/ac3-icon-100x100.png 100w\" sizes=\"(max-width: 157px) 100vw, 157px\">\t\t\t\t\t<\/div>\n\t\t\t\t<\/div>\n\t\t\t<\/div>\n\t\t\t\t<div class=\"icon-box-text last-reset\">\n\t\t\t\t\t\t\t\t\t\n\t\t<\/div>\n\t<\/div>\n\t\n\t\n\t\t<\/div>\n\t\t\t\t\t<\/div>\n\n\t\n\n\t<div id=\"col-2030828698\" class=\"col medium-2 small-6 large-2\"  >\n\t\t\t\t<div class=\"col-inner\"  >\n\t\t\t\n\t\t\t\n\n\t\t<div class=\"icon-box featured-box icon-box-left tooltip text-left is-small\" title=\"31 clasa de rezisten\u021b\u0103\" >\n\t\t\t\t\t<div class=\"icon-box-img\" style=\"width: 80px\">\n\t\t\t\t<div class=\"icon\">\n\t\t\t\t\t<div class=\"icon-inner\" >\n\t\t\t\t\t\t<img width=\"157\" height=\"157\" src=\"https:\/\/ceramic.md\/wp-content\/uploads\/2024\/12\/class-31-icon.png\" class=\"attachment-medium size-medium\" alt=\"\" srcset=\"https:\/\/ceramic.md\/wp-content\/uploads\/2024\/12\/class-31-icon.png 157w, https:\/\/ceramic.md\/wp-content\/uploads\/2024\/12\/class-31-icon-100x100.png 100w\" sizes=\"(max-width: 157px) 100vw, 157px\">\t\t\t\t\t<\/div>\n\t\t\t\t<\/div>\n\t\t\t<\/div>\n\t\t\t\t<div class=\"icon-box-text last-reset\">\n\t\t\t\t\t\t\t\t\t\n\t\t<\/div>\n\t<\/div>\n\t\n\t\n\t\t<\/div>\n\t\t\t\t\t<\/div>\n\n\t\n\n\t<div id=\"col-1529923667\" class=\"col medium-2 small-6 large-2\"  >\n\t\t\t\t<div class=\"col-inner\"  >\n\t\t\t\n\t\t\t\n\n\t\t<div class=\"icon-box featured-box icon-box-left tooltip text-left is-small\" title=\"10 ani garan\u021bie \u00een spa\u021bii de locuit\" >\n\t\t\t\t\t<div class=\"icon-box-img\" style=\"width: 80px\">\n\t\t\t\t<div class=\"icon\">\n\t\t\t\t\t<div class=\"icon-inner\" >\n\t\t\t\t\t\t<img width=\"157\" height=\"157\" src=\"https:\/\/ceramic.md\/wp-content\/uploads\/2024\/10\/10years-garranty-icon.png\" class=\"attachment-medium size-medium\" alt=\"\" srcset=\"https:\/\/ceramic.md\/wp-content\/uploads\/2024\/10\/10years-garranty-icon.png 157w, https:\/\/ceramic.md\/wp-content\/uploads\/2024\/10\/10years-garranty-icon-100x100.png 100w\" sizes=\"(max-width: 157px) 100vw, 157px\">\t\t\t\t\t<\/div>\n\t\t\t\t<\/div>\n\t\t\t<\/div>\n\t\t\t\t<div class=\"icon-box-text last-reset\">\n\t\t\t\t\t\t\t\t\t\n\t\t<\/div>\n\t<\/div>\n\t\n\t\n\t\t<\/div>\n\t\t\t\t\t<\/div>\n\n\t\n<\/div>\n<div class=\"row\"  id=\"row-957411397\">\n\n\t<div id=\"col-1958181175\" class=\"col medium-2 small-6 large-2\"  >\n\t\t\t\t<div class=\"col-inner\"  >\n\t\t\t\n\t\t\t\n\n\t\t<div class=\"icon-box featured-box icon-box-left tooltip text-left is-small\" title=\"pentru podele calde\" >\n\t\t\t\t\t<div class=\"icon-box-img\" style=\"width: 80px\">\n\t\t\t\t<div class=\"icon\">\n\t\t\t\t\t<div class=\"icon-inner\" >\n\t\t\t\t\t\t<img width=\"157\" height=\"157\" src=\"https:\/\/ceramic.md\/wp-content\/uploads\/2021\/12\/warm-floor-icon.png\" class=\"attachment-medium size-medium\" alt=\"\" srcset=\"https:\/\/ceramic.md\/wp-content\/uploads\/2021\/12\/warm-floor-icon.png 157w, https:\/\/ceramic.md\/wp-content\/uploads\/2021\/12\/warm-floor-icon-100x100.png 100w\" sizes=\"(max-width: 157px) 100vw, 157px\">\t\t\t\t\t<\/div>\n\t\t\t\t<\/div>\n\t\t\t<\/div>\n\t\t\t\t<div class=\"icon-box-text last-reset\">\n\t\t\t\t\t\t\t\t\t\n\t\t<\/div>\n\t<\/div>\n\t\n\t\n\t\t<\/div>\n\t\t\t\t\t<\/div>\n\n\t\n\n\t<div id=\"col-1370078375\" class=\"col medium-2 small-6 large-2\"  >\n\t\t\t\t<div class=\"col-inner\"  >\n\t\t\t\n\t\t\t\n\n\t\t<div class=\"icon-box featured-box icon-box-left tooltip text-left is-small\" title=\"Structura Brushed Wood\" >\n\t\t\t\t\t<div class=\"icon-box-img\" style=\"width: 80px\">\n\t\t\t\t<div class=\"icon\">\n\t\t\t\t\t<div class=\"icon-inner\" >\n\t\t\t\t\t\t<img width=\"157\" height=\"157\" src=\"https:\/\/ceramic.md\/wp-content\/uploads\/2021\/12\/brushed-wood-structure-icon.png\" class=\"attachment-medium size-medium\" alt=\"\" srcset=\"https:\/\/ceramic.md\/wp-content\/uploads\/2021\/12\/brushed-wood-structure-icon.png 157w, https:\/\/ceramic.md\/wp-content\/uploads\/2021\/12\/brushed-wood-structure-icon-100x100.png 100w\" sizes=\"(max-width: 157px) 100vw, 157px\">\t\t\t\t\t<\/div>\n\t\t\t\t<\/div>\n\t\t\t<\/div>\n\t\t\t\t<div class=\"icon-box-text last-reset\">\n\t\t\t\t\t\t\t\t\t\n\t\t<\/div>\n\t<\/div>\n\t\n\t\n\t\t<\/div>\n\t\t\t\t\t<\/div>\n\n\t\n\n\t<div id=\"col-103042699\" class=\"col medium-2 small-6 large-2\"  >\n\t\t\t\t<div class=\"col-inner\"  >\n\t\t\t\n\t\t\t\n\n\t\t<div class=\"icon-box featured-box icon-box-left tooltip text-left is-small\" title=\"antibacterial\" >\n\t\t\t\t\t<div class=\"icon-box-img\" style=\"width: 80px\">\n\t\t\t\t<div class=\"icon\">\n\t\t\t\t\t<div class=\"icon-inner\" >\n\t\t\t\t\t\t<img width=\"157\" height=\"157\" src=\"https:\/\/ceramic.md\/wp-content\/uploads\/2021\/12\/bez-imeni.png\" class=\"attachment-medium size-medium\" alt=\"\" srcset=\"https:\/\/ceramic.md\/wp-content\/uploads\/2021\/12\/bez-imeni.png 157w, https:\/\/ceramic.md\/wp-content\/uploads\/2021\/12\/bez-imeni-100x100.png 100w\" sizes=\"(max-width: 157px) 100vw, 157px\">\t\t\t\t\t<\/div>\n\t\t\t\t<\/div>\n\t\t\t<\/div>\n\t\t\t\t<div class=\"icon-box-text last-reset\">\n\t\t\t\t\t\t\t\t\t\n\t\t<\/div>\n\t<\/div>\n\t\n\t\n\t\t<\/div>\n\t\t\t\t\t<\/div>\n\n\t\n<\/div>\n<p>&nbsp;<\/p>\n<p><strong>Cantitatea pachetului<\/strong><strong>:<\/strong> 1,85 m\u00b2 (8 buc)<\/p>\n<p><strong>Greutatea pachetului<\/strong><strong>:<\/strong> 13,0 kg<\/p>\n<p><strong>Dime<span style=\"font-size: 100%;\">nsiune foaiei<\/span><\/strong><span style=\"font-size: 100%;\"><strong>:\u00a0<\/strong>1200&#215;192,4x<a href=\"https:\/\/ceramic.md\/grosime\/8mm\/\">8 mm<\/a><\/span><\/p>\n<p><strong>Clasa de rezisten\u021b\u0103:<\/strong> AC3\/31<\/p>\n<p><strong>Produc\u0103tor<\/strong><strong>:<\/strong> <a href=\"https:\/\/camsanworldwide.com\/\" target=\"_blank\" rel=\"noopener\">CAMSAN<\/a>, Turcia<\/p>\n<p><strong>Colec\u021bie<\/strong><strong>:<\/strong> Silver","protected":false},"excerpt":{"rendered":"<p><strong>Laminat<\/strong> 8 mm, clasa 31 &#8211; Camsan Sakarya Silver<\/p>\n","protected":false},"featured_media":20063,"template":"","meta":[],"product_cat":[616,39],"product_tag":[],"_links":{"self":[{"href":"https:\/\/ceramic.md\/ro\/wp-json\/wp\/v2\/product\/20062"}],"collection":[{"href":"https:\/\/ceramic.md\/ro\/wp-json\/wp\/v2\/product"}],"about":[{"href":"https:\/\/ceramic.md\/ro\/wp-json\/wp\/v2\/types\/product"}],"wp:featuredmedia":[{"embeddable":true,"href":"https:\/\/ceramic.md\/ro\/wp-json\/wp\/v2\/media\/20063"}],"wp:attachment":[{"href":"https:\/\/ceramic.md\/ro\/wp-json\/wp\/v2\/media?parent=20062"}],"wp:term":[{"taxonomy":"product_cat","embeddable":true,"href":"https:\/\/ceramic.md\/ro\/wp-json\/wp\/v2\/product_cat?post=20062"},{"taxonomy":"product_tag","embeddable":true,"href":"https:\/\/ceramic.md\/ro\/wp-json\/wp\/v2\/product_tag?post=20062"}],"curies":[{"name":"wp","href":"https:\/\/api.w.org\/{rel}","templated":true}]}}