{"id":20090,"date":"2024-12-17T16:47:27","date_gmt":"2024-12-17T14:47:27","guid":{"rendered":"https:\/\/ceramic.md\/?post_type=product&#038;p=20090"},"modified":"2024-12-17T16:49:16","modified_gmt":"2024-12-17T14:49:16","slug":"snt-say-fix-3s-clips-1mm-200","status":"publish","type":"product","link":"https:\/\/ceramic.md\/ro\/product\/snt-say-fix-3s-clips-1mm-200\/","title":{"rendered":"SNT Say Fix 3S Clips 1mm 200 buc"},"content":{"rendered":"<h4>Sistema de nivelare a teracotei Say Fix 3S Clips 1mm 200 buc<\/h4>\n<p>Clipsele pentru <a href=\"https:\/\/ceramic.md\/ru\/product-category\/produse-auxiliare\/snt\/\">sistemul de nivelare a teracotei<\/a> sunt un element de baz\u0103 care faciliteaz\u0103 procesul de instalare \u0219i asigur\u0103 o suprafa\u021b\u0103 plan\u0103 f\u0103r\u0103 diferen\u021be de \u00een\u0103l\u021bime. Fabricat din plastic de \u00eenalt\u0103 calitate, asigur\u00e2nd u\u0219urin\u021b\u0103 \u00een utilizare \u0219i fixare fiabil\u0103. Clemele sunt potrivite pentru lucrul cu pl\u0103ci de diferite grosimi \u0219i se \u00eendep\u0103rteaz\u0103 cu u\u0219urin\u021b\u0103 dup\u0103 ce adezivul s-a \u00eent\u0103rit. Compatibil cu pene pentru rezultate perfecte. O solu\u021bie excelent\u0103 pentru instalarea rapid\u0103 \u0219i de \u00eenalt\u0103 calitate a pl\u0103cilor.<\/p>\n<p><strong>Material:<\/strong> plastic<\/p>\n<p><strong>Grosimea \u0219ovului:<\/strong> 1 mm<\/p>\n<p><strong>Cantitate per pachet:<\/strong> 200 buc<\/p>\n<p><strong>Produc\u0103tor:<\/strong> <a href=\"https:\/\/saysystems.com.tr\/\" target=\"_blank\" rel=\"noopener\">Say Systems<\/a>, Turcia<\/p>","protected":false},"excerpt":{"rendered":"<p>Clipsele sistemului de nivelare a teracotei 200buc de la Say Systems, Turcia<\/p>\n","protected":false},"featured_media":20091,"template":"","meta":[],"product_cat":[1473],"product_tag":[],"_links":{"self":[{"href":"https:\/\/ceramic.md\/ro\/wp-json\/wp\/v2\/product\/20090"}],"collection":[{"href":"https:\/\/ceramic.md\/ro\/wp-json\/wp\/v2\/product"}],"about":[{"href":"https:\/\/ceramic.md\/ro\/wp-json\/wp\/v2\/types\/product"}],"wp:featuredmedia":[{"embeddable":true,"href":"https:\/\/ceramic.md\/ro\/wp-json\/wp\/v2\/media\/20091"}],"wp:attachment":[{"href":"https:\/\/ceramic.md\/ro\/wp-json\/wp\/v2\/media?parent=20090"}],"wp:term":[{"taxonomy":"product_cat","embeddable":true,"href":"https:\/\/ceramic.md\/ro\/wp-json\/wp\/v2\/product_cat?post=20090"},{"taxonomy":"product_tag","embeddable":true,"href":"https:\/\/ceramic.md\/ro\/wp-json\/wp\/v2\/product_tag?post=20090"}],"curies":[{"name":"wp","href":"https:\/\/api.w.org\/{rel}","templated":true}]}}