{"id":20175,"date":"2025-01-20T07:00:51","date_gmt":"2025-01-20T05:00:51","guid":{"rendered":"https:\/\/ceramic.md\/?post_type=product&#038;p=20175"},"modified":"2025-01-21T14:06:05","modified_gmt":"2025-01-21T12:06:05","slug":"colectie-slate-grey","status":"publish","type":"product","link":"https:\/\/ceramic.md\/ro\/product\/colectie-slate-grey\/","title":{"rendered":"Colec\u021bie Slate Grey"},"content":{"rendered":"<p style=\"text-align: center;\">\n<div class=\"container section-title-container\" ><h3 class=\"section-title section-title-bold-center\"><b><\/b><span class=\"section-title-main\" style=\"color:rgb(0, 0, 0);\">Compozi\u021bia colec\u021biei<\/span><b><\/b><\/h3><\/div>\n\n<div class=\"woocommerce columns-3 \"><span class=\"wpfHidden\" data-shortcode-attribute=\"{&quot;limit&quot;:&quot;12&quot;,&quot;columns&quot;:&quot;3&quot;,&quot;rows&quot;:&quot;&quot;,&quot;orderby&quot;:&quot;date&quot;,&quot;order&quot;:&quot;&quot;,&quot;ids&quot;:&quot;14930,14941,20176&quot;,&quot;skus&quot;:&quot;&quot;,&quot;category&quot;:&quot;&quot;,&quot;cat_operator&quot;:&quot;IN&quot;,&quot;attribute&quot;:&quot;&quot;,&quot;terms&quot;:&quot;&quot;,&quot;terms_operator&quot;:&quot;IN&quot;,&quot;tag&quot;:&quot;&quot;,&quot;tag_operator&quot;:&quot;IN&quot;,&quot;visibility&quot;:&quot;visible&quot;,&quot;class&quot;:&quot;&quot;,&quot;page&quot;:1,&quot;paginate&quot;:false,&quot;cache&quot;:false}\"><\/span><div class=\"products row row-small large-columns-3 medium-columns-3 small-columns-2 has-shadow row-box-shadow-2 row-box-shadow-3-hover\">\n<div class=\"product-small col has-hover product type-product post-20176 status-publish first instock product_cat-teracota product_cat-scari has-post-thumbnail shipping-taxable product-type-simple\">\n\t<div class=\"col-inner\">\n\t\n<div class=\"badge-container absolute left top z-1\">\n<\/div>\n\t<div class=\"product-small box \">\n\t\t<div class=\"box-image\">\n\t\t\t<div class=\"image-zoom\">\n\t\t\t\t<a href=\"https:\/\/ceramic.md\/ro\/product\/30x120-slate-grey-sugar-treapta\/\" aria-label=\"30x120cm Slate Grey Sugar Treapta\">\n\t\t\t\t\t<img width=\"300\" height=\"300\" src=\"https:\/\/ceramic.md\/wp-content\/uploads\/2025\/01\/ceramic.md-30x120-slate-grey-treapta--300x300.png\" class=\"attachment-woocommerce_thumbnail size-woocommerce_thumbnail\" alt=\"Ceramic.md 30x120 Slate Grey Sugar Treapta\" srcset=\"https:\/\/ceramic.md\/wp-content\/uploads\/2025\/01\/ceramic.md-30x120-slate-grey-treapta--300x300.png 300w, https:\/\/ceramic.md\/wp-content\/uploads\/2025\/01\/ceramic.md-30x120-slate-grey-treapta--400x400.png 400w, https:\/\/ceramic.md\/wp-content\/uploads\/2025\/01\/ceramic.md-30x120-slate-grey-treapta--800x800.png 800w, https:\/\/ceramic.md\/wp-content\/uploads\/2025\/01\/ceramic.md-30x120-slate-grey-treapta--768x768.png 768w, https:\/\/ceramic.md\/wp-content\/uploads\/2025\/01\/ceramic.md-30x120-slate-grey-treapta--600x600.png 600w, https:\/\/ceramic.md\/wp-content\/uploads\/2025\/01\/ceramic.md-30x120-slate-grey-treapta--100x100.png 100w, https:\/\/ceramic.md\/wp-content\/uploads\/2025\/01\/ceramic.md-30x120-slate-grey-treapta-.png 1000w\" sizes=\"(max-width: 300px) 100vw, 300px\" \/>\t\t\t\t<\/a>\n\t\t\t<\/div>\n\t\t\t<div class=\"image-tools is-small top right show-on-hover\">\n\t\t\t\t\t\t\t<\/div>\n\t\t\t<div class=\"image-tools is-small hide-for-small bottom left show-on-hover\">\n\t\t\t\t\t\t\t<\/div>\n\t\t\t<div class=\"image-tools grid-tools text-center hide-for-small bottom hover-slide-in show-on-hover\">\n\t\t\t\t\t\t\t<\/div>\n\t\t\t\t\t<\/div>\n\n\t\t<div class=\"box-text box-text-products text-center grid-style-2\">\n\t\t\tTreapt\u0103<div class=\"title-wrapper\"><p itemprop=\"name\" class=\"product_title entry-title\">Ucraina<\/p><\/div><div class=\"price-wrapper\"><\/div>\t\t<\/div>\n\t<\/div>\n\t\t<\/div>\n<\/div>\n<div class=\"product-small col has-hover product type-product post-14930 status-publish instock product_cat-gresie product_cat-teracota product_cat-terasa has-post-thumbnail shipping-taxable product-type-simple\">\n\t<div class=\"col-inner\">\n\t\n<div class=\"badge-container absolute left top z-1\">\n<\/div>\n\t<div class=\"product-small box \">\n\t\t<div class=\"box-image\">\n\t\t\t<div class=\"image-zoom\">\n\t\t\t\t<a href=\"https:\/\/ceramic.md\/ro\/product\/60x60-slate-grey\/\" aria-label=\"60x60cm Slate Grey\">\n\t\t\t\t\t<img width=\"300\" height=\"300\" src=\"https:\/\/ceramic.md\/wp-content\/uploads\/2022\/08\/ceramic.md-60x60-slate-grey-300x300.jpeg\" class=\"attachment-woocommerce_thumbnail size-woocommerce_thumbnail\" alt=\"Slate Grey\" srcset=\"https:\/\/ceramic.md\/wp-content\/uploads\/2022\/08\/ceramic.md-60x60-slate-grey-300x300.jpeg 300w, https:\/\/ceramic.md\/wp-content\/uploads\/2022\/08\/ceramic.md-60x60-slate-grey-100x100.jpeg 100w, https:\/\/ceramic.md\/wp-content\/uploads\/2022\/08\/ceramic.md-60x60-slate-grey-600x600.jpeg 600w, https:\/\/ceramic.md\/wp-content\/uploads\/2022\/08\/ceramic.md-60x60-slate-grey-400x400.jpeg 400w, https:\/\/ceramic.md\/wp-content\/uploads\/2022\/08\/ceramic.md-60x60-slate-grey-768x768.jpeg 768w, https:\/\/ceramic.md\/wp-content\/uploads\/2022\/08\/ceramic.md-60x60-slate-grey.jpeg 799w\" sizes=\"(max-width: 300px) 100vw, 300px\" \/>\t\t\t\t<\/a>\n\t\t\t<\/div>\n\t\t\t<div class=\"image-tools is-small top right show-on-hover\">\n\t\t\t\t\t\t\t<\/div>\n\t\t\t<div class=\"image-tools is-small hide-for-small bottom left show-on-hover\">\n\t\t\t\t\t\t\t<\/div>\n\t\t\t<div class=\"image-tools grid-tools text-center hide-for-small bottom hover-slide-in show-on-hover\">\n\t\t\t\t\t\t\t<\/div>\n\t\t\t\t\t<\/div>\n\n\t\t<div class=\"box-text box-text-products text-center grid-style-2\">\n\t\t\tGresie por\u021belanat\u0103<div class=\"title-wrapper\"><p itemprop=\"name\" class=\"product_title entry-title\">Ucraina<\/p><\/div><div class=\"price-wrapper\"><\/div>\t\t<\/div>\n\t<\/div>\n\t\t<\/div>\n<\/div>\n<div class=\"product-small col has-hover product type-product post-14941 status-publish last instock product_cat-gresie product_cat-teracota product_cat-terasa has-post-thumbnail shipping-taxable product-type-simple\">\n\t<div class=\"col-inner\">\n\t\n<div class=\"badge-container absolute left top z-1\">\n<\/div>\n\t<div class=\"product-small box \">\n\t\t<div class=\"box-image\">\n\t\t\t<div class=\"image-zoom\">\n\t\t\t\t<a href=\"https:\/\/ceramic.md\/ro\/product\/60x120-slate-grey\/\" aria-label=\"60x120cm Slate Grey\">\n\t\t\t\t\t<img width=\"300\" height=\"149\" src=\"https:\/\/ceramic.md\/wp-content\/uploads\/2022\/08\/ceramic.md-60x120-slate-grey-300x149.jpeg\" class=\"attachment-woocommerce_thumbnail size-woocommerce_thumbnail\" alt=\"Slate Grey\" srcset=\"https:\/\/ceramic.md\/wp-content\/uploads\/2022\/08\/ceramic.md-60x120-slate-grey-300x149.jpeg 300w, https:\/\/ceramic.md\/wp-content\/uploads\/2022\/08\/ceramic.md-60x120-slate-grey-600x298.jpeg 600w, https:\/\/ceramic.md\/wp-content\/uploads\/2022\/08\/ceramic.md-60x120-slate-grey-400x199.jpeg 400w, https:\/\/ceramic.md\/wp-content\/uploads\/2022\/08\/ceramic.md-60x120-slate-grey-768x382.jpeg 768w, https:\/\/ceramic.md\/wp-content\/uploads\/2022\/08\/ceramic.md-60x120-slate-grey.jpeg 799w\" sizes=\"(max-width: 300px) 100vw, 300px\" \/>\t\t\t\t<\/a>\n\t\t\t<\/div>\n\t\t\t<div class=\"image-tools is-small top right show-on-hover\">\n\t\t\t\t\t\t\t<\/div>\n\t\t\t<div class=\"image-tools is-small hide-for-small bottom left show-on-hover\">\n\t\t\t\t\t\t\t<\/div>\n\t\t\t<div class=\"image-tools grid-tools text-center hide-for-small bottom hover-slide-in show-on-hover\">\n\t\t\t\t\t\t\t<\/div>\n\t\t\t\t\t<\/div>\n\n\t\t<div class=\"box-text box-text-products text-center grid-style-2\">\n\t\t\tGresie por\u021belanat\u0103<div class=\"title-wrapper\"><p itemprop=\"name\" class=\"product_title entry-title\">Ucraina<\/p><\/div><div class=\"price-wrapper\"><\/div>\t\t<\/div>\n\t<\/div>\n\t\t<\/div>\n<\/div>\n<\/div><!-- row --><\/div>\n\t<div id=\"text-2855392572\" class=\"text\">\n\t\t\n\n<h2>Colec\u021bia de gresie por\u021belanat\u0103 Slate Grey de la fabrica <a href=\"https:\/\/epicentrk.ua\/brands\/allore-group.html\" target=\"_blank\" rel=\"noopener\"><strong>Allore Group<\/strong><\/a><\/h2>\n<p>Colec\u021bia reprezint\u0103 o combina\u021bie rafinat\u0103 de stil \u0219i versatilitate, perfect\u0103 pentru interioare \u0219i exterioare moderne. Colec\u021bia include trei nuan\u021be actuale:<\/p>\n<ul>\n<li><strong>Antracite<\/strong> \u2013 un ton \u00eenchis intens, cu un caracter expresiv, care creeaz\u0103 o atmosfer\u0103 de elegan\u021b\u0103 sobr\u0103;<\/li>\n<li><strong>Gold<\/strong> \u2013 o nuan\u021b\u0103 aurie cald\u0103, care adaug\u0103 accente de lux \u0219i confort;<\/li>\n<li><strong>Grey<\/strong> \u2013 o culoare gri universal\u0103, ce se remarc\u0103 prin elegan\u021ba sa discret\u0103 \u0219i care se potrive\u0219te \u00een orice concept de design.<\/li>\n<\/ul>\n<p>Varietatea formatelor (60\u00d760 cm, 60\u00d7120 cm) permite utilizarea pl\u0103cilor at\u00e2t pe pere\u021bi, c\u00e2t \u0219i pe podele, \u00een orice zon\u0103: de la camere de locuit p\u00e2n\u0103 la terase \u0219i fa\u021bade. Pentru realizarea unor sc\u0103ri elegante \u0219i func\u021bionale, colec\u021bia este completat\u0103 cu pl\u0103ci \u00een format 30\u00d7120 cm, special concepute pentru trepte.<\/p>\n<p>Caracteristicile tehnice excelente ale gresiei por\u021belanate fac din aceast\u0103 colec\u021bie o solu\u021bie ideal\u0103 pentru spa\u021bii private \u0219i comerciale, combin\u00e2nd rezisten\u021ba, durabilitatea \u0219i atractivitatea estetic\u0103. <strong>Allore Group<\/strong> \u00ee\u0219i demonstreaz\u0103 din nou m\u0103iestria \u00een crearea materialelor inspirate de tendin\u021bele contemporane \u0219i de nevoile arhitecturii moderne.<\/p>\n\t\t\n<style>\n#text-2004048243 {\n  text-align: left;\n}\n<\/style>\n\t<\/div>\n\t\n<div class=\"container section-title-container\" ><h3 class=\"section-title section-title-bold-center\"><b><\/b><span class=\"section-title-main\" style=\"color:rgb(0, 0, 0);\">\u00cen alte culori<\/span><b><\/b><\/h3><\/div>\n  <div class=\"banner-grid-wrapper\">\n  <div id=\"banner-grid-715119522\" class=\"banner-grid row row-grid row-small\" data-packery-options=\"\">\n                      \n<div class=\"col grid-col large-6 grid-col-1\" ><div class=\"col-inner\">\n\n  <div class=\"banner has-hover\" id=\"banner-912855636\">\n          <div class=\"banner-inner fill\">\n        <div class=\"banner-bg fill\" >\n            <div class=\"bg fill bg-fill \"><\/div>\n                                    \n                    <\/div>\n\t\t\n        <div class=\"banner-layers container\">\n            <div class=\"fill banner-link\"><\/div>            \n   <div id=\"text-box-2114971428\" class=\"text-box banner-layer x95 md-x95 lg-x95 y5 md-y5 lg-y5 res-text\">\n                                <div class=\"text-box-content text box-shadow-3\">\n              \n              <div class=\"text-inner text-left\">\n                  \n<h3 class=\"uppercase\" style=\"text-align: center;\"><a href=\"https:\/\/ceramic.md\/product\/colectie-slate-anthracite\/\"><strong>COLEC\u021aIE SLATE ANTHRACITE<\/strong><\/a><\/h3>\n<a href=\"https:\/\/ceramic.md\/product\/colectie-slate-anthracite\/\" target=\"_self\" class=\"button primary is-gloss is-larger box-shadow-3 expand\" style=\"border-radius:5px;\">\n    <span>TRECE\u021aI<\/span>\n  <i class=\"icon-angle-right\" ><\/i><\/a>\n\n              <\/div>\n           <\/div>\n                            \n<style>\n#text-box-2114971428 .text-box-content {\n  background-color: rgba(255, 255, 255, 0.8);\n  font-size: 100%;\n}\n#text-box-2114971428 .text-inner {\n  padding: 30px 30px 30px 30px;\n}\n#text-box-2114971428 {\n  width: 60%;\n}\n@media (min-width:550px) {\n  #text-box-2114971428 {\n    width: 60%;\n  }\n}\n<\/style>\n    <\/div>\n \n        <\/div>\n      <\/div>\n\n            \n<style>\n#banner-912855636 {\n  padding-top: 500px;\n  background-color: rgb(255, 255, 255);\n}\n#banner-912855636 .bg.bg-loaded {\n  background-image: url(https:\/\/ceramic.md\/wp-content\/uploads\/2025\/01\/ceramic.md-colectie-slate-anthracite.jpg);\n}\n#banner-912855636 .bg {\n  background-position: 49% 10%;\n}\n#banner-912855636 .ux-shape-divider--top svg {\n  height: 150px;\n  --divider-top-width: 100%;\n}\n#banner-912855636 .ux-shape-divider--bottom svg {\n  height: 150px;\n  --divider-width: 100%;\n}\n<\/style>\n  <\/div>\n\n\n<\/div><\/div>\n<div class=\"col grid-col large-6 grid-col-1\" ><div class=\"col-inner\">\n\n  <div class=\"banner has-hover\" id=\"banner-1369084642\">\n          <div class=\"banner-inner fill\">\n        <div class=\"banner-bg fill\" >\n            <div class=\"bg fill bg-fill \"><\/div>\n                                    \n                    <\/div>\n\t\t\n        <div class=\"banner-layers container\">\n            <div class=\"fill banner-link\"><\/div>            \n   <div id=\"text-box-343351785\" class=\"text-box banner-layer x5 md-x5 lg-x5 y95 md-y95 lg-y95 res-text\">\n                                <div class=\"text-box-content text box-shadow-3\">\n              \n              <div class=\"text-inner text-left\">\n                  \n<h3 class=\"uppercase\" style=\"text-align: center;\"><a href=\"https:\/\/ceramic.md\/product\/colectie-slate-gold\/\"><strong>COLEC\u021aIE SLATE GOLD<\/strong><\/a><\/h3>\n<a href=\"https:\/\/ceramic.md\/product\/colectie-slate-gold\/\" target=\"_self\" class=\"button primary is-gloss is-larger box-shadow-3 expand\" style=\"border-radius:5px;\">\n    <span>TRECE\u021aI<\/span>\n  <i class=\"icon-angle-right\" ><\/i><\/a>\n\n              <\/div>\n           <\/div>\n                            \n<style>\n#text-box-343351785 .text-box-content {\n  background-color: rgba(255, 255, 255, 0.8);\n  font-size: 100%;\n}\n#text-box-343351785 .text-inner {\n  padding: 30px 30px 30px 30px;\n}\n#text-box-343351785 {\n  width: 60%;\n}\n@media (min-width:550px) {\n  #text-box-343351785 {\n    width: 60%;\n  }\n}\n<\/style>\n    <\/div>\n \n        <\/div>\n      <\/div>\n\n            \n<style>\n#banner-1369084642 {\n  padding-top: 500px;\n  background-color: rgb(255, 255, 255);\n}\n#banner-1369084642 .bg.bg-loaded {\n  background-image: url(https:\/\/ceramic.md\/wp-content\/uploads\/2025\/01\/ceramic.md-colectie-slate-gold.jpg);\n}\n#banner-1369084642 .bg {\n  background-position: 60% 98%;\n}\n#banner-1369084642 .ux-shape-divider--top svg {\n  height: 150px;\n  --divider-top-width: 100%;\n}\n#banner-1369084642 .ux-shape-divider--bottom svg {\n  height: 150px;\n  --divider-width: 100%;\n}\n<\/style>\n  <\/div>\n\n\n<\/div><\/div>\n            <\/div>\n    <style>\n    #banner-grid-715119522 .grid-col-1{height: 600px}\n    #banner-grid-715119522 .grid-col-1-2{height: 300px}\n    #banner-grid-715119522 .grid-col-1-3{height:200px}\n    #banner-grid-715119522 .grid-col-2-3{height: 400px}\n    #banner-grid-715119522 .grid-col-1-4{height: 150px}\n    #banner-grid-715119522 .grid-col-3-4{height: 450px}\n\n\n    \n    \n\n  <\/style>\n    <\/div>","protected":false},"excerpt":{"rendered":"<p>Colec\u021bie de teracot\u0103 din por\u021belan Slate Grey pentru pere\u021bi \u0219i pardoseli, pentru orice zona: de la living la terase, trepte \u0219i fa\u021bade de la <b>Allore Group, <\/b>Ucraina<\/p>\n","protected":false},"featured_media":20181,"template":"","meta":[],"product_cat":[287,722],"product_tag":[],"_links":{"self":[{"href":"https:\/\/ceramic.md\/ro\/wp-json\/wp\/v2\/product\/20175"}],"collection":[{"href":"https:\/\/ceramic.md\/ro\/wp-json\/wp\/v2\/product"}],"about":[{"href":"https:\/\/ceramic.md\/ro\/wp-json\/wp\/v2\/types\/product"}],"wp:featuredmedia":[{"embeddable":true,"href":"https:\/\/ceramic.md\/ro\/wp-json\/wp\/v2\/media\/20181"}],"wp:attachment":[{"href":"https:\/\/ceramic.md\/ro\/wp-json\/wp\/v2\/media?parent=20175"}],"wp:term":[{"taxonomy":"product_cat","embeddable":true,"href":"https:\/\/ceramic.md\/ro\/wp-json\/wp\/v2\/product_cat?post=20175"},{"taxonomy":"product_tag","embeddable":true,"href":"https:\/\/ceramic.md\/ro\/wp-json\/wp\/v2\/product_tag?post=20175"}],"curies":[{"name":"wp","href":"https:\/\/api.w.org\/{rel}","templated":true}]}}