{"id":20211,"date":"2025-01-21T11:30:36","date_gmt":"2025-01-21T09:30:36","guid":{"rendered":"https:\/\/ceramic.md\/?post_type=product&#038;p=20211"},"modified":"2025-01-21T14:05:18","modified_gmt":"2025-01-21T12:05:18","slug":"colectie-canyon-brown","status":"publish","type":"product","link":"https:\/\/ceramic.md\/ro\/product\/colectie-canyon-brown\/","title":{"rendered":"Colec\u021bie Canyon Brown"},"content":{"rendered":"<p style=\"text-align: center;\">\n<div class=\"container section-title-container\" ><h3 class=\"section-title section-title-bold-center\"><b><\/b><span class=\"section-title-main\" style=\"color:rgb(0, 0, 0);\">Compozi\u021bia colec\u021biei<\/span><b><\/b><\/h3><\/div>\n\n<div class=\"woocommerce columns-3 \"><span class=\"wpfHidden\" data-shortcode-attribute=\"{&quot;limit&quot;:&quot;12&quot;,&quot;columns&quot;:&quot;3&quot;,&quot;rows&quot;:&quot;&quot;,&quot;orderby&quot;:&quot;date&quot;,&quot;order&quot;:&quot;&quot;,&quot;ids&quot;:&quot;20213,20214,9817&quot;,&quot;skus&quot;:&quot;&quot;,&quot;category&quot;:&quot;&quot;,&quot;cat_operator&quot;:&quot;IN&quot;,&quot;attribute&quot;:&quot;&quot;,&quot;terms&quot;:&quot;&quot;,&quot;terms_operator&quot;:&quot;IN&quot;,&quot;tag&quot;:&quot;&quot;,&quot;tag_operator&quot;:&quot;IN&quot;,&quot;visibility&quot;:&quot;visible&quot;,&quot;class&quot;:&quot;&quot;,&quot;page&quot;:1,&quot;paginate&quot;:false,&quot;cache&quot;:false}\"><\/span><div class=\"products row row-small large-columns-3 medium-columns-3 small-columns-2 has-shadow row-box-shadow-2 row-box-shadow-3-hover\">\n<div class=\"product-small col has-hover product type-product post-20214 status-publish first instock product_cat-teracota product_cat-scari has-post-thumbnail shipping-taxable product-type-simple\">\n\t<div class=\"col-inner\">\n\t\n<div class=\"badge-container absolute left top z-1\">\n<\/div>\n\t<div class=\"product-small box \">\n\t\t<div class=\"box-image\">\n\t\t\t<div class=\"image-zoom\">\n\t\t\t\t<a href=\"https:\/\/ceramic.md\/ro\/product\/30x120-canyon-brown-mat-treapta\/\" aria-label=\"30x120cm Canyon Brown Mat Treapta\">\n\t\t\t\t\t<img width=\"300\" height=\"300\" src=\"https:\/\/ceramic.md\/wp-content\/uploads\/2025\/01\/ceramic.md-30x120-canyon-brown-treapta--300x300.png\" class=\"attachment-woocommerce_thumbnail size-woocommerce_thumbnail\" alt=\"Ceramic.md 30x120 Canyon Brown Mat Treapta\" srcset=\"https:\/\/ceramic.md\/wp-content\/uploads\/2025\/01\/ceramic.md-30x120-canyon-brown-treapta--300x300.png 300w, https:\/\/ceramic.md\/wp-content\/uploads\/2025\/01\/ceramic.md-30x120-canyon-brown-treapta--400x400.png 400w, https:\/\/ceramic.md\/wp-content\/uploads\/2025\/01\/ceramic.md-30x120-canyon-brown-treapta--800x800.png 800w, https:\/\/ceramic.md\/wp-content\/uploads\/2025\/01\/ceramic.md-30x120-canyon-brown-treapta--768x768.png 768w, https:\/\/ceramic.md\/wp-content\/uploads\/2025\/01\/ceramic.md-30x120-canyon-brown-treapta--600x600.png 600w, https:\/\/ceramic.md\/wp-content\/uploads\/2025\/01\/ceramic.md-30x120-canyon-brown-treapta--100x100.png 100w, https:\/\/ceramic.md\/wp-content\/uploads\/2025\/01\/ceramic.md-30x120-canyon-brown-treapta-.png 1000w\" sizes=\"(max-width: 300px) 100vw, 300px\" \/>\t\t\t\t<\/a>\n\t\t\t<\/div>\n\t\t\t<div class=\"image-tools is-small top right show-on-hover\">\n\t\t\t\t\t\t\t<\/div>\n\t\t\t<div class=\"image-tools is-small hide-for-small bottom left show-on-hover\">\n\t\t\t\t\t\t\t<\/div>\n\t\t\t<div class=\"image-tools grid-tools text-center hide-for-small bottom hover-slide-in show-on-hover\">\n\t\t\t\t\t\t\t<\/div>\n\t\t\t\t\t<\/div>\n\n\t\t<div class=\"box-text box-text-products text-center grid-style-2\">\n\t\t\tTreapt\u0103<div class=\"title-wrapper\"><p itemprop=\"name\" class=\"product_title entry-title\">Ucraina<\/p><\/div><div class=\"price-wrapper\"><\/div>\t\t<\/div>\n\t<\/div>\n\t\t<\/div>\n<\/div>\n<div class=\"product-small col has-hover product type-product post-20213 status-publish instock product_cat-gresie product_cat-teracota product_cat-terasa has-post-thumbnail shipping-taxable product-type-simple\">\n\t<div class=\"col-inner\">\n\t\n<div class=\"badge-container absolute left top z-1\">\n<\/div>\n\t<div class=\"product-small box \">\n\t\t<div class=\"box-image\">\n\t\t\t<div class=\"image-zoom\">\n\t\t\t\t<a href=\"https:\/\/ceramic.md\/ro\/product\/30x120-canyon-brown\/\" aria-label=\"30x120cm Canyon Brown\">\n\t\t\t\t\t<img width=\"300\" height=\"75\" src=\"https:\/\/ceramic.md\/wp-content\/uploads\/2025\/01\/ceramic.md-30x120-canyon-brown--300x75.jpg\" class=\"attachment-woocommerce_thumbnail size-woocommerce_thumbnail\" alt=\"Ceramic.md 30x120 Canyon Brown\" srcset=\"https:\/\/ceramic.md\/wp-content\/uploads\/2025\/01\/ceramic.md-30x120-canyon-brown--300x75.jpg 300w, https:\/\/ceramic.md\/wp-content\/uploads\/2025\/01\/ceramic.md-30x120-canyon-brown--800x200.jpg 800w, https:\/\/ceramic.md\/wp-content\/uploads\/2025\/01\/ceramic.md-30x120-canyon-brown--400x100.jpg 400w, https:\/\/ceramic.md\/wp-content\/uploads\/2025\/01\/ceramic.md-30x120-canyon-brown--768x192.jpg 768w, https:\/\/ceramic.md\/wp-content\/uploads\/2025\/01\/ceramic.md-30x120-canyon-brown--600x150.jpg 600w, https:\/\/ceramic.md\/wp-content\/uploads\/2025\/01\/ceramic.md-30x120-canyon-brown-.jpg 1280w\" sizes=\"(max-width: 300px) 100vw, 300px\" \/>\t\t\t\t<\/a>\n\t\t\t<\/div>\n\t\t\t<div class=\"image-tools is-small top right show-on-hover\">\n\t\t\t\t\t\t\t<\/div>\n\t\t\t<div class=\"image-tools is-small hide-for-small bottom left show-on-hover\">\n\t\t\t\t\t\t\t<\/div>\n\t\t\t<div class=\"image-tools grid-tools text-center hide-for-small bottom hover-slide-in show-on-hover\">\n\t\t\t\t\t\t\t<\/div>\n\t\t\t\t\t<\/div>\n\n\t\t<div class=\"box-text box-text-products text-center grid-style-2\">\n\t\t\tGresie por\u021belanat\u0103<div class=\"title-wrapper\"><p itemprop=\"name\" class=\"product_title entry-title\">Ucraina<\/p><\/div><div class=\"price-wrapper\"><\/div>\t\t<\/div>\n\t<\/div>\n\t\t<\/div>\n<\/div>\n<div class=\"product-small col has-hover product type-product post-9817 status-publish last instock product_cat-gresie product_cat-teracota product_cat-terasa has-post-thumbnail shipping-taxable product-type-simple\">\n\t<div class=\"col-inner\">\n\t\n<div class=\"badge-container absolute left top z-1\">\n<\/div>\n\t<div class=\"product-small box \">\n\t\t<div class=\"box-image\">\n\t\t\t<div class=\"image-zoom\">\n\t\t\t\t<a href=\"https:\/\/ceramic.md\/ro\/product\/15x90-canyon-brown\/\" aria-label=\"15x90cm Canyon Brown\">\n\t\t\t\t\t<img width=\"300\" height=\"50\" src=\"https:\/\/ceramic.md\/wp-content\/uploads\/2021\/07\/ceramic.md-15x90-canyon-brown-300x50.jpg\" class=\"attachment-woocommerce_thumbnail size-woocommerce_thumbnail\" alt=\"Canyon Brown\" srcset=\"https:\/\/ceramic.md\/wp-content\/uploads\/2021\/07\/ceramic.md-15x90-canyon-brown-300x50.jpg 300w, https:\/\/ceramic.md\/wp-content\/uploads\/2021\/07\/ceramic.md-15x90-canyon-brown-600x100.jpg 600w, https:\/\/ceramic.md\/wp-content\/uploads\/2021\/07\/ceramic.md-15x90-canyon-brown-800x133.jpg 800w, https:\/\/ceramic.md\/wp-content\/uploads\/2021\/07\/ceramic.md-15x90-canyon-brown-400x67.jpg 400w, https:\/\/ceramic.md\/wp-content\/uploads\/2021\/07\/ceramic.md-15x90-canyon-brown-768x128.jpg 768w, https:\/\/ceramic.md\/wp-content\/uploads\/2021\/07\/ceramic.md-15x90-canyon-brown.jpg 1250w\" sizes=\"(max-width: 300px) 100vw, 300px\" \/>\t\t\t\t<\/a>\n\t\t\t<\/div>\n\t\t\t<div class=\"image-tools is-small top right show-on-hover\">\n\t\t\t\t\t\t\t<\/div>\n\t\t\t<div class=\"image-tools is-small hide-for-small bottom left show-on-hover\">\n\t\t\t\t\t\t\t<\/div>\n\t\t\t<div class=\"image-tools grid-tools text-center hide-for-small bottom hover-slide-in show-on-hover\">\n\t\t\t\t\t\t\t<\/div>\n\t\t\t\t\t<\/div>\n\n\t\t<div class=\"box-text box-text-products text-center grid-style-2\">\n\t\t\tGresie por\u021belanat\u0103<div class=\"title-wrapper\"><p itemprop=\"name\" class=\"product_title entry-title\">Ucraina<\/p><\/div><div class=\"price-wrapper\"><\/div>\t\t<\/div>\n\t<\/div>\n\t\t<\/div>\n<\/div>\n<\/div><!-- row --><\/div>\n\t<div id=\"text-235052947\" class=\"text\">\n\t\t\n\n<h2>Colec\u021bia de gresie por\u021belanat\u0103 Canyon Brown de la fabrica <a href=\"https:\/\/epicentrk.ua\/brands\/allore-group.html\" target=\"_blank\" rel=\"noopener\"><strong>Allore Group<\/strong><\/a><\/h2>\n<p>Colec\u021bia este creat\u0103 pentru cei care apreciaz\u0103 estetica natural\u0103 \u0219i designul modern. Inspirat\u0103 de frumuse\u021bea lemnului natural, aceasta combin\u0103 c\u0103ldura texturii lemnoase cu durabilitatea gresiei por\u021belanate, f\u0103c\u00e2nd-o o alegere ideal\u0103 pentru o gam\u0103 variat\u0103 de interioare \u0219i exterioare.<\/p>\n<p>Colec\u021bia este disponibil\u0103 \u00een trei nuan\u021be naturale:<\/p>\n<ul>\n<li><strong>Brown<\/strong> \u2013 o culoare intens\u0103, lemnoas\u0103, care adaug\u0103 spa\u021biului un sentiment de confort \u0219i expresivitate;<\/li>\n<li><strong>Beige<\/strong> \u2013 o nuan\u021b\u0103 deschis\u0103 \u0219i delicat\u0103, ce creeaz\u0103 o atmosfer\u0103 de u\u0219urin\u021b\u0103 \u0219i confort;<\/li>\n<li><strong>Gold<\/strong> \u2013 o culoare aurie cald\u0103, cu o str\u0103lucire rafinat\u0103, ce adaug\u0103 o not\u0103 de elegan\u021b\u0103 luxoas\u0103.<\/li>\n<\/ul>\n<p>Pl\u0103cile sunt disponibile \u00een formate de 15\u00d790 cm \u0219i 30\u00d7120 cm, oferind versatilitate \u00een utilizare: pentru pere\u021bi \u0219i podele, at\u00e2t \u00een spa\u021bii reziden\u021biale, c\u00e2t \u0219i comerciale, precum \u0219i \u00een zone exterioare. De asemenea, colec\u021bia include pl\u0103ci \u00een format 30\u00d7120 cm, special concepute pentru placarea treptelor, permi\u021b\u00e2nd crearea unui design uniform \u0219i armonios.<\/p>\n<p>Textura detaliat\u0103, inspirat\u0103 de lemnul natural, red\u0103 autenticitatea materialului natural, \u00een timp ce caracteristicile tehnice excelente ale gresiei por\u021belanate garanteaz\u0103 rezisten\u021b\u0103 la umiditate, uzur\u0103 \u0219i varia\u021bii de temperatur\u0103. Cu colec\u021bia <strong>Allore Group<\/strong>, pute\u021bi crea un spa\u021biu elegant \u0219i durabil, plin de c\u0103ldur\u0103 natural\u0103 \u0219i confort modern.<br \/>\n\t\t\n<style>\n#text-1041693106 {\n  text-align: left;\n}\n<\/style>\n\t<\/div>\n\t\n<div class=\"container section-title-container\" ><h3 class=\"section-title section-title-bold-center\"><b><\/b><span class=\"section-title-main\" style=\"color:rgb(0, 0, 0);\">\u00cen alte culori<\/span><b><\/b><\/h3><\/div>\n  <div class=\"banner-grid-wrapper\">\n  <div id=\"banner-grid-423819936\" class=\"banner-grid row row-grid row-small\" data-packery-options=\"\">\n                      \n<div class=\"col grid-col large-6 grid-col-1\" ><div class=\"col-inner\">\n\n  <div class=\"banner has-hover\" id=\"banner-835325629\">\n          <div class=\"banner-inner fill\">\n        <div class=\"banner-bg fill\" >\n            <div class=\"bg fill bg-fill \"><\/div>\n                                    \n                    <\/div>\n\t\t\n        <div class=\"banner-layers container\">\n            <div class=\"fill banner-link\"><\/div>            \n   <div id=\"text-box-1905114037\" class=\"text-box banner-layer x95 md-x95 lg-x95 y5 md-y5 lg-y5 res-text\">\n                                <div class=\"text-box-content text box-shadow-3\">\n              \n              <div class=\"text-inner text-left\">\n                  \n<h3 class=\"uppercase\" style=\"text-align: center;\"><a href=\"https:\/\/ceramic.md\/product\/colectie-canyon-gold\/\"><strong>COLEC\u021aIE CANYON gold<\/strong><\/a><\/h3>\n<a href=\"https:\/\/ceramic.md\/product\/colectie-canyon-gold\/\" target=\"_self\" class=\"button primary is-gloss is-larger box-shadow-3 expand\" style=\"border-radius:5px;\">\n    <span>TRECE\u021aI<\/span>\n  <i class=\"icon-angle-right\" ><\/i><\/a>\n\n              <\/div>\n           <\/div>\n                            \n<style>\n#text-box-1905114037 .text-box-content {\n  background-color: rgba(255, 255, 255, 0.8);\n  font-size: 100%;\n}\n#text-box-1905114037 .text-inner {\n  padding: 30px 30px 30px 30px;\n}\n#text-box-1905114037 {\n  width: 60%;\n}\n@media (min-width:550px) {\n  #text-box-1905114037 {\n    width: 60%;\n  }\n}\n<\/style>\n    <\/div>\n \n        <\/div>\n      <\/div>\n\n            \n<style>\n#banner-835325629 {\n  padding-top: 500px;\n  background-color: rgb(255, 255, 255);\n}\n#banner-835325629 .bg.bg-loaded {\n  background-image: url(https:\/\/ceramic.md\/wp-content\/uploads\/2025\/01\/ceramic.md-colectie-canyon-gold-1200x800.jpg);\n}\n#banner-835325629 .bg {\n  background-position: 40% 82%;\n}\n#banner-835325629 .ux-shape-divider--top svg {\n  height: 150px;\n  --divider-top-width: 100%;\n}\n#banner-835325629 .ux-shape-divider--bottom svg {\n  height: 150px;\n  --divider-width: 100%;\n}\n<\/style>\n  <\/div>\n\n\n<\/div><\/div>\n<div class=\"col grid-col large-6 grid-col-1\" ><div class=\"col-inner\">\n\n  <div class=\"banner has-hover\" id=\"banner-956858764\">\n          <div class=\"banner-inner fill\">\n        <div class=\"banner-bg fill\" >\n            <div class=\"bg fill bg-fill \"><\/div>\n                                    \n                    <\/div>\n\t\t\n        <div class=\"banner-layers container\">\n            <div class=\"fill banner-link\"><\/div>            \n   <div id=\"text-box-517636708\" class=\"text-box banner-layer x5 md-x5 lg-x5 y95 md-y95 lg-y95 res-text\">\n                                <div class=\"text-box-content text box-shadow-3\">\n              \n              <div class=\"text-inner text-left\">\n                  \n<h3 class=\"uppercase\" style=\"text-align: center;\"><a href=\"https:\/\/ceramic.md\/product\/colectie-canyon-beige\/\"><strong>COLEC\u021aIE CANYON BEIGE<\/strong><\/a><\/h3>\n<a href=\"https:\/\/ceramic.md\/product\/colectie-canyon-beige\/\" target=\"_self\" class=\"button primary is-gloss is-larger box-shadow-3 expand\" style=\"border-radius:5px;\">\n    <span>TRECE\u021aI<\/span>\n  <i class=\"icon-angle-right\" ><\/i><\/a>\n\n              <\/div>\n           <\/div>\n                            \n<style>\n#text-box-517636708 .text-box-content {\n  background-color: rgba(255, 255, 255, 0.8);\n  font-size: 100%;\n}\n#text-box-517636708 .text-inner {\n  padding: 30px 30px 30px 30px;\n}\n#text-box-517636708 {\n  width: 60%;\n}\n@media (min-width:550px) {\n  #text-box-517636708 {\n    width: 60%;\n  }\n}\n<\/style>\n    <\/div>\n \n        <\/div>\n      <\/div>\n\n            \n<style>\n#banner-956858764 {\n  padding-top: 500px;\n  background-color: rgb(255, 255, 255);\n}\n#banner-956858764 .bg.bg-loaded {\n  background-image: url(https:\/\/ceramic.md\/wp-content\/uploads\/2021\/07\/ceramic.md-canyon-beige-1200x800.jpg);\n}\n#banner-956858764 .bg {\n  background-position: 55% 14%;\n}\n#banner-956858764 .ux-shape-divider--top svg {\n  height: 150px;\n  --divider-top-width: 100%;\n}\n#banner-956858764 .ux-shape-divider--bottom svg {\n  height: 150px;\n  --divider-width: 100%;\n}\n<\/style>\n  <\/div>\n\n\n<\/div><\/div>\n            <\/div>\n    <style>\n    #banner-grid-423819936 .grid-col-1{height: 600px}\n    #banner-grid-423819936 .grid-col-1-2{height: 300px}\n    #banner-grid-423819936 .grid-col-1-3{height:200px}\n    #banner-grid-423819936 .grid-col-2-3{height: 400px}\n    #banner-grid-423819936 .grid-col-1-4{height: 150px}\n    #banner-grid-423819936 .grid-col-3-4{height: 450px}\n\n\n    \n    \n\n  <\/style>\n    <\/div>","protected":false},"excerpt":{"rendered":"<p>Colec\u021bie de teracot\u0103 din por\u021belan Canyon Brown pentru pere\u021bi \u0219i pardoseli, pentru orice zona: de la living la terase, trepte \u0219i fa\u021bade de la <b>Allore Group, <\/b>Ucraina<\/p>\n","protected":false},"featured_media":20210,"template":"","meta":[],"product_cat":[287,722],"product_tag":[],"_links":{"self":[{"href":"https:\/\/ceramic.md\/ro\/wp-json\/wp\/v2\/product\/20211"}],"collection":[{"href":"https:\/\/ceramic.md\/ro\/wp-json\/wp\/v2\/product"}],"about":[{"href":"https:\/\/ceramic.md\/ro\/wp-json\/wp\/v2\/types\/product"}],"wp:featuredmedia":[{"embeddable":true,"href":"https:\/\/ceramic.md\/ro\/wp-json\/wp\/v2\/media\/20210"}],"wp:attachment":[{"href":"https:\/\/ceramic.md\/ro\/wp-json\/wp\/v2\/media?parent=20211"}],"wp:term":[{"taxonomy":"product_cat","embeddable":true,"href":"https:\/\/ceramic.md\/ro\/wp-json\/wp\/v2\/product_cat?post=20211"},{"taxonomy":"product_tag","embeddable":true,"href":"https:\/\/ceramic.md\/ro\/wp-json\/wp\/v2\/product_tag?post=20211"}],"curies":[{"name":"wp","href":"https:\/\/api.w.org\/{rel}","templated":true}]}}