{"id":20237,"date":"2025-01-21T16:40:26","date_gmt":"2025-01-21T14:40:26","guid":{"rendered":"https:\/\/ceramic.md\/?post_type=product&#038;p=20237"},"modified":"2025-12-18T12:12:39","modified_gmt":"2025-12-18T10:12:39","slug":"colectie-alcora","status":"publish","type":"product","link":"https:\/\/ceramic.md\/ro\/product\/colectie-alcora\/","title":{"rendered":"Colec\u021bie Alcora"},"content":{"rendered":"<p style=\"text-align: center\">\n<div class=\"container section-title-container\" ><h3 class=\"section-title section-title-bold-center\"><b><\/b><span class=\"section-title-main\" style=\"color:rgb(0, 0, 0);\">Compozi\u021bia colec\u021biei<\/span><b><\/b><\/h3><\/div>\n\n\n  \n    <div class=\"row large-columns-3 medium-columns- small-columns-2 row-small has-shadow row-box-shadow-2 row-box-shadow-3-hover\">\n  \t\n\t     <div class=\"product-small col has-hover product type-product post-20243 status-publish first instock product_cat-teracota product_cat-scari has-post-thumbnail shipping-taxable product-type-simple\">\n\t<div class=\"col-inner\">\n\t\n<div class=\"badge-container absolute left top z-1\">\n<\/div>\n\t<div class=\"product-small box \">\n\t\t<div class=\"box-image\">\n\t\t\t<div class=\"image-zoom\">\n\t\t\t\t<a href=\"https:\/\/ceramic.md\/ro\/product\/30x120-alcora-gold-satin-treapta\/\" aria-label=\"30x120cm Alcora Gold Satin Treapta\">\n\t\t\t\t\t<img width=\"300\" height=\"300\" src=\"https:\/\/ceramic.md\/wp-content\/uploads\/2025\/01\/ceramic.md-30x120-alcora-gold-treapta--300x300.png\" class=\"attachment-woocommerce_thumbnail size-woocommerce_thumbnail\" alt=\"Ceramic.md 30x120 Alcora Gold Satin Treapta\" srcset=\"https:\/\/ceramic.md\/wp-content\/uploads\/2025\/01\/ceramic.md-30x120-alcora-gold-treapta--300x300.png 300w, https:\/\/ceramic.md\/wp-content\/uploads\/2025\/01\/ceramic.md-30x120-alcora-gold-treapta--400x400.png 400w, https:\/\/ceramic.md\/wp-content\/uploads\/2025\/01\/ceramic.md-30x120-alcora-gold-treapta--800x800.png 800w, https:\/\/ceramic.md\/wp-content\/uploads\/2025\/01\/ceramic.md-30x120-alcora-gold-treapta--768x768.png 768w, https:\/\/ceramic.md\/wp-content\/uploads\/2025\/01\/ceramic.md-30x120-alcora-gold-treapta--600x600.png 600w, https:\/\/ceramic.md\/wp-content\/uploads\/2025\/01\/ceramic.md-30x120-alcora-gold-treapta--100x100.png 100w, https:\/\/ceramic.md\/wp-content\/uploads\/2025\/01\/ceramic.md-30x120-alcora-gold-treapta-.png 1000w\" sizes=\"(max-width: 300px) 100vw, 300px\" \/>\t\t\t\t<\/a>\n\t\t\t<\/div>\n\t\t\t<div class=\"image-tools is-small top right show-on-hover\">\n\t\t\t\t\t\t\t<\/div>\n\t\t\t<div class=\"image-tools is-small hide-for-small bottom left show-on-hover\">\n\t\t\t\t\t\t\t<\/div>\n\t\t\t<div class=\"image-tools grid-tools text-center hide-for-small bottom hover-slide-in show-on-hover\">\n\t\t\t\t\t\t\t<\/div>\n\t\t\t\t\t<\/div>\n\n\t\t<div class=\"box-text box-text-products text-center grid-style-2\">\n\t\t\tTreapt\u0103<div class=\"title-wrapper\"><p itemprop=\"name\" class=\"product_title entry-title\">Ucraina<\/p><\/div><div class=\"price-wrapper\"><\/div>\t\t<\/div>\n\t<\/div>\n\t\t<\/div>\n<\/div>\n<div class=\"product-small col has-hover product type-product post-15746 status-publish instock product_cat-teracota product_cat-gresie product_cat-terasa has-post-thumbnail sale shipping-taxable product-type-simple\">\n\t<div class=\"col-inner\">\n\t\n<div class=\"badge-container absolute left top z-1\">\n\t\t<div class=\"callout badge badge-square\"><div class=\"badge-inner secondary on-sale\"><span class=\"onsale\">-22%<\/span><\/div><\/div>\n<\/div>\n\t<div class=\"product-small box \">\n\t\t<div class=\"box-image\">\n\t\t\t<div class=\"image-zoom\">\n\t\t\t\t<a href=\"https:\/\/ceramic.md\/ro\/product\/60x120-alcora-gold-mat\/\" aria-label=\"60x120cm Alcora Gold Mat\">\n\t\t\t\t\t<img width=\"300\" height=\"150\" src=\"https:\/\/ceramic.md\/wp-content\/uploads\/2022\/11\/ceramic.md-60x120-alcora-gold-mat-300x150.jpeg\" class=\"attachment-woocommerce_thumbnail size-woocommerce_thumbnail\" alt=\"Alcora Gold Mat\" srcset=\"https:\/\/ceramic.md\/wp-content\/uploads\/2022\/11\/ceramic.md-60x120-alcora-gold-mat-300x150.jpeg 300w, https:\/\/ceramic.md\/wp-content\/uploads\/2022\/11\/ceramic.md-60x120-alcora-gold-mat-600x300.jpeg 600w, https:\/\/ceramic.md\/wp-content\/uploads\/2022\/11\/ceramic.md-60x120-alcora-gold-mat-800x400.jpeg 800w, https:\/\/ceramic.md\/wp-content\/uploads\/2022\/11\/ceramic.md-60x120-alcora-gold-mat-400x200.jpeg 400w, https:\/\/ceramic.md\/wp-content\/uploads\/2022\/11\/ceramic.md-60x120-alcora-gold-mat-768x384.jpeg 768w, https:\/\/ceramic.md\/wp-content\/uploads\/2022\/11\/ceramic.md-60x120-alcora-gold-mat.jpeg 1000w\" sizes=\"(max-width: 300px) 100vw, 300px\" \/>\t\t\t\t<\/a>\n\t\t\t<\/div>\n\t\t\t<div class=\"image-tools is-small top right show-on-hover\">\n\t\t\t\t\t\t\t<\/div>\n\t\t\t<div class=\"image-tools is-small hide-for-small bottom left show-on-hover\">\n\t\t\t\t\t\t\t<\/div>\n\t\t\t<div class=\"image-tools grid-tools text-center hide-for-small bottom hover-slide-in show-on-hover\">\n\t\t\t\t\t\t\t<\/div>\n\t\t\t\t\t<\/div>\n\n\t\t<div class=\"box-text box-text-products text-center grid-style-2\">\n\t\t\tGresie por\u021belanat\u0103<div class=\"title-wrapper\"><p itemprop=\"name\" class=\"product_title entry-title\">Ucraina<\/p><\/div><div class=\"price-wrapper\"><\/div>\t\t<\/div>\n\t<\/div>\n\t\t<\/div>\n<\/div>\n<div class=\"product-small col has-hover product type-product post-15749 status-publish last instock product_cat-teracota product_cat-gresie has-post-thumbnail sale shipping-taxable product-type-simple\">\n\t<div class=\"col-inner\">\n\t\n<div class=\"badge-container absolute left top z-1\">\n\t\t<div class=\"callout badge badge-square\"><div class=\"badge-inner secondary on-sale\"><span class=\"onsale\">-7%<\/span><\/div><\/div>\n<\/div>\n\t<div class=\"product-small box \">\n\t\t<div class=\"box-image\">\n\t\t\t<div class=\"image-zoom\">\n\t\t\t\t<a href=\"https:\/\/ceramic.md\/ro\/product\/60x120-alcora-gold-full-lappato\/\" aria-label=\"60x120cm Alcora Gold Full Lappato\">\n\t\t\t\t\t<img width=\"300\" height=\"150\" src=\"https:\/\/ceramic.md\/wp-content\/uploads\/2022\/11\/ceramic.md-60x120-alcora-gold-full-lappato-300x150.jpg\" class=\"attachment-woocommerce_thumbnail size-woocommerce_thumbnail\" alt=\"Alcora Gold Full Lappato\" srcset=\"https:\/\/ceramic.md\/wp-content\/uploads\/2022\/11\/ceramic.md-60x120-alcora-gold-full-lappato-300x150.jpg 300w, https:\/\/ceramic.md\/wp-content\/uploads\/2022\/11\/ceramic.md-60x120-alcora-gold-full-lappato-600x300.jpg 600w, https:\/\/ceramic.md\/wp-content\/uploads\/2022\/11\/ceramic.md-60x120-alcora-gold-full-lappato-800x400.jpg 800w, https:\/\/ceramic.md\/wp-content\/uploads\/2022\/11\/ceramic.md-60x120-alcora-gold-full-lappato-400x200.jpg 400w, https:\/\/ceramic.md\/wp-content\/uploads\/2022\/11\/ceramic.md-60x120-alcora-gold-full-lappato-768x384.jpg 768w, https:\/\/ceramic.md\/wp-content\/uploads\/2022\/11\/ceramic.md-60x120-alcora-gold-full-lappato.jpg 1000w\" sizes=\"(max-width: 300px) 100vw, 300px\" \/>\t\t\t\t<\/a>\n\t\t\t<\/div>\n\t\t\t<div class=\"image-tools is-small top right show-on-hover\">\n\t\t\t\t\t\t\t<\/div>\n\t\t\t<div class=\"image-tools is-small hide-for-small bottom left show-on-hover\">\n\t\t\t\t\t\t\t<\/div>\n\t\t\t<div class=\"image-tools grid-tools text-center hide-for-small bottom hover-slide-in show-on-hover\">\n\t\t\t\t\t\t\t<\/div>\n\t\t\t\t\t<\/div>\n\n\t\t<div class=\"box-text box-text-products text-center grid-style-2\">\n\t\t\tGresie por\u021belanat\u0103<div class=\"title-wrapper\"><p itemprop=\"name\" class=\"product_title entry-title\">Ucraina<\/p><\/div><div class=\"price-wrapper\"><\/div>\t\t<\/div>\n\t<\/div>\n\t\t<\/div>\n<\/div>\n<div class=\"product-small col has-hover product type-product post-15750 status-publish first instock product_cat-teracota product_cat-gresie product_cat-terasa has-post-thumbnail sale shipping-taxable product-type-simple\">\n\t<div class=\"col-inner\">\n\t\n<div class=\"badge-container absolute left top z-1\">\n\t\t<div class=\"callout badge badge-square\"><div class=\"badge-inner secondary on-sale\"><span class=\"onsale\">-17%<\/span><\/div><\/div>\n<\/div>\n\t<div class=\"product-small box \">\n\t\t<div class=\"box-image\">\n\t\t\t<div class=\"image-zoom\">\n\t\t\t\t<a href=\"https:\/\/ceramic.md\/ro\/product\/60x60-alcora-gold-mat\/\" aria-label=\"60x60cm Alcora Gold Mat\">\n\t\t\t\t\t<img width=\"300\" height=\"300\" src=\"https:\/\/ceramic.md\/wp-content\/uploads\/2022\/11\/ceramic.md-60x60-alcora-gold-mat-300x300.jpg\" class=\"attachment-woocommerce_thumbnail size-woocommerce_thumbnail\" alt=\"Alcora Gold Mat\" srcset=\"https:\/\/ceramic.md\/wp-content\/uploads\/2022\/11\/ceramic.md-60x60-alcora-gold-mat-300x300.jpg 300w, https:\/\/ceramic.md\/wp-content\/uploads\/2022\/11\/ceramic.md-60x60-alcora-gold-mat-100x100.jpg 100w, https:\/\/ceramic.md\/wp-content\/uploads\/2022\/11\/ceramic.md-60x60-alcora-gold-mat-600x600.jpg 600w, https:\/\/ceramic.md\/wp-content\/uploads\/2022\/11\/ceramic.md-60x60-alcora-gold-mat-400x400.jpg 400w, https:\/\/ceramic.md\/wp-content\/uploads\/2022\/11\/ceramic.md-60x60-alcora-gold-mat-800x800.jpg 800w, https:\/\/ceramic.md\/wp-content\/uploads\/2022\/11\/ceramic.md-60x60-alcora-gold-mat-768x768.jpg 768w, https:\/\/ceramic.md\/wp-content\/uploads\/2022\/11\/ceramic.md-60x60-alcora-gold-mat.jpg 1000w\" sizes=\"(max-width: 300px) 100vw, 300px\" \/>\t\t\t\t<\/a>\n\t\t\t<\/div>\n\t\t\t<div class=\"image-tools is-small top right show-on-hover\">\n\t\t\t\t\t\t\t<\/div>\n\t\t\t<div class=\"image-tools is-small hide-for-small bottom left show-on-hover\">\n\t\t\t\t\t\t\t<\/div>\n\t\t\t<div class=\"image-tools grid-tools text-center hide-for-small bottom hover-slide-in show-on-hover\">\n\t\t\t\t\t\t\t<\/div>\n\t\t\t\t\t<\/div>\n\n\t\t<div class=\"box-text box-text-products text-center grid-style-2\">\n\t\t\tGresie por\u021belanat\u0103<div class=\"title-wrapper\"><p itemprop=\"name\" class=\"product_title entry-title\">Ucraina<\/p><\/div><div class=\"price-wrapper\"><\/div>\t\t<\/div>\n\t<\/div>\n\t\t<\/div>\n<\/div>\n<div class=\"product-small col has-hover product type-product post-15753 status-publish instock product_cat-teracota product_cat-gresie product_cat-terasa has-post-thumbnail sale shipping-taxable product-type-simple\">\n\t<div class=\"col-inner\">\n\t\n<div class=\"badge-container absolute left top z-1\">\n\t\t<div class=\"callout badge badge-square\"><div class=\"badge-inner secondary on-sale\"><span class=\"onsale\">-22%<\/span><\/div><\/div>\n<\/div>\n\t<div class=\"product-small box \">\n\t\t<div class=\"box-image\">\n\t\t\t<div class=\"image-zoom\">\n\t\t\t\t<a href=\"https:\/\/ceramic.md\/ro\/product\/60x120-alcora-grey-mat\/\" aria-label=\"60x120cm Alcora Grey Mat\">\n\t\t\t\t\t<img width=\"300\" height=\"150\" src=\"https:\/\/ceramic.md\/wp-content\/uploads\/2022\/11\/ceramic.md-60x120-alcora-grey-mat-300x150.jpg\" class=\"attachment-woocommerce_thumbnail size-woocommerce_thumbnail\" alt=\"Alcora Grey Mat\" srcset=\"https:\/\/ceramic.md\/wp-content\/uploads\/2022\/11\/ceramic.md-60x120-alcora-grey-mat-300x150.jpg 300w, https:\/\/ceramic.md\/wp-content\/uploads\/2022\/11\/ceramic.md-60x120-alcora-grey-mat-600x299.jpg 600w, https:\/\/ceramic.md\/wp-content\/uploads\/2022\/11\/ceramic.md-60x120-alcora-grey-mat-800x400.jpg 800w, https:\/\/ceramic.md\/wp-content\/uploads\/2022\/11\/ceramic.md-60x120-alcora-grey-mat-400x200.jpg 400w, https:\/\/ceramic.md\/wp-content\/uploads\/2022\/11\/ceramic.md-60x120-alcora-grey-mat-768x383.jpg 768w, https:\/\/ceramic.md\/wp-content\/uploads\/2022\/11\/ceramic.md-60x120-alcora-grey-mat.jpg 1000w\" sizes=\"(max-width: 300px) 100vw, 300px\" \/>\t\t\t\t<\/a>\n\t\t\t<\/div>\n\t\t\t<div class=\"image-tools is-small top right show-on-hover\">\n\t\t\t\t\t\t\t<\/div>\n\t\t\t<div class=\"image-tools is-small hide-for-small bottom left show-on-hover\">\n\t\t\t\t\t\t\t<\/div>\n\t\t\t<div class=\"image-tools grid-tools text-center hide-for-small bottom hover-slide-in show-on-hover\">\n\t\t\t\t\t\t\t<\/div>\n\t\t\t\t\t<\/div>\n\n\t\t<div class=\"box-text box-text-products text-center grid-style-2\">\n\t\t\tGresie por\u021belanat\u0103<div class=\"title-wrapper\"><p itemprop=\"name\" class=\"product_title entry-title\">Ucraina<\/p><\/div><div class=\"price-wrapper\"><\/div>\t\t<\/div>\n\t<\/div>\n\t\t<\/div>\n<\/div>\n<div class=\"product-small col has-hover product type-product post-15754 status-publish last instock product_cat-teracota product_cat-gresie has-post-thumbnail sale shipping-taxable product-type-simple\">\n\t<div class=\"col-inner\">\n\t\n<div class=\"badge-container absolute left top z-1\">\n\t\t<div class=\"callout badge badge-square\"><div class=\"badge-inner secondary on-sale\"><span class=\"onsale\">-20%<\/span><\/div><\/div>\n<\/div>\n\t<div class=\"product-small box \">\n\t\t<div class=\"box-image\">\n\t\t\t<div class=\"image-zoom\">\n\t\t\t\t<a href=\"https:\/\/ceramic.md\/ro\/product\/60x120-alcora-grey-full-lappato\/\" aria-label=\"60x120cm Alcora Grey Full Lappato\">\n\t\t\t\t\t<img width=\"300\" height=\"150\" src=\"https:\/\/ceramic.md\/wp-content\/uploads\/2022\/11\/ceramic.md-60x120-alcora-grey-full-lappato-300x150.jpg\" class=\"attachment-woocommerce_thumbnail size-woocommerce_thumbnail\" alt=\"Alcora Grey Full Lappato\" srcset=\"https:\/\/ceramic.md\/wp-content\/uploads\/2022\/11\/ceramic.md-60x120-alcora-grey-full-lappato-300x150.jpg 300w, https:\/\/ceramic.md\/wp-content\/uploads\/2022\/11\/ceramic.md-60x120-alcora-grey-full-lappato-600x300.jpg 600w, https:\/\/ceramic.md\/wp-content\/uploads\/2022\/11\/ceramic.md-60x120-alcora-grey-full-lappato-800x400.jpg 800w, https:\/\/ceramic.md\/wp-content\/uploads\/2022\/11\/ceramic.md-60x120-alcora-grey-full-lappato-400x200.jpg 400w, https:\/\/ceramic.md\/wp-content\/uploads\/2022\/11\/ceramic.md-60x120-alcora-grey-full-lappato-768x384.jpg 768w, https:\/\/ceramic.md\/wp-content\/uploads\/2022\/11\/ceramic.md-60x120-alcora-grey-full-lappato.jpg 1000w\" sizes=\"(max-width: 300px) 100vw, 300px\" \/>\t\t\t\t<\/a>\n\t\t\t<\/div>\n\t\t\t<div class=\"image-tools is-small top right show-on-hover\">\n\t\t\t\t\t\t\t<\/div>\n\t\t\t<div class=\"image-tools is-small hide-for-small bottom left show-on-hover\">\n\t\t\t\t\t\t\t<\/div>\n\t\t\t<div class=\"image-tools grid-tools text-center hide-for-small bottom hover-slide-in show-on-hover\">\n\t\t\t\t\t\t\t<\/div>\n\t\t\t\t\t<\/div>\n\n\t\t<div class=\"box-text box-text-products text-center grid-style-2\">\n\t\t\tGresie por\u021belanat\u0103<div class=\"title-wrapper\"><p itemprop=\"name\" class=\"product_title entry-title\">Ucraina<\/p><\/div><div class=\"price-wrapper\"><\/div>\t\t<\/div>\n\t<\/div>\n\t\t<\/div>\n<\/div>\n<div class=\"product-small col has-hover product type-product post-15755 status-publish first instock product_cat-teracota product_cat-gresie product_cat-terasa has-post-thumbnail sale shipping-taxable product-type-simple\">\n\t<div class=\"col-inner\">\n\t\n<div class=\"badge-container absolute left top z-1\">\n\t\t<div class=\"callout badge badge-square\"><div class=\"badge-inner secondary on-sale\"><span class=\"onsale\">-17%<\/span><\/div><\/div>\n<\/div>\n\t<div class=\"product-small box \">\n\t\t<div class=\"box-image\">\n\t\t\t<div class=\"image-zoom\">\n\t\t\t\t<a href=\"https:\/\/ceramic.md\/ro\/product\/60x60-alcora-grey-mat\/\" aria-label=\"60x60cm Alcora Grey Mat\">\n\t\t\t\t\t<img width=\"300\" height=\"300\" src=\"https:\/\/ceramic.md\/wp-content\/uploads\/2022\/11\/ceramic.md-60x60-alcora-grey-mat-300x300.jpeg\" class=\"attachment-woocommerce_thumbnail size-woocommerce_thumbnail\" alt=\"Alcora Grey Mat\" srcset=\"https:\/\/ceramic.md\/wp-content\/uploads\/2022\/11\/ceramic.md-60x60-alcora-grey-mat-300x300.jpeg 300w, https:\/\/ceramic.md\/wp-content\/uploads\/2022\/11\/ceramic.md-60x60-alcora-grey-mat-100x100.jpeg 100w, https:\/\/ceramic.md\/wp-content\/uploads\/2022\/11\/ceramic.md-60x60-alcora-grey-mat-600x600.jpeg 600w, https:\/\/ceramic.md\/wp-content\/uploads\/2022\/11\/ceramic.md-60x60-alcora-grey-mat-400x400.jpeg 400w, https:\/\/ceramic.md\/wp-content\/uploads\/2022\/11\/ceramic.md-60x60-alcora-grey-mat-800x800.jpeg 800w, https:\/\/ceramic.md\/wp-content\/uploads\/2022\/11\/ceramic.md-60x60-alcora-grey-mat-768x768.jpeg 768w, https:\/\/ceramic.md\/wp-content\/uploads\/2022\/11\/ceramic.md-60x60-alcora-grey-mat.jpeg 1000w\" sizes=\"(max-width: 300px) 100vw, 300px\" \/>\t\t\t\t<\/a>\n\t\t\t<\/div>\n\t\t\t<div class=\"image-tools is-small top right show-on-hover\">\n\t\t\t\t\t\t\t<\/div>\n\t\t\t<div class=\"image-tools is-small hide-for-small bottom left show-on-hover\">\n\t\t\t\t\t\t\t<\/div>\n\t\t\t<div class=\"image-tools grid-tools text-center hide-for-small bottom hover-slide-in show-on-hover\">\n\t\t\t\t\t\t\t<\/div>\n\t\t\t\t\t<\/div>\n\n\t\t<div class=\"box-text box-text-products text-center grid-style-2\">\n\t\t\tGresie por\u021belanat\u0103<div class=\"title-wrapper\"><p itemprop=\"name\" class=\"product_title entry-title\">Ucraina<\/p><\/div><div class=\"price-wrapper\"><\/div>\t\t<\/div>\n\t<\/div>\n\t\t<\/div>\n<\/div>\n<\/div>\n\t<div id=\"text-3506934374\" class=\"text\">\n\t\t\n\t\t\n<style>\n#text-3506934374 {\n  text-align: left;\n}\n<\/style>\n\t<\/div>\n\t\n\t<div id=\"text-2265906829\" class=\"text\">\n\t\t\n\n<h2>Colectie de gresie portelanata Alcora din fabrica <a href=\"https:\/\/epicentrk.ua\/brands\/allore-group.html\" target=\"_blank\" rel=\"noopener\"><strong>Allore Group<\/strong> <\/a><\/h2>\n<p>Colec\u021bia de gresie por\u021belanat\u0103 de la fabrica ucrainean\u0103 <strong>Allore Group<\/strong> \u00eentruchipeaz\u0103 elegan\u021ba clasicului etern \u0219i func\u021bionalitatea modern\u0103. Aceast\u0103 serie reprezint\u0103 o imita\u021bie rafinat\u0103 a marmurei naturale, cu vene delicate \u00een nuan\u021be calde de auriu-bej, cre\u00e2nd o atmosfer\u0103 de lux \u0219i confort.<\/p>\n<p>Colec\u021bia include pl\u0103ci \u00een diverse formate:<\/p>\n<ul>\n<li><strong><a href=\"https:\/\/ceramic.md\/dimensiune\/60x60\/\">60\u00d760<\/a> cm<\/strong> \u0219i <strong><a href=\"https:\/\/ceramic.md\/dimensiune\/60x120\/\">60\u00d7120<\/a> cm<\/strong> \u2013 dimensiuni universale, potrivite pentru placarea pere\u021bilor \u0219i pardoselilor \u00een orice tip de spa\u021biu, dar \u0219i pentru utilizare \u00een exterior;<\/li>\n<li><strong><a href=\"https:\/\/ceramic.md\/dimensiune\/30x120\/\">30\u00d7120<\/a> cm<\/strong> \u2013 format special pentru trepte, care permite realizarea unui design armonios pentru structurile sc\u0103rilor.<\/li>\n<\/ul>\n<p>Un aspect distinctiv al colec\u021biei este varietatea finisajelor pentru pl\u0103cile cu dimensiunea de 60\u00d7120 cm:<\/p>\n<ul>\n<li><strong>Suprafa\u021b\u0103 lucioas\u0103, polisat\u0103<\/strong>, care eviden\u021biaz\u0103 ad\u00e2ncimea \u0219i str\u0103lucirea texturii de marmur\u0103;<\/li>\n<li><strong>Suprafa\u021b\u0103 mat\u0103<\/strong>, care confer\u0103 un aspect modern, discret \u0219i o senza\u021bie pl\u0103cut\u0103 la atingere.<\/li>\n<\/ul>\n<p>Celelalte formate sunt disponibile doar cu finisaj mat, fiind ideale pentru crearea unor spa\u021bii elegante \u0219i practice.<\/p>\n<p>Gresia por\u021belanat\u0103 de la <strong>Allore Group<\/strong> se remarc\u0103 prin durabilitate, rezisten\u021b\u0103 la uzur\u0103 \u0219i umiditate, ceea ce face aceast\u0103 colec\u021bie o solu\u021bie ideal\u0103 pentru spa\u021bii reziden\u021biale \u0219i comerciale. Aceast\u0103 colec\u021bie reprezint\u0103 o combina\u021bie perfect\u0103 \u00eentre frumuse\u021bea natural\u0103 \u0219i tehnologiile moderne, subliniind rafinamentul \u0219i durabilitatea fiec\u0103rui interior.<\/p>\n\n\t\t\n<style>\n#text-2265906829 {\n  text-align: left;\n}\n<\/style>\n\t<\/div>","protected":false},"excerpt":{"rendered":"<p>Colec\u021bie de teracot\u0103 din por\u021belan Alcora pentru pere\u021bi \u0219i pardoseli, pentru orice zona: de la living la terase, trepte \u0219i fa\u021bade de la <b>Allore Group, <\/b>Ucraina<\/p>\n","protected":false},"featured_media":20247,"template":"","meta":[],"product_cat":[287,722],"product_tag":[],"_links":{"self":[{"href":"https:\/\/ceramic.md\/ro\/wp-json\/wp\/v2\/product\/20237"}],"collection":[{"href":"https:\/\/ceramic.md\/ro\/wp-json\/wp\/v2\/product"}],"about":[{"href":"https:\/\/ceramic.md\/ro\/wp-json\/wp\/v2\/types\/product"}],"wp:featuredmedia":[{"embeddable":true,"href":"https:\/\/ceramic.md\/ro\/wp-json\/wp\/v2\/media\/20247"}],"wp:attachment":[{"href":"https:\/\/ceramic.md\/ro\/wp-json\/wp\/v2\/media?parent=20237"}],"wp:term":[{"taxonomy":"product_cat","embeddable":true,"href":"https:\/\/ceramic.md\/ro\/wp-json\/wp\/v2\/product_cat?post=20237"},{"taxonomy":"product_tag","embeddable":true,"href":"https:\/\/ceramic.md\/ro\/wp-json\/wp\/v2\/product_tag?post=20237"}],"curies":[{"name":"wp","href":"https:\/\/api.w.org\/{rel}","templated":true}]}}