{"id":21448,"date":"2025-05-30T12:37:28","date_gmt":"2025-05-30T09:37:28","guid":{"rendered":"https:\/\/ceramic.md\/?post_type=product&#038;p=21448"},"modified":"2025-06-02T12:53:52","modified_gmt":"2025-06-02T09:53:52","slug":"vas-wc-keramin-trino-r-slim-ml","status":"publish","type":"product","link":"https:\/\/ceramic.md\/ro\/product\/vas-wc-keramin-trino-r-slim-ml\/","title":{"rendered":"Vas WC compact cu capac Slim cu microlift Keramin Trino R Slim ML 2-mode 1sort"},"content":{"rendered":"<h4>Vas WC de podea f\u0103r\u0103 ram\u0103 TRINO R SLIM ML 2-mode<\/h4>\n<p data-start=\"827\" data-end=\"1480\"><strong data-start=\"827\" data-end=\"896\">Vas de toalet\u0103 compact pe podea Keramin Trino R Slim ML Dual <\/strong>este o solu\u021bie modern\u0103 \u0219i elegant\u0103 pentru baia dumneavoastr\u0103. Designul s\u0103u compact \u0219i rafinat se potrive\u0219te perfect \u00een orice stil de interior. Dotat cu un mecanism de dubl\u0103 desc\u0103rcare, permite economisirea apei \u0219i asigur\u0103 o utilizare eficient\u0103. Capac Slim din duroplast cu sistem de \u00eenchidere lent\u0103 (soft-close) ofer\u0103 un plus de confort \u0219i protec\u021bie \u00eempotriva loviturilor bru\u0219te. Vasul ceramic este rezistent la murd\u0103rie, u\u0219or de cur\u0103\u021bat \u0219i p\u0103streaz\u0103 un aspect impecabil \u00een timp. Instalarea simpl\u0103 \u0219i fiabilitatea ridicat\u0103 fac din acest model o alegere excelent\u0103 pentru locuin\u021ba dvs.<\/p>\n<p data-start=\"827\" data-end=\"1480\"><strong>Metod\u0103 de instalare:<\/strong> <a href=\"https:\/\/ceramic.md\/ru\/metoda-de-instalare\/pe-podea\/\">Pe podea<\/a><br \/>\n<strong>Ie\u0219ire:<\/strong> Orizontal\u0103<br \/>\n<strong>Tip \u00eencastrat:<\/strong> ondulat<br \/>\n<strong>Form\u0103 vas:<\/strong> oval<br \/>\n<strong>Vas f\u0103r\u0103 ram\u0103:<\/strong> da<br \/>\n<strong>\u00cen\u0103l\u021bime:<\/strong> 82 cm<br \/>\n<strong>Ad\u00e2ncime:<\/strong> 69 cm<br \/>\n<strong>L\u0103\u021bime:<\/strong> 38 cm<br \/>\n<strong>Material:<\/strong> farfor<br \/>\n<strong>Alimentare cu ap\u0103:<\/strong> inferioar\u0103<br \/>\n<strong>Distan\u021ba dintre elementele de fixare:<\/strong> 15 cm<br \/>\n<strong>Garan\u021bie:<\/strong> 5 ani<br \/>\n<strong>Buton:<\/strong> Mod dual<br \/>\n<strong>Tip capac:<\/strong> Slim cu microlift<br \/>\n<strong>Garan\u021bie pentru scaunul cu hus\u0103:<\/strong> 2 ani<br \/>\n<strong>Greutate:<\/strong> 41,33 kg<br \/>\n<strong>Sort:<\/strong> 1<br \/>\n<strong>Produc\u0103tor:<\/strong> <a href=\"https:\/\/keramin.by\/\" target=\"_blank\" rel=\"noopener\">KERAMIN,<\/a> Belorusia<\/p>\n<p><span style=\"font-size: 100%;\"><\/span><\/p>","protected":false},"excerpt":{"rendered":"<p>Vas WC de podea f\u0103r\u0103 ram\u0103, cu capac Slim cu microlift\u00a0Keramin, Belorusia<\/p>\n","protected":false},"featured_media":21454,"template":"","meta":[],"product_cat":[1745],"product_tag":[],"_links":{"self":[{"href":"https:\/\/ceramic.md\/ro\/wp-json\/wp\/v2\/product\/21448"}],"collection":[{"href":"https:\/\/ceramic.md\/ro\/wp-json\/wp\/v2\/product"}],"about":[{"href":"https:\/\/ceramic.md\/ro\/wp-json\/wp\/v2\/types\/product"}],"wp:featuredmedia":[{"embeddable":true,"href":"https:\/\/ceramic.md\/ro\/wp-json\/wp\/v2\/media\/21454"}],"wp:attachment":[{"href":"https:\/\/ceramic.md\/ro\/wp-json\/wp\/v2\/media?parent=21448"}],"wp:term":[{"taxonomy":"product_cat","embeddable":true,"href":"https:\/\/ceramic.md\/ro\/wp-json\/wp\/v2\/product_cat?post=21448"},{"taxonomy":"product_tag","embeddable":true,"href":"https:\/\/ceramic.md\/ro\/wp-json\/wp\/v2\/product_tag?post=21448"}],"curies":[{"name":"wp","href":"https:\/\/api.w.org\/{rel}","templated":true}]}}