{"id":21455,"date":"2025-05-30T13:54:08","date_gmt":"2025-05-30T10:54:08","guid":{"rendered":"https:\/\/ceramic.md\/?post_type=product&#038;p=21455"},"modified":"2025-06-02T12:53:47","modified_gmt":"2025-06-02T09:53:47","slug":"vas-wc-bergamo-nova-slim-ml","status":"publish","type":"product","link":"https:\/\/ceramic.md\/ro\/product\/vas-wc-bergamo-nova-slim-ml\/","title":{"rendered":"Vas WC compact cu capac Slim cu microlift Keramin Bergamo Nova Slim ML 2-mode 1sort"},"content":{"rendered":"<h4>Vas WC de podea Bergamo Nova Slim ML<\/h4>\n<p data-start=\"827\" data-end=\"1480\"><strong data-start=\"707\" data-end=\"772\">Vas de toalet\u0103 compact Keramin Bergamo Nova Slim ML Dual<\/strong>\u00a0combin\u0103 designul elegant cu func\u021bionalitatea. Fabricat din por\u021belan de \u00eenalt\u0103 calitate, asigur\u0103 durabilitate \u0219i u\u0219urin\u021b\u0103 \u00een \u00eentre\u021binere. Modelul este echipat cu un sistem de sp\u0103lare cu dou\u0103 moduri, economisind ap\u0103, \u0219i un capac sub\u021bire din duroplast cu mecanism de \u00eenchidere lent\u0103 pentru un plus de confort. Evacuarea orizontal\u0103 \u0219i alimentarea cu ap\u0103 de jos ofer\u0103 versatilitate \u00een instalare. Dimensiunile compacte \u00eel fac o alegere ideal\u0103 pentru b\u0103ile moderne.<\/p>\n<p data-start=\"827\" data-end=\"1480\"><strong>Metod\u0103 de instalare:<\/strong> <a href=\"https:\/\/ceramic.md\/ru\/metoda-de-instalare\/pe-podea\/\">Pe podea<\/a><br \/>\n<strong>Ie\u0219ire:<\/strong> Orizontal\u0103<br \/>\n<strong>Tip \u00eencastrat:<\/strong> du\u0219<br \/>\n<strong>Form\u0103 vas:<\/strong> oval<br \/>\n<strong>Vas f\u0103r\u0103 ram\u0103:<\/strong> nu<br \/>\n<strong>\u00cen\u0103l\u021bime:<\/strong> 83 cm<br \/>\n<strong>Ad\u00e2ncime:<\/strong> 68 cm<br \/>\n<strong>L\u0103\u021bime:<\/strong> 37 cm<br \/>\n<strong>Material:<\/strong> farfor<br \/>\n<strong>Alimentare cu ap\u0103:<\/strong> inferioar\u0103<br \/>\n<strong>Distan\u021ba dintre elementele de fixare:<\/strong> 16 cm<br \/>\n<strong>Garan\u021bie:<\/strong> 5 ani<br \/>\n<strong>Buton:<\/strong> Mod dual<br \/>\n<strong>Tip capac:<\/strong> Slim cu microlift<br \/>\n<strong>Garan\u021bie pentru scaunul cu hus\u0103:<\/strong> 2 ani<br \/>\n<strong>Greutate:<\/strong> 48,46 kg<br \/>\n<strong>Sort:<\/strong> 1<br \/>\n<strong>Produc\u0103tor:<\/strong> <a href=\"https:\/\/keramin.by\/\" target=\"_blank\" rel=\"noopener\">KERAMIN,<\/a> Belorusia<\/p>\n<p><span style=\"font-size: 100%;\"><\/span><\/p>","protected":false},"excerpt":{"rendered":"<p>Vas WC de podea mod dual, cu capac Slim cu microlift Keramin, Belorusia<\/p>\n","protected":false},"featured_media":21458,"template":"","meta":[],"product_cat":[1745],"product_tag":[],"_links":{"self":[{"href":"https:\/\/ceramic.md\/ro\/wp-json\/wp\/v2\/product\/21455"}],"collection":[{"href":"https:\/\/ceramic.md\/ro\/wp-json\/wp\/v2\/product"}],"about":[{"href":"https:\/\/ceramic.md\/ro\/wp-json\/wp\/v2\/types\/product"}],"wp:featuredmedia":[{"embeddable":true,"href":"https:\/\/ceramic.md\/ro\/wp-json\/wp\/v2\/media\/21458"}],"wp:attachment":[{"href":"https:\/\/ceramic.md\/ro\/wp-json\/wp\/v2\/media?parent=21455"}],"wp:term":[{"taxonomy":"product_cat","embeddable":true,"href":"https:\/\/ceramic.md\/ro\/wp-json\/wp\/v2\/product_cat?post=21455"},{"taxonomy":"product_tag","embeddable":true,"href":"https:\/\/ceramic.md\/ro\/wp-json\/wp\/v2\/product_tag?post=21455"}],"curies":[{"name":"wp","href":"https:\/\/api.w.org\/{rel}","templated":true}]}}