{"id":21460,"date":"2025-05-30T14:05:25","date_gmt":"2025-05-30T11:05:25","guid":{"rendered":"https:\/\/ceramic.md\/?post_type=product&#038;p=21460"},"modified":"2025-06-02T12:53:40","modified_gmt":"2025-06-02T09:53:40","slug":"vas-wc-bari-r-slim-ml","status":"publish","type":"product","link":"https:\/\/ceramic.md\/ro\/product\/vas-wc-bari-r-slim-ml\/","title":{"rendered":"Vas WC compact cu capac Slim cu microlift Keramin Bari R Slim ML 2-mode 1sort"},"content":{"rendered":"<h4>Vas WC de podea Bari R Slim ML<\/h4>\n<p data-start=\"827\" data-end=\"1480\"><strong data-start=\"982\" data-end=\"1051\">Vas de WC compact Keramin Bari R Slim ML Dual f\u0103r\u0103 ram\u0103<\/strong>\u00a0reprezint\u0103 o solu\u021bie modern\u0103 pentru baia dumneavoastr\u0103, combin\u00e2nd designul elegant cu tehnologiile avansate. Construc\u021bia f\u0103r\u0103 ram\u0103 asigur\u0103 o igien\u0103 maxim\u0103 \u0219i faciliteaz\u0103 cur\u0103\u021barea, prevenind acumularea murd\u0103riei \u00een zone greu accesibile. Modelul este echipat cu un sistem de sp\u0103lare cu dou\u0103 moduri, economisind ap\u0103, \u0219i un capac sub\u021bire Slim din duroplast cu mecanism de \u00eenchidere lent\u0103 pentru un plus de confort. Pachetul include armatur\u0103 ceh\u0103 Alcaplast Dual, prelungitor flexibil \u0219i sistem de fixare ascuns, oferind u\u0219urin\u021b\u0103 \u00een instalare \u0219i fiabilitate \u00een utilizare. Dimensiunile compacte \u0219i aspectul elegant fac din acest vas de toalet\u0103 o alegere ideal\u0103 pentru interioarele moderne.<\/p>\n<p data-start=\"827\" data-end=\"1480\"><strong>Metod\u0103 de instalare:<\/strong> <a href=\"https:\/\/ceramic.md\/ru\/metoda-de-instalare\/pe-podea\/\">Pe podea<\/a><br \/>\n<strong>Ie\u0219ire:<\/strong> universal<br \/>\n<strong>Tip \u00eencastrat:<\/strong> ondulat<br \/>\n<strong>Form\u0103 vas:<\/strong> oval<br \/>\n<strong>Vas f\u0103r\u0103 ram\u0103:<\/strong> nu<br \/>\n<strong>\u00cen\u0103l\u021bime:<\/strong> 81,5 cm<br \/>\n<strong>Ad\u00e2ncime:<\/strong> 67 cm<br \/>\n<strong>L\u0103\u021bime:<\/strong> 37,5 cm<br \/>\n<strong>Material:<\/strong> farfor<br \/>\n<strong>Alimentare cu ap\u0103:<\/strong> inferioar\u0103<br \/>\n<strong>Distan\u021ba dintre elementele de fixare:<\/strong> 14,5 cm<br \/>\n<strong>Garan\u021bie:<\/strong> 5 ani<br \/>\n<strong>Buton:<\/strong> Mod dual<br \/>\n<strong>Tip capac:<\/strong> Slim cu microlift<br \/>\n<strong>Garan\u021bie pentru scaunul cu hus\u0103:<\/strong> 2 ani<br \/>\n<strong>Greutate:<\/strong> 50,0 kg<br \/>\n<strong>Sort:<\/strong> 1<br \/>\n<strong>Produc\u0103tor:<\/strong> <a href=\"https:\/\/keramin.by\/\" target=\"_blank\" rel=\"noopener\">KERAMIN,<\/a> Belorusia<\/p>\n<p><span style=\"font-size: 100%;\"><\/span><\/p>","protected":false},"excerpt":{"rendered":"<p>Vas WC de podea mod dual, cu capac Slim cu microlift Keramin, Belorusia<\/p>\n","protected":false},"featured_media":21461,"template":"","meta":[],"product_cat":[1745],"product_tag":[],"_links":{"self":[{"href":"https:\/\/ceramic.md\/ro\/wp-json\/wp\/v2\/product\/21460"}],"collection":[{"href":"https:\/\/ceramic.md\/ro\/wp-json\/wp\/v2\/product"}],"about":[{"href":"https:\/\/ceramic.md\/ro\/wp-json\/wp\/v2\/types\/product"}],"wp:featuredmedia":[{"embeddable":true,"href":"https:\/\/ceramic.md\/ro\/wp-json\/wp\/v2\/media\/21461"}],"wp:attachment":[{"href":"https:\/\/ceramic.md\/ro\/wp-json\/wp\/v2\/media?parent=21460"}],"wp:term":[{"taxonomy":"product_cat","embeddable":true,"href":"https:\/\/ceramic.md\/ro\/wp-json\/wp\/v2\/product_cat?post=21460"},{"taxonomy":"product_tag","embeddable":true,"href":"https:\/\/ceramic.md\/ro\/wp-json\/wp\/v2\/product_tag?post=21460"}],"curies":[{"name":"wp","href":"https:\/\/api.w.org\/{rel}","templated":true}]}}