{"id":21514,"date":"2025-05-31T14:26:45","date_gmt":"2025-05-31T11:26:45","guid":{"rendered":"https:\/\/ceramic.md\/?post_type=product&#038;p=21514"},"modified":"2025-07-25T10:29:33","modified_gmt":"2025-07-25T07:29:33","slug":"vas-wc-trent-r-ml-slim","status":"publish","type":"product","link":"https:\/\/ceramic.md\/ro\/product\/vas-wc-trent-r-ml-slim\/","title":{"rendered":"Vas WC suspendat cu capac Slim cu microlift Keramin Trent R ML Slim 1sort"},"content":{"rendered":"<h4>Vas WC suspendat Trent R ML Slim<\/h4>\n<p data-start=\"827\" data-end=\"1480\"><strong data-start=\"707\" data-end=\"772\">Vas de toalet\u0103 suspendat Keramin Trent R ML Slim<\/strong> este o solu\u021bie modern\u0103 \u0219i elegant\u0103 pentru baia dumneavoastr\u0103. Fabricat din por\u021belan de \u00eenalt\u0103 calitate, se remarc\u0103 prin durabilitate \u0219i rezisten\u021b\u0103. Construc\u021bia f\u0103r\u0103 ram\u0103 asigur\u0103 o igien\u0103 maxim\u0103 \u0219i faciliteaz\u0103 \u00eentre\u021binerea, prevenind acumularea murd\u0103riei \u00een zone greu accesibile. Suprafa\u021ba mat\u0103 ofer\u0103 un aspect rafinat \u0219i este rezistent\u0103 la urmele de ap\u0103 \u0219i amprente. Capacul sub\u021bire Slim din duroplast, echipat cu mecanism de \u00eenchidere lent\u0103 (soft-close), ofer\u0103 un plus de confort \u0219i silen\u021biozitate \u00een utilizare. Dimensiunile compacte (52\u00d740\u00d743 cm) fac din acest vas de toalet\u0103 o alegere ideal\u0103 pentru interioarele moderne.<\/p>\n<p data-start=\"827\" data-end=\"1480\"><strong>Metod\u0103 de instalare:<\/strong> <a href=\"https:\/\/ceramic.md\/ru\/metoda-de-instalare\/suspendat\/\">Suspendat<\/a><br \/>\n<strong>Ie\u0219ire:<\/strong> Orizontal\u0103<br \/>\n<strong>Tip \u00eencastrat:<\/strong> ondulat<br \/>\n<strong>Form\u0103 vas:<\/strong> oval<br \/>\n<strong>Vas f\u0103r\u0103 ram\u0103:<\/strong> da<br \/>\n<strong>\u00cen\u0103l\u021bime:<\/strong> 43 cm<br \/>\n<strong>Ad\u00e2ncime:<\/strong> 52 cm<br \/>\n<strong>L\u0103\u021bime:<\/strong> 40 cm<br \/>\n<strong>Material:<\/strong> farfor<br \/>\n<strong>Alimentare cu ap\u0103:<\/strong> din spate<br \/>\n<strong>Distan\u021ba dintre elementele de fixare:<\/strong> 18 cm<br \/>\n<strong>Garan\u021bie:<\/strong> 5 ani<br \/>\n<strong>Buton:<\/strong> Mod dual<br \/>\n<strong>Tip capac:<\/strong> Slim cu microlift<br \/>\n<strong>Garan\u021bie pentru scaunul cu hus\u0103:<\/strong> 2 ani<br \/>\n<strong>Greutate:<\/strong> 28,41 kg<br \/>\n<strong>Sort:<\/strong> 1<br \/>\n<strong>Produc\u0103tor:<\/strong> <a href=\"https:\/\/keramin.by\/\" target=\"_blank\" rel=\"noopener\">KERAMIN,<\/a> Belorusia<\/p>\n<p><span style=\"font-size: 100%;\"><\/span><\/p>","protected":false},"excerpt":{"rendered":"<p>Vas WC suspendat mod dual, cu capac Slim cu microlift Keramin, Belorusia<\/p>\n","protected":false},"featured_media":21517,"template":"","meta":[],"product_cat":[1745],"product_tag":[],"_links":{"self":[{"href":"https:\/\/ceramic.md\/ro\/wp-json\/wp\/v2\/product\/21514"}],"collection":[{"href":"https:\/\/ceramic.md\/ro\/wp-json\/wp\/v2\/product"}],"about":[{"href":"https:\/\/ceramic.md\/ro\/wp-json\/wp\/v2\/types\/product"}],"wp:featuredmedia":[{"embeddable":true,"href":"https:\/\/ceramic.md\/ro\/wp-json\/wp\/v2\/media\/21517"}],"wp:attachment":[{"href":"https:\/\/ceramic.md\/ro\/wp-json\/wp\/v2\/media?parent=21514"}],"wp:term":[{"taxonomy":"product_cat","embeddable":true,"href":"https:\/\/ceramic.md\/ro\/wp-json\/wp\/v2\/product_cat?post=21514"},{"taxonomy":"product_tag","embeddable":true,"href":"https:\/\/ceramic.md\/ro\/wp-json\/wp\/v2\/product_tag?post=21514"}],"curies":[{"name":"wp","href":"https:\/\/api.w.org\/{rel}","templated":true}]}}