{"id":21523,"date":"2025-06-02T10:03:15","date_gmt":"2025-06-02T07:03:15","guid":{"rendered":"https:\/\/ceramic.md\/?post_type=product&#038;p=21523"},"modified":"2025-06-02T12:51:22","modified_gmt":"2025-06-02T09:51:22","slug":"bide-lago","status":"publish","type":"product","link":"https:\/\/ceramic.md\/ro\/product\/bide-lago\/","title":{"rendered":"Bideu f\u0103r\u0103 ram\u0103 Keramin Lago1sort"},"content":{"rendered":"<h4>Bideu de podea f\u0103r\u0103 ram\u0103 Lago<\/h4>\n<p data-start=\"827\" data-end=\"1480\"><strong data-start=\"434\" data-end=\"469\">Bideu pe podea Keramin Lago<\/strong>\u00a0\u2014 <span class=\"relative -mx-px my-[-0.2rem] rounded px-px py-[0.2rem] transition-colors duration-100 ease-in-out\">este o solu\u021bie modern\u0103 \u0219i practic\u0103 pentru baia dumneavoastr\u0103.<\/span> <span class=\"relative -mx-px my-[-0.2rem] rounded px-px py-[0.2rem] transition-colors duration-100 ease-in-out\">Fabricat din por\u021belan de \u00eenalt\u0103 calitate, se remarc\u0103 prin durabilitate \u0219i rezisten\u021b\u0103.<\/span> <span class=\"relative -mx-px my-[-0.2rem] rounded px-px py-[0.2rem] transition-colors duration-100 ease-in-out\">Dimensiunile compacte (540\u00d7370\u00d7410 mm) permit utilizarea eficient\u0103 a spa\u021biului, iar designul universal se potrive\u0219te armonios cu diverse stiluri de interior.<\/span> <span class=\"relative -mx-px my-[-0.2rem] rounded px-px py-[0.2rem] transition-colors duration-100 ease-in-out\">Evacuarea vertical\u0103 faciliteaz\u0103 conectarea la canalizare, iar suprafa\u021ba neted\u0103 simplific\u0103 \u00eentre\u021binerea produsului.<\/span> <span class=\"relative -mx-px my-[-0.2rem] rounded px-px py-[0.2rem] transition-colors duration-100 ease-in-out\">Bideul Keramin Lago reprezint\u0103 o combina\u021bie de confort, func\u021bionalitate \u0219i estetic\u0103.<\/span><\/p>\n<p data-start=\"827\" data-end=\"1480\"><strong>Metod\u0103 de instalare:<\/strong> <a href=\"https:\/\/ceramic.md\/ru\/metoda-de-instalare\/pe-podea\/\">Pe podea<\/a><br \/>\n<strong>Ie\u0219ire:<\/strong> Vertical<br \/>\n<strong>Tip \u00eencastrat:<\/strong> circular<br \/>\n<strong>Form\u0103 vas:<\/strong> oval<br \/>\n<strong>Vas f\u0103r\u0103 ram\u0103:<\/strong> da<br \/>\n<strong>\u00cen\u0103l\u021bime:<\/strong> 41 cm<br \/>\n<strong>Ad\u00e2ncime:<\/strong> 54 cm<br \/>\n<strong>L\u0103\u021bime:<\/strong> 37 cm<br \/>\n<strong>Material:<\/strong> farfor<br \/>\n<strong>Garan\u021bie:<\/strong> 5 ani<br \/>\n<strong>Greutate:<\/strong> 18,46 kg<br \/>\n<strong>Sort:<\/strong> 1<br \/>\n<strong>Produc\u0103tor:<\/strong> <a href=\"https:\/\/keramin.by\/\" target=\"_blank\" rel=\"noopener\">KERAMIN,<\/a> Belorusia<\/p>\n<p><span style=\"font-size: 100%;\"><\/span><\/p>","protected":false},"excerpt":{"rendered":"<p>Bideu de podea de la Keramin, Belorusia<\/p>\n","protected":false},"featured_media":21525,"template":"","meta":[],"product_cat":[1752],"product_tag":[],"_links":{"self":[{"href":"https:\/\/ceramic.md\/ro\/wp-json\/wp\/v2\/product\/21523"}],"collection":[{"href":"https:\/\/ceramic.md\/ro\/wp-json\/wp\/v2\/product"}],"about":[{"href":"https:\/\/ceramic.md\/ro\/wp-json\/wp\/v2\/types\/product"}],"wp:featuredmedia":[{"embeddable":true,"href":"https:\/\/ceramic.md\/ro\/wp-json\/wp\/v2\/media\/21525"}],"wp:attachment":[{"href":"https:\/\/ceramic.md\/ro\/wp-json\/wp\/v2\/media?parent=21523"}],"wp:term":[{"taxonomy":"product_cat","embeddable":true,"href":"https:\/\/ceramic.md\/ro\/wp-json\/wp\/v2\/product_cat?post=21523"},{"taxonomy":"product_tag","embeddable":true,"href":"https:\/\/ceramic.md\/ro\/wp-json\/wp\/v2\/product_tag?post=21523"}],"curies":[{"name":"wp","href":"https:\/\/api.w.org\/{rel}","templated":true}]}}