{"id":21530,"date":"2025-06-02T10:17:36","date_gmt":"2025-06-02T07:17:36","guid":{"rendered":"https:\/\/ceramic.md\/?post_type=product&#038;p=21530"},"modified":"2025-06-02T12:51:12","modified_gmt":"2025-06-02T09:51:12","slug":"bide-geneva","status":"publish","type":"product","link":"https:\/\/ceramic.md\/ro\/product\/bide-geneva\/","title":{"rendered":"Bideu f\u0103r\u0103 ram\u0103 Keramin Geneva 1sort"},"content":{"rendered":"<h4>Bideu de podea f\u0103r\u0103 ram\u0103 Geneva<\/h4>\n<p data-start=\"827\" data-end=\"1480\"><strong data-start=\"434\" data-end=\"469\">Bideu pe podea Keramin Geneva<\/strong> \u2014 <span class=\"relative -mx-px my-[-0.2rem] rounded px-px py-[0.2rem] transition-colors duration-100 ease-in-out\">este o solu\u021bie elegant\u0103 \u0219i func\u021bional\u0103 pentru baia dumneavoastr\u0103.<\/span> <span class=\"relative -mx-px my-[-0.2rem] rounded px-px py-[0.2rem] transition-colors duration-100 ease-in-out\">Fabricat din por\u021belan de \u00eenalt\u0103 calitate, se remarc\u0103 prin durabilitate \u0219i rezisten\u021b\u0103.<\/span> <span class=\"relative -mx-px my-[-0.2rem] rounded px-px py-[0.2rem] transition-colors duration-100 ease-in-out\">Dimensiunile compacte (590\u00d7370\u00d7440 mm) permit utilizarea eficient\u0103 a spa\u021biului, iar designul universal se potrive\u0219te armonios cu diverse stiluri de interior.<\/span> <span class=\"relative -mx-px my-[-0.2rem] rounded px-px py-[0.2rem] transition-colors duration-100 ease-in-out\">Evacuarea vertical\u0103 faciliteaz\u0103 conectarea la canalizare, iar suprafa\u021ba neted\u0103 simplific\u0103 \u00eentre\u021binerea produsului.<\/span> <span class=\"relative -mx-px my-[-0.2rem] rounded px-px py-[0.2rem] transition-colors duration-100 ease-in-out\">Bideul Keramin reprezint\u0103 o combina\u021bie de confort, func\u021bionalitate \u0219i estetic\u0103.<\/span><\/p>\n<p data-start=\"827\" data-end=\"1480\"><strong>Metod\u0103 de instalare:<\/strong> <a href=\"https:\/\/ceramic.md\/ru\/metoda-de-instalare\/pe-podea\/\">Pe podea<\/a><br \/>\n<strong>Ie\u0219ire:<\/strong> Vertical<br \/>\n<strong>Tip \u00eencastrat:<\/strong> circular<br \/>\n<strong>Form\u0103 vas:<\/strong> oval<br \/>\n<strong>Vas f\u0103r\u0103 ram\u0103:<\/strong> da<br \/>\n<strong>\u00cen\u0103l\u021bime:<\/strong> 44 cm<br \/>\n<strong>Ad\u00e2ncime:<\/strong> 59 cm<br \/>\n<strong>L\u0103\u021bime:<\/strong> 37 cm<br \/>\n<strong>Material:<\/strong> farfor<br \/>\n<strong>Garan\u021bie:<\/strong> 5 ani<br \/>\n<strong>Greutate:<\/strong> 19,36 kg<br \/>\n<strong>Sort:<\/strong> 1<br \/>\n<strong>Produc\u0103tor:<\/strong> <a href=\"https:\/\/keramin.by\/\" target=\"_blank\" rel=\"noopener\">KERAMIN,<\/a> Belorusia<\/p>\n<p><span style=\"font-size: 100%;\"><\/span><\/p>","protected":false},"excerpt":{"rendered":"<p>Bideu de podea de la Keramin, Belorusia<\/p>\n","protected":false},"featured_media":21533,"template":"","meta":[],"product_cat":[1752],"product_tag":[],"_links":{"self":[{"href":"https:\/\/ceramic.md\/ro\/wp-json\/wp\/v2\/product\/21530"}],"collection":[{"href":"https:\/\/ceramic.md\/ro\/wp-json\/wp\/v2\/product"}],"about":[{"href":"https:\/\/ceramic.md\/ro\/wp-json\/wp\/v2\/types\/product"}],"wp:featuredmedia":[{"embeddable":true,"href":"https:\/\/ceramic.md\/ro\/wp-json\/wp\/v2\/media\/21533"}],"wp:attachment":[{"href":"https:\/\/ceramic.md\/ro\/wp-json\/wp\/v2\/media?parent=21530"}],"wp:term":[{"taxonomy":"product_cat","embeddable":true,"href":"https:\/\/ceramic.md\/ro\/wp-json\/wp\/v2\/product_cat?post=21530"},{"taxonomy":"product_tag","embeddable":true,"href":"https:\/\/ceramic.md\/ro\/wp-json\/wp\/v2\/product_tag?post=21530"}],"curies":[{"name":"wp","href":"https:\/\/api.w.org\/{rel}","templated":true}]}}