{"id":21537,"date":"2025-06-02T12:18:15","date_gmt":"2025-06-02T09:18:15","guid":{"rendered":"https:\/\/ceramic.md\/?post_type=product&#038;p=21537"},"modified":"2025-06-02T12:50:23","modified_gmt":"2025-06-02T09:50:23","slug":"rama-premium-wc-k133-a01-eea1","status":"publish","type":"product","link":"https:\/\/ceramic.md\/ro\/product\/rama-premium-wc-k133-a01-eea1\/","title":{"rendered":"Instala\u021bie pentru vas de WC suspendat Keramin Rama Premium WC \u041a133-\u041001-\u0415\u0415\u04101"},"content":{"rendered":"<h4><a href=\"https:\/\/ceramic.md\/product-category\/obiecte-sanitare\/instalatii\/\">Instala\u021bie<\/a> pentru vas de WC suspendat Rama Premium WC \u041a133-\u041001-\u0415\u0415\u04101<\/h4>\n<p data-start=\"827\" data-end=\"1480\"><strong data-start=\"486\" data-end=\"532\">Instala\u021bia Keramin Rama Premium WC \u041a133-\u041001-\u0415\u0415\u04101<\/strong> \u2014 <span class=\"relative -mx-px my-[-0.2rem] rounded px-px py-[0.2rem] transition-colors duration-100 ease-in-out\">este o solu\u021bie modern\u0103 \u0219i fiabil\u0103 pentru montarea vasului de toalet\u0103 suspendat.<\/span> <span class=\"relative -mx-px my-[-0.2rem] rounded px-px py-[0.2rem] transition-colors duration-100 ease-in-out\">Cadrul metalic solid cu acoperire anticoroziv\u0103 asigur\u0103 durabilitate \u0219i stabilitate.<\/span> <span class=\"relative -mx-px my-[-0.2rem] rounded px-px py-[0.2rem] transition-colors duration-100 ease-in-out\">Picioarele reglabile pe \u00een\u0103l\u021bime (0\u2013200 mm) \u0219i marcajele de pe cadru faciliteaz\u0103 montajul \u0219i permit alinierea precis\u0103.<\/span> <span class=\"relative -mx-px my-[-0.2rem] rounded px-px py-[0.2rem] transition-colors duration-100 ease-in-out\">Sistemul mecanic de sp\u0103lare cu dou\u0103 moduri (3\/6 l) ofer\u0103 economie de ap\u0103 \u0219i confort \u00een utilizare.<\/span> <span class=\"relative -mx-px my-[-0.2rem] rounded px-px py-[0.2rem] transition-colors duration-100 ease-in-out\">Instala\u021bia este compatibil\u0103 cu diverse tipuri de vase de toalet\u0103 \u0219i se potrive\u0219te pentru montaj pe pere\u021bi portan\u021bi sau pere\u021bi din gips-carton.<\/span> <span class=\"relative -mx-px my-[-0.2rem] rounded px-px py-[0.2rem] transition-colors duration-100 ease-in-out\">Dimensiunile compacte (l\u0103\u021bime 50 cm, \u00een\u0103l\u021bime 112\u2013134 cm) permit utilizarea eficient\u0103 a spa\u021biului din baie.<\/span><\/p>\n<ul>\n<li data-start=\"827\" data-end=\"1480\">Gam\u0103 larg\u0103 de butoane de sp\u0103lare compatibile<\/li>\n<li data-start=\"827\" data-end=\"1480\">Sp\u0103lare dubl\u0103 reglabil\u0103 independent<\/li>\n<li data-start=\"827\" data-end=\"1480\">Posibilitatea aliment\u0103rii cu ap\u0103 de sus\/spate<\/li>\n<li data-start=\"827\" data-end=\"1480\">Pentru a asigura o etan\u0219eitate 100%, rezervorul este fabricat dintr-o singur\u0103 bucat\u0103 de polipropilen\u0103<\/li>\n<li data-start=\"827\" data-end=\"1480\">Racol\u0103 vopsit\u0103 \u00een c\u00e2mp electrostatic \u0219i picioare galvanizate pentru protec\u021bie pe termen lung \u00eempotriva coroziunii<\/li>\n<li data-start=\"827\" data-end=\"1480\">Ad\u00e2ncime de montare 150-180 mm<\/li>\n<li data-start=\"827\" data-end=\"1480\">Ad\u00e2ncimea de montare a cutiei este reglabil\u0103 de la 20 la 70 mm<\/li>\n<li data-start=\"827\" data-end=\"1480\">Produc\u0103tor: <a href=\"https:\/\/keramin.by\/\" target=\"_blank\" rel=\"noopener\">KERAMIN,<\/a> Belorusia<\/li>\n<\/ul>\n<p><strong>Perioada de garan\u021bie:<\/strong><br \/>\npentru rezervor \u0219i cadrul de montare &#8211; 10 ani;<br \/>\npentru robinetul de golire, robinetul de umplere, furtunul flexibil &#8211; 5 ani;<br \/>\npentru panoul mecanic al butoanelor de sp\u0103lare (nu sunt incluse \u00een kitul de baz\u0103) &#8211; 2 ani;<br \/>\npentru piesele din cauciuc, garnituri, garnituri de etan\u0219are &#8211; 2 ani;<\/p>\n<p><span style=\"font-size: 100%;\"><\/span><\/p>","protected":false},"excerpt":{"rendered":"<p><strong>Instala\u021bie\u00a0pentru vas de WC suspenda<\/strong>t de la Keramin, Belorusia<\/p>\n","protected":false},"featured_media":21541,"template":"","meta":[],"product_cat":[1754],"product_tag":[],"_links":{"self":[{"href":"https:\/\/ceramic.md\/ro\/wp-json\/wp\/v2\/product\/21537"}],"collection":[{"href":"https:\/\/ceramic.md\/ro\/wp-json\/wp\/v2\/product"}],"about":[{"href":"https:\/\/ceramic.md\/ro\/wp-json\/wp\/v2\/types\/product"}],"wp:featuredmedia":[{"embeddable":true,"href":"https:\/\/ceramic.md\/ro\/wp-json\/wp\/v2\/media\/21541"}],"wp:attachment":[{"href":"https:\/\/ceramic.md\/ro\/wp-json\/wp\/v2\/media?parent=21537"}],"wp:term":[{"taxonomy":"product_cat","embeddable":true,"href":"https:\/\/ceramic.md\/ro\/wp-json\/wp\/v2\/product_cat?post=21537"},{"taxonomy":"product_tag","embeddable":true,"href":"https:\/\/ceramic.md\/ro\/wp-json\/wp\/v2\/product_tag?post=21537"}],"curies":[{"name":"wp","href":"https:\/\/api.w.org\/{rel}","templated":true}]}}