{"id":21551,"date":"2025-06-02T13:02:30","date_gmt":"2025-06-02T10:02:30","guid":{"rendered":"https:\/\/ceramic.md\/?post_type=product&#038;p=21551"},"modified":"2025-06-02T13:04:24","modified_gmt":"2025-06-02T10:04:24","slug":"buton-k5234-k-eea2","status":"publish","type":"product","link":"https:\/\/ceramic.md\/ro\/product\/buton-k5234-k-eea2\/","title":{"rendered":"Buton \u00eencastrat pentru instala\u021bii crom mat Keramin K5234-\u041a-EEA2"},"content":{"rendered":"<h4>Buton \u00eencastrat pentru instala\u021bii K5234-\u041a-EEA2<\/h4>\n<p data-start=\"827\" data-end=\"1480\"><strong data-start=\"504\" data-end=\"571\"><a href=\"https:\/\/ceramic.md\/product-category\/obiecte-sanitare\/butoane-incastrate\/\">Buton mecanic de sp\u0103lare<\/a> Keramin Involl Key Premium <\/strong>\u00a0\u2014 <span class=\"relative -mx-px my-[-0.2rem] rounded px-px py-[0.2rem] transition-colors duration-100 ease-in-out\">este un element elegant \u0219i func\u021bional pentru baia dumneavoastr\u0103.<\/span> <span class=\"relative -mx-px my-[-0.2rem] rounded px-px py-[0.2rem] transition-colors duration-100 ease-in-out\">Fabricat din plastic durabil cu finisaj mat, asigur\u0103 o func\u021bionare fiabil\u0103 \u0219i de lung\u0103 durat\u0103.<\/span> <span class=\"relative -mx-px my-[-0.2rem] rounded px-px py-[0.2rem] transition-colors duration-100 ease-in-out\">Construc\u021bia mecanic\u0103 cu dou\u0103 moduri de sp\u0103lare (3\/6 l) permite economisirea apei \u0219i ofer\u0103 confort \u00een utilizare.<\/span> <span class=\"relative -mx-px my-[-0.2rem] rounded px-px py-[0.2rem] transition-colors duration-100 ease-in-out\">Dimensiunile compacte (24,7\u00d716,5 cm) fac instalarea simpl\u0103 \u0219i convenabil\u0103.<\/span> <span class=\"relative -mx-px my-[-0.2rem] rounded px-px py-[0.2rem] transition-colors duration-100 ease-in-out\">Acest buton este compatibil cu instala\u021biile din seria Keramin Involl Premium, asigur\u00e2nd o combina\u021bie armonioas\u0103 de design \u0219i func\u021bionalitate.<\/span><\/p>\n<p><strong>L\u0103\u021bime:<\/strong> 24,7 cm<\/p>\n<p><strong>\u00cen\u0103l\u021bime:<\/strong> 16,5 cm<\/p>\n<p><strong>Produc\u0103tor:<\/strong> <a href=\"https:\/\/keramin.by\/\" target=\"_blank\" rel=\"noopener\">KERAMIN,<\/a> Belorusia<\/p>\n<p><span style=\"font-size: 100%;\"><\/span><\/p>","protected":false},"excerpt":{"rendered":"<p><strong>Buton \u00eencastrat pentru instala\u021bii<\/strong>\u00a0de la Keramin, Belorusia<\/p>\n","protected":false},"featured_media":21552,"template":"","meta":[],"product_cat":[1755],"product_tag":[],"_links":{"self":[{"href":"https:\/\/ceramic.md\/ro\/wp-json\/wp\/v2\/product\/21551"}],"collection":[{"href":"https:\/\/ceramic.md\/ro\/wp-json\/wp\/v2\/product"}],"about":[{"href":"https:\/\/ceramic.md\/ro\/wp-json\/wp\/v2\/types\/product"}],"wp:featuredmedia":[{"embeddable":true,"href":"https:\/\/ceramic.md\/ro\/wp-json\/wp\/v2\/media\/21552"}],"wp:attachment":[{"href":"https:\/\/ceramic.md\/ro\/wp-json\/wp\/v2\/media?parent=21551"}],"wp:term":[{"taxonomy":"product_cat","embeddable":true,"href":"https:\/\/ceramic.md\/ro\/wp-json\/wp\/v2\/product_cat?post=21551"},{"taxonomy":"product_tag","embeddable":true,"href":"https:\/\/ceramic.md\/ro\/wp-json\/wp\/v2\/product_tag?post=21551"}],"curies":[{"name":"wp","href":"https:\/\/api.w.org\/{rel}","templated":true}]}}