{"id":21562,"date":"2025-06-02T14:11:39","date_gmt":"2025-06-02T11:11:39","guid":{"rendered":"https:\/\/ceramic.md\/?post_type=product&#038;p=21562"},"modified":"2025-06-02T14:13:10","modified_gmt":"2025-06-02T11:13:10","slug":"beau-flor-turfgrass-polo-7275-4m","status":"publish","type":"product","link":"https:\/\/ceramic.md\/ro\/product\/beau-flor-turfgrass-polo-7275-4m\/","title":{"rendered":"Iarb\u0103 artificial\u0103 Beau Flor Turfgrass POLO 7275 Green 7mm 4m.l."},"content":{"rendered":"<p><span style=\"font-size: 100%;\"><\/span><\/p>\n<h4 data-start=\"63\" data-end=\"143\"><strong data-start=\"63\" data-end=\"143\">Iarb\u0103 artificial\u0103 Beau Flor Turfgrass POLO 7275<\/strong><\/h4>\n<p class=\"\" data-start=\"448\" data-end=\"899\"><strong data-start=\"468\" data-end=\"524\"><a href=\"https:\/\/ceramic.md\/product-category\/produse-auxiliare\/iarba-artificiala\/\">Iarb\u0103 artificial\u0103<\/a> Beau Flor Turfgrass POLO 7275 7mm Verde<\/strong>\u00a0\u2014 <span class=\"relative -mx-px my-[-0.2rem] rounded px-px py-[0.2rem] transition-colors duration-100 ease-in-out\">o solu\u021bie practic\u0103 \u0219i estetic\u0103 pentru crearea zonelor verzi \u00een orice spa\u021biu.<\/span> <span class=\"relative -mx-px my-[-0.2rem] rounded px-px py-[0.2rem] transition-colors duration-100 ease-in-out\">Fabricat\u0103 din polipropilen\u0103 de \u00eenalt\u0103 calitate, asigur\u0103 durabilitate \u0219i rezisten\u021b\u0103 la factorii externi.<\/span> <span class=\"relative -mx-px my-[-0.2rem] rounded px-px py-[0.2rem] transition-colors duration-100 ease-in-out\">Grosimea firelor de 7 mm confer\u0103 un aspect \u00eengrijit \u0219i elegant, iar culoarea verde aduce senza\u021bia unui gazon natural.<\/span> <span class=\"relative -mx-px my-[-0.2rem] rounded px-px py-[0.2rem] transition-colors duration-100 ease-in-out\">L\u0103\u021bimea rolei este de 4 metri, facilit\u00e2nd instalarea \u0219i reduc\u00e2nd num\u0103rul de \u00eembin\u0103ri.<\/span> <span class=\"relative -mx-px my-[-0.2rem] rounded px-px py-[0.2rem] transition-colors duration-100 ease-in-out\">Ideal\u0103 pentru terase, balcoane, standuri expozi\u021bionale \u0219i alte scopuri decorative.<\/span><\/p>\n<div><strong>Grosime:<\/strong> 7 mm<\/div>\n<div><\/div>\n<div><strong>L\u0103\u021bime:<\/strong> 4,0 m<\/div>\n<div><\/div>\n<div><strong>Produc\u0103tor:<\/strong> <a href=\"https:\/\/www.beauflor.com\/\" target=\"_blank\" rel=\"noopener\">BEAU FLOR<\/a>, Belgia<\/div>\n<p><span style=\"font-size: 100%;\"><\/span><\/p>","protected":false},"excerpt":{"rendered":"<p>Gazonul artificial de la Beau Flor, Belgia, este o solu\u021bie practic\u0103 \u0219i estetic\u0103 pentru crearea de zone verzi \u00een orice spa\u021biu.<\/p>\n","protected":false},"featured_media":21561,"template":"","meta":[],"product_cat":[1756],"product_tag":[],"_links":{"self":[{"href":"https:\/\/ceramic.md\/ro\/wp-json\/wp\/v2\/product\/21562"}],"collection":[{"href":"https:\/\/ceramic.md\/ro\/wp-json\/wp\/v2\/product"}],"about":[{"href":"https:\/\/ceramic.md\/ro\/wp-json\/wp\/v2\/types\/product"}],"wp:featuredmedia":[{"embeddable":true,"href":"https:\/\/ceramic.md\/ro\/wp-json\/wp\/v2\/media\/21561"}],"wp:attachment":[{"href":"https:\/\/ceramic.md\/ro\/wp-json\/wp\/v2\/media?parent=21562"}],"wp:term":[{"taxonomy":"product_cat","embeddable":true,"href":"https:\/\/ceramic.md\/ro\/wp-json\/wp\/v2\/product_cat?post=21562"},{"taxonomy":"product_tag","embeddable":true,"href":"https:\/\/ceramic.md\/ro\/wp-json\/wp\/v2\/product_tag?post=21562"}],"curies":[{"name":"wp","href":"https:\/\/api.w.org\/{rel}","templated":true}]}}