{"id":21573,"date":"2025-06-02T14:31:00","date_gmt":"2025-06-02T11:31:00","guid":{"rendered":"https:\/\/ceramic.md\/?post_type=product&#038;p=21573"},"modified":"2025-06-06T10:26:08","modified_gmt":"2025-06-06T07:26:08","slug":"beau-flor-turfgrass-bella-6146-4m","status":"publish","type":"product","link":"https:\/\/ceramic.md\/ro\/product\/beau-flor-turfgrass-bella-6146-4m\/","title":{"rendered":"Iarb\u0103 artificial\u0103 Beau Flor Turfgrass BELLA 6146 Lime 27mm 4m.l."},"content":{"rendered":"<p><span style=\"font-size: 100%;\"><\/span><\/p>\n<h4 data-start=\"63\" data-end=\"143\"><strong data-start=\"63\" data-end=\"143\">Iarb\u0103 artificial\u0103 Beau Flor Turfgrass BELLA 6146<\/strong><\/h4>\n<p class=\"\" data-start=\"448\" data-end=\"899\"><strong data-start=\"468\" data-end=\"524\"><a href=\"https:\/\/ceramic.md\/product-category\/produse-auxiliare\/iarba-artificiala\/\">Iarb\u0103 artificial\u0103<\/a> Beau Flor Turfgrass BELLA 6146<\/strong> \u2014 este o solu\u021bie modern\u0103 pentru crearea de spa\u021bii verzi f\u0103r\u0103 b\u0103t\u0103i de cap inutile de \u00eentre\u021binere. Datorit\u0103 aspectului s\u0103u realist \u0219i durabilit\u0103\u021bii, este ideal pentru decorarea teraselor, balcoanelor, zonelor de recreere, locurilor de joac\u0103 \u0219i chiar a zonelor din jurul piscinelor. \u00cen\u0103l\u021bimea firului de 27 mm reprezint\u0103 echilibrul optim \u00eentre moliciune \u0219i rezisten\u021b\u0103 la uzur\u0103. Materiale rezistente la uzur\u0103 &#8211; o combina\u021bie de polietilen\u0103 (PE) \u0219i polipropilen\u0103 (PP) ofer\u0103 rezisten\u021b\u0103 \u0219i rezisten\u021b\u0103 la influen\u021bele externe. Acest \u00eenveli\u0219 nu este doar pl\u0103cut din punct de vedere estetic, ci \u0219i practic: nu absoarbe umezeala, este rezistent la schimb\u0103rile de temperatur\u0103 \u0219i \u00ee\u0219i p\u0103streaz\u0103 aspectul original pentru o lung\u0103 perioad\u0103 de timp. Ideal pentru utilizare \u00een condi\u021bii \u00een care iarba natural\u0103 este dificil de \u00eentre\u021binut \u00een stare bun\u0103.<\/p>\n<div><strong>Grosime:<\/strong> 27 mm<\/div>\n<div><\/div>\n<div><strong>L\u0103\u021bime:<\/strong> 4,0 cm<\/div>\n<div><\/div>\n<div><strong>Produc\u0103tor:<\/strong> <a href=\"https:\/\/www.beauflor.com\/\" target=\"_blank\" rel=\"noopener\">BEAU FLOR<\/a>, Belgia<\/div>\n<p><span style=\"font-size: 100%;\"><\/span><\/p>","protected":false},"excerpt":{"rendered":"<p>Gazonul artificial de la Beau Flor, Belgia, este o solu\u021bie practic\u0103 \u0219i estetic\u0103 pentru crearea de zone verzi \u00een orice spa\u021biu.<\/p>\n","protected":false},"featured_media":21571,"template":"","meta":[],"product_cat":[1756],"product_tag":[],"_links":{"self":[{"href":"https:\/\/ceramic.md\/ro\/wp-json\/wp\/v2\/product\/21573"}],"collection":[{"href":"https:\/\/ceramic.md\/ro\/wp-json\/wp\/v2\/product"}],"about":[{"href":"https:\/\/ceramic.md\/ro\/wp-json\/wp\/v2\/types\/product"}],"wp:featuredmedia":[{"embeddable":true,"href":"https:\/\/ceramic.md\/ro\/wp-json\/wp\/v2\/media\/21571"}],"wp:attachment":[{"href":"https:\/\/ceramic.md\/ro\/wp-json\/wp\/v2\/media?parent=21573"}],"wp:term":[{"taxonomy":"product_cat","embeddable":true,"href":"https:\/\/ceramic.md\/ro\/wp-json\/wp\/v2\/product_cat?post=21573"},{"taxonomy":"product_tag","embeddable":true,"href":"https:\/\/ceramic.md\/ro\/wp-json\/wp\/v2\/product_tag?post=21573"}],"curies":[{"name":"wp","href":"https:\/\/api.w.org\/{rel}","templated":true}]}}