{"id":21808,"date":"2025-06-04T14:18:05","date_gmt":"2025-06-04T11:18:05","guid":{"rendered":"https:\/\/ceramic.md\/?post_type=product&#038;p=21808"},"modified":"2025-12-08T11:23:36","modified_gmt":"2025-12-08T09:23:36","slug":"colectie-elegant","status":"publish","type":"product","link":"https:\/\/ceramic.md\/ro\/product\/colectie-elegant\/","title":{"rendered":"Colec\u021bie Elegant"},"content":{"rendered":"<div class=\"container section-title-container\" ><h3 class=\"section-title section-title-bold-center\"><b><\/b><span class=\"section-title-main\" style=\"color:rgb(0, 0, 0);\">Compozi\u021bia colec\u021biei de teracot\u0103<\/span><b><\/b><\/h3><\/div>\n\n<p style=\"text-align: center\"><div class=\"woocommerce columns-3 \"><span class=\"wpfHidden\" data-shortcode-attribute=\"{&quot;limit&quot;:&quot;12&quot;,&quot;columns&quot;:&quot;3&quot;,&quot;rows&quot;:&quot;&quot;,&quot;orderby&quot;:&quot;date&quot;,&quot;order&quot;:&quot;&quot;,&quot;ids&quot;:&quot;21809,21812,21814,21816&quot;,&quot;skus&quot;:&quot;&quot;,&quot;category&quot;:&quot;&quot;,&quot;cat_operator&quot;:&quot;IN&quot;,&quot;attribute&quot;:&quot;&quot;,&quot;terms&quot;:&quot;&quot;,&quot;terms_operator&quot;:&quot;IN&quot;,&quot;tag&quot;:&quot;&quot;,&quot;tag_operator&quot;:&quot;IN&quot;,&quot;visibility&quot;:&quot;visible&quot;,&quot;class&quot;:&quot;&quot;,&quot;page&quot;:1,&quot;paginate&quot;:false,&quot;cache&quot;:false}\"><\/span><div class=\"products row row-small large-columns-3 medium-columns-3 small-columns-2 has-shadow row-box-shadow-2 row-box-shadow-3-hover\">\n<div class=\"product-small col has-hover product type-product post-21816 status-publish first instock product_cat-gresie product_cat-teracota product_cat-fatada has-post-thumbnail featured shipping-taxable product-type-simple\">\n\t<div class=\"col-inner\">\n\t\n<div class=\"badge-container absolute left top z-1\">\n<\/div>\n\t<div class=\"product-small box \">\n\t\t<div class=\"box-image\">\n\t\t\t<div class=\"image-zoom\">\n\t\t\t\t<a href=\"https:\/\/ceramic.md\/ro\/product\/60x120-elegant-black\/\" aria-label=\"60x120cm Elegant Black\">\n\t\t\t\t\t<img width=\"300\" height=\"150\" src=\"https:\/\/ceramic.md\/wp-content\/uploads\/2025\/06\/ceramic.md-60x120-elegant-black-300x150.jpg\" class=\"attachment-woocommerce_thumbnail size-woocommerce_thumbnail\" alt=\"Ceramic.md 60x120 Elegant Black\" srcset=\"https:\/\/ceramic.md\/wp-content\/uploads\/2025\/06\/ceramic.md-60x120-elegant-black-300x150.jpg 300w, https:\/\/ceramic.md\/wp-content\/uploads\/2025\/06\/ceramic.md-60x120-elegant-black-800x400.jpg 800w, https:\/\/ceramic.md\/wp-content\/uploads\/2025\/06\/ceramic.md-60x120-elegant-black-400x200.jpg 400w, https:\/\/ceramic.md\/wp-content\/uploads\/2025\/06\/ceramic.md-60x120-elegant-black-768x384.jpg 768w, https:\/\/ceramic.md\/wp-content\/uploads\/2025\/06\/ceramic.md-60x120-elegant-black-600x300.jpg 600w, https:\/\/ceramic.md\/wp-content\/uploads\/2025\/06\/ceramic.md-60x120-elegant-black.jpg 1200w\" sizes=\"(max-width: 300px) 100vw, 300px\" \/>\t\t\t\t<\/a>\n\t\t\t<\/div>\n\t\t\t<div class=\"image-tools is-small top right show-on-hover\">\n\t\t\t\t\t\t\t<\/div>\n\t\t\t<div class=\"image-tools is-small hide-for-small bottom left show-on-hover\">\n\t\t\t\t\t\t\t<\/div>\n\t\t\t<div class=\"image-tools grid-tools text-center hide-for-small bottom hover-slide-in show-on-hover\">\n\t\t\t\t\t\t\t<\/div>\n\t\t\t\t\t<\/div>\n\n\t\t<div class=\"box-text box-text-products text-center grid-style-2\">\n\t\t\tGresie por\u021belanat\u0103<div class=\"title-wrapper\"><p itemprop=\"name\" class=\"product_title entry-title\">Turcia<\/p><\/div><div class=\"price-wrapper\"><\/div>\t\t<\/div>\n\t<\/div>\n\t\t<\/div>\n<\/div>\n<div class=\"product-small col has-hover product type-product post-21814 status-publish instock product_cat-gresie product_cat-teracota product_cat-fatada has-post-thumbnail featured shipping-taxable product-type-simple\">\n\t<div class=\"col-inner\">\n\t\n<div class=\"badge-container absolute left top z-1\">\n<\/div>\n\t<div class=\"product-small box \">\n\t\t<div class=\"box-image\">\n\t\t\t<div class=\"image-zoom\">\n\t\t\t\t<a href=\"https:\/\/ceramic.md\/ro\/product\/60x120-elegant-white\/\" aria-label=\"60x120cm Elegant White\">\n\t\t\t\t\t<img width=\"300\" height=\"150\" src=\"https:\/\/ceramic.md\/wp-content\/uploads\/2025\/06\/ceramic.md-60x120-elegant-white-300x150.jpg\" class=\"attachment-woocommerce_thumbnail size-woocommerce_thumbnail\" alt=\"Ceramic.md 60x120 Elegant White\" srcset=\"https:\/\/ceramic.md\/wp-content\/uploads\/2025\/06\/ceramic.md-60x120-elegant-white-300x150.jpg 300w, https:\/\/ceramic.md\/wp-content\/uploads\/2025\/06\/ceramic.md-60x120-elegant-white-800x400.jpg 800w, https:\/\/ceramic.md\/wp-content\/uploads\/2025\/06\/ceramic.md-60x120-elegant-white-400x200.jpg 400w, https:\/\/ceramic.md\/wp-content\/uploads\/2025\/06\/ceramic.md-60x120-elegant-white-768x384.jpg 768w, https:\/\/ceramic.md\/wp-content\/uploads\/2025\/06\/ceramic.md-60x120-elegant-white-600x300.jpg 600w, https:\/\/ceramic.md\/wp-content\/uploads\/2025\/06\/ceramic.md-60x120-elegant-white.jpg 1200w\" sizes=\"(max-width: 300px) 100vw, 300px\" \/>\t\t\t\t<\/a>\n\t\t\t<\/div>\n\t\t\t<div class=\"image-tools is-small top right show-on-hover\">\n\t\t\t\t\t\t\t<\/div>\n\t\t\t<div class=\"image-tools is-small hide-for-small bottom left show-on-hover\">\n\t\t\t\t\t\t\t<\/div>\n\t\t\t<div class=\"image-tools grid-tools text-center hide-for-small bottom hover-slide-in show-on-hover\">\n\t\t\t\t\t\t\t<\/div>\n\t\t\t\t\t<\/div>\n\n\t\t<div class=\"box-text box-text-products text-center grid-style-2\">\n\t\t\tGresie por\u021belanat\u0103<div class=\"title-wrapper\"><p itemprop=\"name\" class=\"product_title entry-title\">Turcia<\/p><\/div><div class=\"price-wrapper\"><\/div>\t\t<\/div>\n\t<\/div>\n\t\t<\/div>\n<\/div>\n<div class=\"product-small col has-hover product type-product post-21812 status-publish last instock product_cat-faianta product_cat-teracota has-post-thumbnail shipping-taxable product-type-simple\">\n\t<div class=\"col-inner\">\n\t\n<div class=\"badge-container absolute left top z-1\">\n<\/div>\n\t<div class=\"product-small box \">\n\t\t<div class=\"box-image\">\n\t\t\t<div class=\"image-zoom\">\n\t\t\t\t<a href=\"https:\/\/ceramic.md\/ro\/product\/30x60-elegant-black\/\" aria-label=\"30x60cm Elegant Black\">\n\t\t\t\t\t<img width=\"300\" height=\"150\" src=\"https:\/\/ceramic.md\/wp-content\/uploads\/2025\/06\/ceramic.md-30x60-elegant-black-300x150.jpg\" class=\"attachment-woocommerce_thumbnail size-woocommerce_thumbnail\" alt=\"Ceramic.md 30x60 Elegant Black\" srcset=\"https:\/\/ceramic.md\/wp-content\/uploads\/2025\/06\/ceramic.md-30x60-elegant-black-300x150.jpg 300w, https:\/\/ceramic.md\/wp-content\/uploads\/2025\/06\/ceramic.md-30x60-elegant-black.jpg 800w, https:\/\/ceramic.md\/wp-content\/uploads\/2025\/06\/ceramic.md-30x60-elegant-black-400x200.jpg 400w, https:\/\/ceramic.md\/wp-content\/uploads\/2025\/06\/ceramic.md-30x60-elegant-black-768x384.jpg 768w, https:\/\/ceramic.md\/wp-content\/uploads\/2025\/06\/ceramic.md-30x60-elegant-black-600x300.jpg 600w\" sizes=\"(max-width: 300px) 100vw, 300px\" \/>\t\t\t\t<\/a>\n\t\t\t<\/div>\n\t\t\t<div class=\"image-tools is-small top right show-on-hover\">\n\t\t\t\t\t\t\t<\/div>\n\t\t\t<div class=\"image-tools is-small hide-for-small bottom left show-on-hover\">\n\t\t\t\t\t\t\t<\/div>\n\t\t\t<div class=\"image-tools grid-tools text-center hide-for-small bottom hover-slide-in show-on-hover\">\n\t\t\t\t\t\t\t<\/div>\n\t\t\t\t\t<\/div>\n\n\t\t<div class=\"box-text box-text-products text-center grid-style-2\">\n\t\t\tFaian\u021b\u0103<div class=\"title-wrapper\"><p itemprop=\"name\" class=\"product_title entry-title\">Turcia<\/p><\/div><div class=\"price-wrapper\"><\/div>\t\t<\/div>\n\t<\/div>\n\t\t<\/div>\n<\/div>\n<div class=\"product-small col has-hover product type-product post-21809 status-publish first instock product_cat-faianta product_cat-teracota has-post-thumbnail shipping-taxable product-type-simple\">\n\t<div class=\"col-inner\">\n\t\n<div class=\"badge-container absolute left top z-1\">\n<\/div>\n\t<div class=\"product-small box \">\n\t\t<div class=\"box-image\">\n\t\t\t<div class=\"image-zoom\">\n\t\t\t\t<a href=\"https:\/\/ceramic.md\/ro\/product\/30x60-elegant-white\/\" aria-label=\"30x60cm Elegant White\">\n\t\t\t\t\t<img width=\"300\" height=\"150\" src=\"https:\/\/ceramic.md\/wp-content\/uploads\/2025\/06\/ceramic.md-30x60-elegant-white-300x150.jpg\" class=\"attachment-woocommerce_thumbnail size-woocommerce_thumbnail\" alt=\"Ceramic.md 30x60 Elegant White\" srcset=\"https:\/\/ceramic.md\/wp-content\/uploads\/2025\/06\/ceramic.md-30x60-elegant-white-300x150.jpg 300w, https:\/\/ceramic.md\/wp-content\/uploads\/2025\/06\/ceramic.md-30x60-elegant-white.jpg 800w, https:\/\/ceramic.md\/wp-content\/uploads\/2025\/06\/ceramic.md-30x60-elegant-white-400x200.jpg 400w, https:\/\/ceramic.md\/wp-content\/uploads\/2025\/06\/ceramic.md-30x60-elegant-white-768x384.jpg 768w, https:\/\/ceramic.md\/wp-content\/uploads\/2025\/06\/ceramic.md-30x60-elegant-white-600x300.jpg 600w\" sizes=\"(max-width: 300px) 100vw, 300px\" \/>\t\t\t\t<\/a>\n\t\t\t<\/div>\n\t\t\t<div class=\"image-tools is-small top right show-on-hover\">\n\t\t\t\t\t\t\t<\/div>\n\t\t\t<div class=\"image-tools is-small hide-for-small bottom left show-on-hover\">\n\t\t\t\t\t\t\t<\/div>\n\t\t\t<div class=\"image-tools grid-tools text-center hide-for-small bottom hover-slide-in show-on-hover\">\n\t\t\t\t\t\t\t<\/div>\n\t\t\t\t\t<\/div>\n\n\t\t<div class=\"box-text box-text-products text-center grid-style-2\">\n\t\t\tFaian\u021b\u0103<div class=\"title-wrapper\"><p itemprop=\"name\" class=\"product_title entry-title\">Turcia<\/p><\/div><div class=\"price-wrapper\"><\/div>\t\t<\/div>\n\t<\/div>\n\t\t<\/div>\n<\/div>\n<\/div><!-- row --><\/div>\n<h4>\u041a\u043e\u043b\u043b\u0435\u043a\u0446\u0438\u044f \u043a\u0435\u0440\u0430\u043c\u0438\u0447\u0435\u0441\u043a\u043e\u0439 \u043f\u043b\u0438\u0442\u043a\u0438 Elegant \u043e\u0442 \u0442\u0443\u0440\u0435\u0446\u043a\u043e\u0433\u043e \u0437\u0430\u0432\u043e\u0434\u0430 <a href=\"https:\/\/www.ankaseramik.com.tr\/\" target=\"_blank\" rel=\"noopener\">Anka Seramik<\/a> \u0434\u043b\u044f \u043e\u0442\u0434\u0435\u043b\u043a\u0438 \u0441\u0442\u0435\u043d \u0432 \u043f\u043e\u043c\u0435\u0449\u0435\u043d\u0438\u044f\u0445.<\/h4>\n<p>\u0423 <a href=\"https:\/\/ceramic.md\/ru\/product-category\/teracota\/?filter_producator=turcia\">\u0442\u0443\u0440\u0435\u0446\u043a\u043e\u0439 \u043f\u043b\u0438\u0442\u043a\u0438<\/a> \u0435\u0441\u0442\u044c \u043d\u0435\u0441\u043a\u043e\u043b\u044c\u043a\u043e \u043d\u0435\u043e\u0441\u043f\u043e\u0440\u0438\u043c\u044b\u0445 \u043f\u0440\u0435\u0438\u043c\u0443\u0449\u0435\u0441\u0442\u0432 &#8211; \u043e\u043d\u0430 \u043d\u0435 \u043e\u0442\u0441\u0442\u0430\u0451\u0442 \u043f\u043e \u043a\u0430\u0447\u0435\u0441\u0442\u0432\u0443 \u043e\u0442 \u0438\u0441\u043f\u0430\u043d\u0441\u043a\u043e\u0439 \u0438\u043b\u0438 \u0438\u0442\u0430\u043b\u044c\u044f\u043d\u0441\u043a\u043e\u0439, \u0430 \u043f\u043e \u0446\u0435\u043d\u0435 \u0433\u043e\u0440\u0430\u0437\u0434\u043e \u043f\u0440\u0438\u044f\u0442\u043d\u0435\u0435. \u0422\u0443\u0440\u0435\u0446\u043a\u0438\u0435 \u0437\u0430\u0432\u043e\u0434\u044b \u043a\u0435\u0440\u0430\u043c\u0438\u0447\u0435\u0441\u043a\u043e\u0439 \u043f\u043b\u0438\u0442\u043a\u0438 \u0438\u0434\u0443\u0442 \u0432 \u043d\u043e\u0433\u0443 \u0441\u043e \u0432\u0440\u0435\u043c\u0435\u043d\u0435\u043c \u0438 \u043d\u0435 \u043f\u0435\u0440\u0435\u0441\u0442\u0430\u044e\u0442 \u0443\u0434\u0438\u0432\u043b\u044f\u0442\u044c \u043f\u043e\u0442\u0440\u0435\u0431\u0438\u0442\u0435\u043b\u0435\u0439 \u043d\u043e\u0432\u044b\u043c\u0438 \u043a\u043e\u043b\u043b\u0435\u043a\u0446\u0438\u044f\u043c\u0438, \u043f\u043e\u043c\u043e\u0433\u0430\u044f \u0437\u0430\u0434\u0430\u0442\u044c \u043d\u043e\u0432\u044b\u0435 \u0432\u0435\u044f\u043d\u0438\u044f \u0432 \u0442\u0440\u0435\u043d\u0434\u0430\u0445 \u0441\u0435\u0437\u043e\u043d\u0430. \u0418\u0445 \u043a\u043e\u043b\u043b\u0435\u043a\u0446\u0438\u0438 \u0434\u043e\u043b\u0433\u0438\u0435 \u0433\u043e\u0434\u044b \u043f\u043e\u043b\u044c\u0437\u0443\u044e\u0442\u0441\u044f \u0431\u043e\u043b\u044c\u0448\u043e\u0439 \u043f\u043e\u043f\u0443\u043b\u044f\u0440\u043d\u043e\u0441\u0442\u044c\u044e \u043d\u0430 \u0442\u0435\u0440\u0440\u0438\u0442\u043e\u0440\u0438\u0438 \u0441\u0442\u0440\u0430\u043d \u0415\u0432\u0440\u043e\u043f\u044b.<\/p>\n<p>\u0423\u0448\u043b\u0438 \u0432\u0440\u0435\u043c\u0435\u043d\u0438, \u043a\u043e\u0433\u0434\u0430 \u0441\u043b\u0435\u0434\u043e\u0432\u0430\u043b\u043e \u0432\u044b\u0431\u0438\u0440\u0430\u0442\u044c &#8211; \u043a\u0430\u0447\u0435\u0441\u0442\u0432\u043e \u0438\u043b\u0438 \u0431\u044e\u0434\u0436\u0435\u0442. \u0422\u0443\u0440\u0435\u0446\u043a\u0438\u0435 \u0444\u0430\u0431\u0440\u0438\u043a\u0438 \u043f\u0440\u0435\u0434\u043e\u0441\u0442\u0430\u0432\u044f\u0442 \u0432\u0430\u043c \u0438 \u0442\u043e, \u0438 \u0434\u0440\u0443\u0433\u043e\u0435 \u043e\u0434\u043d\u043e\u0432\u0440\u0435\u043c\u0435\u043d\u043d\u043e, \u0434\u043e\u043f\u043e\u043b\u043d\u0438\u0432 \u044d\u0442\u043e \u0435\u0449\u0451 \u0438 \u0441\u0442\u0438\u043b\u0435\u043c \u0438 \u0443\u043d\u0438\u043a\u0430\u043b\u044c\u043d\u044b\u043c \u0432\u0438\u0434\u043e\u043c.<\/p>\n<p><img class=\"wp-image-11086 aligncenter\" src=\"https:\/\/ceramic.md\/wp-content\/uploads\/2021\/09\/anka-seramik-logo-e1631013440302.jpg\" alt=\"\" width=\"234\" height=\"92\"><\/p>\n<p>\u0417\u0430\u0432\u043e\u0434 Anka Seramik \u043f\u043e\u0441\u0442\u043e\u044f\u043d\u043d\u043e \u0432\u043d\u0435\u0434\u0440\u044f\u0435\u0442 \u043d\u043e\u0432\u0435\u0439\u0448\u0438\u0435 \u0442\u0435\u0445\u043d\u043e\u043b\u043e\u0433\u0438\u0438, \u0441\u043e\u0437\u0434\u0430\u0435\u0442 \u043a\u043e\u043b\u043b\u0435\u043a\u0446\u0438\u0438 \u043a\u0435\u0440\u0430\u043c\u0438\u0447\u0435\u0441\u043a\u043e\u0439 \u043f\u043b\u0438\u0442\u043a\u0438, \u043a\u043e\u0442\u043e\u0440\u044b\u0435 \u0441\u043f\u043e\u0441\u043e\u0431\u043d\u044b \u043f\u0440\u0438\u0432\u043d\u0435\u0441\u0442\u0438 \u0432 \u043a\u0430\u0436\u0434\u044b\u0439 \u0434\u043e\u043c \u0438\u043d\u0434\u0438\u0432\u0438\u0434\u0443\u0430\u043b\u044c\u043d\u044b\u0439 \u0441\u0442\u0438\u043b\u044c \u0438 \u0438\u0437\u044b\u0441\u043a\u0430\u043d\u043d\u043e\u0441\u0442\u044c. \u0424\u0430\u0431\u0440\u0438\u043a\u0430 \u043e\u0442\u043b\u0438\u0447\u0430\u0435\u0442\u0441\u044f \u043e\u0441\u043e\u0431\u044b\u043c \u0432\u043d\u0438\u043c\u0430\u043d\u0438\u0435\u043c \u043a \u0434\u0435\u0442\u0430\u043b\u044f\u043c. \u0421\u043e\u0437\u0434\u0430\u0432\u0430\u044f \u043f\u043b\u0438\u0442\u043a\u0443, \u0438\u043c\u0438\u0442\u0438\u0440\u0443\u044e\u0449\u0443\u044e \u043f\u0440\u0438\u0440\u043e\u0434\u043d\u044b\u0435 \u043c\u0430\u0442\u0435\u0440\u0438\u0430\u043b\u044b, \u0434\u0438\u0437\u0430\u0439\u043d\u0435\u0440\u044b \u0441\u0442\u0430\u0440\u0430\u044e\u0442\u0441\u044f \u043f\u0440\u0438\u0434\u0430\u0442\u044c \u0435\u0439 \u043d\u0435\u043f\u043e\u0432\u0442\u043e\u0440\u0438\u043c\u044b\u0439 \u0434\u0438\u0437\u0430\u0439\u043d, \u0447\u0442\u043e \u0434\u0430\u0451\u0442 \u043e\u0449\u0443\u0449\u0435\u043d\u0438\u0435 \u043d\u0430\u0442\u0443\u0440\u0430\u043b\u044c\u043d\u043e\u0433\u043e \u0434\u0435\u0440\u0435\u0432\u0430 \u0438\u043b\u0438 \u043a\u0430\u043c\u043d\u044f.<\/p>\n<p data-start=\"547\" data-end=\"625\"><span class=\"relative -mx-px my-[-0.2rem] rounded px-px py-[0.2rem] transition-colors duration-100 ease-in-out\">\u041a\u043e\u043b\u043b\u0435\u043a\u0446\u0438\u044f <strong data-start=\"10\" data-end=\"21\">Elegant<\/strong> \u043e\u0442 Anka Seramik \u2014 \u0432\u043e\u043f\u043b\u043e\u0449\u0435\u043d\u0438\u0435 \u0441\u043e\u0432\u0440\u0435\u043c\u0435\u043d\u043d\u043e\u0433\u043e \u043c\u0438\u043d\u0438\u043c\u0430\u043b\u0438\u0437\u043c\u0430 \u0438 \u0438\u0437\u044b\u0441\u043a\u0430\u043d\u043d\u043e\u0441\u0442\u0438, \u0441\u043e\u0437\u0434\u0430\u043d\u043d\u0430\u044f \u0434\u043b\u044f \u0442\u0435\u0445, \u043a\u0442\u043e \u0446\u0435\u043d\u0438\u0442 \u044d\u043b\u0435\u0433\u0430\u043d\u0442\u043d\u044b\u0435 \u043a\u043e\u043d\u0442\u0440\u0430\u0441\u0442\u044b \u0438 \u0443\u0442\u043e\u043d\u0447\u0451\u043d\u043d\u044b\u0439 \u0441\u0442\u0438\u043b\u044c \u0432 \u0438\u043d\u0442\u0435\u0440\u044c\u0435\u0440\u0435.<\/span> <span class=\"relative -mx-px my-[-0.2rem] rounded px-px py-[0.2rem] transition-colors duration-100 ease-in-out\">\u0421\u0435\u0440\u0438\u044f \u043f\u0440\u0435\u0434\u043b\u0430\u0433\u0430\u0435\u0442 \u0443\u043d\u0438\u0432\u0435\u0440\u0441\u0430\u043b\u044c\u043d\u044b\u0435 \u0440\u0435\u0448\u0435\u043d\u0438\u044f \u0434\u043b\u044f \u043e\u0444\u043e\u0440\u043c\u043b\u0435\u043d\u0438\u044f \u0432\u0430\u043d\u043d\u044b\u0445 \u043a\u043e\u043c\u043d\u0430\u0442, \u043a\u0443\u0445\u043e\u043d\u044c, \u0433\u043e\u0441\u0442\u0438\u043d\u044b\u0445 \u0438 \u043a\u043e\u043c\u043c\u0435\u0440\u0447\u0435\u0441\u043a\u0438\u0445 \u043f\u0440\u043e\u0441\u0442\u0440\u0430\u043d\u0441\u0442\u0432.<\/span><\/p>\n<p data-start=\"427\" data-end=\"545\"><span class=\"relative -mx-px my-[-0.2rem] rounded px-px py-[0.2rem] transition-colors duration-100 ease-in-out\">\u041f\u043b\u0438\u0442\u043a\u0430 \u0438\u0437 \u043a\u043e\u043b\u043b\u0435\u043a\u0446\u0438\u0438 Elegant \u043e\u0442\u043b\u0438\u0447\u0430\u0435\u0442\u0441\u044f \u0432\u044b\u0441\u043e\u043a\u043e\u0439 \u0438\u0437\u043d\u043e\u0441\u043e\u0441\u0442\u043e\u0439\u043a\u043e\u0441\u0442\u044c\u044e \u0438 \u0432\u043b\u0430\u0433\u043e\u0441\u0442\u043e\u0439\u043a\u043e\u0441\u0442\u044c\u044e, \u0447\u0442\u043e \u0434\u0435\u043b\u0430\u0435\u0442 \u0435\u0451 \u0438\u0434\u0435\u0430\u043b\u044c\u043d\u044b\u043c \u0432\u044b\u0431\u043e\u0440\u043e\u043c \u0434\u043b\u044f \u043f\u043e\u043c\u0435\u0449\u0435\u043d\u0438\u0439 \u0441 \u043f\u043e\u0432\u044b\u0448\u0435\u043d\u043d\u043e\u0439 \u0432\u043b\u0430\u0436\u043d\u043e\u0441\u0442\u044c\u044e \u0438 \u0432\u044b\u0441\u043e\u043a\u043e\u0439 \u043f\u0440\u043e\u0445\u043e\u0434\u0438\u043c\u043e\u0441\u0442\u044c\u044e.<\/span> <span class=\"relative -mx-px my-[-0.2rem] rounded px-px py-[0.2rem] transition-colors duration-100 ease-in-out\">\u0413\u043b\u044f\u043d\u0446\u0435\u0432\u0430\u044f \u043f\u043e\u0432\u0435\u0440\u0445\u043d\u043e\u0441\u0442\u044c \u043e\u0442\u0440\u0430\u0436\u0430\u0435\u0442 \u0441\u0432\u0435\u0442, \u0432\u0438\u0437\u0443\u0430\u043b\u044c\u043d\u043e \u0440\u0430\u0441\u0448\u0438\u0440\u044f\u044f \u043f\u0440\u043e\u0441\u0442\u0440\u0430\u043d\u0441\u0442\u0432\u043e \u0438 \u043f\u0440\u0438\u0434\u0430\u0432\u0430\u044f \u0435\u043c\u0443 \u0441\u0432\u0435\u0436\u0435\u0441\u0442\u044c.<\/span><\/p>\n<p data-start=\"547\" data-end=\"625\"><span class=\"relative -mx-px my-[-0.2rem] rounded px-px py-[0.2rem] transition-colors duration-100 ease-in-out\">\u0412\u044b\u0431\u0438\u0440\u0430\u044f \u043a\u043e\u043b\u043b\u0435\u043a\u0446\u0438\u044e <strong data-start=\"18\" data-end=\"29\">Elegant<\/strong> \u043e\u0442 Anka Seramik, \u0432\u044b \u043f\u043e\u043b\u0443\u0447\u0430\u0435\u0442\u0435 \u043a\u0430\u0447\u0435\u0441\u0442\u0432\u0435\u043d\u043d\u043e\u0435 \u043f\u043e\u043a\u0440\u044b\u0442\u0438\u0435, \u043a\u043e\u0442\u043e\u0440\u043e\u0435 \u043e\u0431\u044a\u0435\u0434\u0438\u043d\u044f\u0435\u0442 \u0432 \u0441\u0435\u0431\u0435 \u0441\u0442\u0438\u043b\u044c, \u043f\u0440\u0430\u043a\u0442\u0438\u0447\u043d\u043e\u0441\u0442\u044c \u0438 \u0434\u043e\u043b\u0433\u043e\u0432\u0435\u0447\u043d\u043e\u0441\u0442\u044c, \u0441\u043e\u0437\u0434\u0430\u0432\u0430\u044f \u0443\u044e\u0442\u043d\u0443\u044e \u0438 \u0441\u043e\u0432\u0440\u0435\u043c\u0435\u043d\u043d\u0443\u044e \u0430\u0442\u043c\u043e\u0441\u0444\u0435\u0440\u0443 \u0432 \u0432\u0430\u0448\u0435\u043c \u0434\u043e\u043c\u0435 \u0438\u043b\u0438 \u043e\u0444\u0438\u0441\u0435.<\/span><\/p>\n<p data-start=\"541\" data-end=\"619\">\n<h4>\u0421olec\u021bie de teracot\u0103 din ceramica Elegant de la fabrica turceasc\u0103 <a href=\"https:\/\/www.ankaseramik.com.tr\/\" target=\"_blank\" rel=\"noopener\">Anka Seramik<\/a> pentru decorarea pere\u021bilor \u00een interior.<\/h4>\n<p><a href=\"https:\/\/ceramic.md\/ro\/product-category\/teracota\/?filter_producator=turcia\">Teracota din Turcia<\/a> are mai multe avantaje incontestabile &#8211; nu r\u0103m\u00e2n \u00een urm\u0103 de spaniol\u0103 sau italian\u0103 \u00een calitate \u0219i sunt mult mai pl\u0103cute la pre\u021b. Fabricile turce\u0219ti de ceramica \u021bin pasul cu vremurile \u0219i nu \u00eenceteaz\u0103 niciodat\u0103 s\u0103 uimeasc\u0103 consumatorii cu noi colec\u021bii, contribuind la stabilirea unor noi tendin\u021be \u00een tendin\u021bele sezonului. Colec\u021biile lor sunt foarte populare \u00een Europa de mul\u021bi ani.<\/p>\n<p>Au trecut vremurile c\u00e2nd trebuia s\u0103 alegi &#8211; calitate sau buget. Fabricile din Turcia v\u0103 vor oferi ambele \u00een acela\u0219i timp, complet\u00e2nd acest lucru cu stil \u0219i un aspect unic.<\/p>\n<p><img class=\"wp-image-11086 aligncenter\" src=\"https:\/\/ceramic.md\/wp-content\/uploads\/2021\/09\/anka-seramik-logo-e1631013440302.jpg\" alt=\"\" width=\"234\" height=\"92\"><\/p>\n<p>Fabrica Anka Seramik \u00eentroduce constant cele mai noi tehnologii, creeaz\u0103 colec\u021bii de pl\u0103ci ceramice care sunt capabile s\u0103 aduc\u0103 stil \u0219i rafinament individual fiec\u0103rei case. Fabrica se remarc\u0103 prin aten\u021bia deosebit\u0103 acordat\u0103 detaliilor. Atunci c\u00e2nd creeaz\u0103 pl\u0103ci care imit\u0103 materialele naturale, designerii \u00eencearc\u0103 s\u0103 le ofere un design unic care d\u0103 senza\u021bia de lemn natural sau piatr\u0103.<\/p>\n<p data-start=\"1198\" data-end=\"1276\"><span class=\"relative -mx-px my-[-0.2rem] rounded px-px py-[0.2rem] transition-colors duration-100 ease-in-out\">Colec\u021bia <strong data-start=\"9\" data-end=\"20\">Elegant<\/strong> de la Anka Seramik reprezint\u0103 expresia rafinat\u0103 a minimalismului contemporan, destinat\u0103 celor care apreciaz\u0103 contrastele elegante \u0219i stilul sofisticat \u00een amenajarea interioar\u0103.<\/span> <span class=\"relative -mx-px my-[-0.2rem] rounded px-px py-[0.2rem] transition-colors duration-100 ease-in-out\">Aceast\u0103 serie ofer\u0103 un echilibru armonios \u00eentre func\u021bionalitate \u0219i estetic\u0103, fiind ideal\u0103 pentru b\u0103i, buc\u0103t\u0103rii, livinguri \u0219i spa\u021bii comerciale.<\/span><\/p>\n<p data-start=\"1072\" data-end=\"1190\"><span class=\"relative -mx-px my-[-0.2rem] rounded px-px py-[0.2rem] transition-colors duration-100 ease-in-out\">Pl\u0103cile din colec\u021bia Elegant se remarc\u0103 prin capacitatea de a reflecta lumina, cre\u00e2nd o senza\u021bie de spa\u021biu deschis \u0219i proasp\u0103t.<\/span> <span class=\"relative -mx-px my-[-0.2rem] rounded px-px py-[0.2rem] transition-colors duration-100 ease-in-out\">Rezisten\u021ba la uzur\u0103 \u0219i umiditate le face ideale pentru utilizare \u00een \u00eenc\u0103peri precum b\u0103i, buc\u0103t\u0103rii, livinguri sau spa\u021bii comerciale intens circulate.<\/span><\/p>\n<p data-start=\"1192\" data-end=\"1270\"><span class=\"relative -mx-px my-[-0.2rem] rounded px-px py-[0.2rem] transition-colors duration-100 ease-in-out\">Aleg\u00e2nd colec\u021bia <strong data-start=\"17\" data-end=\"28\">Elegant<\/strong> de la Anka Seramik, beneficia\u021bi de un finisaj de calitate superioar\u0103, care \u00eembin\u0103 stilul, func\u021bionalitatea \u0219i durabilitatea, contribuind la crearea unei atmosfere moderne \u0219i confortabile \u00een locuin\u021ba sau spa\u021biul dumneavoastr\u0103 comercial.<\/span><\/p>","protected":false},"excerpt":{"rendered":"<p>Colec\u021bie de teracot\u0103 baie, buc\u0103t\u0103rie, sufragerie de la <b>Anka Seramik, <\/b>Turcia<\/p>\n","protected":false},"featured_media":21810,"template":"","meta":[],"product_cat":[287,723,724],"product_tag":[],"_links":{"self":[{"href":"https:\/\/ceramic.md\/ro\/wp-json\/wp\/v2\/product\/21808"}],"collection":[{"href":"https:\/\/ceramic.md\/ro\/wp-json\/wp\/v2\/product"}],"about":[{"href":"https:\/\/ceramic.md\/ro\/wp-json\/wp\/v2\/types\/product"}],"wp:featuredmedia":[{"embeddable":true,"href":"https:\/\/ceramic.md\/ro\/wp-json\/wp\/v2\/media\/21810"}],"wp:attachment":[{"href":"https:\/\/ceramic.md\/ro\/wp-json\/wp\/v2\/media?parent=21808"}],"wp:term":[{"taxonomy":"product_cat","embeddable":true,"href":"https:\/\/ceramic.md\/ro\/wp-json\/wp\/v2\/product_cat?post=21808"},{"taxonomy":"product_tag","embeddable":true,"href":"https:\/\/ceramic.md\/ro\/wp-json\/wp\/v2\/product_tag?post=21808"}],"curies":[{"name":"wp","href":"https:\/\/api.w.org\/{rel}","templated":true}]}}