{"id":21851,"date":"2025-06-05T15:55:41","date_gmt":"2025-06-05T12:55:41","guid":{"rendered":"https:\/\/ceramic.md\/?post_type=product&#038;p=21851"},"modified":"2025-06-05T16:02:35","modified_gmt":"2025-06-05T13:02:35","slug":"colectie-trial","status":"publish","type":"product","link":"https:\/\/ceramic.md\/ro\/product\/colectie-trial\/","title":{"rendered":"Colec\u021bie Trial"},"content":{"rendered":"<div class=\"container section-title-container\" ><h3 class=\"section-title section-title-bold-center\"><b><\/b><span class=\"section-title-main\" style=\"color:rgb(0, 0, 0);\">Compozi\u021bia colec\u021biei de teracot\u0103<\/span><b><\/b><\/h3><\/div>\n\n<p style=\"text-align: center;\"><div class=\"woocommerce columns-3 \"><span class=\"wpfHidden\" data-shortcode-attribute=\"{&quot;limit&quot;:&quot;12&quot;,&quot;columns&quot;:&quot;3&quot;,&quot;rows&quot;:&quot;&quot;,&quot;orderby&quot;:&quot;date&quot;,&quot;order&quot;:&quot;&quot;,&quot;ids&quot;:&quot;21852,21855,21856,21859&quot;,&quot;skus&quot;:&quot;&quot;,&quot;category&quot;:&quot;&quot;,&quot;cat_operator&quot;:&quot;IN&quot;,&quot;attribute&quot;:&quot;&quot;,&quot;terms&quot;:&quot;&quot;,&quot;terms_operator&quot;:&quot;IN&quot;,&quot;tag&quot;:&quot;&quot;,&quot;tag_operator&quot;:&quot;IN&quot;,&quot;visibility&quot;:&quot;visible&quot;,&quot;class&quot;:&quot;&quot;,&quot;page&quot;:1,&quot;paginate&quot;:false,&quot;cache&quot;:false}\"><\/span><div class=\"products row row-small large-columns-3 medium-columns-3 small-columns-2 has-shadow row-box-shadow-2 row-box-shadow-3-hover\">\n<div class=\"product-small col has-hover product type-product post-21859 status-publish first instock product_cat-gresie product_cat-teracota product_cat-terasa has-post-thumbnail sale shipping-taxable product-type-simple\">\n\t<div class=\"col-inner\">\n\t\n<div class=\"badge-container absolute left top z-1\">\n\t\t<div class=\"callout badge badge-square\"><div class=\"badge-inner secondary on-sale\"><span class=\"onsale\">-13%<\/span><\/div><\/div>\n<\/div>\n\t<div class=\"product-small box \">\n\t\t<div class=\"box-image\">\n\t\t\t<div class=\"image-zoom\">\n\t\t\t\t<a href=\"https:\/\/ceramic.md\/ro\/product\/48x48-trial-grey\/\" aria-label=\"48x48cm Trial Grey\">\n\t\t\t\t\t<img width=\"300\" height=\"300\" src=\"https:\/\/ceramic.md\/wp-content\/uploads\/2025\/06\/ceramic.md-48x48-trial-grey-300x300.jpg\" class=\"attachment-woocommerce_thumbnail size-woocommerce_thumbnail\" alt=\"Ceramic.md 48x48 Trial Grey\" srcset=\"https:\/\/ceramic.md\/wp-content\/uploads\/2025\/06\/ceramic.md-48x48-trial-grey-300x300.jpg 300w, https:\/\/ceramic.md\/wp-content\/uploads\/2025\/06\/ceramic.md-48x48-trial-grey-400x400.jpg 400w, https:\/\/ceramic.md\/wp-content\/uploads\/2025\/06\/ceramic.md-48x48-trial-grey-800x800.jpg 800w, https:\/\/ceramic.md\/wp-content\/uploads\/2025\/06\/ceramic.md-48x48-trial-grey-768x768.jpg 768w, https:\/\/ceramic.md\/wp-content\/uploads\/2025\/06\/ceramic.md-48x48-trial-grey-1536x1536.jpg 1536w, https:\/\/ceramic.md\/wp-content\/uploads\/2025\/06\/ceramic.md-48x48-trial-grey-600x600.jpg 600w, https:\/\/ceramic.md\/wp-content\/uploads\/2025\/06\/ceramic.md-48x48-trial-grey-100x100.jpg 100w, https:\/\/ceramic.md\/wp-content\/uploads\/2025\/06\/ceramic.md-48x48-trial-grey.jpg 1920w\" sizes=\"(max-width: 300px) 100vw, 300px\" \/>\t\t\t\t<\/a>\n\t\t\t<\/div>\n\t\t\t<div class=\"image-tools is-small top right show-on-hover\">\n\t\t\t\t\t\t\t<\/div>\n\t\t\t<div class=\"image-tools is-small hide-for-small bottom left show-on-hover\">\n\t\t\t\t\t\t\t<\/div>\n\t\t\t<div class=\"image-tools grid-tools text-center hide-for-small bottom hover-slide-in show-on-hover\">\n\t\t\t\t\t\t\t<\/div>\n\t\t\t\t\t<\/div>\n\n\t\t<div class=\"box-text box-text-products text-center grid-style-2\">\n\t\t\tGresie por\u021belanat\u0103<div class=\"title-wrapper\"><p itemprop=\"name\" class=\"product_title entry-title\">Turcia<\/p><\/div><div class=\"price-wrapper\"><\/div>\t\t<\/div>\n\t<\/div>\n\t\t<\/div>\n<\/div>\n<div class=\"product-small col has-hover product type-product post-21856 status-publish instock product_cat-gresie product_cat-teracota product_cat-terasa has-post-thumbnail sale shipping-taxable product-type-simple\">\n\t<div class=\"col-inner\">\n\t\n<div class=\"badge-container absolute left top z-1\">\n\t\t<div class=\"callout badge badge-square\"><div class=\"badge-inner secondary on-sale\"><span class=\"onsale\">-13%<\/span><\/div><\/div>\n<\/div>\n\t<div class=\"product-small box \">\n\t\t<div class=\"box-image\">\n\t\t\t<div class=\"image-zoom\">\n\t\t\t\t<a href=\"https:\/\/ceramic.md\/ro\/product\/48x48-trial-bej\/\" aria-label=\"48x48cm Trial Bej\">\n\t\t\t\t\t<img width=\"300\" height=\"300\" src=\"https:\/\/ceramic.md\/wp-content\/uploads\/2025\/06\/ceramic.md-48x48-trial-beige-300x300.jpg\" class=\"attachment-woocommerce_thumbnail size-woocommerce_thumbnail\" alt=\"Ceramic.md 48x48 Trial Beige\" srcset=\"https:\/\/ceramic.md\/wp-content\/uploads\/2025\/06\/ceramic.md-48x48-trial-beige-300x300.jpg 300w, https:\/\/ceramic.md\/wp-content\/uploads\/2025\/06\/ceramic.md-48x48-trial-beige-400x400.jpg 400w, https:\/\/ceramic.md\/wp-content\/uploads\/2025\/06\/ceramic.md-48x48-trial-beige-800x800.jpg 800w, https:\/\/ceramic.md\/wp-content\/uploads\/2025\/06\/ceramic.md-48x48-trial-beige-768x768.jpg 768w, https:\/\/ceramic.md\/wp-content\/uploads\/2025\/06\/ceramic.md-48x48-trial-beige-1536x1536.jpg 1536w, https:\/\/ceramic.md\/wp-content\/uploads\/2025\/06\/ceramic.md-48x48-trial-beige-600x600.jpg 600w, https:\/\/ceramic.md\/wp-content\/uploads\/2025\/06\/ceramic.md-48x48-trial-beige-100x100.jpg 100w, https:\/\/ceramic.md\/wp-content\/uploads\/2025\/06\/ceramic.md-48x48-trial-beige.jpg 1920w\" sizes=\"(max-width: 300px) 100vw, 300px\" \/>\t\t\t\t<\/a>\n\t\t\t<\/div>\n\t\t\t<div class=\"image-tools is-small top right show-on-hover\">\n\t\t\t\t\t\t\t<\/div>\n\t\t\t<div class=\"image-tools is-small hide-for-small bottom left show-on-hover\">\n\t\t\t\t\t\t\t<\/div>\n\t\t\t<div class=\"image-tools grid-tools text-center hide-for-small bottom hover-slide-in show-on-hover\">\n\t\t\t\t\t\t\t<\/div>\n\t\t\t\t\t<\/div>\n\n\t\t<div class=\"box-text box-text-products text-center grid-style-2\">\n\t\t\tGresie por\u021belanat\u0103<div class=\"title-wrapper\"><p itemprop=\"name\" class=\"product_title entry-title\">Turcia<\/p><\/div><div class=\"price-wrapper\"><\/div>\t\t<\/div>\n\t<\/div>\n\t\t<\/div>\n<\/div>\n<div class=\"product-small col has-hover product type-product post-21855 status-publish last instock product_cat-faianta product_cat-teracota has-post-thumbnail shipping-taxable product-type-simple\">\n\t<div class=\"col-inner\">\n\t\n<div class=\"badge-container absolute left top z-1\">\n<\/div>\n\t<div class=\"product-small box \">\n\t\t<div class=\"box-image\">\n\t\t\t<div class=\"image-zoom\">\n\t\t\t\t<a href=\"https:\/\/ceramic.md\/ro\/product\/30x60-trial-light-grey\/\" aria-label=\"30x60cm Trial Light Grey\">\n\t\t\t\t\t<img width=\"300\" height=\"150\" src=\"https:\/\/ceramic.md\/wp-content\/uploads\/2025\/06\/ceramic.md-30x60-trial-light-grey-300x150.jpg\" class=\"attachment-woocommerce_thumbnail size-woocommerce_thumbnail\" alt=\"Ceramic.md 30x60 Trial Light Grey\" srcset=\"https:\/\/ceramic.md\/wp-content\/uploads\/2025\/06\/ceramic.md-30x60-trial-light-grey-300x150.jpg 300w, https:\/\/ceramic.md\/wp-content\/uploads\/2025\/06\/ceramic.md-30x60-trial-light-grey-800x400.jpg 800w, https:\/\/ceramic.md\/wp-content\/uploads\/2025\/06\/ceramic.md-30x60-trial-light-grey-1400x700.jpg 1400w, https:\/\/ceramic.md\/wp-content\/uploads\/2025\/06\/ceramic.md-30x60-trial-light-grey-400x200.jpg 400w, https:\/\/ceramic.md\/wp-content\/uploads\/2025\/06\/ceramic.md-30x60-trial-light-grey-768x384.jpg 768w, https:\/\/ceramic.md\/wp-content\/uploads\/2025\/06\/ceramic.md-30x60-trial-light-grey-1536x768.jpg 1536w, https:\/\/ceramic.md\/wp-content\/uploads\/2025\/06\/ceramic.md-30x60-trial-light-grey-600x300.jpg 600w, https:\/\/ceramic.md\/wp-content\/uploads\/2025\/06\/ceramic.md-30x60-trial-light-grey.jpg 1920w\" sizes=\"(max-width: 300px) 100vw, 300px\" \/>\t\t\t\t<\/a>\n\t\t\t<\/div>\n\t\t\t<div class=\"image-tools is-small top right show-on-hover\">\n\t\t\t\t\t\t\t<\/div>\n\t\t\t<div class=\"image-tools is-small hide-for-small bottom left show-on-hover\">\n\t\t\t\t\t\t\t<\/div>\n\t\t\t<div class=\"image-tools grid-tools text-center hide-for-small bottom hover-slide-in show-on-hover\">\n\t\t\t\t\t\t\t<\/div>\n\t\t\t\t\t<\/div>\n\n\t\t<div class=\"box-text box-text-products text-center grid-style-2\">\n\t\t\tFaian\u021b\u0103<div class=\"title-wrapper\"><p itemprop=\"name\" class=\"product_title entry-title\">Turcia<\/p><\/div><div class=\"price-wrapper\"><\/div>\t\t<\/div>\n\t<\/div>\n\t\t<\/div>\n<\/div>\n<div class=\"product-small col has-hover product type-product post-21852 status-publish first instock product_cat-faianta product_cat-teracota has-post-thumbnail shipping-taxable product-type-simple\">\n\t<div class=\"col-inner\">\n\t\n<div class=\"badge-container absolute left top z-1\">\n<\/div>\n\t<div class=\"product-small box \">\n\t\t<div class=\"box-image\">\n\t\t\t<div class=\"image-zoom\">\n\t\t\t\t<a href=\"https:\/\/ceramic.md\/ro\/product\/30x60-trial-light-bej\/\" aria-label=\"30x60cm Trial Light Bej\">\n\t\t\t\t\t<img width=\"300\" height=\"150\" src=\"https:\/\/ceramic.md\/wp-content\/uploads\/2025\/06\/ceramic.md-30x60-trial-light-beige-300x150.jpg\" class=\"attachment-woocommerce_thumbnail size-woocommerce_thumbnail\" alt=\"Ceramic.md 30x60 Trial Light Beige\" srcset=\"https:\/\/ceramic.md\/wp-content\/uploads\/2025\/06\/ceramic.md-30x60-trial-light-beige-300x150.jpg 300w, https:\/\/ceramic.md\/wp-content\/uploads\/2025\/06\/ceramic.md-30x60-trial-light-beige-800x400.jpg 800w, https:\/\/ceramic.md\/wp-content\/uploads\/2025\/06\/ceramic.md-30x60-trial-light-beige-1400x700.jpg 1400w, https:\/\/ceramic.md\/wp-content\/uploads\/2025\/06\/ceramic.md-30x60-trial-light-beige-400x200.jpg 400w, https:\/\/ceramic.md\/wp-content\/uploads\/2025\/06\/ceramic.md-30x60-trial-light-beige-768x384.jpg 768w, https:\/\/ceramic.md\/wp-content\/uploads\/2025\/06\/ceramic.md-30x60-trial-light-beige-1536x768.jpg 1536w, https:\/\/ceramic.md\/wp-content\/uploads\/2025\/06\/ceramic.md-30x60-trial-light-beige-600x300.jpg 600w, https:\/\/ceramic.md\/wp-content\/uploads\/2025\/06\/ceramic.md-30x60-trial-light-beige.jpg 1920w\" sizes=\"(max-width: 300px) 100vw, 300px\" \/>\t\t\t\t<\/a>\n\t\t\t<\/div>\n\t\t\t<div class=\"image-tools is-small top right show-on-hover\">\n\t\t\t\t\t\t\t<\/div>\n\t\t\t<div class=\"image-tools is-small hide-for-small bottom left show-on-hover\">\n\t\t\t\t\t\t\t<\/div>\n\t\t\t<div class=\"image-tools grid-tools text-center hide-for-small bottom hover-slide-in show-on-hover\">\n\t\t\t\t\t\t\t<\/div>\n\t\t\t\t\t<\/div>\n\n\t\t<div class=\"box-text box-text-products text-center grid-style-2\">\n\t\t\tFaian\u021b\u0103<div class=\"title-wrapper\"><p itemprop=\"name\" class=\"product_title entry-title\">Turcia<\/p><\/div><div class=\"price-wrapper\"><\/div>\t\t<\/div>\n\t<\/div>\n\t\t<\/div>\n<\/div>\n<\/div><!-- row --><\/div>\n<h4>\u041a\u043e\u043b\u043b\u0435\u043a\u0446\u0438\u044f \u043a\u0435\u0440\u0430\u043c\u0438\u0447\u0435\u0441\u043a\u043e\u0439 \u043f\u043b\u0438\u0442\u043a\u0438 Trial \u043e\u0442 \u0442\u0443\u0440\u0435\u0446\u043a\u043e\u0433\u043e \u0437\u0430\u0432\u043e\u0434\u0430 <a href=\"https:\/\/www.altincini.com.tr\/\" target=\"_blank\" rel=\"noopener\">Altin Cini Seramik<\/a> \u0434\u043b\u044f \u043e\u0442\u0434\u0435\u043b\u043a\u0438 \u0441\u0442\u0435\u043d \u0432 \u043f\u043e\u043c\u0435\u0449\u0435\u043d\u0438\u044f\u0445.<\/h4>\n<p>\u0423 <a href=\"https:\/\/ceramic.md\/ru\/product-category\/teracota\/?filter_producator=turcia\">\u0442\u0443\u0440\u0435\u0446\u043a\u043e\u0439 \u043f\u043b\u0438\u0442\u043a\u0438<\/a> \u0435\u0441\u0442\u044c \u043d\u0435\u0441\u043a\u043e\u043b\u044c\u043a\u043e \u043d\u0435\u043e\u0441\u043f\u043e\u0440\u0438\u043c\u044b\u0445 \u043f\u0440\u0435\u0438\u043c\u0443\u0449\u0435\u0441\u0442\u0432 &#8211; \u043e\u043d\u0430 \u043d\u0435 \u043e\u0442\u0441\u0442\u0430\u0451\u0442 \u043f\u043e \u043a\u0430\u0447\u0435\u0441\u0442\u0432\u0443 \u043e\u0442 \u0438\u0441\u043f\u0430\u043d\u0441\u043a\u043e\u0439 \u0438\u043b\u0438 \u0438\u0442\u0430\u043b\u044c\u044f\u043d\u0441\u043a\u043e\u0439, \u0430 \u043f\u043e \u0446\u0435\u043d\u0435 \u0433\u043e\u0440\u0430\u0437\u0434\u043e \u043f\u0440\u0438\u044f\u0442\u043d\u0435\u0435. \u0422\u0443\u0440\u0435\u0446\u043a\u0438\u0435 \u0437\u0430\u0432\u043e\u0434\u044b \u043a\u0435\u0440\u0430\u043c\u0438\u0447\u0435\u0441\u043a\u043e\u0439 \u043f\u043b\u0438\u0442\u043a\u0438 \u0438\u0434\u0443\u0442 \u0432 \u043d\u043e\u0433\u0443 \u0441\u043e \u0432\u0440\u0435\u043c\u0435\u043d\u0435\u043c \u0438 \u043d\u0435 \u043f\u0435\u0440\u0435\u0441\u0442\u0430\u044e\u0442 \u0443\u0434\u0438\u0432\u043b\u044f\u0442\u044c \u043f\u043e\u0442\u0440\u0435\u0431\u0438\u0442\u0435\u043b\u0435\u0439 \u043d\u043e\u0432\u044b\u043c\u0438 \u043a\u043e\u043b\u043b\u0435\u043a\u0446\u0438\u044f\u043c\u0438, \u043f\u043e\u043c\u043e\u0433\u0430\u044f \u0437\u0430\u0434\u0430\u0442\u044c \u043d\u043e\u0432\u044b\u0435 \u0432\u0435\u044f\u043d\u0438\u044f \u0432 \u0442\u0440\u0435\u043d\u0434\u0430\u0445 \u0441\u0435\u0437\u043e\u043d\u0430. \u0418\u0445 \u043a\u043e\u043b\u043b\u0435\u043a\u0446\u0438\u0438 \u0434\u043e\u043b\u0433\u0438\u0435 \u0433\u043e\u0434\u044b \u043f\u043e\u043b\u044c\u0437\u0443\u044e\u0442\u0441\u044f \u0431\u043e\u043b\u044c\u0448\u043e\u0439 \u043f\u043e\u043f\u0443\u043b\u044f\u0440\u043d\u043e\u0441\u0442\u044c\u044e \u043d\u0430 \u0442\u0435\u0440\u0440\u0438\u0442\u043e\u0440\u0438\u0438 \u0441\u0442\u0440\u0430\u043d \u0415\u0432\u0440\u043e\u043f\u044b.<\/p>\n<p>\u0423\u0448\u043b\u0438 \u0432\u0440\u0435\u043c\u0435\u043d\u0438, \u043a\u043e\u0433\u0434\u0430 \u0441\u043b\u0435\u0434\u043e\u0432\u0430\u043b\u043e \u0432\u044b\u0431\u0438\u0440\u0430\u0442\u044c &#8211; \u043a\u0430\u0447\u0435\u0441\u0442\u0432\u043e \u0438\u043b\u0438 \u0431\u044e\u0434\u0436\u0435\u0442. \u0422\u0443\u0440\u0435\u0446\u043a\u0438\u0435 \u0444\u0430\u0431\u0440\u0438\u043a\u0438 \u043f\u0440\u0435\u0434\u043e\u0441\u0442\u0430\u0432\u044f\u0442 \u0432\u0430\u043c \u0438 \u0442\u043e, \u0438 \u0434\u0440\u0443\u0433\u043e\u0435 \u043e\u0434\u043d\u043e\u0432\u0440\u0435\u043c\u0435\u043d\u043d\u043e, \u0434\u043e\u043f\u043e\u043b\u043d\u0438\u0432 \u044d\u0442\u043e \u0435\u0449\u0451 \u0438 \u0441\u0442\u0438\u043b\u0435\u043c \u0438 \u0443\u043d\u0438\u043a\u0430\u043b\u044c\u043d\u044b\u043c \u0432\u0438\u0434\u043e\u043c.<\/p>\n<p><a href=\"https:\/\/ceramic.md\/wp-content\/uploads\/2025\/06\/altin-cini-seramik-logo.png\"><img class=\"wp-image-21841 aligncenter\" src=\"https:\/\/ceramic.md\/wp-content\/uploads\/2025\/06\/altin-cini-seramik-logo-800x160.png\" alt=\"altin-cini-seramik logo\" width=\"345\" height=\"69\" srcset=\"https:\/\/ceramic.md\/wp-content\/uploads\/2025\/06\/altin-cini-seramik-logo-800x160.png 800w, https:\/\/ceramic.md\/wp-content\/uploads\/2025\/06\/altin-cini-seramik-logo-400x80.png 400w, https:\/\/ceramic.md\/wp-content\/uploads\/2025\/06\/altin-cini-seramik-logo-768x154.png 768w, https:\/\/ceramic.md\/wp-content\/uploads\/2025\/06\/altin-cini-seramik-logo-300x60.png 300w, https:\/\/ceramic.md\/wp-content\/uploads\/2025\/06\/altin-cini-seramik-logo-600x120.png 600w, https:\/\/ceramic.md\/wp-content\/uploads\/2025\/06\/altin-cini-seramik-logo.png 1169w\" sizes=\"(max-width: 345px) 100vw, 345px\" \/><\/a><\/p>\n<p data-start=\"547\" data-end=\"625\"><span class=\"relative -mx-px my-[-0.2rem] rounded px-px py-[0.2rem] transition-colors duration-100 ease-in-out\">\u041a\u043e\u043b\u043b\u0435\u043a\u0446\u0438\u044f <strong data-start=\"10\" data-end=\"19\">Trial<\/strong> \u043e\u0442 \u0442\u0443\u0440\u0435\u0446\u043a\u043e\u0433\u043e \u043f\u0440\u043e\u0438\u0437\u0432\u043e\u0434\u0438\u0442\u0435\u043b\u044f <strong data-start=\"47\" data-end=\"69\">Alt\u0131n \u00c7ini Seramik<\/strong> \u2014 \u044d\u0442\u043e \u0441\u043e\u0432\u0440\u0435\u043c\u0435\u043d\u043d\u0430\u044f \u0441\u0435\u0440\u0438\u044f \u043a\u0435\u0440\u0430\u043c\u0438\u0447\u0435\u0441\u043a\u043e\u0439 \u043f\u043b\u0438\u0442\u043a\u0438, \u0441\u043e\u0447\u0435\u0442\u0430\u044e\u0449\u0430\u044f \u0432 \u0441\u0435\u0431\u0435 \u044d\u043b\u0435\u0433\u0430\u043d\u0442\u043d\u043e\u0441\u0442\u044c \u0438 \u0444\u0443\u043d\u043a\u0446\u0438\u043e\u043d\u0430\u043b\u044c\u043d\u043e\u0441\u0442\u044c.<\/span> <span class=\"relative -mx-px my-[-0.2rem] rounded px-px py-[0.2rem] transition-colors duration-100 ease-in-out\">\u0412\u0434\u043e\u0445\u043d\u043e\u0432\u043b\u0451\u043d\u043d\u0430\u044f \u0442\u0435\u043a\u0441\u0442\u0443\u0440\u0430\u043c\u0438 \u043d\u0430\u0442\u0443\u0440\u0430\u043b\u044c\u043d\u044b\u0445 \u043c\u0430\u0442\u0435\u0440\u0438\u0430\u043b\u043e\u0432, \u044d\u0442\u0430 \u043a\u043e\u043b\u043b\u0435\u043a\u0446\u0438\u044f \u043f\u0440\u0435\u0434\u043b\u0430\u0433\u0430\u0435\u0442 \u0443\u043d\u0438\u0432\u0435\u0440\u0441\u0430\u043b\u044c\u043d\u044b\u0435 \u0440\u0435\u0448\u0435\u043d\u0438\u044f \u0434\u043b\u044f \u043e\u0444\u043e\u0440\u043c\u043b\u0435\u043d\u0438\u044f \u0432\u0430\u043d\u043d\u044b\u0445 \u043a\u043e\u043c\u043d\u0430\u0442, \u043a\u0443\u0445\u043e\u043d\u044c, \u0433\u043e\u0441\u0442\u0438\u043d\u044b\u0445 \u0438 \u043a\u043e\u043c\u043c\u0435\u0440\u0447\u0435\u0441\u043a\u0438\u0445 \u043f\u0440\u043e\u0441\u0442\u0440\u0430\u043d\u0441\u0442\u0432.<\/span><\/p>\n<p data-start=\"427\" data-end=\"545\"><span class=\"relative -mx-px my-[-0.2rem] rounded px-px py-[0.2rem] transition-colors duration-100 ease-in-out\">\u041f\u043b\u0438\u0442\u043a\u0430 \u0438\u0437 \u043a\u043e\u043b\u043b\u0435\u043a\u0446\u0438\u0438 Trial \u043e\u0442\u043b\u0438\u0447\u0430\u0435\u0442\u0441\u044f \u0432\u044b\u0441\u043e\u043a\u043e\u0439 \u0438\u0437\u043d\u043e\u0441\u043e\u0441\u0442\u043e\u0439\u043a\u043e\u0441\u0442\u044c\u044e \u0438 \u0432\u043b\u0430\u0433\u043e\u0441\u0442\u043e\u0439\u043a\u043e\u0441\u0442\u044c\u044e, \u0447\u0442\u043e \u0434\u0435\u043b\u0430\u0435\u0442 \u0435\u0451 \u0438\u0434\u0435\u0430\u043b\u044c\u043d\u044b\u043c \u0432\u044b\u0431\u043e\u0440\u043e\u043c \u0434\u043b\u044f \u043f\u043e\u043c\u0435\u0449\u0435\u043d\u0438\u0439 \u0441 \u043f\u043e\u0432\u044b\u0448\u0435\u043d\u043d\u043e\u0439 \u0432\u043b\u0430\u0436\u043d\u043e\u0441\u0442\u044c\u044e \u0438 \u0432\u044b\u0441\u043e\u043a\u043e\u0439 \u043f\u0440\u043e\u0445\u043e\u0434\u0438\u043c\u043e\u0441\u0442\u044c\u044e.<\/span> <span class=\"relative -mx-px my-[-0.2rem] rounded px-px py-[0.2rem] transition-colors duration-100 ease-in-out\">\u0413\u043b\u044f\u043d\u0446\u0435\u0432\u0430\u044f \u043f\u043e\u0432\u0435\u0440\u0445\u043d\u043e\u0441\u0442\u044c \u043e\u0442\u0440\u0430\u0436\u0430\u0435\u0442 \u0441\u0432\u0435\u0442, \u0432\u0438\u0437\u0443\u0430\u043b\u044c\u043d\u043e \u0440\u0430\u0441\u0448\u0438\u0440\u044f\u044f \u043f\u0440\u043e\u0441\u0442\u0440\u0430\u043d\u0441\u0442\u0432\u043e \u0438 \u043f\u0440\u0438\u0434\u0430\u0432\u0430\u044f \u0435\u043c\u0443 \u0441\u0432\u0435\u0436\u0435\u0441\u0442\u044c.<\/span><\/p>\n<p data-start=\"547\" data-end=\"625\"><span class=\"relative -mx-px my-[-0.2rem] rounded px-px py-[0.2rem] transition-colors duration-100 ease-in-out\">\u0412\u044b\u0431\u0438\u0440\u0430\u044f \u043a\u043e\u043b\u043b\u0435\u043a\u0446\u0438\u044e <strong data-start=\"18\" data-end=\"27\">Trial<\/strong> \u043e\u0442 Alt\u0131n \u00c7ini Seramik, \u0432\u044b \u043f\u043e\u043b\u0443\u0447\u0430\u0435\u0442\u0435 \u043a\u0430\u0447\u0435\u0441\u0442\u0432\u0435\u043d\u043d\u043e\u0435 \u043f\u043e\u043a\u0440\u044b\u0442\u0438\u0435, \u043a\u043e\u0442\u043e\u0440\u043e\u0435 \u043e\u0431\u044a\u0435\u0434\u0438\u043d\u044f\u0435\u0442 \u0432 \u0441\u0435\u0431\u0435 \u0441\u0442\u0438\u043b\u044c, \u043f\u0440\u0430\u043a\u0442\u0438\u0447\u043d\u043e\u0441\u0442\u044c \u0438 \u0434\u043e\u043b\u0433\u043e\u0432\u0435\u0447\u043d\u043e\u0441\u0442\u044c, \u0441\u043e\u0437\u0434\u0430\u0432\u0430\u044f \u0443\u044e\u0442\u043d\u0443\u044e \u0438 \u0441\u043e\u0432\u0440\u0435\u043c\u0435\u043d\u043d\u0443\u044e \u0430\u0442\u043c\u043e\u0441\u0444\u0435\u0440\u0443 \u0432 \u0432\u0430\u0448\u0435\u043c \u0434\u043e\u043c\u0435 \u0438\u043b\u0438 \u043e\u0444\u0438\u0441\u0435.<\/span><\/p>\n<p data-start=\"541\" data-end=\"619\">\n<h4>\u0421olec\u021bie de teracot\u0103 din ceramica Trial de la fabrica turceasc\u0103 <a href=\"https:\/\/www.altincini.com.tr\/\" target=\"_blank\" rel=\"noopener\">Altin Cini Seramik<\/a>\u00a0pentru decorarea pere\u021bilor \u00een interior.<\/h4>\n<p><a href=\"https:\/\/ceramic.md\/ro\/product-category\/teracota\/?filter_producator=turcia\">Teracota din Turcia<\/a> are mai multe avantaje incontestabile &#8211; nu r\u0103m\u00e2n \u00een urm\u0103 de spaniol\u0103 sau italian\u0103 \u00een calitate \u0219i sunt mult mai pl\u0103cute la pre\u021b. Fabricile turce\u0219ti de ceramica \u021bin pasul cu vremurile \u0219i nu \u00eenceteaz\u0103 niciodat\u0103 s\u0103 uimeasc\u0103 consumatorii cu noi colec\u021bii, contribuind la stabilirea unor noi tendin\u021be \u00een tendin\u021bele sezonului. Colec\u021biile lor sunt foarte populare \u00een Europa de mul\u021bi ani.<\/p>\n<p>Au trecut vremurile c\u00e2nd trebuia s\u0103 alegi &#8211; calitate sau buget. Fabricile din Turcia v\u0103 vor oferi ambele \u00een acela\u0219i timp, complet\u00e2nd acest lucru cu stil \u0219i un aspect unic.<\/p>\n<p><a href=\"https:\/\/ceramic.md\/wp-content\/uploads\/2025\/06\/altin-cini-seramik-logo.png\"><img class=\"wp-image-21841 aligncenter\" src=\"https:\/\/ceramic.md\/wp-content\/uploads\/2025\/06\/altin-cini-seramik-logo-800x160.png\" alt=\"altin-cini-seramik logo\" width=\"345\" height=\"69\" srcset=\"https:\/\/ceramic.md\/wp-content\/uploads\/2025\/06\/altin-cini-seramik-logo-800x160.png 800w, https:\/\/ceramic.md\/wp-content\/uploads\/2025\/06\/altin-cini-seramik-logo-400x80.png 400w, https:\/\/ceramic.md\/wp-content\/uploads\/2025\/06\/altin-cini-seramik-logo-768x154.png 768w, https:\/\/ceramic.md\/wp-content\/uploads\/2025\/06\/altin-cini-seramik-logo-300x60.png 300w, https:\/\/ceramic.md\/wp-content\/uploads\/2025\/06\/altin-cini-seramik-logo-600x120.png 600w, https:\/\/ceramic.md\/wp-content\/uploads\/2025\/06\/altin-cini-seramik-logo.png 1169w\" sizes=\"(max-width: 345px) 100vw, 345px\" \/><\/a><\/p>\n<p data-start=\"1198\" data-end=\"1276\"><span class=\"relative -mx-px my-[-0.2rem] rounded px-px py-[0.2rem] transition-colors duration-100 ease-in-out\">Colec\u021bia <strong data-start=\"9\" data-end=\"18\">Trial<\/strong> de la produc\u0103torul turc <strong data-start=\"43\" data-end=\"65\">Alt\u0131n \u00c7ini Seramik<\/strong> reprezint\u0103 o serie modern\u0103 de pl\u0103ci ceramice care \u00eembin\u0103 elegan\u021ba cu func\u021bionalitatea.<\/span> <span class=\"relative -mx-px my-[-0.2rem] rounded px-px py-[0.2rem] transition-colors duration-100 ease-in-out\">Inspirat\u0103 de texturile materialelor naturale, aceast\u0103 colec\u021bie ofer\u0103 solu\u021bii versatile pentru amenajarea b\u0103ilor, buc\u0103t\u0103riilor, livingurilor \u0219i spa\u021biilor comerciale.<\/span><\/p>\n<p data-start=\"1065\" data-end=\"1183\"><span class=\"relative -mx-px my-[-0.2rem] rounded px-px py-[0.2rem] transition-colors duration-100 ease-in-out\">Pl\u0103cile din colec\u021bia Trial se remarc\u0103 prin rezisten\u021ba ridicat\u0103 la uzur\u0103 \u0219i umiditate, fiind o alegere ideal\u0103 pentru \u00eenc\u0103peri cu umiditate crescut\u0103 \u0219i trafic intens.<\/span> <span class=\"relative -mx-px my-[-0.2rem] rounded px-px py-[0.2rem] transition-colors duration-100 ease-in-out\">Suprafa\u021ba lucioas\u0103 reflect\u0103 lumina, extinz\u00e2nd vizual spa\u021biul \u0219i conferindu-i prospe\u021bime.<\/span><\/p>\n<p data-start=\"1185\" data-end=\"1263\"><span class=\"relative -mx-px my-[-0.2rem] rounded px-px py-[0.2rem] transition-colors duration-100 ease-in-out\">Aleg\u00e2nd colec\u021bia <strong data-start=\"17\" data-end=\"26\">Trial<\/strong> de la Alt\u0131n \u00c7ini Seramik, beneficia\u021bi de un finisaj de calitate superioar\u0103, care \u00eembin\u0103 stilul, func\u021bionalitatea \u0219i durabilitatea, contribuind la crearea unei atmosfere moderne \u0219i confortabile \u00een locuin\u021ba sau spa\u021biul dumneavoastr\u0103 comercial.<\/span><\/p>","protected":false},"excerpt":{"rendered":"<p>Colec\u021bie de teracot\u0103 baie, buc\u0103t\u0103rie, sufragerie de la <b>Altin Cini Seramik, <\/b>Turcia<\/p>\n","protected":false},"featured_media":21853,"template":"","meta":[],"product_cat":[287,723,724],"product_tag":[],"_links":{"self":[{"href":"https:\/\/ceramic.md\/ro\/wp-json\/wp\/v2\/product\/21851"}],"collection":[{"href":"https:\/\/ceramic.md\/ro\/wp-json\/wp\/v2\/product"}],"about":[{"href":"https:\/\/ceramic.md\/ro\/wp-json\/wp\/v2\/types\/product"}],"wp:featuredmedia":[{"embeddable":true,"href":"https:\/\/ceramic.md\/ro\/wp-json\/wp\/v2\/media\/21853"}],"wp:attachment":[{"href":"https:\/\/ceramic.md\/ro\/wp-json\/wp\/v2\/media?parent=21851"}],"wp:term":[{"taxonomy":"product_cat","embeddable":true,"href":"https:\/\/ceramic.md\/ro\/wp-json\/wp\/v2\/product_cat?post=21851"},{"taxonomy":"product_tag","embeddable":true,"href":"https:\/\/ceramic.md\/ro\/wp-json\/wp\/v2\/product_tag?post=21851"}],"curies":[{"name":"wp","href":"https:\/\/api.w.org\/{rel}","templated":true}]}}