{"id":22092,"date":"2025-06-09T15:26:45","date_gmt":"2025-06-09T12:26:45","guid":{"rendered":"https:\/\/ceramic.md\/?post_type=product&#038;p=22092"},"modified":"2025-06-09T15:28:21","modified_gmt":"2025-06-09T12:28:21","slug":"camsan-gloria-flores-6006-12mm","status":"publish","type":"product","link":"https:\/\/ceramic.md\/ro\/product\/camsan-gloria-flores-6006-12mm\/","title":{"rendered":"Camsan Gloria Flores 6006 12mm"},"content":{"rendered":"<h2><span style=\"font-size: 75%;\">Laminat pentru podea Camsan Gloria Flores 6006 12mm<\/span><\/h2>\n<p data-start=\"741\" data-end=\"983\"><span class=\"relative -mx-px my-[-0.2rem] rounded px-px py-[0.2rem] transition-colors duration-100 ease-in-out\">Colec\u021bia <strong data-start=\"9\" data-end=\"26\">Camsan\u202fGloria<\/strong> pune \u00een valoare elegan\u021ba designului \u0219i rezisten\u021ba sporit\u0103. Fabricat\u0103 \u00een Turcia la uzina Camsan, cu pl\u0103ci HDF de \u00eenalt\u0103 densitate certificate CE \u0219i FSC<\/span>. <span class=\"relative -mx-px my-[-0.2rem] rounded px-px py-[0.2rem] transition-colors duration-100 ease-in-out\">Grosimea este de 12\u202fmm \u0219i clasa de uzur\u0103 33\/AC5, indicat\u0103 pentru utilizare \u00een locuin\u021be \u0219i spa\u021bii comerciale cu trafic moderat<\/span>. <span class=\"relative -mx-px my-[-0.2rem] rounded px-px py-[0.2rem] transition-colors duration-100 ease-in-out\">Suprafe\u021bele sunt dispuse \u00een 3D cu emboss sincronizat, imit\u0103 lemnul periat \u0219i confer\u0103 senza\u021bie real\u0103 de textur\u0103 natural\u0103<\/span> .<\/p>\n<p data-start=\"985\" data-end=\"1227\"><span class=\"relative -mx-px my-[-0.2rem] rounded px-px py-[0.2rem] transition-colors duration-100 ease-in-out\">Modelele Gloria includ nuan\u021be neutre precum gri, dar \u0219i marouri calde (Mauna, Palmyra, Milda, Aden), toate eviden\u021biate de canturi bisate \u00een V pe 4 fe\u021be<\/span>. <span class=\"relative -mx-px my-[-0.2rem] rounded px-px py-[0.2rem] transition-colors duration-100 ease-in-out\">Suprafa\u021ba mat\u0103 este rezistent\u0103 la zg\u00e2rieturi, substan\u021be chimice casnice, ud \u0219i la decolorarea UV, fiind compatibil\u0103 \u0219i cu \u00eenc\u0103lzirea \u00een pardoseal\u0103<\/span> . <span class=\"relative -mx-px my-[-0.2rem] rounded px-px py-[0.2rem] transition-colors duration-100 ease-in-out\">Montajul este simplu \u0219i sigur datorit\u0103 sistemului de \u00eenchidere 2G Valinge<\/span>.<\/p>\n<p data-start=\"1229\" data-end=\"1242\"><strong data-start=\"1229\" data-end=\"1242\">Avantaje:<\/strong><\/p>\n<ul data-start=\"1243\" data-end=\"1519\">\n<li data-start=\"1243\" data-end=\"1302\">\n<p data-start=\"1245\" data-end=\"1302\">Estetic\u0103 sofisticat\u0103 care reproduce fidel lemnul natural.<\/p>\n<\/li>\n<li data-start=\"1303\" data-end=\"1385\">\n<p data-start=\"1305\" data-end=\"1385\">Rezisten\u021b\u0103 ridicat\u0103 la umiditate \u0219i compatibilitate cu \u00eenc\u0103lzirea \u00een pardoseal\u0103.<\/p>\n<\/li>\n<li data-start=\"1386\" data-end=\"1456\">\n<p data-start=\"1388\" data-end=\"1456\">Versatilitate: ideal pentru locuin\u021be, birouri, cafenele \u0219i magazine.<\/p>\n<\/li>\n<li data-start=\"1457\" data-end=\"1519\">\n<p data-start=\"1459\" data-end=\"1519\">Material ecologic, certificat conform Standardelor Europene.<\/p>\n<\/li>\n<\/ul>\n<div class=\"row\"  id=\"row-1082469003\">\n\n\t<div id=\"col-404679478\" class=\"col medium-2 small-6 large-2\"  >\n\t\t\t\t<div class=\"col-inner\"  >\n\t\t\t\n\t\t\t\n\n\t\t<div class=\"icon-box featured-box icon-box-left tooltip text-left is-small\" title=\"12 mm grosimea pl\u0103cii\" style=\"margin:0 0px 0px 0px;\">\n\t\t\t\t\t<div class=\"icon-box-img\" style=\"width: 80px\">\n\t\t\t\t<div class=\"icon\">\n\t\t\t\t\t<div class=\"icon-inner\" >\n\t\t\t\t\t\t<img width=\"157\" height=\"157\" src=\"https:\/\/ceramic.md\/wp-content\/uploads\/2021\/12\/12mm-icon.png\" class=\"attachment-medium size-medium\" alt=\"\" srcset=\"https:\/\/ceramic.md\/wp-content\/uploads\/2021\/12\/12mm-icon.png 157w, https:\/\/ceramic.md\/wp-content\/uploads\/2021\/12\/12mm-icon-100x100.png 100w\" sizes=\"(max-width: 157px) 100vw, 157px\">\t\t\t\t\t<\/div>\n\t\t\t\t<\/div>\n\t\t\t<\/div>\n\t\t\t\t<div class=\"icon-box-text last-reset\">\n\t\t\t\t\t\t\t\t\t\n\t\t<\/div>\n\t<\/div>\n\t\n\t\n\t\t<\/div>\n\t\t\t\t\t<\/div>\n\n\t\n\n\t<div id=\"col-883812186\" class=\"col medium-2 small-6 large-2\"  >\n\t\t\t\t<div class=\"col-inner\"  >\n\t\t\t\n\t\t\t\n\n\t\t<div class=\"icon-box featured-box icon-box-left tooltip text-left is-small\" title=\"AC5 clasa de abraziune\" >\n\t\t\t\t\t<div class=\"icon-box-img\" style=\"width: 80px\">\n\t\t\t\t<div class=\"icon\">\n\t\t\t\t\t<div class=\"icon-inner\" >\n\t\t\t\t\t\t<img width=\"157\" height=\"157\" src=\"https:\/\/ceramic.md\/wp-content\/uploads\/2021\/12\/ac5-icon.png\" class=\"attachment-medium size-medium\" alt=\"\" srcset=\"https:\/\/ceramic.md\/wp-content\/uploads\/2021\/12\/ac5-icon.png 157w, https:\/\/ceramic.md\/wp-content\/uploads\/2021\/12\/ac5-icon-100x100.png 100w\" sizes=\"(max-width: 157px) 100vw, 157px\">\t\t\t\t\t<\/div>\n\t\t\t\t<\/div>\n\t\t\t<\/div>\n\t\t\t\t<div class=\"icon-box-text last-reset\">\n\t\t\t\t\t\t\t\t\t\n\t\t<\/div>\n\t<\/div>\n\t\n\t\n\t\t<\/div>\n\t\t\t\t\t<\/div>\n\n\t\n\n\t<div id=\"col-407273371\" class=\"col medium-2 small-6 large-2\"  >\n\t\t\t\t<div class=\"col-inner\"  >\n\t\t\t\n\t\t\t\n\n\t\t<div class=\"icon-box featured-box icon-box-left tooltip text-left is-small\" title=\"33 clasa de rezisten\u021b\u0103\" >\n\t\t\t\t\t<div class=\"icon-box-img\" style=\"width: 80px\">\n\t\t\t\t<div class=\"icon\">\n\t\t\t\t\t<div class=\"icon-inner\" >\n\t\t\t\t\t\t<img width=\"157\" height=\"157\" src=\"https:\/\/ceramic.md\/wp-content\/uploads\/2021\/12\/class-33-icon.png\" class=\"attachment-medium size-medium\" alt=\"\" srcset=\"https:\/\/ceramic.md\/wp-content\/uploads\/2021\/12\/class-33-icon.png 157w, https:\/\/ceramic.md\/wp-content\/uploads\/2021\/12\/class-33-icon-100x100.png 100w\" sizes=\"(max-width: 157px) 100vw, 157px\">\t\t\t\t\t<\/div>\n\t\t\t\t<\/div>\n\t\t\t<\/div>\n\t\t\t\t<div class=\"icon-box-text last-reset\">\n\t\t\t\t\t\t\t\t\t\n\t\t<\/div>\n\t<\/div>\n\t\n\t\n\t\t<\/div>\n\t\t\t\t\t<\/div>\n\n\t\n\n\t<div id=\"col-462812040\" class=\"col medium-2 small-6 large-2\"  >\n\t\t\t\t<div class=\"col-inner\"  >\n\t\t\t\n\t\t\t\n\n\t\t<div class=\"icon-box featured-box icon-box-left tooltip text-left is-small\" title=\"20 ani garan\u021bie \u00een spa\u021bii de locuit\" >\n\t\t\t\t\t<div class=\"icon-box-img\" style=\"width: 80px\">\n\t\t\t\t<div class=\"icon\">\n\t\t\t\t\t<div class=\"icon-inner\" >\n\t\t\t\t\t\t<img width=\"157\" height=\"157\" src=\"https:\/\/ceramic.md\/wp-content\/uploads\/2021\/12\/20years-garranty-icon.png\" class=\"attachment-medium size-medium\" alt=\"\" srcset=\"https:\/\/ceramic.md\/wp-content\/uploads\/2021\/12\/20years-garranty-icon.png 157w, https:\/\/ceramic.md\/wp-content\/uploads\/2021\/12\/20years-garranty-icon-100x100.png 100w\" sizes=\"(max-width: 157px) 100vw, 157px\">\t\t\t\t\t<\/div>\n\t\t\t\t<\/div>\n\t\t\t<\/div>\n\t\t\t\t<div class=\"icon-box-text last-reset\">\n\t\t\t\t\t\t\t\t\t\n\t\t<\/div>\n\t<\/div>\n\t\n\t\n\t\t<\/div>\n\t\t\t\t\t<\/div>\n\n\t\n<\/div>\n<div class=\"row\"  id=\"row-1622994388\">\n\n\t<div id=\"col-676425201\" class=\"col medium-2 small-6 large-2\"  >\n\t\t\t\t<div class=\"col-inner\"  >\n\t\t\t\n\t\t\t\n\n\t\t<div class=\"icon-box featured-box icon-box-left tooltip text-left is-small\" title=\"pentru podele calde\" >\n\t\t\t\t\t<div class=\"icon-box-img\" style=\"width: 80px\">\n\t\t\t\t<div class=\"icon\">\n\t\t\t\t\t<div class=\"icon-inner\" >\n\t\t\t\t\t\t<img width=\"157\" height=\"157\" src=\"https:\/\/ceramic.md\/wp-content\/uploads\/2021\/12\/warm-floor-icon.png\" class=\"attachment-medium size-medium\" alt=\"\" srcset=\"https:\/\/ceramic.md\/wp-content\/uploads\/2021\/12\/warm-floor-icon.png 157w, https:\/\/ceramic.md\/wp-content\/uploads\/2021\/12\/warm-floor-icon-100x100.png 100w\" sizes=\"(max-width: 157px) 100vw, 157px\">\t\t\t\t\t<\/div>\n\t\t\t\t<\/div>\n\t\t\t<\/div>\n\t\t\t\t<div class=\"icon-box-text last-reset\">\n\t\t\t\t\t\t\t\t\t\n\t\t<\/div>\n\t<\/div>\n\t\n\t\n\t\t<\/div>\n\t\t\t\t\t<\/div>\n\n\t\n\n\t<div id=\"col-1215633444\" class=\"col medium-2 small-6 large-2\"  >\n\t\t\t\t<div class=\"col-inner\"  >\n\t\t\t\n\t\t\t\n\n\t\t<div class=\"icon-box featured-box icon-box-left tooltip text-left is-small\" title=\"Structura Omnipore\" >\n\t\t\t\t\t<div class=\"icon-box-img\" style=\"width: 80px\">\n\t\t\t\t<div class=\"icon\">\n\t\t\t\t\t<div class=\"icon-inner\" >\n\t\t\t\t\t\t<img width=\"157\" height=\"157\" src=\"https:\/\/ceramic.md\/wp-content\/uploads\/2024\/04\/omnipore-structure-icon.png\" class=\"attachment-medium size-medium\" alt=\"\" srcset=\"https:\/\/ceramic.md\/wp-content\/uploads\/2024\/04\/omnipore-structure-icon.png 157w, https:\/\/ceramic.md\/wp-content\/uploads\/2024\/04\/omnipore-structure-icon-100x100.png 100w\" sizes=\"(max-width: 157px) 100vw, 157px\">\t\t\t\t\t<\/div>\n\t\t\t\t<\/div>\n\t\t\t<\/div>\n\t\t\t\t<div class=\"icon-box-text last-reset\">\n\t\t\t\t\t\t\t\t\t\n\t\t<\/div>\n\t<\/div>\n\t\n\t\n\t\t<\/div>\n\t\t\t\t\t<\/div>\n\n\t\n\n\t<div id=\"col-1913958468\" class=\"col medium-2 small-6 large-2\"  >\n\t\t\t\t<div class=\"col-inner\"  >\n\t\t\t\n\t\t\t\n\n\t\t<div class=\"icon-box featured-box icon-box-left tooltip text-left is-small\" title=\"antibacterial\" >\n\t\t\t\t\t<div class=\"icon-box-img\" style=\"width: 80px\">\n\t\t\t\t<div class=\"icon\">\n\t\t\t\t\t<div class=\"icon-inner\" >\n\t\t\t\t\t\t<img width=\"157\" height=\"157\" src=\"https:\/\/ceramic.md\/wp-content\/uploads\/2021\/12\/bez-imeni.png\" class=\"attachment-medium size-medium\" alt=\"\" srcset=\"https:\/\/ceramic.md\/wp-content\/uploads\/2021\/12\/bez-imeni.png 157w, https:\/\/ceramic.md\/wp-content\/uploads\/2021\/12\/bez-imeni-100x100.png 100w\" sizes=\"(max-width: 157px) 100vw, 157px\">\t\t\t\t\t<\/div>\n\t\t\t\t<\/div>\n\t\t\t<\/div>\n\t\t\t\t<div class=\"icon-box-text last-reset\">\n\t\t\t\t\t\t\t\t\t\n\t\t<\/div>\n\t<\/div>\n\t\n\t\n\t\t<\/div>\n\t\t\t\t\t<\/div>\n\n\t\n\n\t<div id=\"col-1129036523\" class=\"col medium-2 small-6 large-2\"  >\n\t\t\t\t<div class=\"col-inner\"  >\n\t\t\t\n\t\t\t\n\n\t\t<div class=\"icon-box featured-box icon-box-left tooltip text-left is-small\" title=\"fasca din 4 p\u0103r\u021bi\" >\n\t\t\t\t\t<div class=\"icon-box-img\" style=\"width: 80px\">\n\t\t\t\t<div class=\"icon\">\n\t\t\t\t\t<div class=\"icon-inner\" >\n\t\t\t\t\t\t<img width=\"163\" height=\"157\" src=\"https:\/\/ceramic.md\/wp-content\/uploads\/2021\/12\/v4-icon.png\" class=\"attachment-medium size-medium\" alt=\"\">\t\t\t\t\t<\/div>\n\t\t\t\t<\/div>\n\t\t\t<\/div>\n\t\t\t\t<div class=\"icon-box-text last-reset\">\n\t\t\t\t\t\t\t\t\t\n\t\t<\/div>\n\t<\/div>\n\t\n\t\n\t\t<\/div>\n\t\t\t\t\t<\/div>\n\n\t\n<\/div>\n<p>&nbsp;<\/p>\n<p><strong>Cantitatea pachetului<\/strong><strong>:<\/strong> 1,58 m\u00b2 (6 buc)<\/p>\n<p><strong>Greutatea pachetului<\/strong><strong>:<\/strong> 17,3 kg<\/p>\n<p><strong>Dime<span style=\"font-size: 100%;\">nsiune foaiei<\/span><\/strong><span style=\"font-size: 100%;\"><strong>:\u00a0<\/strong>1380x190x<a href=\"https:\/\/ceramic.md\/grosime\/12mm\/\">12 mm<\/a><\/span><\/p>\n<p><strong>Clasa de rezisten\u021b\u0103:<\/strong> AC5\/33<\/p>\n<p><strong>Produc\u0103tor<\/strong><strong>:<\/strong> <a href=\"https:\/\/camsanworldwide.com\/\" target=\"_blank\" rel=\"noopener\">CAMSAN<\/a>, Turcia<\/p>\n<p><strong>Colec\u021bie<\/strong><strong>:<\/strong> Gloria","protected":false},"excerpt":{"rendered":"<p><strong>Laminat<\/strong> 12 mm, clasa 33 &#8211; Camsan Gloria Flores 6006<\/p>\n","protected":false},"featured_media":22093,"template":"","meta":[],"product_cat":[616,39],"product_tag":[],"_links":{"self":[{"href":"https:\/\/ceramic.md\/ro\/wp-json\/wp\/v2\/product\/22092"}],"collection":[{"href":"https:\/\/ceramic.md\/ro\/wp-json\/wp\/v2\/product"}],"about":[{"href":"https:\/\/ceramic.md\/ro\/wp-json\/wp\/v2\/types\/product"}],"wp:featuredmedia":[{"embeddable":true,"href":"https:\/\/ceramic.md\/ro\/wp-json\/wp\/v2\/media\/22093"}],"wp:attachment":[{"href":"https:\/\/ceramic.md\/ro\/wp-json\/wp\/v2\/media?parent=22092"}],"wp:term":[{"taxonomy":"product_cat","embeddable":true,"href":"https:\/\/ceramic.md\/ro\/wp-json\/wp\/v2\/product_cat?post=22092"},{"taxonomy":"product_tag","embeddable":true,"href":"https:\/\/ceramic.md\/ro\/wp-json\/wp\/v2\/product_tag?post=22092"}],"curies":[{"name":"wp","href":"https:\/\/api.w.org\/{rel}","templated":true}]}}