{"id":22156,"date":"2025-06-09T16:59:56","date_gmt":"2025-06-09T13:59:56","guid":{"rendered":"https:\/\/ceramic.md\/?post_type=product&#038;p=22156"},"modified":"2025-06-09T17:01:13","modified_gmt":"2025-06-09T14:01:13","slug":"camsan-platinum-albero-oak-2103-10mm","status":"publish","type":"product","link":"https:\/\/ceramic.md\/ro\/product\/camsan-platinum-albero-oak-2103-10mm\/","title":{"rendered":"Camsan Platinum Albero Oak 2103 10mm"},"content":{"rendered":"<h2><span style=\"font-size: 75%;\">Laminat pentru podea Camsan Platinum Albero Oak 2103 10mm<\/span><\/h2>\n<p data-start=\"836\" data-end=\"916\"><span class=\"relative -mx-px my-[-0.2rem] rounded px-px py-[0.2rem] transition-colors duration-100 ease-in-out\">Colec\u021bia <strong data-start=\"9\" data-end=\"28\">Camsan\u202fPlatinum<\/strong> \u00eembin\u0103 elegan\u021ba rafinat\u0103 cu performan\u021ba superioar\u0103. Pl\u0103cile au dimensiuni <strong data-start=\"103\" data-end=\"120\">1380\u202f\u00d7\u202f190\u202fmm<\/strong>, grosime <strong data-start=\"130\" data-end=\"139\">10\u202fmm<\/strong>, iar clasa de uzur\u0103 este <strong data-start=\"165\" data-end=\"175\">AC4\/32<\/strong>, ideale pentru uz reziden\u021bial \u0219i spa\u021bii cu trafic moderat<\/span>.<\/p>\n<p data-start=\"918\" data-end=\"937\"><strong data-start=\"918\" data-end=\"937\">Caracteristici:<\/strong><\/p>\n<ul data-start=\"938\" data-end=\"1105\">\n<li data-start=\"938\" data-end=\"979\">\n<p data-start=\"940\" data-end=\"979\"><span class=\"relative -mx-px my-[-0.2rem] rounded px-px py-[0.2rem] transition-colors duration-100 ease-in-out\">Suprafe\u021be f\u0103r\u0103 fa\u021bet\u0103, care pun \u00een valoare aspectul logic al pl\u0103cii.<\/span><\/p>\n<\/li>\n<li data-start=\"980\" data-end=\"1021\">\n<p data-start=\"982\" data-end=\"1021\"><span class=\"relative -mx-px my-[-0.2rem] rounded px-px py-[0.2rem] transition-colors duration-100 ease-in-out\">Textur\u0103 sincronizat\u0103 profund\u0103, cu senza\u021bie de lemn natural.<\/span><\/p>\n<\/li>\n<li data-start=\"1022\" data-end=\"1063\">\n<p data-start=\"1024\" data-end=\"1063\"><span class=\"relative -mx-px my-[-0.2rem] rounded px-px py-[0.2rem] transition-colors duration-100 ease-in-out\">Materiale ecologice: plac\u0103 HDF E1, conforme standardelor europene.<\/span><\/p>\n<\/li>\n<li data-start=\"1064\" data-end=\"1105\">\n<p data-start=\"1066\" data-end=\"1105\"><span class=\"relative -mx-px my-[-0.2rem] rounded px-px py-[0.2rem] transition-colors duration-100 ease-in-out\">Montaj \u0219i \u00eentre\u021binere u\u0219oar\u0103: rezisten\u021b\u0103 la zg\u00e2rieturi, produse de cur\u0103\u021benie \u0219i UV.<\/span><\/p>\n<\/li>\n<\/ul>\n<p data-start=\"1422\" data-end=\"1435\"><strong data-start=\"1422\" data-end=\"1435\">Avantaje:<\/strong><\/p>\n<ul data-start=\"1436\" data-end=\"1680\">\n<li data-start=\"1436\" data-end=\"1510\">\n<p data-start=\"1438\" data-end=\"1510\">Dimensiunea pl\u0103cilor se potrive\u0219te cu tendin\u021bele contemporane de design.<\/p>\n<\/li>\n<li data-start=\"1511\" data-end=\"1560\">\n<p data-start=\"1513\" data-end=\"1560\">Durabilitate ridicat\u0103 pentru utilizare zilnic\u0103.<\/p>\n<\/li>\n<li data-start=\"1561\" data-end=\"1607\">\n<p data-start=\"1563\" data-end=\"1607\">Combin\u0103 imagine estetic\u0103 \u0219i func\u021bionalitate.<\/p>\n<\/li>\n<li data-start=\"1608\" data-end=\"1680\">\n<p data-start=\"1610\" data-end=\"1680\">Material sigur \u0219i ecologic, potrivit pentru cas\u0103 \u0219i spa\u021bii comerciale.<\/p>\n<\/li>\n<\/ul>\n<div class=\"row\"  id=\"row-219952587\">\n\n\t<div id=\"col-1791899327\" class=\"col medium-2 small-6 large-2\"  >\n\t\t\t\t<div class=\"col-inner\"  >\n\t\t\t\n\t\t\t\n\n\t\t<div class=\"icon-box featured-box icon-box-left tooltip text-left is-small\" title=\"10 mm grosimea pl\u0103cii\" style=\"margin:0 0px 0px 0px;\">\n\t\t\t\t\t<div class=\"icon-box-img\" style=\"width: 80px\">\n\t\t\t\t<div class=\"icon\">\n\t\t\t\t\t<div class=\"icon-inner\" >\n\t\t\t\t\t\t<img width=\"157\" height=\"157\" src=\"https:\/\/ceramic.md\/wp-content\/uploads\/2021\/12\/10mm-icon.png\" class=\"attachment-medium size-medium\" alt=\"\" srcset=\"https:\/\/ceramic.md\/wp-content\/uploads\/2021\/12\/10mm-icon.png 157w, https:\/\/ceramic.md\/wp-content\/uploads\/2021\/12\/10mm-icon-100x100.png 100w\" sizes=\"(max-width: 157px) 100vw, 157px\">\t\t\t\t\t<\/div>\n\t\t\t\t<\/div>\n\t\t\t<\/div>\n\t\t\t\t<div class=\"icon-box-text last-reset\">\n\t\t\t\t\t\t\t\t\t\n\t\t<\/div>\n\t<\/div>\n\t\n\t\n\t\t<\/div>\n\t\t\t\t\t<\/div>\n\n\t\n\n\t<div id=\"col-1466599247\" class=\"col medium-2 small-6 large-2\"  >\n\t\t\t\t<div class=\"col-inner\"  >\n\t\t\t\n\t\t\t\n\n\t\t<div class=\"icon-box featured-box icon-box-left tooltip text-left is-small\" title=\"AC4 clasa de abraziune\" >\n\t\t\t\t\t<div class=\"icon-box-img\" style=\"width: 80px\">\n\t\t\t\t<div class=\"icon\">\n\t\t\t\t\t<div class=\"icon-inner\" >\n\t\t\t\t\t\t<img width=\"157\" height=\"157\" src=\"https:\/\/ceramic.md\/wp-content\/uploads\/2021\/12\/ac4-icon.png\" class=\"attachment-medium size-medium\" alt=\"\" srcset=\"https:\/\/ceramic.md\/wp-content\/uploads\/2021\/12\/ac4-icon.png 157w, https:\/\/ceramic.md\/wp-content\/uploads\/2021\/12\/ac4-icon-100x100.png 100w\" sizes=\"(max-width: 157px) 100vw, 157px\">\t\t\t\t\t<\/div>\n\t\t\t\t<\/div>\n\t\t\t<\/div>\n\t\t\t\t<div class=\"icon-box-text last-reset\">\n\t\t\t\t\t\t\t\t\t\n\t\t<\/div>\n\t<\/div>\n\t\n\t\n\t\t<\/div>\n\t\t\t\t\t<\/div>\n\n\t\n\n\t<div id=\"col-898538934\" class=\"col medium-2 small-6 large-2\"  >\n\t\t\t\t<div class=\"col-inner\"  >\n\t\t\t\n\t\t\t\n\n\t\t<div class=\"icon-box featured-box icon-box-left tooltip text-left is-small\" title=\"32 clasa de rezisten\u021b\u0103\" >\n\t\t\t\t\t<div class=\"icon-box-img\" style=\"width: 80px\">\n\t\t\t\t<div class=\"icon\">\n\t\t\t\t\t<div class=\"icon-inner\" >\n\t\t\t\t\t\t<img width=\"157\" height=\"157\" src=\"https:\/\/ceramic.md\/wp-content\/uploads\/2021\/12\/class-32-icon.png\" class=\"attachment-medium size-medium\" alt=\"\" srcset=\"https:\/\/ceramic.md\/wp-content\/uploads\/2021\/12\/class-32-icon.png 157w, https:\/\/ceramic.md\/wp-content\/uploads\/2021\/12\/class-32-icon-100x100.png 100w\" sizes=\"(max-width: 157px) 100vw, 157px\">\t\t\t\t\t<\/div>\n\t\t\t\t<\/div>\n\t\t\t<\/div>\n\t\t\t\t<div class=\"icon-box-text last-reset\">\n\t\t\t\t\t\t\t\t\t\n\t\t<\/div>\n\t<\/div>\n\t\n\t\n\t\t<\/div>\n\t\t\t\t\t<\/div>\n\n\t\n\n\t<div id=\"col-247999341\" class=\"col medium-2 small-6 large-2\"  >\n\t\t\t\t<div class=\"col-inner\"  >\n\t\t\t\n\t\t\t\n\n\t\t<div class=\"icon-box featured-box icon-box-left tooltip text-left is-small\" title=\"10 ani garan\u021bie \u00een spa\u021bii de locuit\" >\n\t\t\t\t\t<div class=\"icon-box-img\" style=\"width: 80px\">\n\t\t\t\t<div class=\"icon\">\n\t\t\t\t\t<div class=\"icon-inner\" >\n\t\t\t\t\t\t<img width=\"157\" height=\"157\" src=\"https:\/\/ceramic.md\/wp-content\/uploads\/2024\/10\/10years-garranty-icon.png\" class=\"attachment-medium size-medium\" alt=\"\" srcset=\"https:\/\/ceramic.md\/wp-content\/uploads\/2024\/10\/10years-garranty-icon.png 157w, https:\/\/ceramic.md\/wp-content\/uploads\/2024\/10\/10years-garranty-icon-100x100.png 100w\" sizes=\"(max-width: 157px) 100vw, 157px\">\t\t\t\t\t<\/div>\n\t\t\t\t<\/div>\n\t\t\t<\/div>\n\t\t\t\t<div class=\"icon-box-text last-reset\">\n\t\t\t\t\t\t\t\t\t\n\t\t<\/div>\n\t<\/div>\n\t\n\t\n\t\t<\/div>\n\t\t\t\t\t<\/div>\n\n\t\n<\/div>\n<div class=\"row\"  id=\"row-334289112\">\n\n\t<div id=\"col-1122425231\" class=\"col medium-2 small-6 large-2\"  >\n\t\t\t\t<div class=\"col-inner\"  >\n\t\t\t\n\t\t\t\n\n\t\t<div class=\"icon-box featured-box icon-box-left tooltip text-left is-small\" title=\"pentru podele calde\" >\n\t\t\t\t\t<div class=\"icon-box-img\" style=\"width: 80px\">\n\t\t\t\t<div class=\"icon\">\n\t\t\t\t\t<div class=\"icon-inner\" >\n\t\t\t\t\t\t<img width=\"157\" height=\"157\" src=\"https:\/\/ceramic.md\/wp-content\/uploads\/2021\/12\/warm-floor-icon.png\" class=\"attachment-medium size-medium\" alt=\"\" srcset=\"https:\/\/ceramic.md\/wp-content\/uploads\/2021\/12\/warm-floor-icon.png 157w, https:\/\/ceramic.md\/wp-content\/uploads\/2021\/12\/warm-floor-icon-100x100.png 100w\" sizes=\"(max-width: 157px) 100vw, 157px\">\t\t\t\t\t<\/div>\n\t\t\t\t<\/div>\n\t\t\t<\/div>\n\t\t\t\t<div class=\"icon-box-text last-reset\">\n\t\t\t\t\t\t\t\t\t\n\t\t<\/div>\n\t<\/div>\n\t\n\t\n\t\t<\/div>\n\t\t\t\t\t<\/div>\n\n\t\n\n\t<div id=\"col-1191064091\" class=\"col medium-2 small-6 large-2\"  >\n\t\t\t\t<div class=\"col-inner\"  >\n\t\t\t\n\t\t\t\n\n\t\t<div class=\"icon-box featured-box icon-box-left tooltip text-left is-small\" title=\"Structura Omnipore\" >\n\t\t\t\t\t<div class=\"icon-box-img\" style=\"width: 80px\">\n\t\t\t\t<div class=\"icon\">\n\t\t\t\t\t<div class=\"icon-inner\" >\n\t\t\t\t\t\t<img width=\"157\" height=\"157\" src=\"https:\/\/ceramic.md\/wp-content\/uploads\/2024\/04\/omnipore-structure-icon.png\" class=\"attachment-medium size-medium\" alt=\"\" srcset=\"https:\/\/ceramic.md\/wp-content\/uploads\/2024\/04\/omnipore-structure-icon.png 157w, https:\/\/ceramic.md\/wp-content\/uploads\/2024\/04\/omnipore-structure-icon-100x100.png 100w\" sizes=\"(max-width: 157px) 100vw, 157px\">\t\t\t\t\t<\/div>\n\t\t\t\t<\/div>\n\t\t\t<\/div>\n\t\t\t\t<div class=\"icon-box-text last-reset\">\n\t\t\t\t\t\t\t\t\t\n\t\t<\/div>\n\t<\/div>\n\t\n\t\n\t\t<\/div>\n\t\t\t\t\t<\/div>\n\n\t\n\n\t<div id=\"col-176040653\" class=\"col medium-2 small-6 large-2\"  >\n\t\t\t\t<div class=\"col-inner\"  >\n\t\t\t\n\t\t\t\n\n\t\t<div class=\"icon-box featured-box icon-box-left tooltip text-left is-small\" title=\"antibacterial\" >\n\t\t\t\t\t<div class=\"icon-box-img\" style=\"width: 80px\">\n\t\t\t\t<div class=\"icon\">\n\t\t\t\t\t<div class=\"icon-inner\" >\n\t\t\t\t\t\t<img width=\"157\" height=\"157\" src=\"https:\/\/ceramic.md\/wp-content\/uploads\/2021\/12\/bez-imeni.png\" class=\"attachment-medium size-medium\" alt=\"\" srcset=\"https:\/\/ceramic.md\/wp-content\/uploads\/2021\/12\/bez-imeni.png 157w, https:\/\/ceramic.md\/wp-content\/uploads\/2021\/12\/bez-imeni-100x100.png 100w\" sizes=\"(max-width: 157px) 100vw, 157px\">\t\t\t\t\t<\/div>\n\t\t\t\t<\/div>\n\t\t\t<\/div>\n\t\t\t\t<div class=\"icon-box-text last-reset\">\n\t\t\t\t\t\t\t\t\t\n\t\t<\/div>\n\t<\/div>\n\t\n\t\n\t\t<\/div>\n\t\t\t\t\t<\/div>\n\n\t\n\n\t<div id=\"col-1278560996\" class=\"col medium-2 small-6 large-2\"  >\n\t\t\t\t<div class=\"col-inner\"  >\n\t\t\t\n\t\t\t\n\n\t\t<div class=\"icon-box featured-box icon-box-left tooltip text-left is-small\" title=\"fasca din 4 p\u0103r\u021bi\" >\n\t\t\t\t\t<div class=\"icon-box-img\" style=\"width: 80px\">\n\t\t\t\t<div class=\"icon\">\n\t\t\t\t\t<div class=\"icon-inner\" >\n\t\t\t\t\t\t<img width=\"163\" height=\"157\" src=\"https:\/\/ceramic.md\/wp-content\/uploads\/2021\/12\/v4-icon.png\" class=\"attachment-medium size-medium\" alt=\"\">\t\t\t\t\t<\/div>\n\t\t\t\t<\/div>\n\t\t\t<\/div>\n\t\t\t\t<div class=\"icon-box-text last-reset\">\n\t\t\t\t\t\t\t\t\t\n\t\t<\/div>\n\t<\/div>\n\t\n\t\n\t\t<\/div>\n\t\t\t\t\t<\/div>\n\n\t\n<\/div>\n<p>&nbsp;<\/p>\n<p><strong>Cantitatea pachetului<\/strong><strong>:<\/strong> 1,87 m\u00b2 (7 buc)<\/p>\n<p><strong>Greutatea pachetului<\/strong><strong>:<\/strong> 17,0 kg<\/p>\n<p><strong>Dime<span style=\"font-size: 100%;\">nsiune foaiei<\/span><\/strong><span style=\"font-size: 100%;\"><strong>:\u00a0<\/strong>1380x190x<a href=\"https:\/\/ceramic.md\/grosime\/10mm\/\">10 mm<\/a><\/span><\/p>\n<p><strong>Clasa de rezisten\u021b\u0103:<\/strong> AC4\/32<\/p>\n<p><strong>Produc\u0103tor<\/strong><strong>:<\/strong> <a href=\"https:\/\/camsanworldwide.com\/\" target=\"_blank\" rel=\"noopener\">CAMSAN<\/a>, Turcia<\/p>\n<p><strong>Colec\u021bie<\/strong><strong>:<\/strong> Platinum","protected":false},"excerpt":{"rendered":"<p><strong>Laminat<\/strong> 10 mm, clasa 32 &#8211; Camsan Platinum Albero Oak 2103<\/p>\n","protected":false},"featured_media":22157,"template":"","meta":[],"product_cat":[616,39],"product_tag":[],"_links":{"self":[{"href":"https:\/\/ceramic.md\/ro\/wp-json\/wp\/v2\/product\/22156"}],"collection":[{"href":"https:\/\/ceramic.md\/ro\/wp-json\/wp\/v2\/product"}],"about":[{"href":"https:\/\/ceramic.md\/ro\/wp-json\/wp\/v2\/types\/product"}],"wp:featuredmedia":[{"embeddable":true,"href":"https:\/\/ceramic.md\/ro\/wp-json\/wp\/v2\/media\/22157"}],"wp:attachment":[{"href":"https:\/\/ceramic.md\/ro\/wp-json\/wp\/v2\/media?parent=22156"}],"wp:term":[{"taxonomy":"product_cat","embeddable":true,"href":"https:\/\/ceramic.md\/ro\/wp-json\/wp\/v2\/product_cat?post=22156"},{"taxonomy":"product_tag","embeddable":true,"href":"https:\/\/ceramic.md\/ro\/wp-json\/wp\/v2\/product_tag?post=22156"}],"curies":[{"name":"wp","href":"https:\/\/api.w.org\/{rel}","templated":true}]}}