{"id":22224,"date":"2025-06-10T12:36:04","date_gmt":"2025-06-10T09:36:04","guid":{"rendered":"https:\/\/ceramic.md\/?post_type=product&#038;p=22224"},"modified":"2025-06-10T12:37:52","modified_gmt":"2025-06-10T09:37:52","slug":"camsan-klasik-diba-light-oak-3030-8mm","status":"publish","type":"product","link":"https:\/\/ceramic.md\/ro\/product\/camsan-klasik-diba-light-oak-3030-8mm\/","title":{"rendered":"Camsan Klasik Diba Light Oak 3030 8mm"},"content":{"rendered":"<h2><span style=\"font-size: 75%;\">Laminat pentru podea Camsan Klasik Diba Light Oak 3030 8mm<\/span><\/h2>\n<p data-start=\"803\" data-end=\"883\"><span class=\"relative -mx-px my-[-0.2rem] rounded px-px py-[0.2rem] transition-colors duration-100 ease-in-out\">Colec\u021bia <strong data-start=\"9\" data-end=\"31\">Camsan\u202fKlasik <\/strong>ofer\u0103 elegan\u021b\u0103 \u0219i functionalitate, potrivit\u0103 perfect arhitecturii moderne. Pl\u0103cile de <strong data-start=\"129\" data-end=\"148\">1200\u202f\u00d7\u202f192,5\u202fmm<\/strong>, cu grosime de <strong data-start=\"164\" data-end=\"172\">8\u202fmm<\/strong> \u0219i clasa de uzur\u0103 <strong data-start=\"191\" data-end=\"201\">32\/AC4<\/strong>, asigur\u0103 durabilitate \u00een utilizarea zilnic\u0103, at\u00e2t \u00een locuin\u021be, c\u00e2t \u0219i \u00een spa\u021bii comerciale<\/span>. Colec\u021bia\u00a0reflect\u0103 elegan\u021ba tradi\u021bional\u0103 a parchetului real, pun\u00e2nd accent pe textura natural\u0103 \u0219i nuan\u021bele lemnului autentic.<\/p>\n<p data-start=\"2032\" data-end=\"2060\"><strong data-start=\"2032\" data-end=\"2060\">Caracteristici:<\/strong><\/p>\n<ul data-start=\"2062\" data-end=\"2598\">\n<li data-start=\"2062\" data-end=\"2173\">\n<p data-start=\"2064\" data-end=\"2173\"><strong data-start=\"2064\" data-end=\"2083\">Grosime 8\u201312\u202fmm<\/strong>, clas\u0103 de uzur\u0103 <strong data-start=\"2100\" data-end=\"2111\">AC4<\/strong> \u2014 ideal pentru locuin\u021be cu trafic mediu.<\/p>\n<\/li>\n<li data-start=\"2290\" data-end=\"2376\">\n<p data-start=\"2292\" data-end=\"2376\"><strong data-start=\"2292\" data-end=\"2318\">Embosaj sincronizat 3D<\/strong> cu noduri \u0219i vene naturale, pentru profunzime \u0219i realism.<\/p>\n<\/li>\n<li data-start=\"2377\" data-end=\"2460\">\n<p data-start=\"2379\" data-end=\"2460\"><strong data-start=\"2379\" data-end=\"2404\">Sistem de clic robust<\/strong> (Valinge\/Click) \u2013 montaj f\u0103r\u0103 adeziv, rapid \u0219i durabil.<\/p>\n<\/li>\n<li data-start=\"2461\" data-end=\"2598\">\n<p data-start=\"2463\" data-end=\"2598\"><strong data-start=\"2463\" data-end=\"2515\">Rezisten\u021b\u0103 la zg\u00e2rieturi, aprindere UV, umezeal\u0103<\/strong> \u0219i compatibilitate cu \u00eenc\u0103lzirea \u00een pardoseal\u0103 \u2013 conform standardelor de calitate.<\/p>\n<\/li>\n<\/ul>\n<p data-start=\"2771\" data-end=\"2784\"><strong data-start=\"2771\" data-end=\"2784\">Avantaje:<\/strong><\/p>\n<ul data-start=\"2786\" data-end=\"2934\">\n<li data-start=\"2786\" data-end=\"2829\">\n<p data-start=\"2788\" data-end=\"2829\">Aspect rafinat, aproape de lemnul natural<\/p>\n<\/li>\n<li data-start=\"2830\" data-end=\"2870\">\n<p data-start=\"2832\" data-end=\"2870\">\u00centre\u021binere u\u0219oar\u0103 \u0219i instalare simpl\u0103<\/p>\n<\/li>\n<li data-start=\"2871\" data-end=\"2934\">\n<p data-start=\"2873\" data-end=\"2934\">Se potrive\u0219te cu interioare clasice, elegante sau minimaliste<\/p>\n<\/li>\n<li><span class=\"relative -mx-px my-[-0.2rem] rounded px-px py-[0.2rem] transition-colors duration-100 ease-in-out\">Garan\u021bie de <strong data-start=\"12\" data-end=\"25\">15 de ani<\/strong> pentru spa\u021bii reziden\u021biale \u2013 un angajament pentru calitate \u0219i longevitate<\/span><\/li>\n<\/ul>\n<div class=\"row\"  id=\"row-872168921\">\n\n\t<div id=\"col-1158711310\" class=\"col medium-2 small-6 large-2\"  >\n\t\t\t\t<div class=\"col-inner\"  >\n\t\t\t\n\t\t\t\n\n\t\t<div class=\"icon-box featured-box icon-box-left tooltip text-left is-small\" title=\"8 mm grosimea pl\u0103cii\" style=\"margin:0 0px 0px 0px;\">\n\t\t\t\t\t<div class=\"icon-box-img\" style=\"width: 80px\">\n\t\t\t\t<div class=\"icon\">\n\t\t\t\t\t<div class=\"icon-inner\" >\n\t\t\t\t\t\t<img width=\"157\" height=\"157\" src=\"https:\/\/ceramic.md\/wp-content\/uploads\/2021\/12\/8mm-icon.png\" class=\"attachment-medium size-medium\" alt=\"\" srcset=\"https:\/\/ceramic.md\/wp-content\/uploads\/2021\/12\/8mm-icon.png 157w, https:\/\/ceramic.md\/wp-content\/uploads\/2021\/12\/8mm-icon-100x100.png 100w\" sizes=\"(max-width: 157px) 100vw, 157px\">\t\t\t\t\t<\/div>\n\t\t\t\t<\/div>\n\t\t\t<\/div>\n\t\t\t\t<div class=\"icon-box-text last-reset\">\n\t\t\t\t\t\t\t\t\t\n\t\t<\/div>\n\t<\/div>\n\t\n\t\n\t\t<\/div>\n\t\t\t\t\t<\/div>\n\n\t\n\n\t<div id=\"col-23136553\" class=\"col medium-2 small-6 large-2\"  >\n\t\t\t\t<div class=\"col-inner\"  >\n\t\t\t\n\t\t\t\n\n\t\t<div class=\"icon-box featured-box icon-box-left tooltip text-left is-small\" title=\"AC4 clasa de abraziune\" >\n\t\t\t\t\t<div class=\"icon-box-img\" style=\"width: 80px\">\n\t\t\t\t<div class=\"icon\">\n\t\t\t\t\t<div class=\"icon-inner\" >\n\t\t\t\t\t\t<img width=\"157\" height=\"157\" src=\"https:\/\/ceramic.md\/wp-content\/uploads\/2021\/12\/ac4-icon.png\" class=\"attachment-medium size-medium\" alt=\"\" srcset=\"https:\/\/ceramic.md\/wp-content\/uploads\/2021\/12\/ac4-icon.png 157w, https:\/\/ceramic.md\/wp-content\/uploads\/2021\/12\/ac4-icon-100x100.png 100w\" sizes=\"(max-width: 157px) 100vw, 157px\">\t\t\t\t\t<\/div>\n\t\t\t\t<\/div>\n\t\t\t<\/div>\n\t\t\t\t<div class=\"icon-box-text last-reset\">\n\t\t\t\t\t\t\t\t\t\n\t\t<\/div>\n\t<\/div>\n\t\n\t\n\t\t<\/div>\n\t\t\t\t\t<\/div>\n\n\t\n\n\t<div id=\"col-305910283\" class=\"col medium-2 small-6 large-2\"  >\n\t\t\t\t<div class=\"col-inner\"  >\n\t\t\t\n\t\t\t\n\n\t\t<div class=\"icon-box featured-box icon-box-left tooltip text-left is-small\" title=\"32 clasa de rezisten\u021b\u0103\" >\n\t\t\t\t\t<div class=\"icon-box-img\" style=\"width: 80px\">\n\t\t\t\t<div class=\"icon\">\n\t\t\t\t\t<div class=\"icon-inner\" >\n\t\t\t\t\t\t<img width=\"157\" height=\"157\" src=\"https:\/\/ceramic.md\/wp-content\/uploads\/2021\/12\/class-32-icon.png\" class=\"attachment-medium size-medium\" alt=\"\" srcset=\"https:\/\/ceramic.md\/wp-content\/uploads\/2021\/12\/class-32-icon.png 157w, https:\/\/ceramic.md\/wp-content\/uploads\/2021\/12\/class-32-icon-100x100.png 100w\" sizes=\"(max-width: 157px) 100vw, 157px\">\t\t\t\t\t<\/div>\n\t\t\t\t<\/div>\n\t\t\t<\/div>\n\t\t\t\t<div class=\"icon-box-text last-reset\">\n\t\t\t\t\t\t\t\t\t\n\t\t<\/div>\n\t<\/div>\n\t\n\t\n\t\t<\/div>\n\t\t\t\t\t<\/div>\n\n\t\n\n\t<div id=\"col-1387010\" class=\"col medium-2 small-6 large-2\"  >\n\t\t\t\t<div class=\"col-inner\"  >\n\t\t\t\n\t\t\t\n\n\t\t<div class=\"icon-box featured-box icon-box-left tooltip text-left is-small\" title=\"15 ani garan\u021bie \u00een spa\u021bii de locuit\" >\n\t\t\t\t\t<div class=\"icon-box-img\" style=\"width: 80px\">\n\t\t\t\t<div class=\"icon\">\n\t\t\t\t\t<div class=\"icon-inner\" >\n\t\t\t\t\t\t<img width=\"157\" height=\"157\" src=\"https:\/\/ceramic.md\/wp-content\/uploads\/2021\/12\/15years-garranty-icon.png\" class=\"attachment-medium size-medium\" alt=\"\" srcset=\"https:\/\/ceramic.md\/wp-content\/uploads\/2021\/12\/15years-garranty-icon.png 157w, https:\/\/ceramic.md\/wp-content\/uploads\/2021\/12\/15years-garranty-icon-100x100.png 100w\" sizes=\"(max-width: 157px) 100vw, 157px\">\t\t\t\t\t<\/div>\n\t\t\t\t<\/div>\n\t\t\t<\/div>\n\t\t\t\t<div class=\"icon-box-text last-reset\">\n\t\t\t\t\t\t\t\t\t\n\t\t<\/div>\n\t<\/div>\n\t\n\t\n\t\t<\/div>\n\t\t\t\t\t<\/div>\n\n\t\n<\/div>\n<div class=\"row\"  id=\"row-1690556757\">\n\n\t<div id=\"col-1541741529\" class=\"col medium-2 small-6 large-2\"  >\n\t\t\t\t<div class=\"col-inner\"  >\n\t\t\t\n\t\t\t\n\n\t\t<div class=\"icon-box featured-box icon-box-left tooltip text-left is-small\" title=\"pentru podele calde\" >\n\t\t\t\t\t<div class=\"icon-box-img\" style=\"width: 80px\">\n\t\t\t\t<div class=\"icon\">\n\t\t\t\t\t<div class=\"icon-inner\" >\n\t\t\t\t\t\t<img width=\"157\" height=\"157\" src=\"https:\/\/ceramic.md\/wp-content\/uploads\/2021\/12\/warm-floor-icon.png\" class=\"attachment-medium size-medium\" alt=\"\" srcset=\"https:\/\/ceramic.md\/wp-content\/uploads\/2021\/12\/warm-floor-icon.png 157w, https:\/\/ceramic.md\/wp-content\/uploads\/2021\/12\/warm-floor-icon-100x100.png 100w\" sizes=\"(max-width: 157px) 100vw, 157px\">\t\t\t\t\t<\/div>\n\t\t\t\t<\/div>\n\t\t\t<\/div>\n\t\t\t\t<div class=\"icon-box-text last-reset\">\n\t\t\t\t\t\t\t\t\t\n\t\t<\/div>\n\t<\/div>\n\t\n\t\n\t\t<\/div>\n\t\t\t\t\t<\/div>\n\n\t\n\n\t<div id=\"col-1009753950\" class=\"col medium-2 small-6 large-2\"  >\n\t\t\t\t<div class=\"col-inner\"  >\n\t\t\t\n\t\t\t\n\n\t\t<div class=\"icon-box featured-box icon-box-left tooltip text-left is-small\" title=\"Structura Brushed Wood\" >\n\t\t\t\t\t<div class=\"icon-box-img\" style=\"width: 80px\">\n\t\t\t\t<div class=\"icon\">\n\t\t\t\t\t<div class=\"icon-inner\" >\n\t\t\t\t\t\t<img width=\"157\" height=\"157\" src=\"https:\/\/ceramic.md\/wp-content\/uploads\/2021\/12\/brushed-wood-structure-icon.png\" class=\"attachment-medium size-medium\" alt=\"\" srcset=\"https:\/\/ceramic.md\/wp-content\/uploads\/2021\/12\/brushed-wood-structure-icon.png 157w, https:\/\/ceramic.md\/wp-content\/uploads\/2021\/12\/brushed-wood-structure-icon-100x100.png 100w\" sizes=\"(max-width: 157px) 100vw, 157px\">\t\t\t\t\t<\/div>\n\t\t\t\t<\/div>\n\t\t\t<\/div>\n\t\t\t\t<div class=\"icon-box-text last-reset\">\n\t\t\t\t\t\t\t\t\t\n\t\t<\/div>\n\t<\/div>\n\t\n\t\n\t\t<\/div>\n\t\t\t\t\t<\/div>\n\n\t\n\n\t<div id=\"col-880365891\" class=\"col medium-2 small-6 large-2\"  >\n\t\t\t\t<div class=\"col-inner\"  >\n\t\t\t\n\t\t\t\n\n\t\t<div class=\"icon-box featured-box icon-box-left tooltip text-left is-small\" title=\"antibacterial\" >\n\t\t\t\t\t<div class=\"icon-box-img\" style=\"width: 80px\">\n\t\t\t\t<div class=\"icon\">\n\t\t\t\t\t<div class=\"icon-inner\" >\n\t\t\t\t\t\t<img width=\"157\" height=\"157\" src=\"https:\/\/ceramic.md\/wp-content\/uploads\/2021\/12\/bez-imeni.png\" class=\"attachment-medium size-medium\" alt=\"\" srcset=\"https:\/\/ceramic.md\/wp-content\/uploads\/2021\/12\/bez-imeni.png 157w, https:\/\/ceramic.md\/wp-content\/uploads\/2021\/12\/bez-imeni-100x100.png 100w\" sizes=\"(max-width: 157px) 100vw, 157px\">\t\t\t\t\t<\/div>\n\t\t\t\t<\/div>\n\t\t\t<\/div>\n\t\t\t\t<div class=\"icon-box-text last-reset\">\n\t\t\t\t\t\t\t\t\t\n\t\t<\/div>\n\t<\/div>\n\t\n\t\n\t\t<\/div>\n\t\t\t\t\t<\/div>\n\n\t\n<\/div>\n<p>&nbsp;<\/p>\n<p><strong>Cantitatea pachetului<\/strong><strong>:<\/strong> 1,85 m\u00b2 (8 buc)<\/p>\n<p><strong>Greutatea pachetului<\/strong><strong>:<\/strong> 14,0 kg<\/p>\n<p><strong>Dime<span style=\"font-size: 100%;\">nsiune foaiei<\/span><\/strong><span style=\"font-size: 100%;\"><strong>:\u00a0<\/strong>1200&#215;192,4x<a href=\"https:\/\/ceramic.md\/grosime\/8mm\/\">8 mm<\/a><\/span><\/p>\n<p><strong>Clasa de rezisten\u021b\u0103:<\/strong> AC4\/32<\/p>\n<p><strong>Produc\u0103tor<\/strong><strong>:<\/strong> <a href=\"https:\/\/camsanworldwide.com\/\" target=\"_blank\" rel=\"noopener\">CAMSAN<\/a>, Turcia<\/p>\n<p><strong>Colec\u021bie<\/strong><strong>:<\/strong> Klasik","protected":false},"excerpt":{"rendered":"<p><strong>Laminat<\/strong> 8 mm, clasa 32 &#8211; Camsan Klasik Diba Light Oak 3030<\/p>\n","protected":false},"featured_media":22225,"template":"","meta":[],"product_cat":[616,39],"product_tag":[],"_links":{"self":[{"href":"https:\/\/ceramic.md\/ro\/wp-json\/wp\/v2\/product\/22224"}],"collection":[{"href":"https:\/\/ceramic.md\/ro\/wp-json\/wp\/v2\/product"}],"about":[{"href":"https:\/\/ceramic.md\/ro\/wp-json\/wp\/v2\/types\/product"}],"wp:featuredmedia":[{"embeddable":true,"href":"https:\/\/ceramic.md\/ro\/wp-json\/wp\/v2\/media\/22225"}],"wp:attachment":[{"href":"https:\/\/ceramic.md\/ro\/wp-json\/wp\/v2\/media?parent=22224"}],"wp:term":[{"taxonomy":"product_cat","embeddable":true,"href":"https:\/\/ceramic.md\/ro\/wp-json\/wp\/v2\/product_cat?post=22224"},{"taxonomy":"product_tag","embeddable":true,"href":"https:\/\/ceramic.md\/ro\/wp-json\/wp\/v2\/product_tag?post=22224"}],"curies":[{"name":"wp","href":"https:\/\/api.w.org\/{rel}","templated":true}]}}