{"id":22286,"date":"2025-06-10T15:16:48","date_gmt":"2025-06-10T12:16:48","guid":{"rendered":"https:\/\/ceramic.md\/?post_type=product&#038;p=22286"},"modified":"2025-06-10T17:38:51","modified_gmt":"2025-06-10T14:38:51","slug":"agt-marco-polo-premium-kaledonya-prk-921","status":"publish","type":"product","link":"https:\/\/ceramic.md\/ro\/product\/agt-marco-polo-premium-kaledonya-prk-921\/","title":{"rendered":"AGT Marco Polo Premium Kaledonya PRK-921 12mm"},"content":{"rendered":"<h4>Laminat pentru podea AGT Marco Polo Premium Kaledonya PRK-921<\/h4>\n<p data-start=\"86\" data-end=\"573\"><strong data-start=\"86\" data-end=\"117\">Colec\u021bia Marco Polo Premium<\/strong> \u2014 un parchet laminat modern \u0219i de \u00eencredere, inspirat de estetica c\u0103l\u0103toriilor \u0219i de natura celor mai mari ora\u0219e-port din lume. Aceast\u0103 serie este potrivit\u0103 at\u00e2t pentru utilizare reziden\u021bial\u0103, c\u00e2t \u0219i pentru spa\u021bii comerciale cu trafic intens. Colec\u021bia \u00eembin\u0103 calitatea premium, certificarea ecologic\u0103 \u0219i designul contemporan. Este alegerea ideal\u0103 pentru cei care apreciaz\u0103 calitatea, stilul \u0219i sustenabilitatea, al\u0103turi de o atmosfer\u0103 pl\u0103cut\u0103 \u00een interior.<\/p>\n<p data-start=\"575\" data-end=\"599\"><strong data-start=\"575\" data-end=\"599\">Avantajele colec\u021biei<\/strong><\/p>\n<ul data-start=\"601\" data-end=\"1211\">\n<li data-start=\"601\" data-end=\"734\">\n<p data-start=\"603\" data-end=\"734\"><strong data-start=\"603\" data-end=\"622\">Design inovator<\/strong>: suprafa\u021ba Register Emboss eviden\u021biaz\u0103 textura lemnului \u2014 desenul fibrei lemnoase se simte realist la atingere.<\/p>\n<\/li>\n<li data-start=\"736\" data-end=\"857\">\n<p data-start=\"738\" data-end=\"857\"><strong data-start=\"738\" data-end=\"760\">Fiabilitate maxim\u0103<\/strong>: rezisten\u021ba AC5\u201333 garanteaz\u0103 o durat\u0103 lung\u0103 de via\u021b\u0103 chiar \u0219i \u00een condi\u021bii de utilizare intens\u0103.<\/p>\n<\/li>\n<li data-start=\"859\" data-end=\"994\">\n<p data-start=\"861\" data-end=\"994\"><strong data-start=\"861\" data-end=\"891\">Certific\u0103ri interna\u021bionale<\/strong>: de\u021bine certificate EO, Blue Angel, EPD, PEFC \u2014 siguran\u021b\u0103 ecologic\u0103 \u0219i responsabilitate fa\u021b\u0103 de mediu.<\/p>\n<\/li>\n<li data-start=\"996\" data-end=\"1118\">\n<p data-start=\"998\" data-end=\"1118\"><strong data-start=\"998\" data-end=\"1040\">Compatibil cu \u00eenc\u0103lzirea \u00een pardoseal\u0103<\/strong>: testat \u0219i certificat pentru utilizare cu sisteme de \u00eenc\u0103lzire \u00een pardoseal\u0103.<\/p>\n<\/li>\n<li data-start=\"1120\" data-end=\"1211\">\n<p data-start=\"1122\" data-end=\"1211\"><strong data-start=\"1122\" data-end=\"1138\">Montaj rapid<\/strong>: sistemul Unifit asigur\u0103 o \u00eembinare str\u00e2ns\u0103, f\u0103r\u0103 adeziv \u0219i f\u0103r\u0103 goluri.<\/p>\n<\/li>\n<\/ul>\n<div class=\"row\"  id=\"row-960911341\">\n\n\t<div id=\"col-671679963\" class=\"col medium-2 small-6 large-2\"  >\n\t\t\t\t<div class=\"col-inner\"  >\n\t\t\t\n\t\t\t\n\n\t\t<div class=\"icon-box featured-box icon-box-left tooltip text-left is-small\" title=\"12 \u043c\u043c grosimea pl\u0103cii\" style=\"margin:0 0px 0px 0px;\">\n\t\t\t\t\t<div class=\"icon-box-img\" style=\"width: 80px\">\n\t\t\t\t<div class=\"icon\">\n\t\t\t\t\t<div class=\"icon-inner\" >\n\t\t\t\t\t\t<img width=\"157\" height=\"157\" src=\"https:\/\/ceramic.md\/wp-content\/uploads\/2021\/12\/12mm-icon.png\" class=\"attachment-medium size-medium\" alt=\"\" srcset=\"https:\/\/ceramic.md\/wp-content\/uploads\/2021\/12\/12mm-icon.png 157w, https:\/\/ceramic.md\/wp-content\/uploads\/2021\/12\/12mm-icon-100x100.png 100w\" sizes=\"(max-width: 157px) 100vw, 157px\">\t\t\t\t\t<\/div>\n\t\t\t\t<\/div>\n\t\t\t<\/div>\n\t\t\t\t<div class=\"icon-box-text last-reset\">\n\t\t\t\t\t\t\t\t\t\n\t\t<\/div>\n\t<\/div>\n\t\n\t\n\t\t<\/div>\n\t\t\t\t\t<\/div>\n\n\t\n\n\t<div id=\"col-1944124439\" class=\"col medium-2 small-6 large-2\"  >\n\t\t\t\t<div class=\"col-inner\"  >\n\t\t\t\n\t\t\t\n\n\t\t<div class=\"icon-box featured-box icon-box-left tooltip text-left is-small\" title=\"AC5 clasa de abraziune\" >\n\t\t\t\t\t<div class=\"icon-box-img\" style=\"width: 80px\">\n\t\t\t\t<div class=\"icon\">\n\t\t\t\t\t<div class=\"icon-inner\" >\n\t\t\t\t\t\t<img width=\"157\" height=\"157\" src=\"https:\/\/ceramic.md\/wp-content\/uploads\/2021\/12\/ac5-icon.png\" class=\"attachment-medium size-medium\" alt=\"\" srcset=\"https:\/\/ceramic.md\/wp-content\/uploads\/2021\/12\/ac5-icon.png 157w, https:\/\/ceramic.md\/wp-content\/uploads\/2021\/12\/ac5-icon-100x100.png 100w\" sizes=\"(max-width: 157px) 100vw, 157px\">\t\t\t\t\t<\/div>\n\t\t\t\t<\/div>\n\t\t\t<\/div>\n\t\t\t\t<div class=\"icon-box-text last-reset\">\n\t\t\t\t\t\t\t\t\t\n\t\t<\/div>\n\t<\/div>\n\t\n\t\n\t\t<\/div>\n\t\t\t\t\t<\/div>\n\n\t\n\n\t<div id=\"col-1694344835\" class=\"col medium-2 small-6 large-2\"  >\n\t\t\t\t<div class=\"col-inner\"  >\n\t\t\t\n\t\t\t\n\n\t\t<div class=\"icon-box featured-box icon-box-left tooltip text-left is-small\" title=\"33 clasa de rezisten\u021b\u0103\" >\n\t\t\t\t\t<div class=\"icon-box-img\" style=\"width: 80px\">\n\t\t\t\t<div class=\"icon\">\n\t\t\t\t\t<div class=\"icon-inner\" >\n\t\t\t\t\t\t<img width=\"157\" height=\"157\" src=\"https:\/\/ceramic.md\/wp-content\/uploads\/2021\/12\/class-33-icon.png\" class=\"attachment-medium size-medium\" alt=\"\" srcset=\"https:\/\/ceramic.md\/wp-content\/uploads\/2021\/12\/class-33-icon.png 157w, https:\/\/ceramic.md\/wp-content\/uploads\/2021\/12\/class-33-icon-100x100.png 100w\" sizes=\"(max-width: 157px) 100vw, 157px\">\t\t\t\t\t<\/div>\n\t\t\t\t<\/div>\n\t\t\t<\/div>\n\t\t\t\t<div class=\"icon-box-text last-reset\">\n\t\t\t\t\t\t\t\t\t\n\t\t<\/div>\n\t<\/div>\n\t\n\t\n\t\t<\/div>\n\t\t\t\t\t<\/div>\n\n\t\n\n\t<div id=\"col-1833463870\" class=\"col medium-2 small-6 large-2\"  >\n\t\t\t\t<div class=\"col-inner\"  >\n\t\t\t\n\t\t\t\n\n\t\t<div class=\"icon-box featured-box icon-box-left tooltip text-left is-small\" title=\"30 ani garan\u021bie \u00een spa\u021bii de locuit\" >\n\t\t\t\t\t<div class=\"icon-box-img\" style=\"width: 80px\">\n\t\t\t\t<div class=\"icon\">\n\t\t\t\t\t<div class=\"icon-inner\" >\n\t\t\t\t\t\t<img width=\"157\" height=\"157\" src=\"https:\/\/ceramic.md\/wp-content\/uploads\/2021\/12\/30years-garranty-icon.png\" class=\"attachment-medium size-medium\" alt=\"\" srcset=\"https:\/\/ceramic.md\/wp-content\/uploads\/2021\/12\/30years-garranty-icon.png 157w, https:\/\/ceramic.md\/wp-content\/uploads\/2021\/12\/30years-garranty-icon-100x100.png 100w\" sizes=\"(max-width: 157px) 100vw, 157px\">\t\t\t\t\t<\/div>\n\t\t\t\t<\/div>\n\t\t\t<\/div>\n\t\t\t\t<div class=\"icon-box-text last-reset\">\n\t\t\t\t\t\t\t\t\t\n\t\t<\/div>\n\t<\/div>\n\t\n\t\n\t\t<\/div>\n\t\t\t\t\t<\/div>\n\n\t\n<\/div>\n<div class=\"row\"  id=\"row-952594355\">\n\n\t<div id=\"col-1397003209\" class=\"col medium-2 small-6 large-2\"  >\n\t\t\t\t<div class=\"col-inner\"  >\n\t\t\t\n\t\t\t\n\n\t\t<div class=\"icon-box featured-box icon-box-left tooltip text-left is-small\" title=\"pentru podele calde\" >\n\t\t\t\t\t<div class=\"icon-box-img\" style=\"width: 80px\">\n\t\t\t\t<div class=\"icon\">\n\t\t\t\t\t<div class=\"icon-inner\" >\n\t\t\t\t\t\t<img width=\"157\" height=\"157\" src=\"https:\/\/ceramic.md\/wp-content\/uploads\/2021\/12\/warm-floor-icon.png\" class=\"attachment-medium size-medium\" alt=\"\" srcset=\"https:\/\/ceramic.md\/wp-content\/uploads\/2021\/12\/warm-floor-icon.png 157w, https:\/\/ceramic.md\/wp-content\/uploads\/2021\/12\/warm-floor-icon-100x100.png 100w\" sizes=\"(max-width: 157px) 100vw, 157px\">\t\t\t\t\t<\/div>\n\t\t\t\t<\/div>\n\t\t\t<\/div>\n\t\t\t\t<div class=\"icon-box-text last-reset\">\n\t\t\t\t\t\t\t\t\t\n\t\t<\/div>\n\t<\/div>\n\t\n\t\n\t\t<\/div>\n\t\t\t\t\t<\/div>\n\n\t\n\n\t<div id=\"col-1496370726\" class=\"col medium-2 small-6 large-2\"  >\n\t\t\t\t<div class=\"col-inner\"  >\n\t\t\t\n\t\t\t\n\n\t\t<div class=\"icon-box featured-box icon-box-left tooltip text-left is-small\" title=\"3D structura\" >\n\t\t\t\t\t<div class=\"icon-box-img\" style=\"width: 80px\">\n\t\t\t\t<div class=\"icon\">\n\t\t\t\t\t<div class=\"icon-inner\" >\n\t\t\t\t\t\t<img width=\"157\" height=\"157\" src=\"https:\/\/ceramic.md\/wp-content\/uploads\/2021\/12\/3d-structure-icon.png\" class=\"attachment-medium size-medium\" alt=\"\" srcset=\"https:\/\/ceramic.md\/wp-content\/uploads\/2021\/12\/3d-structure-icon.png 157w, https:\/\/ceramic.md\/wp-content\/uploads\/2021\/12\/3d-structure-icon-100x100.png 100w\" sizes=\"(max-width: 157px) 100vw, 157px\">\t\t\t\t\t<\/div>\n\t\t\t\t<\/div>\n\t\t\t<\/div>\n\t\t\t\t<div class=\"icon-box-text last-reset\">\n\t\t\t\t\t\t\t\t\t\n\t\t<\/div>\n\t<\/div>\n\t\n\t\n\t\t<\/div>\n\t\t\t\t\t<\/div>\n\n\t\n\n\t<div id=\"col-2129593239\" class=\"col medium-2 small-6 large-2\"  >\n\t\t\t\t<div class=\"col-inner\"  >\n\t\t\t\n\t\t\t\n\n\t\t<div class=\"icon-box featured-box icon-box-left tooltip text-left is-small\" title=\"Rezist p\u00e2n\u0103 la 24 de ore \u00een ap\u0103\" >\n\t\t\t\t\t<div class=\"icon-box-img\" style=\"width: 75px\">\n\t\t\t\t<div class=\"icon\">\n\t\t\t\t\t<div class=\"icon-inner\" >\n\t\t\t\t\t\t<img width=\"90\" height=\"90\" src=\"https:\/\/ceramic.md\/wp-content\/uploads\/2025\/06\/water-rezistance-icon-1.png\" class=\"attachment-medium size-medium\" alt=\"\">\t\t\t\t\t<\/div>\n\t\t\t\t<\/div>\n\t\t\t<\/div>\n\t\t\t\t<div class=\"icon-box-text last-reset\">\n\t\t\t\t\t\t\t\t\t\n\t\t<\/div>\n\t<\/div>\n\t\n\t\n\t\t<\/div>\n\t\t\t\t\t<\/div>\n\n\t\n\n\t<div id=\"col-90668159\" class=\"col medium-2 small-6 large-2\"  >\n\t\t\t\t<div class=\"col-inner\"  >\n\t\t\t\n\t\t\t\n\n\t\t<div class=\"icon-box featured-box icon-box-left tooltip text-left is-small\" title=\"fasca din 4 p\u0103r\u021bi\" >\n\t\t\t\t\t<div class=\"icon-box-img\" style=\"width: 80px\">\n\t\t\t\t<div class=\"icon\">\n\t\t\t\t\t<div class=\"icon-inner\" >\n\t\t\t\t\t\t<img width=\"163\" height=\"157\" src=\"https:\/\/ceramic.md\/wp-content\/uploads\/2021\/12\/v4-icon.png\" class=\"attachment-medium size-medium\" alt=\"\">\t\t\t\t\t<\/div>\n\t\t\t\t<\/div>\n\t\t\t<\/div>\n\t\t\t\t<div class=\"icon-box-text last-reset\">\n\t\t\t\t\t\t\t\t\t\n\t\t<\/div>\n\t<\/div>\n\t\n\t\n\t\t<\/div>\n\t\t\t\t\t<\/div>\n\n\t\n<\/div>\n<p>&nbsp;<\/p>\n<p><strong>Cantitatea pachetului<\/strong><strong>:<\/strong> 1,3551 m\u00b2 (6 buc)<\/p>\n<p><strong>Greutatea pachetului<\/strong><strong>:<\/strong> 14,6 kg<\/p>\n<p><strong>Dimensiune foaiei<\/strong><strong>:\u00a0<\/strong>1195x198x<a href=\"https:\/\/ceramic.md\/product-category\/laminat-si-accesorii\/laminat\/?filter_grosime=12mm\">12 mm<\/a><\/p>\n<p><strong>Clasa de rezisten\u021b\u0103:<\/strong> AC5\/33<\/p>\n<p><strong>Produc\u0103tor<\/strong><strong>:<\/strong> <a href=\"https:\/\/www.agtwood.com\/\" target=\"_blank\" rel=\"noopener\">AGT<\/a>, Turcia<\/p>\n<p><strong>Colec\u021bie<\/strong><strong>:<\/strong> Marco Polo Premium<\/p>","protected":false},"excerpt":{"rendered":"<p><strong>Laminat<\/strong> 12 mm, clasa 33 &#8211; AGT Marco Polo Premium Kaledonya PRK-921<\/p>\n","protected":false},"featured_media":22287,"template":"","meta":[],"product_cat":[616,39],"product_tag":[],"_links":{"self":[{"href":"https:\/\/ceramic.md\/ro\/wp-json\/wp\/v2\/product\/22286"}],"collection":[{"href":"https:\/\/ceramic.md\/ro\/wp-json\/wp\/v2\/product"}],"about":[{"href":"https:\/\/ceramic.md\/ro\/wp-json\/wp\/v2\/types\/product"}],"wp:featuredmedia":[{"embeddable":true,"href":"https:\/\/ceramic.md\/ro\/wp-json\/wp\/v2\/media\/22287"}],"wp:attachment":[{"href":"https:\/\/ceramic.md\/ro\/wp-json\/wp\/v2\/media?parent=22286"}],"wp:term":[{"taxonomy":"product_cat","embeddable":true,"href":"https:\/\/ceramic.md\/ro\/wp-json\/wp\/v2\/product_cat?post=22286"},{"taxonomy":"product_tag","embeddable":true,"href":"https:\/\/ceramic.md\/ro\/wp-json\/wp\/v2\/product_tag?post=22286"}],"curies":[{"name":"wp","href":"https:\/\/api.w.org\/{rel}","templated":true}]}}