{"id":22386,"date":"2025-06-10T17:26:06","date_gmt":"2025-06-10T14:26:06","guid":{"rendered":"https:\/\/ceramic.md\/?post_type=product&#038;p=22386"},"modified":"2025-06-10T17:35:01","modified_gmt":"2025-06-10T14:35:01","slug":"agt-effect-premium-ural-prk-907","status":"publish","type":"product","link":"https:\/\/ceramic.md\/ro\/product\/agt-effect-premium-ural-prk-907\/","title":{"rendered":"AGT Effect Premium Ural PRK-907 12mm"},"content":{"rendered":"<h4>Laminat pentru podea AGT Effect Premium Ural PRK-907<\/h4>\n<p data-start=\"931\" data-end=\"1400\"><strong>Colec\u021bia Effect Premium<\/strong> \u2014 este \u00eentruchiparea stilului rafinat \u0219i a durabilit\u0103\u021bii. Combin\u00e2nd linii clasice \u0219i moderne, confer\u0103 interiorului prestigiu \u0219i confort. Datorit\u0103 diversit\u0103\u021bii texturilor \u0219i nuan\u021belor, aceast\u0103 colec\u021bie permite crearea unor spa\u021bii at\u00e2t calde \u0219i primitoare, c\u00e2t \u0219i elegante \u0219i expresive.<\/p>\n<p data-start=\"1402\" data-end=\"1426\"><strong data-start=\"1402\" data-end=\"1426\">Avantajele colec\u021biei<\/strong><\/p>\n<ul data-start=\"1428\" data-end=\"1842\">\n<li data-start=\"1428\" data-end=\"1510\">\n<p data-start=\"807\" data-end=\"939\"><strong>Design elegant:<\/strong> texturi unice \u0219i tranzi\u021bii de culoare care creeaz\u0103 o atmosfer\u0103 inconfundabil\u0103 \u00een \u00eenc\u0103pere.<\/p>\n<\/li>\n<li data-start=\"1428\" data-end=\"1510\">\n<p data-start=\"807\" data-end=\"939\"><strong>Durabilitate:<\/strong> materiale de \u00eenalt\u0103 calitate \u0219i clasa de rezisten\u021b\u0103 la uzur\u0103 AC5\u201333 asigur\u0103 o durat\u0103 lung\u0103 de via\u021b\u0103.<\/p>\n<\/li>\n<li data-start=\"1428\" data-end=\"1510\">\n<p data-start=\"807\" data-end=\"939\"><strong>Versatilitate:<\/strong> potrivit\u0103 pentru diferite stiluri de interior \u2014 de la clasic la modern.<\/p>\n<\/li>\n<li data-start=\"1428\" data-end=\"1510\">\n<p data-start=\"807\" data-end=\"939\"><strong>U\u0219urin\u021b\u0103 \u00een montaj:<\/strong> sistemul de \u00eenchidere L2C permite instalarea rapid\u0103 \u0219i facil\u0103.<\/p>\n<\/li>\n<li data-start=\"1428\" data-end=\"1510\">\n<p data-start=\"807\" data-end=\"939\"><strong>Ecologic:<\/strong> respect\u0103 standardele ecologice moderne.<\/p>\n<\/li>\n<\/ul>\n<div class=\"row\"  id=\"row-722127204\">\n\n\t<div id=\"col-2024511386\" class=\"col medium-2 small-6 large-2\"  >\n\t\t\t\t<div class=\"col-inner\"  >\n\t\t\t\n\t\t\t\n\n\t\t<div class=\"icon-box featured-box icon-box-left tooltip text-left is-small\" title=\"12 \u043c\u043c grosimea pl\u0103cii\" style=\"margin:0 0px 0px 0px;\">\n\t\t\t\t\t<div class=\"icon-box-img\" style=\"width: 80px\">\n\t\t\t\t<div class=\"icon\">\n\t\t\t\t\t<div class=\"icon-inner\" >\n\t\t\t\t\t\t<img width=\"157\" height=\"157\" src=\"https:\/\/ceramic.md\/wp-content\/uploads\/2021\/12\/12mm-icon.png\" class=\"attachment-medium size-medium\" alt=\"\" srcset=\"https:\/\/ceramic.md\/wp-content\/uploads\/2021\/12\/12mm-icon.png 157w, https:\/\/ceramic.md\/wp-content\/uploads\/2021\/12\/12mm-icon-100x100.png 100w\" sizes=\"(max-width: 157px) 100vw, 157px\">\t\t\t\t\t<\/div>\n\t\t\t\t<\/div>\n\t\t\t<\/div>\n\t\t\t\t<div class=\"icon-box-text last-reset\">\n\t\t\t\t\t\t\t\t\t\n\t\t<\/div>\n\t<\/div>\n\t\n\t\n\t\t<\/div>\n\t\t\t\t\t<\/div>\n\n\t\n\n\t<div id=\"col-2109954453\" class=\"col medium-2 small-6 large-2\"  >\n\t\t\t\t<div class=\"col-inner\"  >\n\t\t\t\n\t\t\t\n\n\t\t<div class=\"icon-box featured-box icon-box-left tooltip text-left is-small\" title=\"AC5 clasa de abraziune\" >\n\t\t\t\t\t<div class=\"icon-box-img\" style=\"width: 80px\">\n\t\t\t\t<div class=\"icon\">\n\t\t\t\t\t<div class=\"icon-inner\" >\n\t\t\t\t\t\t<img width=\"157\" height=\"157\" src=\"https:\/\/ceramic.md\/wp-content\/uploads\/2021\/12\/ac5-icon.png\" class=\"attachment-medium size-medium\" alt=\"\" srcset=\"https:\/\/ceramic.md\/wp-content\/uploads\/2021\/12\/ac5-icon.png 157w, https:\/\/ceramic.md\/wp-content\/uploads\/2021\/12\/ac5-icon-100x100.png 100w\" sizes=\"(max-width: 157px) 100vw, 157px\">\t\t\t\t\t<\/div>\n\t\t\t\t<\/div>\n\t\t\t<\/div>\n\t\t\t\t<div class=\"icon-box-text last-reset\">\n\t\t\t\t\t\t\t\t\t\n\t\t<\/div>\n\t<\/div>\n\t\n\t\n\t\t<\/div>\n\t\t\t\t\t<\/div>\n\n\t\n\n\t<div id=\"col-1307229038\" class=\"col medium-2 small-6 large-2\"  >\n\t\t\t\t<div class=\"col-inner\"  >\n\t\t\t\n\t\t\t\n\n\t\t<div class=\"icon-box featured-box icon-box-left tooltip text-left is-small\" title=\"33 clasa de rezisten\u021b\u0103\" >\n\t\t\t\t\t<div class=\"icon-box-img\" style=\"width: 80px\">\n\t\t\t\t<div class=\"icon\">\n\t\t\t\t\t<div class=\"icon-inner\" >\n\t\t\t\t\t\t<img width=\"157\" height=\"157\" src=\"https:\/\/ceramic.md\/wp-content\/uploads\/2021\/12\/class-33-icon.png\" class=\"attachment-medium size-medium\" alt=\"\" srcset=\"https:\/\/ceramic.md\/wp-content\/uploads\/2021\/12\/class-33-icon.png 157w, https:\/\/ceramic.md\/wp-content\/uploads\/2021\/12\/class-33-icon-100x100.png 100w\" sizes=\"(max-width: 157px) 100vw, 157px\">\t\t\t\t\t<\/div>\n\t\t\t\t<\/div>\n\t\t\t<\/div>\n\t\t\t\t<div class=\"icon-box-text last-reset\">\n\t\t\t\t\t\t\t\t\t\n\t\t<\/div>\n\t<\/div>\n\t\n\t\n\t\t<\/div>\n\t\t\t\t\t<\/div>\n\n\t\n\n\t<div id=\"col-1576157450\" class=\"col medium-2 small-6 large-2\"  >\n\t\t\t\t<div class=\"col-inner\"  >\n\t\t\t\n\t\t\t\n\n\t\t<div class=\"icon-box featured-box icon-box-left tooltip text-left is-small\" title=\"30 ani garan\u021bie \u00een spa\u021bii de locuit\" >\n\t\t\t\t\t<div class=\"icon-box-img\" style=\"width: 80px\">\n\t\t\t\t<div class=\"icon\">\n\t\t\t\t\t<div class=\"icon-inner\" >\n\t\t\t\t\t\t<img width=\"157\" height=\"157\" src=\"https:\/\/ceramic.md\/wp-content\/uploads\/2021\/12\/30years-garranty-icon.png\" class=\"attachment-medium size-medium\" alt=\"\" srcset=\"https:\/\/ceramic.md\/wp-content\/uploads\/2021\/12\/30years-garranty-icon.png 157w, https:\/\/ceramic.md\/wp-content\/uploads\/2021\/12\/30years-garranty-icon-100x100.png 100w\" sizes=\"(max-width: 157px) 100vw, 157px\">\t\t\t\t\t<\/div>\n\t\t\t\t<\/div>\n\t\t\t<\/div>\n\t\t\t\t<div class=\"icon-box-text last-reset\">\n\t\t\t\t\t\t\t\t\t\n\t\t<\/div>\n\t<\/div>\n\t\n\t\n\t\t<\/div>\n\t\t\t\t\t<\/div>\n\n\t\n<\/div>\n<div class=\"row\"  id=\"row-1634172763\">\n\n\t<div id=\"col-1925961820\" class=\"col medium-2 small-6 large-2\"  >\n\t\t\t\t<div class=\"col-inner\"  >\n\t\t\t\n\t\t\t\n\n\t\t<div class=\"icon-box featured-box icon-box-left tooltip text-left is-small\" title=\"pentru podele calde\" >\n\t\t\t\t\t<div class=\"icon-box-img\" style=\"width: 80px\">\n\t\t\t\t<div class=\"icon\">\n\t\t\t\t\t<div class=\"icon-inner\" >\n\t\t\t\t\t\t<img width=\"157\" height=\"157\" src=\"https:\/\/ceramic.md\/wp-content\/uploads\/2021\/12\/warm-floor-icon.png\" class=\"attachment-medium size-medium\" alt=\"\" srcset=\"https:\/\/ceramic.md\/wp-content\/uploads\/2021\/12\/warm-floor-icon.png 157w, https:\/\/ceramic.md\/wp-content\/uploads\/2021\/12\/warm-floor-icon-100x100.png 100w\" sizes=\"(max-width: 157px) 100vw, 157px\">\t\t\t\t\t<\/div>\n\t\t\t\t<\/div>\n\t\t\t<\/div>\n\t\t\t\t<div class=\"icon-box-text last-reset\">\n\t\t\t\t\t\t\t\t\t\n\t\t<\/div>\n\t<\/div>\n\t\n\t\n\t\t<\/div>\n\t\t\t\t\t<\/div>\n\n\t\n\n\t<div id=\"col-1998696718\" class=\"col medium-2 small-6 large-2\"  >\n\t\t\t\t<div class=\"col-inner\"  >\n\t\t\t\n\t\t\t\n\n\t\t<div class=\"icon-box featured-box icon-box-left tooltip text-left is-small\" title=\"3D structura\" >\n\t\t\t\t\t<div class=\"icon-box-img\" style=\"width: 80px\">\n\t\t\t\t<div class=\"icon\">\n\t\t\t\t\t<div class=\"icon-inner\" >\n\t\t\t\t\t\t<img width=\"157\" height=\"157\" src=\"https:\/\/ceramic.md\/wp-content\/uploads\/2021\/12\/3d-structure-icon.png\" class=\"attachment-medium size-medium\" alt=\"\" srcset=\"https:\/\/ceramic.md\/wp-content\/uploads\/2021\/12\/3d-structure-icon.png 157w, https:\/\/ceramic.md\/wp-content\/uploads\/2021\/12\/3d-structure-icon-100x100.png 100w\" sizes=\"(max-width: 157px) 100vw, 157px\">\t\t\t\t\t<\/div>\n\t\t\t\t<\/div>\n\t\t\t<\/div>\n\t\t\t\t<div class=\"icon-box-text last-reset\">\n\t\t\t\t\t\t\t\t\t\n\t\t<\/div>\n\t<\/div>\n\t\n\t\n\t\t<\/div>\n\t\t\t\t\t<\/div>\n\n\t\n\n\t<div id=\"col-1302189038\" class=\"col medium-2 small-6 large-2\"  >\n\t\t\t\t<div class=\"col-inner\"  >\n\t\t\t\n\t\t\t\n\n\t\t<div class=\"icon-box featured-box icon-box-left tooltip text-left is-small\" title=\"Rezist p\u00e2n\u0103 la 24 de ore \u00een ap\u0103\" >\n\t\t\t\t\t<div class=\"icon-box-img\" style=\"width: 75px\">\n\t\t\t\t<div class=\"icon\">\n\t\t\t\t\t<div class=\"icon-inner\" >\n\t\t\t\t\t\t<img width=\"90\" height=\"90\" src=\"https:\/\/ceramic.md\/wp-content\/uploads\/2025\/06\/water-rezistance-icon-1.png\" class=\"attachment-medium size-medium\" alt=\"\">\t\t\t\t\t<\/div>\n\t\t\t\t<\/div>\n\t\t\t<\/div>\n\t\t\t\t<div class=\"icon-box-text last-reset\">\n\t\t\t\t\t\t\t\t\t\n\t\t<\/div>\n\t<\/div>\n\t\n\t\n\t\t<\/div>\n\t\t\t\t\t<\/div>\n\n\t\n\n\t<div id=\"col-135950080\" class=\"col medium-2 small-6 large-2\"  >\n\t\t\t\t<div class=\"col-inner\"  >\n\t\t\t\n\t\t\t\n\n\t\t<div class=\"icon-box featured-box icon-box-left tooltip text-left is-small\" title=\"fasca din 4 p\u0103r\u021bi\" >\n\t\t\t\t\t<div class=\"icon-box-img\" style=\"width: 80px\">\n\t\t\t\t<div class=\"icon\">\n\t\t\t\t\t<div class=\"icon-inner\" >\n\t\t\t\t\t\t<img width=\"163\" height=\"157\" src=\"https:\/\/ceramic.md\/wp-content\/uploads\/2021\/12\/v4-icon.png\" class=\"attachment-medium size-medium\" alt=\"\">\t\t\t\t\t<\/div>\n\t\t\t\t<\/div>\n\t\t\t<\/div>\n\t\t\t\t<div class=\"icon-box-text last-reset\">\n\t\t\t\t\t\t\t\t\t\n\t\t<\/div>\n\t<\/div>\n\t\n\t\n\t\t<\/div>\n\t\t\t\t\t<\/div>\n\n\t\n<\/div>\n<p>&nbsp;<\/p>\n<p><strong>Cantitatea pachetului<\/strong><strong>:<\/strong> 1,3551 m\u00b2 (6 buc)<\/p>\n<p><strong>Greutatea pachetului<\/strong><strong>:<\/strong> 14,6 kg<\/p>\n<p><strong>Dimensiune foaiei<\/strong><strong>:\u00a0<\/strong>1195x198x<a href=\"https:\/\/ceramic.md\/product-category\/laminat-si-accesorii\/laminat\/?filter_grosime=12mm\">12 mm<\/a><\/p>\n<p><strong>Clasa de rezisten\u021b\u0103:<\/strong> AC5\/33<\/p>\n<p><strong>Produc\u0103tor<\/strong><strong>:<\/strong> <a href=\"https:\/\/www.agtwood.com\/\" target=\"_blank\" rel=\"noopener\">AGT<\/a>, Turcia<\/p>\n<p><strong>Colec\u021bie<\/strong><strong>:<\/strong> Effect Premium<\/p>","protected":false},"excerpt":{"rendered":"<p><strong>Laminat<\/strong> 12 mm, clasa 33 &#8211; AGT Effect Premium Ural PRK-907<\/p>\n","protected":false},"featured_media":22387,"template":"","meta":[],"product_cat":[616,39],"product_tag":[],"_links":{"self":[{"href":"https:\/\/ceramic.md\/ro\/wp-json\/wp\/v2\/product\/22386"}],"collection":[{"href":"https:\/\/ceramic.md\/ro\/wp-json\/wp\/v2\/product"}],"about":[{"href":"https:\/\/ceramic.md\/ro\/wp-json\/wp\/v2\/types\/product"}],"wp:featuredmedia":[{"embeddable":true,"href":"https:\/\/ceramic.md\/ro\/wp-json\/wp\/v2\/media\/22387"}],"wp:attachment":[{"href":"https:\/\/ceramic.md\/ro\/wp-json\/wp\/v2\/media?parent=22386"}],"wp:term":[{"taxonomy":"product_cat","embeddable":true,"href":"https:\/\/ceramic.md\/ro\/wp-json\/wp\/v2\/product_cat?post=22386"},{"taxonomy":"product_tag","embeddable":true,"href":"https:\/\/ceramic.md\/ro\/wp-json\/wp\/v2\/product_tag?post=22386"}],"curies":[{"name":"wp","href":"https:\/\/api.w.org\/{rel}","templated":true}]}}