{"id":22471,"date":"2025-06-11T13:58:55","date_gmt":"2025-06-11T10:58:55","guid":{"rendered":"https:\/\/ceramic.md\/?post_type=product&#038;p=22471"},"modified":"2025-06-11T14:21:22","modified_gmt":"2025-06-11T11:21:22","slug":"agt-effect-logan-prk-914","status":"publish","type":"product","link":"https:\/\/ceramic.md\/ro\/product\/agt-effect-logan-prk-914\/","title":{"rendered":"AGT Effect Logan PRK-914 8mm"},"content":{"rendered":"<h4>Laminat pentru podea AGT Effect Logan PRK-914<\/h4>\n<p data-start=\"1044\" data-end=\"1305\"><strong data-start=\"1044\" data-end=\"1063\">Colec\u021bia Effect<\/strong> de la AGT este un laminat modern cu embossaj 3D Register Emboss, menit s\u0103 ofere textura autentic\u0103 a lemnului \u0219i confort estetic \u00een orice interior. Aceast\u0103 serie combin\u0103 practic \u0219i frumos, fiind potrivit\u0103 pentru locuin\u021be \u0219i spa\u021bii de birouri.<\/p>\n<p data-start=\"1307\" data-end=\"1331\"><strong data-start=\"1307\" data-end=\"1331\">Avantajele colec\u021biei<\/strong><\/p>\n<ul data-start=\"1333\" data-end=\"1830\">\n<li data-start=\"1333\" data-end=\"1415\">\n<p data-start=\"1335\" data-end=\"1415\"><span class=\"relative -mx-px my-[-0.2rem] rounded px-px py-[0.2rem] transition-colors duration-100 ease-in-out\"><strong data-start=\"0\" data-end=\"24\" data-is-only-node=\"\">Embossaj 3D inovator<\/strong>: tehnologia Register Emboss red\u0103 textura real\u0103 a fibrei lemnului \u2014 lemnul este perceptibil la atingere<\/span>.<\/p>\n<\/li>\n<li data-start=\"1416\" data-end=\"1498\">\n<p data-start=\"1418\" data-end=\"1498\"><span class=\"relative -mx-px my-[-0.2rem] rounded px-px py-[0.2rem] transition-colors duration-100 ease-in-out\"><strong data-start=\"0\" data-end=\"52\" data-is-only-node=\"\">Durabilitate ridicat\u0103 AC5 <\/strong>: disponibile variante de grosime 8 mm (AC5\/W33), potrivite pentru trafic mediu \u0219i intens<\/span>.<\/p>\n<\/li>\n<li data-start=\"1499\" data-end=\"1581\">\n<p data-start=\"1501\" data-end=\"1581\"><span class=\"relative -mx-px my-[-0.2rem] rounded px-px py-[0.2rem] transition-colors duration-100 ease-in-out\"><strong data-start=\"0\" data-end=\"36\" data-is-only-node=\"\">Rezisten\u021b\u0103 la ap\u0103 p\u00e2n\u0103 la 24 ore<\/strong>: protejeaz\u0103 dup\u0103 v\u0103rs\u0103ri accidentale \u2014 pardoseala \u00ee\u0219i p\u0103streaz\u0103 frumuse\u021bea<\/span>.<\/p>\n<\/li>\n<li data-start=\"1582\" data-end=\"1664\">\n<p data-start=\"1584\" data-end=\"1664\"><span class=\"relative -mx-px my-[-0.2rem] rounded px-px py-[0.2rem] transition-colors duration-100 ease-in-out\"><strong data-start=\"0\" data-end=\"42\" data-is-only-node=\"\">Compatibil cu \u00eenc\u0103lzirea \u00een pardoseal\u0103<\/strong>: testat \u0219i certificat pentru sisteme de \u00eenc\u0103lzire \u00een pardoseal\u0103<\/span>.<\/p>\n<\/li>\n<li data-start=\"1665\" data-end=\"1747\">\n<p data-start=\"1667\" data-end=\"1747\"><span class=\"relative -mx-px my-[-0.2rem] rounded px-px py-[0.2rem] transition-colors duration-100 ease-in-out\"><strong data-start=\"0\" data-end=\"29\" data-is-only-node=\"\">Sistem robust de clic L2C<\/strong>: montaj rapid \u0219i exact, f\u0103r\u0103 adeziv, cu unirea perfect\u0103 a pl\u0103cilor<\/span>.<\/p>\n<\/li>\n<li data-start=\"1748\" data-end=\"1830\">\n<p data-start=\"1750\" data-end=\"1830\"><span class=\"relative -mx-px my-[-0.2rem] rounded px-px py-[0.2rem] transition-colors duration-100 ease-in-out\"><strong data-start=\"0\" data-end=\"21\" data-is-only-node=\"\">Ecologic \u0219i sigur<\/strong>: plac\u0103 HDF cu suprafa\u021b\u0103 antibacterian\u0103, conform\u0103 EN13329, cu certificate EO, Blue Angel, PEFC.<\/span><\/p>\n<\/li>\n<\/ul>\n<div class=\"row\"  id=\"row-515165276\">\n\n\t<div id=\"col-1835220763\" class=\"col medium-2 small-6 large-2\"  >\n\t\t\t\t<div class=\"col-inner\"  >\n\t\t\t\n\t\t\t\n\n\t\t<div class=\"icon-box featured-box icon-box-left tooltip text-left is-small\" title=\"8 \u043c\u043c grosimea pl\u0103cii\" style=\"margin:0 0px 0px 0px;\">\n\t\t\t\t\t<div class=\"icon-box-img\" style=\"width: 80px\">\n\t\t\t\t<div class=\"icon\">\n\t\t\t\t\t<div class=\"icon-inner\" >\n\t\t\t\t\t\t<img width=\"157\" height=\"157\" src=\"https:\/\/ceramic.md\/wp-content\/uploads\/2021\/12\/8mm-icon.png\" class=\"attachment-medium size-medium\" alt=\"\" srcset=\"https:\/\/ceramic.md\/wp-content\/uploads\/2021\/12\/8mm-icon.png 157w, https:\/\/ceramic.md\/wp-content\/uploads\/2021\/12\/8mm-icon-100x100.png 100w\" sizes=\"(max-width: 157px) 100vw, 157px\">\t\t\t\t\t<\/div>\n\t\t\t\t<\/div>\n\t\t\t<\/div>\n\t\t\t\t<div class=\"icon-box-text last-reset\">\n\t\t\t\t\t\t\t\t\t\n\t\t<\/div>\n\t<\/div>\n\t\n\t\n\t\t<\/div>\n\t\t\t\t\t<\/div>\n\n\t\n\n\t<div id=\"col-2025937610\" class=\"col medium-2 small-6 large-2\"  >\n\t\t\t\t<div class=\"col-inner\"  >\n\t\t\t\n\t\t\t\n\n\t\t<div class=\"icon-box featured-box icon-box-left tooltip text-left is-small\" title=\"AC5 clasa de abraziune\" >\n\t\t\t\t\t<div class=\"icon-box-img\" style=\"width: 80px\">\n\t\t\t\t<div class=\"icon\">\n\t\t\t\t\t<div class=\"icon-inner\" >\n\t\t\t\t\t\t<img width=\"157\" height=\"157\" src=\"https:\/\/ceramic.md\/wp-content\/uploads\/2021\/12\/ac5-icon.png\" class=\"attachment-medium size-medium\" alt=\"\" srcset=\"https:\/\/ceramic.md\/wp-content\/uploads\/2021\/12\/ac5-icon.png 157w, https:\/\/ceramic.md\/wp-content\/uploads\/2021\/12\/ac5-icon-100x100.png 100w\" sizes=\"(max-width: 157px) 100vw, 157px\">\t\t\t\t\t<\/div>\n\t\t\t\t<\/div>\n\t\t\t<\/div>\n\t\t\t\t<div class=\"icon-box-text last-reset\">\n\t\t\t\t\t\t\t\t\t\n\t\t<\/div>\n\t<\/div>\n\t\n\t\n\t\t<\/div>\n\t\t\t\t\t<\/div>\n\n\t\n\n\t<div id=\"col-952539946\" class=\"col medium-2 small-6 large-2\"  >\n\t\t\t\t<div class=\"col-inner\"  >\n\t\t\t\n\t\t\t\n\n\t\t<div class=\"icon-box featured-box icon-box-left tooltip text-left is-small\" title=\"33 clasa de rezisten\u021b\u0103\" >\n\t\t\t\t\t<div class=\"icon-box-img\" style=\"width: 80px\">\n\t\t\t\t<div class=\"icon\">\n\t\t\t\t\t<div class=\"icon-inner\" >\n\t\t\t\t\t\t<img width=\"157\" height=\"157\" src=\"https:\/\/ceramic.md\/wp-content\/uploads\/2021\/12\/class-33-icon.png\" class=\"attachment-medium size-medium\" alt=\"\" srcset=\"https:\/\/ceramic.md\/wp-content\/uploads\/2021\/12\/class-33-icon.png 157w, https:\/\/ceramic.md\/wp-content\/uploads\/2021\/12\/class-33-icon-100x100.png 100w\" sizes=\"(max-width: 157px) 100vw, 157px\">\t\t\t\t\t<\/div>\n\t\t\t\t<\/div>\n\t\t\t<\/div>\n\t\t\t\t<div class=\"icon-box-text last-reset\">\n\t\t\t\t\t\t\t\t\t\n\t\t<\/div>\n\t<\/div>\n\t\n\t\n\t\t<\/div>\n\t\t\t\t\t<\/div>\n\n\t\n\n\t<div id=\"col-1476294880\" class=\"col medium-2 small-6 large-2\"  >\n\t\t\t\t<div class=\"col-inner\"  >\n\t\t\t\n\t\t\t\n\n\t\t<div class=\"icon-box featured-box icon-box-left tooltip text-left is-small\" title=\"30 ani garan\u021bie \u00een spa\u021bii de locuit\" >\n\t\t\t\t\t<div class=\"icon-box-img\" style=\"width: 80px\">\n\t\t\t\t<div class=\"icon\">\n\t\t\t\t\t<div class=\"icon-inner\" >\n\t\t\t\t\t\t<img width=\"157\" height=\"157\" src=\"https:\/\/ceramic.md\/wp-content\/uploads\/2021\/12\/30years-garranty-icon.png\" class=\"attachment-medium size-medium\" alt=\"\" srcset=\"https:\/\/ceramic.md\/wp-content\/uploads\/2021\/12\/30years-garranty-icon.png 157w, https:\/\/ceramic.md\/wp-content\/uploads\/2021\/12\/30years-garranty-icon-100x100.png 100w\" sizes=\"(max-width: 157px) 100vw, 157px\">\t\t\t\t\t<\/div>\n\t\t\t\t<\/div>\n\t\t\t<\/div>\n\t\t\t\t<div class=\"icon-box-text last-reset\">\n\t\t\t\t\t\t\t\t\t\n\t\t<\/div>\n\t<\/div>\n\t\n\t\n\t\t<\/div>\n\t\t\t\t\t<\/div>\n\n\t\n<\/div>\n<div class=\"row\"  id=\"row-905481988\">\n\n\t<div id=\"col-1779945765\" class=\"col medium-2 small-6 large-2\"  >\n\t\t\t\t<div class=\"col-inner\"  >\n\t\t\t\n\t\t\t\n\n\t\t<div class=\"icon-box featured-box icon-box-left tooltip text-left is-small\" title=\"pentru podele calde\" >\n\t\t\t\t\t<div class=\"icon-box-img\" style=\"width: 80px\">\n\t\t\t\t<div class=\"icon\">\n\t\t\t\t\t<div class=\"icon-inner\" >\n\t\t\t\t\t\t<img width=\"157\" height=\"157\" src=\"https:\/\/ceramic.md\/wp-content\/uploads\/2021\/12\/warm-floor-icon.png\" class=\"attachment-medium size-medium\" alt=\"\" srcset=\"https:\/\/ceramic.md\/wp-content\/uploads\/2021\/12\/warm-floor-icon.png 157w, https:\/\/ceramic.md\/wp-content\/uploads\/2021\/12\/warm-floor-icon-100x100.png 100w\" sizes=\"(max-width: 157px) 100vw, 157px\">\t\t\t\t\t<\/div>\n\t\t\t\t<\/div>\n\t\t\t<\/div>\n\t\t\t\t<div class=\"icon-box-text last-reset\">\n\t\t\t\t\t\t\t\t\t\n\t\t<\/div>\n\t<\/div>\n\t\n\t\n\t\t<\/div>\n\t\t\t\t\t<\/div>\n\n\t\n\n\t<div id=\"col-920556087\" class=\"col medium-2 small-6 large-2\"  >\n\t\t\t\t<div class=\"col-inner\"  >\n\t\t\t\n\t\t\t\n\n\t\t<div class=\"icon-box featured-box icon-box-left tooltip text-left is-small\" title=\"3D structura\" >\n\t\t\t\t\t<div class=\"icon-box-img\" style=\"width: 80px\">\n\t\t\t\t<div class=\"icon\">\n\t\t\t\t\t<div class=\"icon-inner\" >\n\t\t\t\t\t\t<img width=\"157\" height=\"157\" src=\"https:\/\/ceramic.md\/wp-content\/uploads\/2021\/12\/3d-structure-icon.png\" class=\"attachment-medium size-medium\" alt=\"\" srcset=\"https:\/\/ceramic.md\/wp-content\/uploads\/2021\/12\/3d-structure-icon.png 157w, https:\/\/ceramic.md\/wp-content\/uploads\/2021\/12\/3d-structure-icon-100x100.png 100w\" sizes=\"(max-width: 157px) 100vw, 157px\">\t\t\t\t\t<\/div>\n\t\t\t\t<\/div>\n\t\t\t<\/div>\n\t\t\t\t<div class=\"icon-box-text last-reset\">\n\t\t\t\t\t\t\t\t\t\n\t\t<\/div>\n\t<\/div>\n\t\n\t\n\t\t<\/div>\n\t\t\t\t\t<\/div>\n\n\t\n\n\t<div id=\"col-1773047839\" class=\"col medium-2 small-6 large-2\"  >\n\t\t\t\t<div class=\"col-inner\"  >\n\t\t\t\n\t\t\t\n\n\t\t<div class=\"icon-box featured-box icon-box-left tooltip text-left is-small\" title=\"Structura lemnului\" >\n\t\t\t\t\t<div class=\"icon-box-img\" style=\"width: 75px\">\n\t\t\t\t<div class=\"icon\">\n\t\t\t\t\t<div class=\"icon-inner\" >\n\t\t\t\t\t\t<img width=\"157\" height=\"157\" src=\"https:\/\/ceramic.md\/wp-content\/uploads\/2021\/12\/wood-structure-icon.png\" class=\"attachment-medium size-medium\" alt=\"\" srcset=\"https:\/\/ceramic.md\/wp-content\/uploads\/2021\/12\/wood-structure-icon.png 157w, https:\/\/ceramic.md\/wp-content\/uploads\/2021\/12\/wood-structure-icon-100x100.png 100w\" sizes=\"(max-width: 157px) 100vw, 157px\">\t\t\t\t\t<\/div>\n\t\t\t\t<\/div>\n\t\t\t<\/div>\n\t\t\t\t<div class=\"icon-box-text last-reset\">\n\t\t\t\t\t\t\t\t\t\n\t\t<\/div>\n\t<\/div>\n\t\n\t\n\t\t<\/div>\n\t\t\t\t\t<\/div>\n\n\t\n\n\t<div id=\"col-1245313388\" class=\"col medium-2 small-6 large-2\"  >\n\t\t\t\t<div class=\"col-inner\"  >\n\t\t\t\n\t\t\t\n\n\t\t<div class=\"icon-box featured-box icon-box-left tooltip text-left is-small\" title=\"fasca din 4 p\u0103r\u021bi\" >\n\t\t\t\t\t<div class=\"icon-box-img\" style=\"width: 80px\">\n\t\t\t\t<div class=\"icon\">\n\t\t\t\t\t<div class=\"icon-inner\" >\n\t\t\t\t\t\t<img width=\"163\" height=\"157\" src=\"https:\/\/ceramic.md\/wp-content\/uploads\/2021\/12\/v4-icon.png\" class=\"attachment-medium size-medium\" alt=\"\">\t\t\t\t\t<\/div>\n\t\t\t\t<\/div>\n\t\t\t<\/div>\n\t\t\t\t<div class=\"icon-box-text last-reset\">\n\t\t\t\t\t\t\t\t\t\n\t\t<\/div>\n\t<\/div>\n\t\n\t\n\t\t<\/div>\n\t\t\t\t\t<\/div>\n\n\t\n<\/div>\n<p>&nbsp;<\/p>\n<p><strong>Cantitatea pachetului<\/strong><strong>:<\/strong> 1,8336 m\u00b2 (8 buc)<\/p>\n<p><strong>Greutatea pachetului<\/strong><strong>:<\/strong> 13,2 kg<\/p>\n<p><strong>Dimensiune foaiei<\/strong><strong>:\u00a0<\/strong>1200x191x<a href=\"https:\/\/ceramic.md\/product-category\/laminat-si-accesorii\/laminat\/?filter_grosime=8mm\">8 mm<\/a><\/p>\n<p><strong>Clasa de rezisten\u021b\u0103:<\/strong> AC5\/33<\/p>\n<p><strong>Produc\u0103tor<\/strong><strong>:<\/strong> <a href=\"https:\/\/www.agtwood.com\/\" target=\"_blank\" rel=\"noopener\">AGT<\/a>, Turcia<\/p>\n<p><strong>Colec\u021bie<\/strong><strong>:<\/strong> Effect<\/p>","protected":false},"excerpt":{"rendered":"<p><strong>Laminat<\/strong> 8 mm, clasa 33 &#8211; AGT Effect Logan PRK-914<\/p>\n","protected":false},"featured_media":22472,"template":"","meta":[],"product_cat":[616,39],"product_tag":[],"_links":{"self":[{"href":"https:\/\/ceramic.md\/ro\/wp-json\/wp\/v2\/product\/22471"}],"collection":[{"href":"https:\/\/ceramic.md\/ro\/wp-json\/wp\/v2\/product"}],"about":[{"href":"https:\/\/ceramic.md\/ro\/wp-json\/wp\/v2\/types\/product"}],"wp:featuredmedia":[{"embeddable":true,"href":"https:\/\/ceramic.md\/ro\/wp-json\/wp\/v2\/media\/22472"}],"wp:attachment":[{"href":"https:\/\/ceramic.md\/ro\/wp-json\/wp\/v2\/media?parent=22471"}],"wp:term":[{"taxonomy":"product_cat","embeddable":true,"href":"https:\/\/ceramic.md\/ro\/wp-json\/wp\/v2\/product_cat?post=22471"},{"taxonomy":"product_tag","embeddable":true,"href":"https:\/\/ceramic.md\/ro\/wp-json\/wp\/v2\/product_tag?post=22471"}],"curies":[{"name":"wp","href":"https:\/\/api.w.org\/{rel}","templated":true}]}}