{"id":22620,"date":"2025-07-25T10:32:22","date_gmt":"2025-07-25T07:32:22","guid":{"rendered":"https:\/\/ceramic.md\/?post_type=product&#038;p=22620"},"modified":"2025-12-17T15:46:28","modified_gmt":"2025-12-17T13:46:28","slug":"bien-seramik-leo","status":"publish","type":"product","link":"https:\/\/ceramic.md\/ro\/product\/bien-seramik-leo\/","title":{"rendered":"Vas WC suspendat cu instala\u021bie \u0219i buton Bien Seramik Leo"},"content":{"rendered":"<h4>Vas WC suspendat cu capac, instala\u021bie \u0219i buton de sp\u0103lare Bien Seramik Leo<\/h4>\n<p>Setul include: vas WC suspendat f\u0103r\u0103 ram\u0103 Bien Seramik Leo + capac WC PROPLAST cu microlift + instala<span class=\"relative -mx-px my-[-0.2rem] rounded px-px py-[0.2rem] transition-colors duration-100 ease-in-out\">\u021bie<\/span> Supreme Pro-D SUCD630000TB0 + buton de sp<span class=\"relative -mx-px my-[-0.2rem] rounded px-px py-[0.2rem] transition-colors duration-100 ease-in-out\">\u0103<\/span>lare Monet Hijyen Beyaz MTPACBW5W5MB0 (sort 1)<\/p>\n<p data-start=\"2737\" data-end=\"2855\"><strong data-start=\"2737\" data-end=\"2773\">Vas WC suspendat Bien Leo<\/strong><br data-start=\"2773\" data-end=\"2776\" \/><span class=\"relative -mx-px my-[-0.2rem] rounded px-px py-[0.2rem] transition-colors duration-100 ease-in-out\">Modelul LEKA052H3VP0W5000 \u2014 vas suspendat f\u0103r\u0103 ram\u0103 din colec\u021bia LEO, dimensiuni 520\u00d7355\u202fmm. Design f\u0103r\u0103 ram\u0103 pentru igien\u0103 ridicat\u0103 \u0219i cur\u0103\u021bare facil\u0103. Estetic modern, ideal pentru b\u0103i contemporary.<\/span><\/p>\n<p data-start=\"2857\" data-end=\"2972\"><strong data-start=\"2857\" data-end=\"2890\">Instala\u021bie Bien Supreme Pro\u2011D<\/strong><br data-start=\"2890\" data-end=\"2893\" \/><span class=\"relative -mx-px my-[-0.2rem] rounded px-px py-[0.2rem] transition-colors duration-100 ease-in-out\">Model SUCD630000TB0 \u2014 sistem de instala\u021bie \u00een perete cu cadru metalic, pentru montaj la perete. Sifon dublu capac (3\/6\u202fl), instalare rapid\u0103, eficient\u0103 \u0219i silen\u021bioas\u0103.<\/span><\/p>\n<p data-start=\"2974\" data-end=\"3096\"><strong data-start=\"2974\" data-end=\"3014\">Buton de sp\u0103lare Monet Hygiene Alb<\/strong><br data-start=\"3014\" data-end=\"3017\" \/><span class=\"relative -mx-px my-[-0.2rem] rounded px-px py-[0.2rem] transition-colors duration-100 ease-in-out\">Model MTPACBW5W5MB0 \u2014 panou Monet de culoare alb\u0103, func\u021bionare mecanic\u0103, dimensiuni ~245\u00d7163\u202fmm, design minimalist \u0219i igienic. Greutate net\u0103 ~0,35\u202fkg.<\/span><\/p>\n<p data-start=\"827\" data-end=\"1480\"><strong>Metod\u0103 de instalare:<\/strong> <a href=\"https:\/\/ceramic.md\/ru\/metoda-de-instalare\/suspendat\/\">Suspendat<\/a><br \/>\n<strong>Ie\u0219ire:<\/strong> Orizontal\u0103<br \/>\n<strong>Tip \u00eencastrat:<\/strong> ondulat<br \/>\n<strong>Form\u0103 vas:<\/strong> oval<br \/>\n<strong>Vas f\u0103r\u0103 ram\u0103:<\/strong> da<br \/>\n<strong>\u00cen\u0103l\u021bime:<\/strong> 40 cm<br \/>\n<strong>Ad\u00e2ncime:<\/strong> 52 cm<br \/>\n<strong>L\u0103\u021bime:<\/strong> 35,5 cm<br \/>\n<strong>Material:<\/strong> farfor<br \/>\n<strong>Alimentare cu ap\u0103:<\/strong> din spate<br \/>\n<strong>Garan\u021bie:<\/strong> vas WC \u2013 10 ani; instalatie \u2013 5 ani<br \/>\n<strong>Buton:<\/strong> Mod dual<br \/>\n<strong>Tip capac:<\/strong> PROPLAST cu microlift<br \/>\n<strong>Garan\u021bie pentru scaunul cu hus\u0103:<\/strong> 2 ani<br \/>\n<strong>Greutate:<\/strong> 28 kg<br \/>\n<strong>Sort:<\/strong> 1<br \/>\n<strong>Produc\u0103tor:<\/strong> <a href=\"https:\/\/www.bienseramik.com.tr\/\" target=\"_blank\" rel=\"noopener\">BIEN SERAMIK<\/a>, Turcia<\/p>\n<p><span style=\"font-size: 100%\"><\/span><\/p>","protected":false},"excerpt":{"rendered":"<p><strong>Vas WC suspendat<\/strong> completat cu instala\u021bie \u0219i buton de sp\u0103lare de la Bien, Turcia<\/p>\n","protected":false},"featured_media":22623,"template":"","meta":[],"product_cat":[1745,1754,1755],"product_tag":[],"_links":{"self":[{"href":"https:\/\/ceramic.md\/ro\/wp-json\/wp\/v2\/product\/22620"}],"collection":[{"href":"https:\/\/ceramic.md\/ro\/wp-json\/wp\/v2\/product"}],"about":[{"href":"https:\/\/ceramic.md\/ro\/wp-json\/wp\/v2\/types\/product"}],"wp:featuredmedia":[{"embeddable":true,"href":"https:\/\/ceramic.md\/ro\/wp-json\/wp\/v2\/media\/22623"}],"wp:attachment":[{"href":"https:\/\/ceramic.md\/ro\/wp-json\/wp\/v2\/media?parent=22620"}],"wp:term":[{"taxonomy":"product_cat","embeddable":true,"href":"https:\/\/ceramic.md\/ro\/wp-json\/wp\/v2\/product_cat?post=22620"},{"taxonomy":"product_tag","embeddable":true,"href":"https:\/\/ceramic.md\/ro\/wp-json\/wp\/v2\/product_tag?post=22620"}],"curies":[{"name":"wp","href":"https:\/\/api.w.org\/{rel}","templated":true}]}}