{"id":22768,"date":"2026-01-14T14:04:35","date_gmt":"2026-01-14T12:04:35","guid":{"rendered":"https:\/\/ceramic.md\/?post_type=product&#038;p=22768"},"modified":"2026-01-14T14:34:14","modified_gmt":"2026-01-14T12:34:14","slug":"panou-din-bambus-15","status":"publish","type":"product","link":"https:\/\/ceramic.md\/ro\/product\/panou-din-bambus-15\/","title":{"rendered":"Panou din Bambus"},"content":{"rendered":"<p>Beneficii  \u0219i avantaje<\/p>\n<p>Creeaz\u0103 iluzia de spa\u021biu m\u0103rit, perfect pentru camere mici, b\u0103i, holuri, spa\u021bii comerciale sau studio-uri foto<\/p>\n<p>Reflect\u0103 lumina natural\u0103 \u0219i artificial\u0103, oferind luminozitate sporit\u0103 \u00eenc\u0103perilor<\/p>\n<p>Ideal pentru amenaj\u0103ri premium, decoruri de eveniment, zone de lounge, b\u0103i, recep\u021bii, spa-uri sau camere moderne<\/p>\n<p>O alternativ\u0103 inteligent\u0103 la oglinzile tradi\u021bionale: mai sigur\u0103, mai u\u0219oar\u0103, montaj simplu, costuri reduse<\/p>\n<p>Poate fi folosit ca element central \u00een decor, panou de accent, tavan sau perete complet reflectorizant<\/p>\n<p>Minim de rosturi vizibile datorit\u0103 dimensiunii mari, pentru un aspect uniform \u0219i profesional<\/p>\n","protected":false},"excerpt":{"rendered":"<p>Model 373903<\/p>\n<p>Dimensiunea 2800 mm x1100 mm<\/p>\n<p>Grosimea 5mm<\/p>\n","protected":false},"featured_media":22767,"template":"","meta":[],"product_cat":[1765],"product_tag":[1768],"_links":{"self":[{"href":"https:\/\/ceramic.md\/ro\/wp-json\/wp\/v2\/product\/22768"}],"collection":[{"href":"https:\/\/ceramic.md\/ro\/wp-json\/wp\/v2\/product"}],"about":[{"href":"https:\/\/ceramic.md\/ro\/wp-json\/wp\/v2\/types\/product"}],"wp:featuredmedia":[{"embeddable":true,"href":"https:\/\/ceramic.md\/ro\/wp-json\/wp\/v2\/media\/22767"}],"wp:attachment":[{"href":"https:\/\/ceramic.md\/ro\/wp-json\/wp\/v2\/media?parent=22768"}],"wp:term":[{"taxonomy":"product_cat","embeddable":true,"href":"https:\/\/ceramic.md\/ro\/wp-json\/wp\/v2\/product_cat?post=22768"},{"taxonomy":"product_tag","embeddable":true,"href":"https:\/\/ceramic.md\/ro\/wp-json\/wp\/v2\/product_tag?post=22768"}],"curies":[{"name":"wp","href":"https:\/\/api.w.org\/{rel}","templated":true}]}}