{"id":2517,"date":"2020-07-28T09:07:59","date_gmt":"2020-07-28T06:07:59","guid":{"rendered":"https:\/\/ceramic.md\/?post_type=product&#038;p=2517"},"modified":"2025-04-10T15:55:30","modified_gmt":"2025-04-10T12:55:30","slug":"adeziv-baukol-universal-sur","status":"publish","type":"product","link":"https:\/\/ceramic.md\/ro\/product\/adeziv-baukol-universal-sur\/","title":{"rendered":"BAUkol Universal Sur 25kg"},"content":{"rendered":"<strong>DOMENIU DE UTILIZARE:<\/strong> Adezivul BAUKOL Universal&#8221; se utilizeaz\u0103 pentru lipirea pl\u0103cilor din faian\u0163\u0103 \u015fi gresie, marmor\u0103, por\u0163elan, mozaic\u0103, vat\u0103 mineral\u0103, polistiren \u015fi armarea plasei pe suprafe\u0163e minerale (ciment, beton, gips, \u015f.a.), \u00een medii cu condi\u0163ii extreme de exploatare: umiditatea constant\u0103,schimb\u0103ri dese de temperatur\u0103 cuptoare, c\u0103mine, sobe, barbeque.b\u0103i, saune, rezistent la temperaturi de p\u00e2n\u0103 la +220\u00b0C, \u00een \u00eenc\u0103peri industriale, comerciale, locative, terase \u015fi pe suprafe\u0163e supuse la \u00eenghe\u0163uri de p\u00een\u0103 la -30\u00b0C.<\/p>\n<p><strong>CARACTERISTICI:<\/strong> &#8222;BAUKOL Universal&#8221; este un produs de lux, pe baza de ciment, aditivi \u015fi polimeri gata prepara\u0163i, rezistent la ap\u0103 \u015fi \u00eenghe\u0163, ac\u0163iuni de comprimare, stabilitate \u00eenalt\u0103 pe suprafe\u0163e verticale \u015fi orizontale.<\/p>\n<p><strong>MOD DE PREPARARE \u015el DE LUCRU:<\/strong> Se amestec\u0103 circa 4 kg de amestec cu! litru de ap\u0103 curat\u0103, manual sau me- canic, p\u00e2n\u0103 la ob\u0163inerea unei paste omogene, se las\u0103 10 min pentru dilatare \u015fi \u00eenainte de aplicare se reameste- c\u0103 bine. Materialul preparat se aplic\u0103 cu un gletuitor din o\u0163el. Timpul de punere \u00een oper\u0103 este de 90-100min de la prepararea pastei. Se recomand\u0103 de a nu uda pl\u0103cile ceramice \u00eenainte de aplicare. Pozi\u0163ia gresiei \u015fi faian\u0163ei poate fi corectat\u0103 timp de 30min. Suprafa\u0163a de aplicare trebuie s\u0103 fie \u00eent\u0103rit\u0103, uscat\u0103, curat\u0103 \u015fi f\u0103r\u0103 praf.<\/p>\n<p><strong>P\u0102STRAREA:<\/strong> A se p\u0103stra \u00een \u00eenc\u0103peri uscate pe pale\u0163i din lemn, de la +5\u00b0C p\u00een\u0103 la +25\u00b0C.<\/p>\n<p><strong>CONSUM:<\/strong> Circa 1-1,2 kg\/1m2\/1mm.<\/p>\n<p><strong>TEMPERATURA DE LUCRU:<\/strong> \u00eentre +5\u00b0C si +30\u00b0C.<\/p>\n<p><strong>TERMEN DE VALABILITATE:<\/strong> 6 luni.<\/p>\n<p>Sac &#8211; 25 kg.","protected":false},"excerpt":{"rendered":"<p><strong>Adeziv pentru teracot\u0103 <\/strong>pentru interior si exterior, precum \u0219i locuri cu condi\u0163ii extreme de exploatare.<\/p>\n","protected":false},"featured_media":2581,"template":"","meta":[],"product_cat":[49],"product_tag":[],"_links":{"self":[{"href":"https:\/\/ceramic.md\/ro\/wp-json\/wp\/v2\/product\/2517"}],"collection":[{"href":"https:\/\/ceramic.md\/ro\/wp-json\/wp\/v2\/product"}],"about":[{"href":"https:\/\/ceramic.md\/ro\/wp-json\/wp\/v2\/types\/product"}],"wp:featuredmedia":[{"embeddable":true,"href":"https:\/\/ceramic.md\/ro\/wp-json\/wp\/v2\/media\/2581"}],"wp:attachment":[{"href":"https:\/\/ceramic.md\/ro\/wp-json\/wp\/v2\/media?parent=2517"}],"wp:term":[{"taxonomy":"product_cat","embeddable":true,"href":"https:\/\/ceramic.md\/ro\/wp-json\/wp\/v2\/product_cat?post=2517"},{"taxonomy":"product_tag","embeddable":true,"href":"https:\/\/ceramic.md\/ro\/wp-json\/wp\/v2\/product_tag?post=2517"}],"curies":[{"name":"wp","href":"https:\/\/api.w.org\/{rel}","templated":true}]}}