{"id":3630,"date":"2020-07-21T16:56:48","date_gmt":"2020-07-21T13:56:48","guid":{"rendered":"https:\/\/ceramic.md\/?post_type=product&#038;p=3630"},"modified":"2023-05-17T17:02:38","modified_gmt":"2023-05-17T14:02:38","slug":"colectie-titanium","status":"publish","type":"product","link":"https:\/\/ceramic.md\/ro\/product\/colectie-titanium\/","title":{"rendered":"Colec\u021bie Titanium"},"content":{"rendered":"<div class=\"container section-title-container\" ><h3 class=\"section-title section-title-bold-center\"><b><\/b><span class=\"section-title-main\" style=\"color:rgb(0, 0, 0);\">Compozi\u021bia colec\u021biei de teracot\u0103<\/span><b><\/b><\/h3><\/div>\n\n<p style=\"text-align: center;\"><div class=\"woocommerce columns-3 \"><\/div>\n<p style=\"text-align: center;\">\n<h4>\u0421olec\u021bie de teracot\u0103 din ceramica Titanium de la fabrica spaniol\u0103 <a href=\"https:\/\/www.mainzu.com\/\" target=\"_blank\" rel=\"noopener\">Mainzu<\/a> pentru decorarea pere\u021bilor \u00een interior.<\/h4>\n<p><a href=\"https:\/\/ceramic.md\/ro\/product-category\/teracota\/?filter_producator=spania\">Teracota spaniol\u0103<\/a> a fost \u00eentotdeauna renumite pentru calitatea, precum \u0219i pentru stilul unic \u0219i inimitabil. Gresie \u0219i faian\u021ba din Spania au devenit recunoscute \u0219i iubite nu numai de designeri, ci \u0219i de oamenii cu gust bun. Nu uita\u021bi c\u0103 argila utilizat\u0103 la producerea pl\u0103cilor de c\u0103tre fabricile spaniole este semnificativ diferit\u0103 ca puritate \u0219i densitate de cea utilizat\u0103 de fabricile din alte \u021b\u0103ri.<\/p>\n<p>Ast\u0103zi, Valencia nu \u00een zadar este considerat\u0103 centrul modei de teracot\u0103 din ceramica \u0219i por\u021belanat, deoarece fabricile spaniole sunt lideri \u00een produc\u021bia de teracot\u0103 elegant\u0103 \u0219i de calitate \u00eenalt\u0103 de mul\u021bi ani. Designerii spanioli sunt cei care stabilesc tendin\u021bele pentru \u00eentreaga lume.<\/p>\n<p><img class=\"size-full wp-image-7982 aligncenter\" src=\"https:\/\/ceramic.md\/wp-content\/uploads\/2020\/12\/logo-mainzu.png\" alt=\"\" width=\"148\" height=\"98\"><\/p>\n<p>Uzina spaniol\u0103 Mainzu a fost fondat\u0103 \u00een 1964. P\u00e2n\u0103 \u00een prezent, r\u0103m\u00e2ne una dintre cele mai faimoase din lume, are mul\u021bi ani de experien\u021b\u0103 \u0219i propriile sale tradi\u021bii unice \u00een produc\u021bie \u0219i continu\u0103 s\u0103 ne \u00eenc\u00e2nte cu nout\u0103\u021bile sale, inclusiv \u0219i colec\u021bia Titanium. Fabrica produce \u00een majoritatea teracot\u0103 de perete, \u00een timp ce gresie de podea sunt relativ rare. Cu toate acestea, stilul ei unic este imposibil de ratat.<\/p>\n<p>Tonuri delicate de bej, precum \u0219i nuan\u021be vibrante de ro\u0219u, danseaz\u0103 aici \u00eentr-un dans cu decoruri de accent \u00een stilul patchwork sau ornamente reliefate pentru a crea un interior neobi\u0219nuit. Colec\u021bia Titanium se remarc\u0103 printre altele prin structura sa unic\u0103 \u00eemb\u0103tr\u00e2nit\u0103 \u0219i suprafa\u021ba semi-mat\u0103.<\/p>\n<p>Faian\u021b\u0103 este realizat\u0103 din lut ro\u0219u \u00een dimensiunea 20&#215;20 cm, grosimea ei este de 8 mm. U\u0219or de t\u0103iat \u0219i g\u0103urit, nu necesit\u0103 echipamente scumpe atunci c\u00e2nd pune\u021bi. Dimensiunea mic\u0103 a pl\u0103cilor v\u0103 va oferi pu\u021bine de\u0219euri la t\u0103iere, ceea ce \u00eenseamn\u0103 c\u0103 nu trebuie s\u0103 cump\u0103ra\u021bi prea multe \u00een rezerv\u0103. \u00cen plus, aceast\u0103 dimensiune se potrive\u0219te perfect \u00een orice camer\u0103 \u0219i ajut\u0103 la crearea diferitelor stiluri de interior.","protected":false},"excerpt":{"rendered":"<p>Colec\u021bie de teracot\u0103 baie, buc\u0103t\u0103rie, sufragerie de la <strong>Mainzu, <\/strong>Spania<\/p>\n","protected":false},"featured_media":3632,"template":"","meta":[],"product_cat":[287,723,724],"product_tag":[],"_links":{"self":[{"href":"https:\/\/ceramic.md\/ro\/wp-json\/wp\/v2\/product\/3630"}],"collection":[{"href":"https:\/\/ceramic.md\/ro\/wp-json\/wp\/v2\/product"}],"about":[{"href":"https:\/\/ceramic.md\/ro\/wp-json\/wp\/v2\/types\/product"}],"wp:featuredmedia":[{"embeddable":true,"href":"https:\/\/ceramic.md\/ro\/wp-json\/wp\/v2\/media\/3632"}],"wp:attachment":[{"href":"https:\/\/ceramic.md\/ro\/wp-json\/wp\/v2\/media?parent=3630"}],"wp:term":[{"taxonomy":"product_cat","embeddable":true,"href":"https:\/\/ceramic.md\/ro\/wp-json\/wp\/v2\/product_cat?post=3630"},{"taxonomy":"product_tag","embeddable":true,"href":"https:\/\/ceramic.md\/ro\/wp-json\/wp\/v2\/product_tag?post=3630"}],"curies":[{"name":"wp","href":"https:\/\/api.w.org\/{rel}","templated":true}]}}