{"id":3637,"date":"2020-11-01T00:09:14","date_gmt":"2020-10-31T22:09:14","guid":{"rendered":"https:\/\/ceramic.md\/?post_type=product&#038;p=3637"},"modified":"2025-08-12T10:57:34","modified_gmt":"2025-08-12T07:57:34","slug":"colectie-tin-tile","status":"publish","type":"product","link":"https:\/\/ceramic.md\/ro\/product\/colectie-tin-tile\/","title":{"rendered":"Colec\u021bie Tin Tile"},"content":{"rendered":"<div class=\"container section-title-container\" ><h3 class=\"section-title section-title-bold-center\"><b><\/b><span class=\"section-title-main\" style=\"color:rgb(0, 0, 0);\">Compozi\u021bia colec\u021biei de teracot\u0103<\/span><b><\/b><\/h3><\/div>\n\n<p style=\"text-align: center;\"><div class=\"woocommerce columns-3 \"><span class=\"wpfHidden\" data-shortcode-attribute=\"{&quot;limit&quot;:&quot;12&quot;,&quot;columns&quot;:&quot;3&quot;,&quot;rows&quot;:&quot;&quot;,&quot;orderby&quot;:&quot;date&quot;,&quot;order&quot;:&quot;&quot;,&quot;ids&quot;:&quot;1260,1262,1261&quot;,&quot;skus&quot;:&quot;&quot;,&quot;category&quot;:&quot;&quot;,&quot;cat_operator&quot;:&quot;IN&quot;,&quot;attribute&quot;:&quot;&quot;,&quot;terms&quot;:&quot;&quot;,&quot;terms_operator&quot;:&quot;IN&quot;,&quot;tag&quot;:&quot;&quot;,&quot;tag_operator&quot;:&quot;IN&quot;,&quot;visibility&quot;:&quot;visible&quot;,&quot;class&quot;:&quot;&quot;,&quot;page&quot;:1,&quot;paginate&quot;:false,&quot;cache&quot;:false}\"><\/span><div class=\"products row row-small large-columns-3 medium-columns-3 small-columns-2 has-shadow row-box-shadow-2 row-box-shadow-3-hover\">\n<div class=\"product-small col has-hover product type-product post-1260 status-publish first instock product_cat-faianta product_cat-teracota has-post-thumbnail shipping-taxable product-type-simple\">\n\t<div class=\"col-inner\">\n\t\n<div class=\"badge-container absolute left top z-1\">\n<\/div>\n\t<div class=\"product-small box \">\n\t\t<div class=\"box-image\">\n\t\t\t<div class=\"image-zoom\">\n\t\t\t\t<a href=\"https:\/\/ceramic.md\/ro\/product\/rusty-mix\/\" aria-label=\"20x20cm Rusty Mix\">\n\t\t\t\t\t<img width=\"300\" height=\"300\" src=\"https:\/\/ceramic.md\/wp-content\/uploads\/2020\/07\/Rusty-Mix-300x300.jpg\" class=\"attachment-woocommerce_thumbnail size-woocommerce_thumbnail\" alt=\"Rusty Mix\" srcset=\"https:\/\/ceramic.md\/wp-content\/uploads\/2020\/07\/Rusty-Mix-300x300.jpg 300w, https:\/\/ceramic.md\/wp-content\/uploads\/2020\/07\/Rusty-Mix-100x100.jpg 100w, https:\/\/ceramic.md\/wp-content\/uploads\/2020\/07\/Rusty-Mix-600x600.jpg 600w, https:\/\/ceramic.md\/wp-content\/uploads\/2020\/07\/Rusty-Mix-400x400.jpg 400w, https:\/\/ceramic.md\/wp-content\/uploads\/2020\/07\/Rusty-Mix.jpg 760w\" sizes=\"(max-width: 300px) 100vw, 300px\" \/>\t\t\t\t<\/a>\n\t\t\t<\/div>\n\t\t\t<div class=\"image-tools is-small top right show-on-hover\">\n\t\t\t\t\t\t\t<\/div>\n\t\t\t<div class=\"image-tools is-small hide-for-small bottom left show-on-hover\">\n\t\t\t\t\t\t\t<\/div>\n\t\t\t<div class=\"image-tools grid-tools text-center hide-for-small bottom hover-slide-in show-on-hover\">\n\t\t\t\t\t\t\t<\/div>\n\t\t\t\t\t<\/div>\n\n\t\t<div class=\"box-text box-text-products text-center grid-style-2\">\n\t\t\tFaian\u021b\u0103<div class=\"title-wrapper\"><p itemprop=\"name\" class=\"product_title entry-title\">Spania<\/p><\/div><div class=\"price-wrapper\"><\/div>\t\t<\/div>\n\t<\/div>\n\t\t<\/div>\n<\/div>\n<div class=\"product-small col has-hover product type-product post-1261 status-publish instock product_cat-faianta product_cat-teracota has-post-thumbnail shipping-taxable product-type-simple\">\n\t<div class=\"col-inner\">\n\t\n<div class=\"badge-container absolute left top z-1\">\n<\/div>\n\t<div class=\"product-small box \">\n\t\t<div class=\"box-image\">\n\t\t\t<div class=\"image-zoom\">\n\t\t\t\t<a href=\"https:\/\/ceramic.md\/ro\/product\/tin-tile-grey\/\" aria-label=\"20x20cm Tin Tile Grey\">\n\t\t\t\t\t<img width=\"300\" height=\"300\" src=\"https:\/\/ceramic.md\/wp-content\/uploads\/2020\/07\/Tin-Tile-Grey-300x300.jpg\" class=\"attachment-woocommerce_thumbnail size-woocommerce_thumbnail\" alt=\"Tin Tile Grey\" srcset=\"https:\/\/ceramic.md\/wp-content\/uploads\/2020\/07\/Tin-Tile-Grey-300x300.jpg 300w, https:\/\/ceramic.md\/wp-content\/uploads\/2020\/07\/Tin-Tile-Grey-100x100.jpg 100w, https:\/\/ceramic.md\/wp-content\/uploads\/2020\/07\/Tin-Tile-Grey-600x600.jpg 600w, https:\/\/ceramic.md\/wp-content\/uploads\/2020\/07\/Tin-Tile-Grey-400x400.jpg 400w, https:\/\/ceramic.md\/wp-content\/uploads\/2020\/07\/Tin-Tile-Grey.jpg 660w\" sizes=\"(max-width: 300px) 100vw, 300px\" \/>\t\t\t\t<\/a>\n\t\t\t<\/div>\n\t\t\t<div class=\"image-tools is-small top right show-on-hover\">\n\t\t\t\t\t\t\t<\/div>\n\t\t\t<div class=\"image-tools is-small hide-for-small bottom left show-on-hover\">\n\t\t\t\t\t\t\t<\/div>\n\t\t\t<div class=\"image-tools grid-tools text-center hide-for-small bottom hover-slide-in show-on-hover\">\n\t\t\t\t\t\t\t<\/div>\n\t\t\t\t\t<\/div>\n\n\t\t<div class=\"box-text box-text-products text-center grid-style-2\">\n\t\t\tFaian\u021b\u0103<div class=\"title-wrapper\"><p itemprop=\"name\" class=\"product_title entry-title\">Spania<\/p><\/div><div class=\"price-wrapper\"><\/div>\t\t<\/div>\n\t<\/div>\n\t\t<\/div>\n<\/div>\n<\/div><!-- row --><\/div>\n\n<h4>\u0421olec\u021bie de teracot\u0103 din ceramica Tin Tile de la fabrica spaniol\u0103 <a href=\"https:\/\/www.mainzu.com\/\" target=\"_blank\" rel=\"noopener\">Mainzu<\/a> pentru decorarea pere\u021bilor \u00een interior.<\/h4>\n<p><a href=\"https:\/\/ceramic.md\/ro\/product-category\/teracota\/?filter_producator=spania\">Teracota spaniol\u0103<\/a> a fost \u00eentotdeauna renumite pentru calitatea, precum \u0219i pentru stilul unic \u0219i inimitabil. Gresie \u0219i faian\u021ba din Spania au devenit recunoscute \u0219i iubite nu numai de designeri, ci \u0219i de oamenii cu gust bun. Nu uita\u021bi c\u0103 argila utilizat\u0103 la producerea pl\u0103cilor de c\u0103tre fabricile spaniole este semnificativ diferit\u0103 ca puritate \u0219i densitate de cea utilizat\u0103 de fabricile din alte \u021b\u0103ri.<\/p>\n<p>Ast\u0103zi, Valencia nu \u00een zadar este considerat\u0103 centrul modei de teracot\u0103 din ceramica \u0219i por\u021belanat, deoarece fabricile spaniole sunt lideri \u00een produc\u021bia de teracot\u0103 elegant\u0103 \u0219i de calitate \u00eenalt\u0103 de mul\u021bi ani. Designerii spanioli sunt cei care stabilesc tendin\u021bele pentru \u00eentreaga lume.<\/p>\n<p><img class=\"size-full wp-image-7982 aligncenter\" src=\"https:\/\/ceramic.md\/wp-content\/uploads\/2020\/12\/logo-mainzu.png\" alt=\"\" width=\"148\" height=\"98\"><\/p>\n<p>Uzina spaniol\u0103 Mainzu a fost fondat\u0103 \u00een 1964. P\u00e2n\u0103 \u00een prezent, r\u0103m\u00e2ne una dintre cele mai faimoase din lume, are mul\u021bi ani de experien\u021b\u0103 \u0219i propriile sale tradi\u021bii unice \u00een produc\u021bie \u0219i continu\u0103 s\u0103 ne \u00eenc\u00e2nte cu nout\u0103\u021bile sale, inclusiv \u0219i colec\u021bia Tin Tile. Fabrica produce \u00een majoritatea teracot\u0103 de perete, \u00een timp ce gresie de podea sunt relativ rare. Cu toate acestea, stilul ei unic este imposibil de ratat.<\/p>\n<p>Suprafa\u021ba semimat\u0103 a teracotei Tin Tile va ad\u0103uga o str\u0103lucire de lumin\u0103 \u00een interiorul dvs., \u00een timp ce decorul care imit\u0103 elemente din metal vor crea un stil unic.<\/p>\n<p>Faian\u021b\u0103 este realizat\u0103 din lut ro\u0219u \u00een dimensiunea 20&#215;20 cm, grosimea ei este de 8 mm. U\u0219or de t\u0103iat \u0219i g\u0103urit, nu necesit\u0103 echipamente scumpe atunci c\u00e2nd pune\u021bi. Dimensiunea mic\u0103 a pl\u0103cilor v\u0103 va oferi pu\u021bine de\u0219euri la t\u0103iere, ceea ce \u00eenseamn\u0103 c\u0103 nu trebuie s\u0103 cump\u0103ra\u021bi prea multe \u00een rezerv\u0103. \u00cen plus, aceast\u0103 dimensiune se potrive\u0219te perfect \u00een orice camer\u0103 \u0219i ajut\u0103 la crearea diferitelor stiluri de interior.\n<p>&nbsp;<\/p>","protected":false},"excerpt":{"rendered":"<p>Colec\u021bie de teracot\u0103 baie, buc\u0103t\u0103rie, sufragerie de la <strong>Mainzu,<\/strong> Spania<\/p>\n","protected":false},"featured_media":1264,"template":"","meta":[],"product_cat":[287,723,724],"product_tag":[],"_links":{"self":[{"href":"https:\/\/ceramic.md\/ro\/wp-json\/wp\/v2\/product\/3637"}],"collection":[{"href":"https:\/\/ceramic.md\/ro\/wp-json\/wp\/v2\/product"}],"about":[{"href":"https:\/\/ceramic.md\/ro\/wp-json\/wp\/v2\/types\/product"}],"wp:featuredmedia":[{"embeddable":true,"href":"https:\/\/ceramic.md\/ro\/wp-json\/wp\/v2\/media\/1264"}],"wp:attachment":[{"href":"https:\/\/ceramic.md\/ro\/wp-json\/wp\/v2\/media?parent=3637"}],"wp:term":[{"taxonomy":"product_cat","embeddable":true,"href":"https:\/\/ceramic.md\/ro\/wp-json\/wp\/v2\/product_cat?post=3637"},{"taxonomy":"product_tag","embeddable":true,"href":"https:\/\/ceramic.md\/ro\/wp-json\/wp\/v2\/product_tag?post=3637"}],"curies":[{"name":"wp","href":"https:\/\/api.w.org\/{rel}","templated":true}]}}