{"id":3650,"date":"2020-07-21T18:22:41","date_gmt":"2020-07-21T15:22:41","guid":{"rendered":"https:\/\/ceramic.md\/?post_type=product&#038;p=3650"},"modified":"2024-04-02T10:09:36","modified_gmt":"2024-04-02T07:09:36","slug":"colectie-treviso","status":"publish","type":"product","link":"https:\/\/ceramic.md\/ro\/product\/colectie-treviso\/","title":{"rendered":"Colec\u021bie Treviso"},"content":{"rendered":"<p style=\"text-align: center;\">\n<div class=\"container section-title-container\" ><h3 class=\"section-title section-title-bold-center\"><b><\/b><span class=\"section-title-main\" style=\"color:rgb(0, 0, 0);\">Compozi\u021bia colec\u021biei<\/span><b><\/b><\/h3><\/div>\n\n<p style=\"text-align: center;\"><div class=\"woocommerce columns-3 \"><span class=\"wpfHidden\" data-shortcode-attribute=\"{&quot;limit&quot;:&quot;12&quot;,&quot;columns&quot;:&quot;3&quot;,&quot;rows&quot;:&quot;&quot;,&quot;orderby&quot;:&quot;date&quot;,&quot;order&quot;:&quot;&quot;,&quot;ids&quot;:&quot;1170,1169,1168,1159,1158&quot;,&quot;skus&quot;:&quot;&quot;,&quot;category&quot;:&quot;&quot;,&quot;cat_operator&quot;:&quot;IN&quot;,&quot;attribute&quot;:&quot;&quot;,&quot;terms&quot;:&quot;&quot;,&quot;terms_operator&quot;:&quot;IN&quot;,&quot;tag&quot;:&quot;&quot;,&quot;tag_operator&quot;:&quot;IN&quot;,&quot;visibility&quot;:&quot;visible&quot;,&quot;class&quot;:&quot;&quot;,&quot;page&quot;:1,&quot;paginate&quot;:false,&quot;cache&quot;:false}\"><\/span><div class=\"products row row-small large-columns-3 medium-columns-3 small-columns-2 has-shadow row-box-shadow-2 row-box-shadow-3-hover\">\n<div class=\"product-small col has-hover product type-product post-1170 status-publish first instock product_cat-decor product_cat-teracota product_cat-lichidarea-teracota has-post-thumbnail sale shipping-taxable product-type-simple\">\n\t<div class=\"col-inner\">\n\t\n<div class=\"badge-container absolute left top z-1\">\n\t\t<div class=\"callout badge badge-square\"><div class=\"badge-inner secondary on-sale\"><span class=\"onsale\">-85%<\/span><\/div><\/div>\n<div class=\"badge callout badge-square\"><div class=\"badge-inner callout-new-bg is-small new-bubble\">Ultima 1 buc<\/div><\/div><\/div>\n\t<div class=\"product-small box \">\n\t\t<div class=\"box-image\">\n\t\t\t<div class=\"image-zoom\">\n\t\t\t\t<a href=\"https:\/\/ceramic.md\/ro\/product\/postcard-beige-3\/\" aria-label=\"20x50cm Postcard Beige 3\">\n\t\t\t\t\t<img width=\"300\" height=\"120\" src=\"https:\/\/ceramic.md\/wp-content\/uploads\/2020\/07\/ceramic.md-20x50-postcard-beige-3-300x120.jpg\" class=\"attachment-woocommerce_thumbnail size-woocommerce_thumbnail\" alt=\"Postcard Beige 3\" srcset=\"https:\/\/ceramic.md\/wp-content\/uploads\/2020\/07\/ceramic.md-20x50-postcard-beige-3-300x120.jpg 300w, https:\/\/ceramic.md\/wp-content\/uploads\/2020\/07\/ceramic.md-20x50-postcard-beige-3-600x240.jpg 600w, https:\/\/ceramic.md\/wp-content\/uploads\/2020\/07\/ceramic.md-20x50-postcard-beige-3-800x320.jpg 800w, https:\/\/ceramic.md\/wp-content\/uploads\/2020\/07\/ceramic.md-20x50-postcard-beige-3-400x160.jpg 400w, https:\/\/ceramic.md\/wp-content\/uploads\/2020\/07\/ceramic.md-20x50-postcard-beige-3-768x307.jpg 768w, https:\/\/ceramic.md\/wp-content\/uploads\/2020\/07\/ceramic.md-20x50-postcard-beige-3.jpg 1181w\" sizes=\"(max-width: 300px) 100vw, 300px\" \/>\t\t\t\t<\/a>\n\t\t\t<\/div>\n\t\t\t<div class=\"image-tools is-small top right show-on-hover\">\n\t\t\t\t\t\t\t<\/div>\n\t\t\t<div class=\"image-tools is-small hide-for-small bottom left show-on-hover\">\n\t\t\t\t\t\t\t<\/div>\n\t\t\t<div class=\"image-tools grid-tools text-center hide-for-small bottom hover-slide-in show-on-hover\">\n\t\t\t\t\t\t\t<\/div>\n\t\t\t\t\t<\/div>\n\n\t\t<div class=\"box-text box-text-products text-center grid-style-2\">\n\t\t\tDecor pentru pere\u021bi<div class=\"title-wrapper\"><p itemprop=\"name\" class=\"product_title entry-title\">Polonia<\/p><\/div><div class=\"price-wrapper\"><\/div>\t\t<\/div>\n\t<\/div>\n\t\t<\/div>\n<\/div>\n<div class=\"product-small col has-hover product type-product post-1168 status-publish instock product_cat-decor product_cat-teracota product_cat-lichidarea-teracota has-post-thumbnail sale shipping-taxable product-type-simple\">\n\t<div class=\"col-inner\">\n\t\n<div class=\"badge-container absolute left top z-1\">\n\t\t<div class=\"callout badge badge-square\"><div class=\"badge-inner secondary on-sale\"><span class=\"onsale\">-85%<\/span><\/div><\/div>\n<div class=\"badge callout badge-square\"><div class=\"badge-inner callout-new-bg is-small new-bubble\">Ultima 1 buc<\/div><\/div><\/div>\n\t<div class=\"product-small box \">\n\t\t<div class=\"box-image\">\n\t\t\t<div class=\"image-zoom\">\n\t\t\t\t<a href=\"https:\/\/ceramic.md\/ro\/product\/postcard-1\/\" aria-label=\"20x50cm Postcard Grey 1\">\n\t\t\t\t\t<img width=\"300\" height=\"120\" src=\"https:\/\/ceramic.md\/wp-content\/uploads\/2020\/07\/Postcard-1-300x120.jpg\" class=\"attachment-woocommerce_thumbnail size-woocommerce_thumbnail\" alt=\"Postcard Grey 1\" srcset=\"https:\/\/ceramic.md\/wp-content\/uploads\/2020\/07\/Postcard-1-300x120.jpg 300w, https:\/\/ceramic.md\/wp-content\/uploads\/2020\/07\/Postcard-1-600x240.jpg 600w, https:\/\/ceramic.md\/wp-content\/uploads\/2020\/07\/Postcard-1-400x160.jpg 400w, https:\/\/ceramic.md\/wp-content\/uploads\/2020\/07\/Postcard-1-768x307.jpg 768w, https:\/\/ceramic.md\/wp-content\/uploads\/2020\/07\/Postcard-1.jpg 800w\" sizes=\"(max-width: 300px) 100vw, 300px\" \/>\t\t\t\t<\/a>\n\t\t\t<\/div>\n\t\t\t<div class=\"image-tools is-small top right show-on-hover\">\n\t\t\t\t\t\t\t<\/div>\n\t\t\t<div class=\"image-tools is-small hide-for-small bottom left show-on-hover\">\n\t\t\t\t\t\t\t<\/div>\n\t\t\t<div class=\"image-tools grid-tools text-center hide-for-small bottom hover-slide-in show-on-hover\">\n\t\t\t\t\t\t\t<\/div>\n\t\t\t\t\t<\/div>\n\n\t\t<div class=\"box-text box-text-products text-center grid-style-2\">\n\t\t\tDecor pentru pere\u021bi<div class=\"title-wrapper\"><p itemprop=\"name\" class=\"product_title entry-title\">Polonia<\/p><\/div><div class=\"price-wrapper\"><\/div>\t\t<\/div>\n\t<\/div>\n\t\t<\/div>\n<\/div>\n<div class=\"product-small col has-hover product type-product post-1159 status-publish last instock product_cat-decor product_cat-teracota product_cat-lichidarea-teracota has-post-thumbnail sale shipping-taxable product-type-simple\">\n\t<div class=\"col-inner\">\n\t\n<div class=\"badge-container absolute left top z-1\">\n\t\t<div class=\"callout badge badge-square\"><div class=\"badge-inner secondary on-sale\"><span class=\"onsale\">-85%<\/span><\/div><\/div>\n<div class=\"badge callout badge-square\"><div class=\"badge-inner callout-new-bg is-small new-bubble\">Ultima 1 buc<\/div><\/div><\/div>\n\t<div class=\"product-small box \">\n\t\t<div class=\"box-image\">\n\t\t\t<div class=\"image-zoom\">\n\t\t\t\t<a href=\"https:\/\/ceramic.md\/ro\/product\/admiral-3\/\" aria-label=\"20x50cm Admiral 3\">\n\t\t\t\t\t<img width=\"300\" height=\"119\" src=\"https:\/\/ceramic.md\/wp-content\/uploads\/2020\/07\/Admiral-3-300x119.jpg\" class=\"attachment-woocommerce_thumbnail size-woocommerce_thumbnail\" alt=\"Admiral 3\" srcset=\"https:\/\/ceramic.md\/wp-content\/uploads\/2020\/07\/Admiral-3-300x119.jpg 300w, https:\/\/ceramic.md\/wp-content\/uploads\/2020\/07\/Admiral-3-600x239.jpg 600w, https:\/\/ceramic.md\/wp-content\/uploads\/2020\/07\/Admiral-3-400x159.jpg 400w, https:\/\/ceramic.md\/wp-content\/uploads\/2020\/07\/Admiral-3-768x305.jpg 768w, https:\/\/ceramic.md\/wp-content\/uploads\/2020\/07\/Admiral-3.jpg 800w\" sizes=\"(max-width: 300px) 100vw, 300px\" \/>\t\t\t\t<\/a>\n\t\t\t<\/div>\n\t\t\t<div class=\"image-tools is-small top right show-on-hover\">\n\t\t\t\t\t\t\t<\/div>\n\t\t\t<div class=\"image-tools is-small hide-for-small bottom left show-on-hover\">\n\t\t\t\t\t\t\t<\/div>\n\t\t\t<div class=\"image-tools grid-tools text-center hide-for-small bottom hover-slide-in show-on-hover\">\n\t\t\t\t\t\t\t<\/div>\n\t\t\t\t\t<\/div>\n\n\t\t<div class=\"box-text box-text-products text-center grid-style-2\">\n\t\t\tDecor pentru pere\u021bi<div class=\"title-wrapper\"><p itemprop=\"name\" class=\"product_title entry-title\">Polonia<\/p><\/div><div class=\"price-wrapper\"><\/div>\t\t<\/div>\n\t<\/div>\n\t\t<\/div>\n<\/div>\n<\/div><!-- row --><\/div>","protected":false},"excerpt":{"rendered":"<p>Colec\u021bie de teracot\u0103 baie, buc\u0103t\u0103rie, sufragerie de la <b>Ceramika Konskie,<\/b> Polonia<\/p>\n","protected":false},"featured_media":0,"template":"","meta":[],"product_cat":[287,723,724],"product_tag":[],"_links":{"self":[{"href":"https:\/\/ceramic.md\/ro\/wp-json\/wp\/v2\/product\/3650"}],"collection":[{"href":"https:\/\/ceramic.md\/ro\/wp-json\/wp\/v2\/product"}],"about":[{"href":"https:\/\/ceramic.md\/ro\/wp-json\/wp\/v2\/types\/product"}],"wp:attachment":[{"href":"https:\/\/ceramic.md\/ro\/wp-json\/wp\/v2\/media?parent=3650"}],"wp:term":[{"taxonomy":"product_cat","embeddable":true,"href":"https:\/\/ceramic.md\/ro\/wp-json\/wp\/v2\/product_cat?post=3650"},{"taxonomy":"product_tag","embeddable":true,"href":"https:\/\/ceramic.md\/ro\/wp-json\/wp\/v2\/product_tag?post=3650"}],"curies":[{"name":"wp","href":"https:\/\/api.w.org\/{rel}","templated":true}]}}