{"id":4062,"date":"2020-09-07T11:02:28","date_gmt":"2020-09-07T08:02:28","guid":{"rendered":"https:\/\/ceramic.md\/?post_type=product&#038;p=4062"},"modified":"2025-08-12T10:46:33","modified_gmt":"2025-08-12T07:46:33","slug":"colectie-manhattan-white","status":"publish","type":"product","link":"https:\/\/ceramic.md\/ro\/product\/colectie-manhattan-white\/","title":{"rendered":"Colec\u021bie Manhattan White"},"content":{"rendered":"<p style=\"text-align: center;\">\n<p>\u0421olec\u021bie de teracot\u0103 din klinker Manhattan de la fabrica spaniol\u0103 Exagres pentru decorarea treptelor \u0219i piscinelor. Cu toate acestea, pl\u0103cile pot fi folosite \u00een baie, living \u0219i buc\u0103t\u0103rie, pe teras\u0103 sau fa\u021bad\u0103. Teracota imit\u0103 piatra natural\u0103 \u0219i este prezentat\u0103 \u00een patru nuan\u021be \u2013 alb, gri, bej \u0219i ro\u0219u-maroniu. Suprafa\u021ba reliefat\u0103 a pl\u0103cilor va fi un mare avantaj atunci c\u00e2nd a\u0219eza\u021bi \u00een jurul unei piscine sau pe sc\u0103ri.<\/p>\n<div class=\"container section-title-container\" ><h3 class=\"section-title section-title-bold-center\"><b><\/b><span class=\"section-title-main\" style=\"color:rgb(0, 0, 0);\">Compozi\u021bia colec\u021biei<\/span><b><\/b><\/h3><\/div>\n\n<div class=\"woocommerce columns-3 \"><span class=\"wpfHidden\" data-shortcode-attribute=\"{&quot;limit&quot;:&quot;12&quot;,&quot;columns&quot;:&quot;3&quot;,&quot;rows&quot;:&quot;&quot;,&quot;orderby&quot;:&quot;date&quot;,&quot;order&quot;:&quot;&quot;,&quot;ids&quot;:&quot;3239,3238,3237,3236,3235&quot;,&quot;skus&quot;:&quot;&quot;,&quot;category&quot;:&quot;&quot;,&quot;cat_operator&quot;:&quot;IN&quot;,&quot;attribute&quot;:&quot;&quot;,&quot;terms&quot;:&quot;&quot;,&quot;terms_operator&quot;:&quot;IN&quot;,&quot;tag&quot;:&quot;&quot;,&quot;tag_operator&quot;:&quot;IN&quot;,&quot;visibility&quot;:&quot;visible&quot;,&quot;class&quot;:&quot;&quot;,&quot;page&quot;:1,&quot;paginate&quot;:false,&quot;cache&quot;:false}\"><\/span><div class=\"products row row-small large-columns-3 medium-columns-3 small-columns-2 has-shadow row-box-shadow-2 row-box-shadow-3-hover\">\n<div class=\"product-small col has-hover product type-product post-3239 status-publish first instock product_cat-faianta product_cat-teracota product_cat-fatada has-post-thumbnail shipping-taxable product-type-simple\">\n\t<div class=\"col-inner\">\n\t\n<div class=\"badge-container absolute left top z-1\">\n<\/div>\n\t<div class=\"product-small box \">\n\t\t<div class=\"box-image\">\n\t\t\t<div class=\"image-zoom\">\n\t\t\t\t<a href=\"https:\/\/ceramic.md\/ro\/product\/listelo-manhattan-white\/\" aria-label=\"5,8x24,5cm Listelo Manhattan White\">\n\t\t\t\t\t<img width=\"300\" height=\"70\" src=\"https:\/\/ceramic.md\/wp-content\/uploads\/2020\/09\/5.8x24x5-Manhattan-white-300x70.jpg\" class=\"attachment-woocommerce_thumbnail size-woocommerce_thumbnail\" alt=\"Listelo Manhattan White\" srcset=\"https:\/\/ceramic.md\/wp-content\/uploads\/2020\/09\/5.8x24x5-Manhattan-white-300x70.jpg 300w, https:\/\/ceramic.md\/wp-content\/uploads\/2020\/09\/5.8x24x5-Manhattan-white-600x140.jpg 600w, https:\/\/ceramic.md\/wp-content\/uploads\/2020\/09\/5.8x24x5-Manhattan-white-800x186.jpg 800w, https:\/\/ceramic.md\/wp-content\/uploads\/2020\/09\/5.8x24x5-Manhattan-white-1400x326.jpg 1400w, https:\/\/ceramic.md\/wp-content\/uploads\/2020\/09\/5.8x24x5-Manhattan-white-400x93.jpg 400w, https:\/\/ceramic.md\/wp-content\/uploads\/2020\/09\/5.8x24x5-Manhattan-white-768x179.jpg 768w, https:\/\/ceramic.md\/wp-content\/uploads\/2020\/09\/5.8x24x5-Manhattan-white.jpg 1500w\" sizes=\"(max-width: 300px) 100vw, 300px\" \/>\t\t\t\t<\/a>\n\t\t\t<\/div>\n\t\t\t<div class=\"image-tools is-small top right show-on-hover\">\n\t\t\t\t\t\t\t<\/div>\n\t\t\t<div class=\"image-tools is-small hide-for-small bottom left show-on-hover\">\n\t\t\t\t\t\t\t<\/div>\n\t\t\t<div class=\"image-tools grid-tools text-center hide-for-small bottom hover-slide-in show-on-hover\">\n\t\t\t\t\t\t\t<\/div>\n\t\t\t\t\t<\/div>\n\n\t\t<div class=\"box-text box-text-products text-center grid-style-2\">\n\t\t\tPor\u021belan pentru pere\u021bi<div class=\"title-wrapper\"><p itemprop=\"name\" class=\"product_title entry-title\">Spania<\/p><\/div><div class=\"price-wrapper\"><\/div>\t\t<\/div>\n\t<\/div>\n\t\t<\/div>\n<\/div>\n<div class=\"product-small col has-hover product type-product post-3237 status-publish instock product_cat-gresie product_cat-teracota product_cat-terasa has-post-thumbnail shipping-taxable product-type-simple\">\n\t<div class=\"col-inner\">\n\t\n<div class=\"badge-container absolute left top z-1\">\n<\/div>\n\t<div class=\"product-small box \">\n\t\t<div class=\"box-image\">\n\t\t\t<div class=\"image-zoom\">\n\t\t\t\t<a href=\"https:\/\/ceramic.md\/ro\/product\/manhattan-white-base\/\" aria-label=\"24,5x24,5cm Manhattan White Base\">\n\t\t\t\t\t<img width=\"300\" height=\"300\" src=\"https:\/\/ceramic.md\/wp-content\/uploads\/2020\/09\/24.5x24.5-Manhattan-white-300x300.jpg\" class=\"attachment-woocommerce_thumbnail size-woocommerce_thumbnail\" alt=\"Manhattan White Base\" srcset=\"https:\/\/ceramic.md\/wp-content\/uploads\/2020\/09\/24.5x24.5-Manhattan-white-300x300.jpg 300w, https:\/\/ceramic.md\/wp-content\/uploads\/2020\/09\/24.5x24.5-Manhattan-white-100x100.jpg 100w, https:\/\/ceramic.md\/wp-content\/uploads\/2020\/09\/24.5x24.5-Manhattan-white-600x600.jpg 600w, https:\/\/ceramic.md\/wp-content\/uploads\/2020\/09\/24.5x24.5-Manhattan-white-400x400.jpg 400w, https:\/\/ceramic.md\/wp-content\/uploads\/2020\/09\/24.5x24.5-Manhattan-white-800x800.jpg 800w, https:\/\/ceramic.md\/wp-content\/uploads\/2020\/09\/24.5x24.5-Manhattan-white-768x768.jpg 768w, https:\/\/ceramic.md\/wp-content\/uploads\/2020\/09\/24.5x24.5-Manhattan-white.jpg 1000w\" sizes=\"(max-width: 300px) 100vw, 300px\" \/>\t\t\t\t<\/a>\n\t\t\t<\/div>\n\t\t\t<div class=\"image-tools is-small top right show-on-hover\">\n\t\t\t\t\t\t\t<\/div>\n\t\t\t<div class=\"image-tools is-small hide-for-small bottom left show-on-hover\">\n\t\t\t\t\t\t\t<\/div>\n\t\t\t<div class=\"image-tools grid-tools text-center hide-for-small bottom hover-slide-in show-on-hover\">\n\t\t\t\t\t\t\t<\/div>\n\t\t\t\t\t<\/div>\n\n\t\t<div class=\"box-text box-text-products text-center grid-style-2\">\n\t\t\tGresie por\u021belanat\u0103<div class=\"title-wrapper\"><p itemprop=\"name\" class=\"product_title entry-title\">Spania<\/p><\/div><div class=\"price-wrapper\"><\/div>\t\t<\/div>\n\t<\/div>\n\t\t<\/div>\n<\/div>\n<\/div><!-- row --><\/div>\n\n<div class=\"container section-title-container\" ><h3 class=\"section-title section-title-bold-center\"><b><\/b><span class=\"section-title-main\" style=\"color:rgb(0, 0, 0);\">\u00cen alte culori<\/span><b><\/b><\/h3><\/div>\n  <div class=\"banner-grid-wrapper\">\n  <div id=\"banner-grid-816337058\" class=\"banner-grid row row-grid row-small\" data-packery-options=\"\">\n                      \n<div class=\"col grid-col small-12 large-7 grid-col-1\" ><div class=\"col-inner\">\n\n  <div class=\"banner has-hover\" id=\"banner-801838417\">\n          <div class=\"banner-inner fill\">\n        <div class=\"banner-bg fill\" >\n            <div class=\"bg fill bg-fill \"><\/div>\n                                    \n                    <\/div>\n\t\t\n        <div class=\"banner-layers container\">\n            <div class=\"fill banner-link\"><\/div>            \n   <div id=\"text-box-1833009829\" class=\"text-box banner-layer x5 md-x5 lg-x5 y95 md-y95 lg-y95 res-text\">\n                                <div class=\"text-box-content text box-shadow-3\">\n              \n              <div class=\"text-inner text-left\">\n                  \n<h3 class=\"uppercase\" style=\"text-align: center;\"><strong>Colec\u021bie Manhattan<\/strong><\/h3>\n<a href=\"https:\/\/ceramic.md\/product\/colectie-manhattan-grey\" target=\"_self\" class=\"button primary is-gloss is-larger box-shadow-3 expand\"  style=\"border-radius:5px;\">\n    <span>Trece\u021bi<\/span>\n  <i class=\"icon-angle-right\" ><\/i><\/a>\n\n              <\/div>\n           <\/div>\n                            \n<style>\n#text-box-1833009829 .text-box-content {\n  background-color: rgba(255, 255, 255, 0.8);\n  font-size: 100%;\n}\n#text-box-1833009829 .text-inner {\n  padding: 30px 30px 30px 30px;\n}\n#text-box-1833009829 {\n  width: 65%;\n}\n@media (min-width:550px) {\n  #text-box-1833009829 {\n    width: 51%;\n  }\n}\n<\/style>\n    <\/div>\n \n        <\/div>\n      <\/div>\n\n            \n<style>\n#banner-801838417 {\n  padding-top: 500px;\n  background-color: rgb(255, 255, 255);\n}\n#banner-801838417 .bg.bg-loaded {\n  background-image: url(https:\/\/ceramic.md\/wp-content\/uploads\/2020\/09\/Manhattan-grey-e1601284520980-1200x800.jpg);\n}\n#banner-801838417 .bg {\n  background-position: 80% 7%;\n}\n#banner-801838417 .ux-shape-divider--top svg {\n  height: 150px;\n  --divider-top-width: 100%;\n}\n#banner-801838417 .ux-shape-divider--bottom svg {\n  height: 150px;\n  --divider-width: 100%;\n}\n<\/style>\n  <\/div>\n\n\n<\/div><\/div>\n<div class=\"col grid-col small-12 large-5 grid-col-1-2\" ><div class=\"col-inner\">\n\n  <div class=\"banner has-hover\" id=\"banner-518639270\">\n          <div class=\"banner-inner fill\">\n        <div class=\"banner-bg fill\" >\n            <div class=\"bg fill bg-fill \"><\/div>\n                                    \n                    <\/div>\n\t\t\n        <div class=\"banner-layers container\">\n            <div class=\"fill banner-link\"><\/div>            \n   <div id=\"text-box-1301991164\" class=\"text-box banner-layer x5 md-x5 lg-x5 y95 md-y40 lg-y40 res-text\">\n                                <div class=\"text-box-content text box-shadow-3\">\n              \n              <div class=\"text-inner text-left\">\n                  \n<h3 class=\"uppercase\" style=\"text-align: center;\"><strong>Colec\u021bie Manhattan<\/strong><\/h3>\n<a href=\"https:\/\/ceramic.md\/product\/colectie-manhattan-red\" target=\"_self\" class=\"button primary is-gloss is-larger box-shadow-3 expand\"  style=\"border-radius:5px;\">\n    <span>Trece\u021bi<\/span>\n  <i class=\"icon-angle-right\" ><\/i><\/a>\n\n              <\/div>\n           <\/div>\n                            \n<style>\n#text-box-1301991164 .text-box-content {\n  background-color: rgba(255, 255, 255, 0.8);\n  font-size: 70%;\n}\n#text-box-1301991164 .text-inner {\n  padding: 30px 30px 30px 30px;\n}\n#text-box-1301991164 {\n  width: 50%;\n}\n@media (min-width:550px) {\n  #text-box-1301991164 {\n    width: 55%;\n  }\n}\n<\/style>\n    <\/div>\n \n        <\/div>\n      <\/div>\n\n            \n<style>\n#banner-518639270 {\n  padding-top: 400px;\n}\n#banner-518639270 .bg.bg-loaded {\n  background-image: url(https:\/\/ceramic.md\/wp-content\/uploads\/2020\/09\/Manhattan-red-e1601284889472.jpg);\n}\n#banner-518639270 .bg {\n  background-position: 100% 0%;\n}\n#banner-518639270 .ux-shape-divider--top svg {\n  height: 150px;\n  --divider-top-width: 100%;\n}\n#banner-518639270 .ux-shape-divider--bottom svg {\n  height: 150px;\n  --divider-width: 100%;\n}\n<\/style>\n  <\/div>\n\n\n<\/div><\/div>\n<div class=\"col grid-col small-12 large-5 grid-col-1-2\" ><div class=\"col-inner\">\n\n  <div class=\"banner has-hover\" id=\"banner-1506986656\">\n          <div class=\"banner-inner fill\">\n        <div class=\"banner-bg fill\" >\n            <div class=\"bg fill bg-fill \"><\/div>\n                                    \n                    <\/div>\n\t\t\n        <div class=\"banner-layers container\">\n            <div class=\"fill banner-link\"><\/div>            \n   <div id=\"text-box-1602205085\" class=\"text-box banner-layer x5 md-x5 lg-x5 y95 md-y40 lg-y40 res-text\">\n                                <div class=\"text-box-content text box-shadow-3\">\n              \n              <div class=\"text-inner text-left\">\n                  \n<h3 class=\"uppercase\" style=\"text-align: center;\"><strong>Colec\u021bie Manhattan<\/strong><\/h3>\n<a href=\"https:\/\/ceramic.md\/product\/colectie-manhattan-mink\" target=\"_self\" class=\"button primary is-gloss is-larger box-shadow-3 expand\"  style=\"border-radius:5px;\">\n    <span>Trece\u021bi<\/span>\n  <i class=\"icon-angle-right\" ><\/i><\/a>\n\n              <\/div>\n           <\/div>\n                            \n<style>\n#text-box-1602205085 .text-box-content {\n  background-color: rgba(255, 255, 255, 0.8);\n  font-size: 70%;\n}\n#text-box-1602205085 .text-inner {\n  padding: 30px 30px 30px 30px;\n}\n#text-box-1602205085 {\n  width: 50%;\n}\n@media (min-width:550px) {\n  #text-box-1602205085 {\n    width: 55%;\n  }\n}\n<\/style>\n    <\/div>\n \n        <\/div>\n      <\/div>\n\n            \n<style>\n#banner-1506986656 {\n  padding-top: 400px;\n}\n#banner-1506986656 .bg.bg-loaded {\n  background-image: url(https:\/\/ceramic.md\/wp-content\/uploads\/2020\/09\/Manhattan-mink-e1601284013463-1200x800.jpg);\n}\n#banner-1506986656 .bg {\n  background-position: 0% 0%;\n}\n#banner-1506986656 .ux-shape-divider--top svg {\n  height: 150px;\n  --divider-top-width: 100%;\n}\n#banner-1506986656 .ux-shape-divider--bottom svg {\n  height: 150px;\n  --divider-width: 100%;\n}\n<\/style>\n  <\/div>\n\n\n<\/div><\/div>\n            <\/div>\n    <style>\n    #banner-grid-816337058 .grid-col-1{height: 600px}\n    #banner-grid-816337058 .grid-col-1-2{height: 300px}\n    #banner-grid-816337058 .grid-col-1-3{height:200px}\n    #banner-grid-816337058 .grid-col-2-3{height: 400px}\n    #banner-grid-816337058 .grid-col-1-4{height: 150px}\n    #banner-grid-816337058 .grid-col-3-4{height: 450px}\n\n\n    \n    \n\n  <\/style>\n    <\/div>","protected":false},"excerpt":{"rendered":"<p>Colec\u021bie de teracot\u0103 din por\u021belan pentru Manhattan White pentru piscine, sc\u0103ri \u0219i fa\u021bade de la <b>Exagres, <\/b>Spania<\/p>\n","protected":false},"featured_media":3240,"template":"","meta":[],"product_cat":[287,722],"product_tag":[],"_links":{"self":[{"href":"https:\/\/ceramic.md\/ro\/wp-json\/wp\/v2\/product\/4062"}],"collection":[{"href":"https:\/\/ceramic.md\/ro\/wp-json\/wp\/v2\/product"}],"about":[{"href":"https:\/\/ceramic.md\/ro\/wp-json\/wp\/v2\/types\/product"}],"wp:featuredmedia":[{"embeddable":true,"href":"https:\/\/ceramic.md\/ro\/wp-json\/wp\/v2\/media\/3240"}],"wp:attachment":[{"href":"https:\/\/ceramic.md\/ro\/wp-json\/wp\/v2\/media?parent=4062"}],"wp:term":[{"taxonomy":"product_cat","embeddable":true,"href":"https:\/\/ceramic.md\/ro\/wp-json\/wp\/v2\/product_cat?post=4062"},{"taxonomy":"product_tag","embeddable":true,"href":"https:\/\/ceramic.md\/ro\/wp-json\/wp\/v2\/product_tag?post=4062"}],"curies":[{"name":"wp","href":"https:\/\/api.w.org\/{rel}","templated":true}]}}