{"id":4162,"date":"2020-09-28T20:43:44","date_gmt":"2020-09-28T17:43:44","guid":{"rendered":"https:\/\/ceramic.md\/?post_type=product&#038;p=4162"},"modified":"2022-09-08T10:47:56","modified_gmt":"2022-09-08T07:47:56","slug":"colectie-marbles-travertino","status":"publish","type":"product","link":"https:\/\/ceramic.md\/ro\/product\/colectie-marbles-travertino\/","title":{"rendered":"Colec\u021bie Marbles"},"content":{"rendered":"<p style=\"text-align: center;\">\n<p>\u0421olec\u021bie de teracot\u0103 din por\u021belan Marbles de la fabrica spaniol\u0103 Exagres pentru decorarea treptelor \u0219i piscinelor. Teracota de baz\u0103 60&#215;120 Travertino Base poate fi folosit\u0103 \u00een baie, sufragerie, hol \u0219i buc\u0103t\u0103rie, precum \u0219i pe terase \u0219i fa\u021bade. Colec\u021bia reprezint\u0103 o imita\u021bie exact\u0103 a travertinului natural. Dimensiunea mare a pl\u0103cilor minimizeaz\u0103 num\u0103rul de rosturi pe suprafa\u021b\u0103.<\/p>\n<div class=\"container section-title-container\" ><h3 class=\"section-title section-title-bold-center\"><b><\/b><span class=\"section-title-main\" style=\"color:rgb(0, 0, 0);\">Compozi\u021bia colec\u021biei<\/span><b><\/b><\/h3><\/div>\n\n<div class=\"woocommerce columns-3 \"><span class=\"wpfHidden\" data-shortcode-attribute=\"{&quot;limit&quot;:&quot;12&quot;,&quot;columns&quot;:&quot;3&quot;,&quot;rows&quot;:&quot;&quot;,&quot;orderby&quot;:&quot;date&quot;,&quot;order&quot;:&quot;&quot;,&quot;ids&quot;:&quot;711,370&quot;,&quot;skus&quot;:&quot;&quot;,&quot;category&quot;:&quot;&quot;,&quot;cat_operator&quot;:&quot;IN&quot;,&quot;attribute&quot;:&quot;&quot;,&quot;terms&quot;:&quot;&quot;,&quot;terms_operator&quot;:&quot;IN&quot;,&quot;tag&quot;:&quot;&quot;,&quot;tag_operator&quot;:&quot;IN&quot;,&quot;visibility&quot;:&quot;visible&quot;,&quot;class&quot;:&quot;&quot;,&quot;page&quot;:1,&quot;paginate&quot;:false,&quot;cache&quot;:false}\"><\/span><div class=\"products row row-small large-columns-3 medium-columns-3 small-columns-2 has-shadow row-box-shadow-2 row-box-shadow-3-hover\">\n<div class=\"product-small col has-hover product type-product post-370 status-publish first instock product_cat-teracota product_cat-scari has-post-thumbnail shipping-taxable product-type-simple\">\n\t<div class=\"col-inner\">\n\t\n<div class=\"badge-container absolute left top z-1\">\n<\/div>\n\t<div class=\"product-small box \">\n\t\t<div class=\"box-image\">\n\t\t\t<div class=\"image-zoom\">\n\t\t\t\t<a href=\"https:\/\/ceramic.md\/ro\/product\/peldano-travertino\/\" aria-label=\"33x120cm Peldano Travertino\">\n\t\t\t\t\t<img width=\"300\" height=\"199\" src=\"https:\/\/ceramic.md\/wp-content\/uploads\/2020\/07\/PELDANO-TRAVERTINO-300x199.jpg\" class=\"attachment-woocommerce_thumbnail size-woocommerce_thumbnail\" alt=\"Peldano Travertino\" srcset=\"https:\/\/ceramic.md\/wp-content\/uploads\/2020\/07\/PELDANO-TRAVERTINO-300x199.jpg 300w, https:\/\/ceramic.md\/wp-content\/uploads\/2020\/07\/PELDANO-TRAVERTINO-600x397.jpg 600w, https:\/\/ceramic.md\/wp-content\/uploads\/2020\/07\/PELDANO-TRAVERTINO-605x400.jpg 605w, https:\/\/ceramic.md\/wp-content\/uploads\/2020\/07\/PELDANO-TRAVERTINO-400x265.jpg 400w, https:\/\/ceramic.md\/wp-content\/uploads\/2020\/07\/PELDANO-TRAVERTINO-768x508.jpg 768w, https:\/\/ceramic.md\/wp-content\/uploads\/2020\/07\/PELDANO-TRAVERTINO.jpg 1067w\" sizes=\"(max-width: 300px) 100vw, 300px\" \/>\t\t\t\t<\/a>\n\t\t\t<\/div>\n\t\t\t<div class=\"image-tools is-small top right show-on-hover\">\n\t\t\t\t\t\t\t<\/div>\n\t\t\t<div class=\"image-tools is-small hide-for-small bottom left show-on-hover\">\n\t\t\t\t\t\t\t<\/div>\n\t\t\t<div class=\"image-tools grid-tools text-center hide-for-small bottom hover-slide-in show-on-hover\">\n\t\t\t\t\t\t\t<\/div>\n\t\t\t\t\t<\/div>\n\n\t\t<div class=\"box-text box-text-products text-center grid-style-2\">\n\t\t\tTreapt\u0103<div class=\"title-wrapper\"><p itemprop=\"name\" class=\"product_title entry-title\">Spania<\/p><\/div><div class=\"price-wrapper\"><\/div>\t\t<\/div>\n\t<\/div>\n\t\t<\/div>\n<\/div>\n<div class=\"product-small col has-hover product type-product post-711 status-publish instock product_cat-gresie product_cat-teracota product_cat-terasa has-post-thumbnail shipping-taxable product-type-simple\">\n\t<div class=\"col-inner\">\n\t\n<div class=\"badge-container absolute left top z-1\">\n<\/div>\n\t<div class=\"product-small box \">\n\t\t<div class=\"box-image\">\n\t\t\t<div class=\"image-zoom\">\n\t\t\t\t<a href=\"https:\/\/ceramic.md\/ro\/product\/travertino-base\/\" aria-label=\"60x120cm Travertino Base\">\n\t\t\t\t\t<img width=\"300\" height=\"150\" src=\"https:\/\/ceramic.md\/wp-content\/uploads\/2020\/07\/Travertino-Base-300x150.jpg\" class=\"attachment-woocommerce_thumbnail size-woocommerce_thumbnail\" alt=\"60x120 Travertino Base\" srcset=\"https:\/\/ceramic.md\/wp-content\/uploads\/2020\/07\/Travertino-Base-300x150.jpg 300w, https:\/\/ceramic.md\/wp-content\/uploads\/2020\/07\/Travertino-Base-600x300.jpg 600w, https:\/\/ceramic.md\/wp-content\/uploads\/2020\/07\/Travertino-Base-800x400.jpg 800w, https:\/\/ceramic.md\/wp-content\/uploads\/2020\/07\/Travertino-Base-400x200.jpg 400w, https:\/\/ceramic.md\/wp-content\/uploads\/2020\/07\/Travertino-Base-768x384.jpg 768w, https:\/\/ceramic.md\/wp-content\/uploads\/2020\/07\/Travertino-Base.jpg 1400w\" sizes=\"(max-width: 300px) 100vw, 300px\" \/>\t\t\t\t<\/a>\n\t\t\t<\/div>\n\t\t\t<div class=\"image-tools is-small top right show-on-hover\">\n\t\t\t\t\t\t\t<\/div>\n\t\t\t<div class=\"image-tools is-small hide-for-small bottom left show-on-hover\">\n\t\t\t\t\t\t\t<\/div>\n\t\t\t<div class=\"image-tools grid-tools text-center hide-for-small bottom hover-slide-in show-on-hover\">\n\t\t\t\t\t\t\t<\/div>\n\t\t\t\t\t<\/div>\n\n\t\t<div class=\"box-text box-text-products text-center grid-style-2\">\n\t\t\tGresie por\u021belanat\u0103<div class=\"title-wrapper\"><p itemprop=\"name\" class=\"product_title entry-title\">Spania<\/p><\/div><div class=\"price-wrapper\"><\/div>\t\t<\/div>\n\t<\/div>\n\t\t<\/div>\n<\/div>\n<\/div><!-- row --><\/div>\n\n<div class=\"container section-title-container\" ><h3 class=\"section-title section-title-bold-center\"><b><\/b><span class=\"section-title-main\" style=\"color:rgb(0, 0, 0);\">\u00cen alte culori<\/span><b><\/b><\/h3><\/div>\n\n  <div class=\"banner has-hover\" id=\"banner-1068428457\">\n          <div class=\"banner-inner fill\">\n        <div class=\"banner-bg fill\" >\n            <div class=\"bg fill bg-fill \"><\/div>\n                        <div class=\"overlay\"><\/div>            \n                    <\/div>\n\t\t\n        <div class=\"banner-layers container\">\n            <div class=\"fill banner-link\"><\/div>            \n   <div id=\"text-box-336541109\" class=\"text-box banner-layer x5 md-x5 lg-x5 y95 md-y95 lg-y95 res-text\">\n                                <div class=\"text-box-content text box-shadow-3\">\n              \n              <div class=\"text-inner text-left\">\n                  \n<h3 style=\"text-align: center;\"><strong>Colec\u021bie Marbles<\/strong><\/h3>\n<a href=\"https:\/\/ceramic.md\/product\/colectie-marbles-calacatta\/\" target=\"_self\" class=\"button primary is-gloss is-larger box-shadow-3 expand\"  style=\"border-radius:5px;\">\n    <span>Trece\u021bi<\/span>\n  <i class=\"icon-angle-right\" ><\/i><\/a>\n\n              <\/div>\n           <\/div>\n                            \n<style>\n#text-box-336541109 .text-box-content {\n  background-color: rgba(255, 255, 255, 0.8);\n  font-size: 70%;\n}\n#text-box-336541109 .text-inner {\n  padding: 30px 30px 30px 30px;\n}\n#text-box-336541109 {\n  width: 50%;\n}\n@media (min-width:550px) {\n  #text-box-336541109 {\n    width: 30%;\n  }\n  #text-box-336541109 .text-box-content {\n    font-size: 91%;\n  }\n}\n<\/style>\n    <\/div>\n \n        <\/div>\n      <\/div>\n\n              <div class=\"height-fix is-invisible\"><img width=\"1020\" height=\"681\" src=\"https:\/\/ceramic.md\/wp-content\/uploads\/2020\/07\/Calacatta-e1601314540950-1199x800.jpg\" class=\"attachment-large size-large\" alt=\"\" srcset=\"https:\/\/ceramic.md\/wp-content\/uploads\/2020\/07\/Calacatta-e1601314540950-1199x800.jpg 1199w, https:\/\/ceramic.md\/wp-content\/uploads\/2020\/07\/Calacatta-e1601314540950-300x200.jpg 300w, https:\/\/ceramic.md\/wp-content\/uploads\/2020\/07\/Calacatta-e1601314540950-600x400.jpg 600w, https:\/\/ceramic.md\/wp-content\/uploads\/2020\/07\/Calacatta-e1601314540950-400x267.jpg 400w, https:\/\/ceramic.md\/wp-content\/uploads\/2020\/07\/Calacatta-e1601314540950-768x512.jpg 768w, https:\/\/ceramic.md\/wp-content\/uploads\/2020\/07\/Calacatta-e1601314540950-1536x1025.jpg 1536w, https:\/\/ceramic.md\/wp-content\/uploads\/2020\/07\/Calacatta-e1601314540950.jpg 1700w\" sizes=\"(max-width: 1020px) 100vw, 1020px\"><\/div>\n            \n<style>\n#banner-1068428457 .bg.bg-loaded {\n  background-image: url(https:\/\/ceramic.md\/wp-content\/uploads\/2020\/07\/Calacatta-e1601314540950-1199x800.jpg);\n}\n#banner-1068428457 .overlay {\n  background-color: rgba(190, 190, 190, 0.2);\n}\n#banner-1068428457 .ux-shape-divider--top svg {\n  height: 150px;\n  --divider-top-width: 100%;\n}\n#banner-1068428457 .ux-shape-divider--bottom svg {\n  height: 150px;\n  --divider-width: 100%;\n}\n<\/style>\n  <\/div>","protected":false},"excerpt":{"rendered":"<p>Colec\u021bie de teracot\u0103 din por\u021belan pentru Marbles pentru piscine, sc\u0103ri \u0219i fa\u021bade de la <b>Exagres<\/b><b>, <\/b>Spania<\/p>\n","protected":false},"featured_media":712,"template":"","meta":[],"product_cat":[287,722],"product_tag":[],"_links":{"self":[{"href":"https:\/\/ceramic.md\/ro\/wp-json\/wp\/v2\/product\/4162"}],"collection":[{"href":"https:\/\/ceramic.md\/ro\/wp-json\/wp\/v2\/product"}],"about":[{"href":"https:\/\/ceramic.md\/ro\/wp-json\/wp\/v2\/types\/product"}],"wp:featuredmedia":[{"embeddable":true,"href":"https:\/\/ceramic.md\/ro\/wp-json\/wp\/v2\/media\/712"}],"wp:attachment":[{"href":"https:\/\/ceramic.md\/ro\/wp-json\/wp\/v2\/media?parent=4162"}],"wp:term":[{"taxonomy":"product_cat","embeddable":true,"href":"https:\/\/ceramic.md\/ro\/wp-json\/wp\/v2\/product_cat?post=4162"},{"taxonomy":"product_tag","embeddable":true,"href":"https:\/\/ceramic.md\/ro\/wp-json\/wp\/v2\/product_tag?post=4162"}],"curies":[{"name":"wp","href":"https:\/\/api.w.org\/{rel}","templated":true}]}}