{"id":4245,"date":"2020-07-23T08:39:36","date_gmt":"2020-07-23T05:39:36","guid":{"rendered":"https:\/\/ceramic.md\/?post_type=product&#038;p=4245"},"modified":"2025-04-10T15:44:47","modified_gmt":"2025-04-10T12:44:47","slug":"colectie-starkhex","status":"publish","type":"product","link":"https:\/\/ceramic.md\/ro\/product\/colectie-starkhex\/","title":{"rendered":"Colec\u021bie Starkhex"},"content":{"rendered":"<div class=\"container section-title-container\" ><h3 class=\"section-title section-title-bold-center\"><b><\/b><span class=\"section-title-main\" style=\"color:rgb(0, 0, 0);\">Compozi\u021bia colec\u021biei de teracot\u0103<\/span><b><\/b><\/h3><\/div>\n<div class=\"woocommerce columns-3 \"><span class=\"wpfHidden\" data-shortcode-attribute=\"{&quot;limit&quot;:&quot;12&quot;,&quot;columns&quot;:&quot;3&quot;,&quot;rows&quot;:&quot;&quot;,&quot;orderby&quot;:&quot;date&quot;,&quot;order&quot;:&quot;&quot;,&quot;ids&quot;:&quot;1517,1520,1521,1522,1523&quot;,&quot;skus&quot;:&quot;&quot;,&quot;category&quot;:&quot;&quot;,&quot;cat_operator&quot;:&quot;IN&quot;,&quot;attribute&quot;:&quot;&quot;,&quot;terms&quot;:&quot;&quot;,&quot;terms_operator&quot;:&quot;IN&quot;,&quot;tag&quot;:&quot;&quot;,&quot;tag_operator&quot;:&quot;IN&quot;,&quot;visibility&quot;:&quot;visible&quot;,&quot;class&quot;:&quot;&quot;,&quot;page&quot;:1,&quot;paginate&quot;:false,&quot;cache&quot;:false}\"><\/span><div class=\"products row row-small large-columns-3 medium-columns-3 small-columns-2 has-shadow row-box-shadow-2 row-box-shadow-3-hover\">\n<div class=\"product-small col has-hover product type-product post-1521 status-publish first instock product_cat-gresie product_cat-teracota product_cat-terasa has-post-thumbnail sale shipping-taxable product-type-simple\">\n\t<div class=\"col-inner\">\n\t\n<div class=\"badge-container absolute left top z-1\">\n\t\t<div class=\"callout badge badge-square\"><div class=\"badge-inner secondary on-sale\"><span class=\"onsale\">-43%<\/span><\/div><\/div>\n<\/div>\n\t<div class=\"product-small box \">\n\t\t<div class=\"box-image\">\n\t\t\t<div class=\"image-zoom\">\n\t\t\t\t<a href=\"https:\/\/ceramic.md\/ro\/product\/starkhex-mica\/\" aria-label=\"25,8x29cm Starkhex Mica\">\n\t\t\t\t\t<img width=\"300\" height=\"259\" src=\"https:\/\/ceramic.md\/wp-content\/uploads\/2020\/07\/Starkhex-mica-300x259.jpg\" class=\"attachment-woocommerce_thumbnail size-woocommerce_thumbnail\" alt=\"Starkhex Mica\" srcset=\"https:\/\/ceramic.md\/wp-content\/uploads\/2020\/07\/Starkhex-mica-300x259.jpg 300w, https:\/\/ceramic.md\/wp-content\/uploads\/2020\/07\/Starkhex-mica-600x518.jpg 600w, https:\/\/ceramic.md\/wp-content\/uploads\/2020\/07\/Starkhex-mica-464x400.jpg 464w, https:\/\/ceramic.md\/wp-content\/uploads\/2020\/07\/Starkhex-mica-400x345.jpg 400w, https:\/\/ceramic.md\/wp-content\/uploads\/2020\/07\/Starkhex-mica-768x662.jpg 768w, https:\/\/ceramic.md\/wp-content\/uploads\/2020\/07\/Starkhex-mica.jpg 800w\" sizes=\"(max-width: 300px) 100vw, 300px\" \/>\t\t\t\t<\/a>\n\t\t\t<\/div>\n\t\t\t<div class=\"image-tools is-small top right show-on-hover\">\n\t\t\t\t\t\t\t<\/div>\n\t\t\t<div class=\"image-tools is-small hide-for-small bottom left show-on-hover\">\n\t\t\t\t\t\t\t<\/div>\n\t\t\t<div class=\"image-tools grid-tools text-center hide-for-small bottom hover-slide-in show-on-hover\">\n\t\t\t\t\t\t\t<\/div>\n\t\t\t\t\t<\/div>\n\n\t\t<div class=\"box-text box-text-products text-center grid-style-2\">\n\t\t\tGresie por\u021belanat\u0103<div class=\"title-wrapper\"><p itemprop=\"name\" class=\"product_title entry-title\">Spania<\/p><\/div><div class=\"price-wrapper\"><\/div>\t\t<\/div>\n\t<\/div>\n\t\t<\/div>\n<\/div>\n<div class=\"product-small col has-hover product type-product post-1520 status-publish instock product_cat-gresie product_cat-teracota product_cat-terasa has-post-thumbnail sale shipping-taxable product-type-simple\">\n\t<div class=\"col-inner\">\n\t\n<div class=\"badge-container absolute left top z-1\">\n\t\t<div class=\"callout badge badge-square\"><div class=\"badge-inner secondary on-sale\"><span class=\"onsale\">-43%<\/span><\/div><\/div>\n<\/div>\n\t<div class=\"product-small box \">\n\t\t<div class=\"box-image\">\n\t\t\t<div class=\"image-zoom\">\n\t\t\t\t<a href=\"https:\/\/ceramic.md\/ro\/product\/starkhex-gris\/\" aria-label=\"25,8x29cm Starkhex Gris\">\n\t\t\t\t\t<img width=\"300\" height=\"259\" src=\"https:\/\/ceramic.md\/wp-content\/uploads\/2020\/07\/Starkhex-gris-300x259.jpg\" class=\"attachment-woocommerce_thumbnail size-woocommerce_thumbnail\" alt=\"Starkhex Gris\" srcset=\"https:\/\/ceramic.md\/wp-content\/uploads\/2020\/07\/Starkhex-gris-300x259.jpg 300w, https:\/\/ceramic.md\/wp-content\/uploads\/2020\/07\/Starkhex-gris-600x518.jpg 600w, https:\/\/ceramic.md\/wp-content\/uploads\/2020\/07\/Starkhex-gris-464x400.jpg 464w, https:\/\/ceramic.md\/wp-content\/uploads\/2020\/07\/Starkhex-gris-400x345.jpg 400w, https:\/\/ceramic.md\/wp-content\/uploads\/2020\/07\/Starkhex-gris-768x662.jpg 768w, https:\/\/ceramic.md\/wp-content\/uploads\/2020\/07\/Starkhex-gris.jpg 800w\" sizes=\"(max-width: 300px) 100vw, 300px\" \/>\t\t\t\t<\/a>\n\t\t\t<\/div>\n\t\t\t<div class=\"image-tools is-small top right show-on-hover\">\n\t\t\t\t\t\t\t<\/div>\n\t\t\t<div class=\"image-tools is-small hide-for-small bottom left show-on-hover\">\n\t\t\t\t\t\t\t<\/div>\n\t\t\t<div class=\"image-tools grid-tools text-center hide-for-small bottom hover-slide-in show-on-hover\">\n\t\t\t\t\t\t\t<\/div>\n\t\t\t\t\t<\/div>\n\n\t\t<div class=\"box-text box-text-products text-center grid-style-2\">\n\t\t\tGresie por\u021belanat\u0103<div class=\"title-wrapper\"><p itemprop=\"name\" class=\"product_title entry-title\">Spania<\/p><\/div><div class=\"price-wrapper\"><\/div>\t\t<\/div>\n\t<\/div>\n\t\t<\/div>\n<\/div>\n<div class=\"product-small col has-hover product type-product post-1522 status-publish last instock product_cat-gresie product_cat-teracota product_cat-terasa has-post-thumbnail sale shipping-taxable product-type-simple\">\n\t<div class=\"col-inner\">\n\t\n<div class=\"badge-container absolute left top z-1\">\n\t\t<div class=\"callout badge badge-square\"><div class=\"badge-inner secondary on-sale\"><span class=\"onsale\">-43%<\/span><\/div><\/div>\n<\/div>\n\t<div class=\"product-small box \">\n\t\t<div class=\"box-image\">\n\t\t\t<div class=\"image-zoom\">\n\t\t\t\t<a href=\"https:\/\/ceramic.md\/ro\/product\/starkhex-nacar\/\" aria-label=\"25,8x29cm Starkhex Nacar\">\n\t\t\t\t\t<img width=\"300\" height=\"259\" src=\"https:\/\/ceramic.md\/wp-content\/uploads\/2020\/07\/Starkhex-nacar-300x259.jpg\" class=\"attachment-woocommerce_thumbnail size-woocommerce_thumbnail\" alt=\"Starkhex Nacar\" srcset=\"https:\/\/ceramic.md\/wp-content\/uploads\/2020\/07\/Starkhex-nacar-300x259.jpg 300w, https:\/\/ceramic.md\/wp-content\/uploads\/2020\/07\/Starkhex-nacar-600x518.jpg 600w, https:\/\/ceramic.md\/wp-content\/uploads\/2020\/07\/Starkhex-nacar-463x400.jpg 463w, https:\/\/ceramic.md\/wp-content\/uploads\/2020\/07\/Starkhex-nacar-927x800.jpg 927w, https:\/\/ceramic.md\/wp-content\/uploads\/2020\/07\/Starkhex-nacar-400x345.jpg 400w, https:\/\/ceramic.md\/wp-content\/uploads\/2020\/07\/Starkhex-nacar-768x663.jpg 768w, https:\/\/ceramic.md\/wp-content\/uploads\/2020\/07\/Starkhex-nacar.jpg 1000w\" sizes=\"(max-width: 300px) 100vw, 300px\" \/>\t\t\t\t<\/a>\n\t\t\t<\/div>\n\t\t\t<div class=\"image-tools is-small top right show-on-hover\">\n\t\t\t\t\t\t\t<\/div>\n\t\t\t<div class=\"image-tools is-small hide-for-small bottom left show-on-hover\">\n\t\t\t\t\t\t\t<\/div>\n\t\t\t<div class=\"image-tools grid-tools text-center hide-for-small bottom hover-slide-in show-on-hover\">\n\t\t\t\t\t\t\t<\/div>\n\t\t\t\t\t<\/div>\n\n\t\t<div class=\"box-text box-text-products text-center grid-style-2\">\n\t\t\tGresie por\u021belanat\u0103<div class=\"title-wrapper\"><p itemprop=\"name\" class=\"product_title entry-title\">Spania<\/p><\/div><div class=\"price-wrapper\"><\/div>\t\t<\/div>\n\t<\/div>\n\t\t<\/div>\n<\/div>\n<\/div><!-- row --><\/div>\n<p style=\"text-align: center;\">\n<h4>\u0421olec\u021bie de teracot\u0103 din ceramica Starkhex de la fabrica spaniol\u0103 <a href=\"https:\/\/www.geotiles.com\/\" target=\"_blank\" rel=\"noopener\">Geotiles<\/a> pentru decorarea pere\u021bilor \u00een interior.<\/h4>\n<p><a href=\"https:\/\/ceramic.md\/ro\/product-category\/teracota\/?filter_producator=spania\">Teracota spaniol\u0103<\/a> a fost \u00eentotdeauna renumite pentru calitatea, precum \u0219i pentru stilul unic \u0219i inimitabil. Gresie \u0219i faian\u021ba din Spania au devenit recunoscute \u0219i iubite nu numai de designeri, ci \u0219i de oamenii cu gust bun.<\/p>\n<p>Nu uita\u021bi c\u0103 argila utilizat\u0103 la producerea pl\u0103cilor de c\u0103tre fabricile spaniole este semnificativ diferit\u0103 ca puritate \u0219i densitate de cea utilizat\u0103 de fabricile din alte \u021b\u0103ri.<\/p>\n<p>Ast\u0103zi, Valencia nu \u00een zadar este considerat\u0103 centrul modei de teracot\u0103 din ceramica \u0219i por\u021belanat, deoarece fabricile spaniole sunt lideri \u00een produc\u021bia de teracot\u0103 elegant\u0103 \u0219i de calitate \u00eenalt\u0103 de mul\u021bi ani. Designerii spanioli sunt cei care stabilesc tendin\u021bele pentru \u00eentreaga lume.<\/p>\n<p><img class=\"aligncenter wp-image-7989\" src=\"https:\/\/ceramic.md\/wp-content\/uploads\/2020\/12\/geotiles-logo-400x157.png\" alt=\"Geotiles\" width=\"255\" height=\"100\" srcset=\"https:\/\/ceramic.md\/wp-content\/uploads\/2020\/12\/geotiles-logo-400x157.png 400w, https:\/\/ceramic.md\/wp-content\/uploads\/2020\/12\/geotiles-logo-300x118.png 300w, https:\/\/ceramic.md\/wp-content\/uploads\/2020\/12\/geotiles-logo-600x235.png 600w, https:\/\/ceramic.md\/wp-content\/uploads\/2020\/12\/geotiles-logo.png 651w\" sizes=\"(max-width: 255px) 100vw, 255px\" \/><\/p>\n<p>Fabrica Geotiles este ast\u0103zi unul dintre liderii de pe pia\u021ba mondial\u0103 a teracotei din ceramica \u0219i por\u021belanat. Designerii fabricii ne \u00eenc\u00e2nt\u0103 cu nout\u0103\u021bi constante, surprind cu noile tendin\u021be \u00een texturi, culori \u0219i suprafe\u021be. Este imposibil s\u0103 nu fim aten\u021bi la pre\u021buri bune colec\u021biilor pe care le produc. La urma urmei, ce ar putea fi mai bun dec\u00e2t teacota spaniol\u0103 de calitate superioar\u0103 la un pre\u021b atractiv.<\/p>\n<p>Colec\u021bia de teracot\u0103 Starkhex poate fi utilizat\u0103 \u00een baie, sufragerie \u0219i buc\u0103t\u0103rie, pe terase, fa\u021bade, precum \u0219i pentru decorarea elementelor interioare individuale. Gama de aplicare a colec\u021biei este limitat\u0103 doar de imagina\u021bia dvs. Forma neobi\u0219nuit\u0103 v\u0103 va face interiorul unic \u0219i inimitabil. Gama de culori a colec\u021biei sunt toate nuan\u021bele trendy ale sezonului, iar decorul va ad\u0103uga inser\u021bii accentuate.<\/p>\n<p>Teracot\u0103 este realizat\u0103 din por\u021belan cu dimensiunea de 25,8&#215;29 cm, grosimea sa este de 9 mm. Colec\u021bia necesit\u0103 o aten\u021bie special\u0103 din partea me\u0219terilor, dar aceast\u0103 colec\u021bie merit\u0103, crede-m\u0103!<\/p>","protected":false},"excerpt":{"rendered":"<p>Colec\u021bie de teracot\u0103 din ceramica pentru interior \u0219i exterior de la <b>Geotiles, <\/b>Spania<\/p>\n","protected":false},"featured_media":1518,"template":"","meta":[],"product_cat":[287,723,724],"product_tag":[],"_links":{"self":[{"href":"https:\/\/ceramic.md\/ro\/wp-json\/wp\/v2\/product\/4245"}],"collection":[{"href":"https:\/\/ceramic.md\/ro\/wp-json\/wp\/v2\/product"}],"about":[{"href":"https:\/\/ceramic.md\/ro\/wp-json\/wp\/v2\/types\/product"}],"wp:featuredmedia":[{"embeddable":true,"href":"https:\/\/ceramic.md\/ro\/wp-json\/wp\/v2\/media\/1518"}],"wp:attachment":[{"href":"https:\/\/ceramic.md\/ro\/wp-json\/wp\/v2\/media?parent=4245"}],"wp:term":[{"taxonomy":"product_cat","embeddable":true,"href":"https:\/\/ceramic.md\/ro\/wp-json\/wp\/v2\/product_cat?post=4245"},{"taxonomy":"product_tag","embeddable":true,"href":"https:\/\/ceramic.md\/ro\/wp-json\/wp\/v2\/product_tag?post=4245"}],"curies":[{"name":"wp","href":"https:\/\/api.w.org\/{rel}","templated":true}]}}