{"id":6591,"date":"2020-12-08T00:00:08","date_gmt":"2020-12-07T22:00:08","guid":{"rendered":"https:\/\/ceramic.md\/?post_type=product&#038;p=6591"},"modified":"2023-08-17T17:23:00","modified_gmt":"2023-08-17T14:23:00","slug":"colectie-windsor","status":"publish","type":"product","link":"https:\/\/ceramic.md\/ro\/product\/colectie-windsor\/","title":{"rendered":"Colec\u021bie Windsor"},"content":{"rendered":"<div class=\"container section-title-container\" ><h3 class=\"section-title section-title-bold-center\"><b><\/b><span class=\"section-title-main\" style=\"color:rgb(0, 0, 0);\">Compozi\u021bia colec\u021biei de teracot\u0103<\/span><b><\/b><\/h3><\/div>\n<div class=\"woocommerce columns-3 \"><span class=\"wpfHidden\" data-shortcode-attribute=\"{&quot;limit&quot;:&quot;12&quot;,&quot;columns&quot;:&quot;3&quot;,&quot;rows&quot;:&quot;&quot;,&quot;orderby&quot;:&quot;date&quot;,&quot;order&quot;:&quot;&quot;,&quot;ids&quot;:&quot;6597,6598,6595,6593&quot;,&quot;skus&quot;:&quot;&quot;,&quot;category&quot;:&quot;&quot;,&quot;cat_operator&quot;:&quot;IN&quot;,&quot;attribute&quot;:&quot;&quot;,&quot;terms&quot;:&quot;&quot;,&quot;terms_operator&quot;:&quot;IN&quot;,&quot;tag&quot;:&quot;&quot;,&quot;tag_operator&quot;:&quot;IN&quot;,&quot;visibility&quot;:&quot;visible&quot;,&quot;class&quot;:&quot;&quot;,&quot;page&quot;:1,&quot;paginate&quot;:false,&quot;cache&quot;:false}\"><\/span><div class=\"products row row-small large-columns-3 medium-columns-3 small-columns-2 has-shadow row-box-shadow-2 row-box-shadow-3-hover\">\n<div class=\"product-small col has-hover product type-product post-6597 status-publish first instock product_cat-faianta product_cat-teracota has-post-thumbnail shipping-taxable product-type-simple\">\n\t<div class=\"col-inner\">\n\t\n<div class=\"badge-container absolute left top z-1\">\n<\/div>\n\t<div class=\"product-small box \">\n\t\t<div class=\"box-image\">\n\t\t\t<div class=\"image-zoom\">\n\t\t\t\t<a href=\"https:\/\/ceramic.md\/ro\/product\/windsor-be-cold-mt\/\" aria-label=\"25x50cm Windsor BE Cold MT\">\n\t\t\t\t\t<img width=\"300\" height=\"150\" src=\"https:\/\/ceramic.md\/wp-content\/uploads\/2021\/01\/ceramic.md-windsor-be-cold-mt-300x150.jpg\" class=\"attachment-woocommerce_thumbnail size-woocommerce_thumbnail\" alt=\"Windsor BE Cold MT\" srcset=\"https:\/\/ceramic.md\/wp-content\/uploads\/2021\/01\/ceramic.md-windsor-be-cold-mt-300x150.jpg 300w, https:\/\/ceramic.md\/wp-content\/uploads\/2021\/01\/ceramic.md-windsor-be-cold-mt-600x300.jpg 600w, https:\/\/ceramic.md\/wp-content\/uploads\/2021\/01\/ceramic.md-windsor-be-cold-mt-800x400.jpg 800w, https:\/\/ceramic.md\/wp-content\/uploads\/2021\/01\/ceramic.md-windsor-be-cold-mt-400x200.jpg 400w, https:\/\/ceramic.md\/wp-content\/uploads\/2021\/01\/ceramic.md-windsor-be-cold-mt-768x384.jpg 768w, https:\/\/ceramic.md\/wp-content\/uploads\/2021\/01\/ceramic.md-windsor-be-cold-mt.jpg 940w\" sizes=\"(max-width: 300px) 100vw, 300px\" \/>\t\t\t\t<\/a>\n\t\t\t<\/div>\n\t\t\t<div class=\"image-tools is-small top right show-on-hover\">\n\t\t\t\t\t\t\t<\/div>\n\t\t\t<div class=\"image-tools is-small hide-for-small bottom left show-on-hover\">\n\t\t\t\t\t\t\t<\/div>\n\t\t\t<div class=\"image-tools grid-tools text-center hide-for-small bottom hover-slide-in show-on-hover\">\n\t\t\t\t\t\t\t<\/div>\n\t\t\t\t\t<\/div>\n\n\t\t<div class=\"box-text box-text-products text-center grid-style-2\">\n\t\t\tFaian\u021b\u0103<div class=\"title-wrapper\"><p itemprop=\"name\" class=\"product_title entry-title\">Spania<\/p><\/div><div class=\"price-wrapper\"><\/div>\t\t<\/div>\n\t<\/div>\n\t\t<\/div>\n<\/div>\n<div class=\"product-small col has-hover product type-product post-6598 status-publish instock product_cat-faianta product_cat-teracota has-post-thumbnail shipping-taxable product-type-simple\">\n\t<div class=\"col-inner\">\n\t\n<div class=\"badge-container absolute left top z-1\">\n<\/div>\n\t<div class=\"product-small box \">\n\t\t<div class=\"box-image\">\n\t\t\t<div class=\"image-zoom\">\n\t\t\t\t<a href=\"https:\/\/ceramic.md\/ro\/product\/windsor-lf-white-mt\/\" aria-label=\"25x50cm Windsor LF White MT\">\n\t\t\t\t\t<img width=\"300\" height=\"150\" src=\"https:\/\/ceramic.md\/wp-content\/uploads\/2021\/01\/ceramic.md-windsor-lf-white-mt-300x150.jpg\" class=\"attachment-woocommerce_thumbnail size-woocommerce_thumbnail\" alt=\"Windsor LF White MT\" srcset=\"https:\/\/ceramic.md\/wp-content\/uploads\/2021\/01\/ceramic.md-windsor-lf-white-mt-300x150.jpg 300w, https:\/\/ceramic.md\/wp-content\/uploads\/2021\/01\/ceramic.md-windsor-lf-white-mt-600x300.jpg 600w, https:\/\/ceramic.md\/wp-content\/uploads\/2021\/01\/ceramic.md-windsor-lf-white-mt-800x400.jpg 800w, https:\/\/ceramic.md\/wp-content\/uploads\/2021\/01\/ceramic.md-windsor-lf-white-mt-400x200.jpg 400w, https:\/\/ceramic.md\/wp-content\/uploads\/2021\/01\/ceramic.md-windsor-lf-white-mt-768x384.jpg 768w, https:\/\/ceramic.md\/wp-content\/uploads\/2021\/01\/ceramic.md-windsor-lf-white-mt.jpg 940w\" sizes=\"(max-width: 300px) 100vw, 300px\" \/>\t\t\t\t<\/a>\n\t\t\t<\/div>\n\t\t\t<div class=\"image-tools is-small top right show-on-hover\">\n\t\t\t\t\t\t\t<\/div>\n\t\t\t<div class=\"image-tools is-small hide-for-small bottom left show-on-hover\">\n\t\t\t\t\t\t\t<\/div>\n\t\t\t<div class=\"image-tools grid-tools text-center hide-for-small bottom hover-slide-in show-on-hover\">\n\t\t\t\t\t\t\t<\/div>\n\t\t\t\t\t<\/div>\n\n\t\t<div class=\"box-text box-text-products text-center grid-style-2\">\n\t\t\tFaian\u021b\u0103<div class=\"title-wrapper\"><p itemprop=\"name\" class=\"product_title entry-title\">Spania<\/p><\/div><div class=\"price-wrapper\"><\/div>\t\t<\/div>\n\t<\/div>\n\t\t<\/div>\n<\/div>\n<div class=\"product-small col has-hover product type-product post-6595 status-publish last instock product_cat-faianta product_cat-teracota has-post-thumbnail shipping-taxable product-type-simple\">\n\t<div class=\"col-inner\">\n\t\n<div class=\"badge-container absolute left top z-1\">\n<\/div>\n\t<div class=\"product-small box \">\n\t\t<div class=\"box-image\">\n\t\t\t<div class=\"image-zoom\">\n\t\t\t\t<a href=\"https:\/\/ceramic.md\/ro\/product\/windsor-grey-mt\/\" aria-label=\"25x50cm Windsor Grey MT\">\n\t\t\t\t\t<img width=\"300\" height=\"150\" src=\"https:\/\/ceramic.md\/wp-content\/uploads\/2021\/01\/ceramic.md-windsor-grey-mt-300x150.jpg\" class=\"attachment-woocommerce_thumbnail size-woocommerce_thumbnail\" alt=\"Windsor Grey MT\" srcset=\"https:\/\/ceramic.md\/wp-content\/uploads\/2021\/01\/ceramic.md-windsor-grey-mt-300x150.jpg 300w, https:\/\/ceramic.md\/wp-content\/uploads\/2021\/01\/ceramic.md-windsor-grey-mt-600x300.jpg 600w, https:\/\/ceramic.md\/wp-content\/uploads\/2021\/01\/ceramic.md-windsor-grey-mt-800x400.jpg 800w, https:\/\/ceramic.md\/wp-content\/uploads\/2021\/01\/ceramic.md-windsor-grey-mt-400x200.jpg 400w, https:\/\/ceramic.md\/wp-content\/uploads\/2021\/01\/ceramic.md-windsor-grey-mt-768x384.jpg 768w, https:\/\/ceramic.md\/wp-content\/uploads\/2021\/01\/ceramic.md-windsor-grey-mt.jpg 940w\" sizes=\"(max-width: 300px) 100vw, 300px\" \/>\t\t\t\t<\/a>\n\t\t\t<\/div>\n\t\t\t<div class=\"image-tools is-small top right show-on-hover\">\n\t\t\t\t\t\t\t<\/div>\n\t\t\t<div class=\"image-tools is-small hide-for-small bottom left show-on-hover\">\n\t\t\t\t\t\t\t<\/div>\n\t\t\t<div class=\"image-tools grid-tools text-center hide-for-small bottom hover-slide-in show-on-hover\">\n\t\t\t\t\t\t\t<\/div>\n\t\t\t\t\t<\/div>\n\n\t\t<div class=\"box-text box-text-products text-center grid-style-2\">\n\t\t\tFaian\u021b\u0103<div class=\"title-wrapper\"><p itemprop=\"name\" class=\"product_title entry-title\">Spania<\/p><\/div><div class=\"price-wrapper\"><\/div>\t\t<\/div>\n\t<\/div>\n\t\t<\/div>\n<\/div>\n<\/div><!-- row --><\/div>\n\n<h4>\u0421olec\u021bie de teracot\u0103 din ceramica Windsor de la fabrica spaniol\u0103 <a href=\"http:\/\/stnceramica.es\" target=\"_blank\" rel=\"noopener\">STN Ceramica<\/a> pentru decorarea pere\u021bilor \u00een interior.<\/h4>\n<p><a href=\"https:\/\/ceramic.md\/ro\/product-category\/teracota\/?filter_producator=spania\">Teracota spaniol\u0103<\/a> a fost \u00eentotdeauna renumite pentru calitatea, precum \u0219i pentru stilul unic \u0219i inimitabil. Gresie \u0219i faian\u021ba din Spania au devenit recunoscute \u0219i iubite nu numai de designeri, ci \u0219i de oamenii cu gust bun.<\/p>\n<p>Nu uita\u021bi c\u0103 argila utilizat\u0103 la producerea pl\u0103cilor de c\u0103tre fabricile spaniole este semnificativ diferit\u0103 ca puritate \u0219i densitate de cea utilizat\u0103 de fabricile din alte \u021b\u0103ri.<\/p>\n<p>Ast\u0103zi, Valencia nu \u00een zadar este considerat\u0103 centrul modei de teracot\u0103 din ceramica \u0219i por\u021belanat, deoarece fabricile spaniole sunt lideri \u00een produc\u021bia de teracot\u0103 elegant\u0103 \u0219i de calitate \u00eenalt\u0103 de mul\u021bi ani. Designerii spanioli sunt cei care stabilesc tendin\u021bele pentru \u00eentreaga lume.<\/p>\n<p><img class=\"wp-image-8552 aligncenter\" src=\"https:\/\/ceramic.md\/wp-content\/uploads\/2020\/12\/stn-ceramica.jpg\" alt=\"\" width=\"143\" height=\"95\"><\/p>\n<p>Fabrica STN Ceramica este una dintre cele mai vechi \u0219i, prin urmare, cu mare experien\u021b\u0103, de pe pia\u021ba mondial\u0103 a teracotei din ceramica \u0219i por\u021belanat. Designerii fabricii \u021bin pasul cu tendin\u021bele sezonului, oferind un sortiment larg \u00een diverse stiluri. Trebuie remarcat faptul c\u0103 fabrica acord\u0103 o aten\u021bie special\u0103 calit\u0103\u021bii produselor sale, men\u021bin\u00e2nd \u00een acela\u0219i timp pre\u021buri rezonabile. La urma urmei, ce ar putea fi mai bun dec\u00e2t teacota spaniol\u0103 de calitate superioar\u0103 la un pre\u021b atractiv.<\/p>\n<p>\u0421olec\u021bie de teracot\u0103 din ceramica Windsor poate fi folosit\u0103 \u00een baie, sufragerie \u0219i buc\u0103t\u0103rie, precum \u0219i pentru decorarea altor elemente interioare. Decorul rafinat al colec\u021biei \u00eei va mul\u021bumi chiar \u0219i celor mai sofisticate. Liniile delicate \u00een combina\u021bie cu nuan\u021bele gri-bej permit realizarea armoniei spa\u021biului.<\/p>\n<p>Faian\u021b\u0103 este realizat\u0103 din lut ro\u0219u \u00een dimensiunea 25&#215;50 cm, grosimea ei este de 8 mm. U\u0219or de t\u0103iat \u0219i g\u0103urit, nu necesit\u0103 echipamente scumpe atunci c\u00e2nd pune\u021bi.<\/p>\n\n<p style=\"text-align: center;\">","protected":false},"excerpt":{"rendered":"<p>Colec\u021bie de teracot\u0103 baie, buc\u0103t\u0103rie, sufragerie de la <b>STN Ceramica, <\/b>Spania<\/p>\n","protected":false},"featured_media":6592,"template":"","meta":[],"product_cat":[287,723,724],"product_tag":[],"_links":{"self":[{"href":"https:\/\/ceramic.md\/ro\/wp-json\/wp\/v2\/product\/6591"}],"collection":[{"href":"https:\/\/ceramic.md\/ro\/wp-json\/wp\/v2\/product"}],"about":[{"href":"https:\/\/ceramic.md\/ro\/wp-json\/wp\/v2\/types\/product"}],"wp:featuredmedia":[{"embeddable":true,"href":"https:\/\/ceramic.md\/ro\/wp-json\/wp\/v2\/media\/6592"}],"wp:attachment":[{"href":"https:\/\/ceramic.md\/ro\/wp-json\/wp\/v2\/media?parent=6591"}],"wp:term":[{"taxonomy":"product_cat","embeddable":true,"href":"https:\/\/ceramic.md\/ro\/wp-json\/wp\/v2\/product_cat?post=6591"},{"taxonomy":"product_tag","embeddable":true,"href":"https:\/\/ceramic.md\/ro\/wp-json\/wp\/v2\/product_tag?post=6591"}],"curies":[{"name":"wp","href":"https:\/\/api.w.org\/{rel}","templated":true}]}}